{"id":15900,"date":"2023-08-14T22:12:45","date_gmt":"2023-08-14T19:12:45","guid":{"rendered":"https:\/\/gkk.ee\/et\/?page_id=15900"},"modified":"2023-08-14T22:12:45","modified_gmt":"2023-08-14T19:12:45","slug":"maa-bio-toostusgaasipaigaldise-kasutamise-ja-gaasitoode-tegemise-tehnilised-normid-8-tundi","status":"publish","type":"page","link":"https:\/\/gkk.ee\/et\/maa-bio-toostusgaasipaigaldise-kasutamise-ja-gaasitoode-tegemise-tehnilised-normid-8-tundi\/","title":{"rendered":"Maa-, bio-, t\u00f6\u00f6stusgaasipaigaldise kasutamise ja gaasit\u00f6\u00f6de tegemise tehnilised normid (8 tundi)"},"content":{"rendered":"","protected":false},"excerpt":{"rendered":"","protected":false},"author":4,"featured_media":0,"parent":0,"menu_order":0,"comment_status":"closed","ping_status":"closed","template":"","meta":{"footnotes":""},"class_list":["post-15900","page","type-page","status-publish","hentry"],"jetpack_shortlink":"https:\/\/wp.me\/P8QdIl-48s","jetpack-related-posts":[],"jetpack_sharing_enabled":true,"_links":{"self":[{"href":"https:\/\/gkk.ee\/et\/wp-json\/wp\/v2\/pages\/15900","targetHints":{"allow":["GET"]}}],"collection":[{"href":"https:\/\/gkk.ee\/et\/wp-json\/wp\/v2\/pages"}],"about":[{"href":"https:\/\/gkk.ee\/et\/wp-json\/wp\/v2\/types\/page"}],"author":[{"embeddable":true,"href":"https:\/\/gkk.ee\/et\/wp-json\/wp\/v2\/users\/4"}],"replies":[{"embeddable":true,"href":"https:\/\/gkk.ee\/et\/wp-json\/wp\/v2\/comments?post=15900"}],"version-history":[{"count":1,"href":"https:\/\/gkk.ee\/et\/wp-json\/wp\/v2\/pages\/15900\/revisions"}],"predecessor-version":[{"id":15901,"href":"https:\/\/gkk.ee\/et\/wp-json\/wp\/v2\/pages\/15900\/revisions\/15901"}],"wp:attachment":[{"href":"https:\/\/gkk.ee\/et\/wp-json\/wp\/v2\/media?parent=15900"}],"curies":[{"name":"wp","href":"https:\/\/api.w.org\/{rel}","templated":true}]}}