{"id":15911,"date":"2023-08-14T22:12:43","date_gmt":"2023-08-14T19:12:43","guid":{"rendered":"https:\/\/gkk.ee\/et\/?page_id=15911"},"modified":"2025-07-09T09:10:48","modified_gmt":"2025-07-09T06:10:48","slug":"kuttegaasipaigaldise-kaitaja-maa-bio-toostus-vedelgaas-20-tundi","status":"publish","type":"page","link":"https:\/\/gkk.ee\/et\/kuttegaasipaigaldise-kaitaja-maa-bio-toostus-vedelgaas-20-tundi\/","title":{"rendered":"20t_K\u00fcttegaasipaigaldise k\u00e4itaja (maa-, bio-, t\u00f6\u00f6stus, vedelgaas)_\u00d5KGK-20"},"content":{"rendered":"<p><strong>\u00a0 \u00a0 \u00a0 \u00a0 \u00a0 \u00a0 \u00a0 \u00a0 \u00a0 \u00a0 \u00a0 \u00a0 \u00a0 \u00a0 \u00a0 \u00a0 \u00a0 \u00a0 \u00a0 \u00a0 \u00a0 \u00a0 \u00a0 \u00a0 \u00a0 \u00a0 \u00a0 \u00a0 \u00a0 \u00a0 \u00a0 \u00a0 \u00a0 \u00a0 \u00a0\u00a0<\/strong><\/p>\n<table class=\" aligncenter\" style=\"background-color: #f7f7f7; width: 100%;\">\n<tbody>\n<tr style=\"height: 24px;\">\n<td style=\"width: 13.488%; height: 24px;\" width=\"180\"><span style=\"color: #000000;\">\u00d5ppekava nimetus<\/span><\/td>\n<td style=\"width: 33.0674%; height: 24px;\" width=\"472\"><span style=\"color: #000000;\">K\u00fcttegaasigaasipaigaldise (maa-, bio-, t\u00f6\u00f6stus-, vedelgaas) k\u00e4itaja\u00a0<\/span><\/td>\n<\/tr>\n<tr style=\"height: 24px;\">\n<td style=\"width: 13.488%; height: 24px;\" width=\"180\"><span style=\"color: #000000;\">\u00d5ppekavar\u00fchm<\/span><\/td>\n<td style=\"width: 33.0674%; height: 24px;\" width=\"472\"><span style=\"color: #000000;\">Elektrienergia ja energeetika<\/span><\/td>\n<\/tr>\n<tr style=\"height: 104px;\">\n<td style=\"width: 13.488%; height: 104px;\" width=\"180\"><span style=\"color: #000000;\">Koolituse sihtr\u00fchm<\/span><\/td>\n<td style=\"width: 33.0674%; height: 104px;\" width=\"472\">\n<ul>\n<li><span style=\"color: #000000;\">Maa-, bio-, t\u00f6\u00f6stusgaasipaigaldise k\u00e4itaja tunnistuse omanikud<\/span><\/li>\n<li><span style=\"color: #000000;\">Teised teemast huvitatud isikud<\/span><\/li>\n<\/ul>\n<\/td>\n<\/tr>\n<tr style=\"height: 184px;\">\n<td style=\"width: 13.488%; height: 184px;\" width=\"180\"><span style=\"color: #000000;\">\u00d5piv\u00e4ljundid<\/span><\/td>\n<td style=\"width: 33.0674%; height: 184px;\" width=\"472\"><span style=\"color: #000000;\">Koolitusel osaleja tunneb kehtivat k\u00fcttegaasi valdkonna seadusandlust. Oskab \u00f5igesti kasutada k\u00f5iki seaduse m\u00f5isteid ja terminoloogiat.<\/span><\/p>\n<p><span style=\"color: #000000;\">Koolitusel osaleja tunneb kehtivaid gaasi valdkonna standardeid, direktiive ja nende n\u00f5udeid. Koolitusel osaleja teab n\u00f5udeid gaasipaigaldisele, gaasiseadme paigaldamisele ja gaasipaigaldise ehitamisele.\u00a0<\/span><\/p>\n<p><span style=\"color: #000000;\">Koolitusel osaleja tunneb k\u00fcttegaasi koostiseid ja omadusi, omab teadmisi gaaside p\u00f5lemisest, teab ohutusm\u00e4rke ja ohtusvahendeid. Koolitusel osaleja tunneb gaasipaigaldiste seadmeid ja nende p\u00f5him\u00f5ttelisi skeeme.<\/span><\/td>\n<\/tr>\n<tr style=\"height: 24px;\">\n<td style=\"width: 13.488%; height: 24px;\" width=\"180\"><span style=\"color: #000000;\">Hind (ilma KM-ta)<\/span><\/td>\n<td style=\"width: 33.0674%; height: 24px;\" width=\"472\"><span style=\"color: #000000;\">425 euro<\/span><\/td>\n<\/tr>\n<tr style=\"height: 24px;\">\n<td style=\"width: 13.488%; height: 24px;\" width=\"180\"><span style=\"color: #000000;\">\u00d5ppe kogumaht<\/span><\/td>\n<td style=\"width: 33.0674%; height: 24px;\"><span style=\"color: #000000;\">20<\/span><span style=\"color: #000000;\">\u00a0ak.t auditoorset t\u00f6\u00f6d (1 ak.t = 45 min)<\/span><\/td>\n<\/tr>\n<tr style=\"height: 232px;\">\n<td style=\"width: 13.488%; height: 232px;\" width=\"180\"><span style=\"color: #000000;\">\u00d5ppe sisu<\/span><\/td>\n<td style=\"width: 33.0674%; height: 232px;\" width=\"472\"><span style=\"color: #000000;\">1.K\u00fcttegaasi valdkonna reguleerivad seadused ja rakendusaktid\u00a0 &#8211; 8 tundi<\/span><\/p>\n<p><span style=\"color: #000000;\">2. K\u00fcttegaas (maa-, bio- ja t\u00f6\u00f6stusgaas):\u00a0 Gaasim\u00fc\u00fck. Koostis\u00a0 ja omadused. Gaaside p\u00f5lemine. Gaasip\u00f5letid. Gaasireguleerseadmed,\u00a0 nende elemendid ja paigutus. Gaasipaigaldise skeem, gaasireguleerimispunkt, tarviti gaasivarustuse p\u00f5him\u00f5tteline skeem. <\/span><span style=\"color: #000000;\">Ohutusm\u00e4rgid, ohutusvahendid. &#8211; 8 tundi<\/span><\/p>\n<p><span style=\"color: #000000;\">3.Vedelgaas: Gaasim\u00fc\u00fck. Koostis ja omadused. Vedelgaasi p\u00f5lemine. Gaasip\u00f5letid. Gaasireguleerimis seadmed, nende elemendid ja paigutus. Gaasipaigaldise skeem, gaasireguleerimispunkt, tarviti gaasivarustuse p\u00f5him\u00f5tteline skeem. N\u00f5uded gaasipaigaldisele, gaasiseadme paigaldamisele ja gaasipaigaldise ehitamisele ning gaasiballooni ladustamisele ja gaasianuma t\u00e4itmise esitavad n\u00f5uded. N\u00f5uded projektidele. EVS-EN 1439:2017 LPG equipment and accessories.<\/span><br \/>\n<span style=\"color: #000000;\">Ohutusm\u00e4rgid, ohutusvahendid. &#8211; 4 tundi<\/span><\/td>\n<\/tr>\n<tr style=\"height: 296px;\">\n<td style=\"width: 13.488%; height: 296px;\" width=\"180\"><span style=\"color: #000000;\">\u00d5ppekeskkonna kirjeldus<\/span><\/td>\n<td style=\"width: 33.0674%; height: 296px;\" width=\"441\"><span style=\"color: #000000;\">GKK O\u00dc koolituskeskuse \u00f5pperuumid asuvad Ehitajate tee 114 &#8211; 20 ja Kopli 96-20 Tallinn ja Jaama tn. 14 \u2013 207, J\u00f5hvi. \u00d5pperuumides on t\u00e4iskasvanute koolituseks sobilik m\u00f6\u00f6bel (\u00f5ppelauad ja toolid kuni 20-le osalejale + t\u00f6\u00f6laud ja tool lektorile). K\u00f5ik \u00f5ppeklassid on varustatud kaasaegse \u00f5ppetehnikaga: arvuti ja data-videoprojektor, teler ja markertahvel seinal. \u00d5ppeklass on varustatud gaasiseadmete n\u00e4idistega, skeemide maketidega, p\u00fcsiliidete n\u00e4idistega jne.<\/span><\/p>\n<p><span style=\"color: #000000;\">L\u00f5unapauside ajal pakutakse koolitusel osalejatele tasuta l\u00f5unas\u00f6\u00f6k, joogivett ning kohvi ja teed koos suhkruga, tagatud on WC kasutamine ja k\u00e4tepesu v\u00f5imalus.<\/span><\/p>\n<p><span style=\"color: #000000;\">K\u00f5ik meie koolitusruumid on remonditud ja vastavad t\u00f6\u00f6tervishoiu, tuleohutuse ja t\u00f6\u00f6ohutuse n\u00f5uetele. \u00d5ppeklassid on avarad ja kergesti \u00f5hutatavad.<\/span><\/p>\n<p><span style=\"color: #000000;\">Teooriaosa on v\u00f5imalik l\u00e4biviia veebikeskkonnas Zoom.<\/span><\/td>\n<\/tr>\n<tr style=\"height: 80px;\">\n<td style=\"width: 13.488%; height: 80px;\" width=\"180\"><span style=\"color: #000000;\">\u00d5ppematerjalide loend<\/span><\/td>\n<td style=\"width: 33.0674%; height: 80px;\" width=\"472\"><span style=\"color: #000000;\">Koolitus klassis &#8211; konspekt paberkujul.<\/span><\/p>\n<p><span style=\"color: #000000;\">Koolitus veebikeskonnas &#8211; digi\u00f5ppematerjalid saadetakse e-posti teel.<\/span><\/td>\n<\/tr>\n<tr style=\"height: 72px;\">\n<td style=\"width: 13.488%; height: 72px;\" width=\"180\"><span style=\"color: #000000;\">Hindamismeetodid ja kriteeriumid<\/span><\/td>\n<td style=\"width: 33.0674%; height: 72px;\" width=\"472\"><span style=\"color: #000000;\">\u00d5piv\u00e4ljundeid hinnatakse. Koolituse l\u00f5petamise eelduseks on osalemine\u00a0 100% auditoorsetes tundides ning on sooritatud eksam.\u00a0 \u00d5piv\u00e4ljundite kontroll toimub kirjaliku eksamiga. Eksam on sooritatud positiivsele tulemusele, kui kirjaliku eksami k\u00fcsimustele on \u00f5igesti vastatud v\u00e4hemalt 75% ulatuses.\u00a0<\/span><\/td>\n<\/tr>\n<tr style=\"height: 48px;\">\n<td style=\"width: 13.488%; height: 48px;\" width=\"180\"><span style=\"color: #000000;\">V\u00e4ljastatavad dokumendid<\/span><\/td>\n<td style=\"width: 33.0674%; height: 48px;\" width=\"472\"><span style=\"color: #000000;\">\u00d5piv\u00e4ljundid omandanud ning hindamise l\u00e4binud koolitatavale v\u00e4ljastatakse tunnistus. Hindamisel mitteosalenud v\u00f5i hindamist mittel\u00e4binud koolitatavale v\u00e4ljastatakse t\u00f5end koolitusel osaletud mahu ja l\u00e4bitud teemade kohta.<\/span><\/td>\n<\/tr>\n<tr style=\"height: 272px;\">\n<td style=\"width: 13.488%; height: 272px;\" width=\"180\"><span style=\"color: #000000;\"><strong>Koolitaja nimi ja kompetentsust tagava kvalifikatsiooni ja t\u00f6\u00f6kogemuse kirjeldus<\/strong><\/span><\/td>\n<td style=\"width: 33.0674%; height: 272px;\" width=\"472\"><span style=\"color: #000000;\"><em>Antud nimekirjast v\u00f5tavad osa kaks v\u00f5i rohkem lektorit. Gaasikasutuskoolituse O\u00dc garanteerib, et lektori asendamise t\u00f5ttu koolituse kvaliteed ei muutu.<\/em><\/span><\/p>\n<p><span style=\"color: #000000;\">German Belov \u2013 rahvusvaheline keevituse insener. T\u00dcV Eesti O\u00dc mittepurustava kontrolli labori juhataja. Omab mittepurustava kontrolli sertifikaadid VT-3, PT-2, MT-2, UT-2. Staaz lektorina 14 aastat.<\/span><\/p>\n<p><span style=\"color: #000000;\">Sergei Povarenkov \u2013 Leningraadi Pol\u00fctehnilone instituut, soojusenergeetika eriala. Omab p\u00e4devused gaasi, surveseadmete ja masina valdkonnades. Endine Viru RMT O\u00dc, Eesti Energia AS seadmete spetsialist. Omab mittepurustava kontrolli sertifikaadid VT-2, MT-2, PT-2. Staaz lektorina 14 aastat.<\/span><\/p>\n<p><span style=\"color: #000000;\">Juri Maksimov \u2013\u00a0 Jum Connect O\u00dc peaspetsialist.\u00a0 On l\u00f5petanud Tallinna Pol\u00fctehnikum, energeetika osakonna.\u00a0 Omab p\u00e4devus surveseadmete ja gaasi valdkonnades.\u00a0 Staaz lektorina 9 aastat.<\/span><\/p>\n<p><span style=\"color: #000000;\">Sergei Jefimov \u2013 omab tehnilist k\u00f5rgharidust (TT\u00dc Keemia Teaduskond, Keemiat\u00f6\u00f6stuse protsessid ja aparaadid). AS Tallinna Vesi\u00a0 arendusprojektide juht.\u00a0 AS Eesti Gaas kontsernis erinevatel ametitel alates 1998 aastast. Endine AS Eesti Gaas\/Elenger LNG osakonna juht. Vastutus veeldatud maagaasi (LNG) \u00e4risuuna ja tehnilise arengu eest, LNG logistika ja punkerdamise korraldamise ning off-grid LNG regasifitseerimisjaamade ehitamise ja k\u00e4idu eest. Endine AS EG V\u00f5rguteenus juhatuse esimees (2006-2014), AS Eesti Gaas Virumaa hoolduspiirkonna juht (2000-2005) \u2013 vastutus Eesti Gaasile kuuluvate \u00fclekande\u2013 ja jaotusv\u00f5rgu hoolduse-, opereerimise-, remondi- ja arengu ning ettev\u00f5te igap\u00e4evase juhtimise ja toimimise eest. Staaz lektorina 20 aastat.<\/span><\/p>\n<p><span style=\"color: #000000;\">Roman Bogdanovit\u0161 \u2013 omab k\u00f5rgharidust (TT\u00dc mehhaanika Teaduskond Soojustehnika eriala).\u00a0 AS Gaasiv\u00f5rk juhatuse esimees, vastutus alad: \u00fcldine juhtimine, finantsjuhtimine, maahaldus ja juriidilised k\u00fcsimused, metroloogia, v\u00f5rgu opereerimine, surumaagaasi tankla keti arendamine Eestis, surumaagaasi tanklate hoolduse korraldamine.Endine AS Eesti Gaas regiooni juht, endine AS EG V\u00f5rguteenus regiooni juht, arendusdirektor. Staa\u017e lektorina \u00a014 aastat.<\/span><\/p>\n<p><span style=\"color: #000000;\">Aleksandr \u0160ablinski \u2013 omab k\u00f5rgharidust, doktorikraad \u2013 eriala Soojustehnika, magistrikraad \u2013 eriala Tehnika\u00f5petaja. AS Utilitas Tallinn arendusjuht. Endine VKG Soojus AS juhatuse liige, TT\u00dc Virumaa Kolledz \u00f5ppej\u00f5ud, AS Eesti Energia koostootmise k\u00e4idu- ja tehnikajuht. Volitatud soojusenergeetikainsener soojusmajanduse ja k\u00fctuste alal, tase 8. Staa\u017e lektorina\u00a0 9 aastat.<\/span><\/p>\n<p><span style=\"color: #000000;\">Heiki Joarand \u2013 diplomeeritud keemiainsener (Tallinna Tehnika\u00fclikool), omab tehnikavaldkonna teaduskraadi ja 7-aastast \u00f5ppej\u00f5una t\u00f6\u00f6tamise kogemust TT\u00dc-s. On t\u00f6\u00f6tanud \u00fcle 10 aasta juhikohtadel tootmises rahvusvahelise taustaga keemiaettev\u00f5ttes. Hetkel t\u00f6\u00f6tab akrediteeritud taatlus- ja kalibreerimislabori Gaslab O\u00dc juhatajana. Staaz lektorina 11 aastat.<\/span><\/p>\n<p><span style=\"color: #000000;\">Vambola Randmaa omab k\u00f5rgharidus Eesti P\u00f5llumajandus\u00fclikooli\u00a0 P\u00f5llumajanduse elektrifitseerimine (elektri- ja soojustehnika insener). T\u00f6\u00f6tanud AS Eesti Gaasi, AS V\u00f5rguteenus. \u00a0Omab enam kui 25 aastast t\u00f6\u00f6kogemust gaasivaldkonnas. Oli sellel perioodil t\u00e4itnud erinevaid rolle ning tegelenud k\u00f5ikide gaasitorustike kategooriatega A-st D-ni ning paigaldistega alates kodutarbijast kuni gaasi kompressorjaamadeni v\u00e4lja. Hetkel t\u00f6\u00f6tab AS Elering gaasiv\u00f5rgu talituse juhatajana. Omab p\u00e4devust k\u00fcttegaasiseadmete valdkonnas. Staa\u017e lektorina 8 aastat.<\/span><\/p>\n<p><span style=\"color: #000000;\">Kalev Kangro- omab tehnilist k\u00f5rgharidust. On l\u00f5petanud Leningradi K\u00f5rgema Merekooli (adm. Makarovi nimelise) laevamehaaniku erialal. T\u00f6\u00f6tanud EML AS-s, AS Eesti AGA-s ja Eesti Energia AS-s erinevatel tehnilistel ametikohtadel. Hetkel t\u00f6\u00f6tab oma firmas Panther Services O\u00dc, mis tegeleb gaasiseadmete ja insener-tehniliste lahenduste m\u00fc\u00fcgiga. Omab p\u00e4devust surve- ja k\u00fcttegaasiseadmete valdkonnas. On l\u00e4binud tuleohutusspetsialistide 5.taseme koolituse ja omab \u00f5igust l\u00e4bi viia koolitusi selles valdkonnas. On 6. taseme andragoog. Staa\u017e lektorina 14 aastat.<\/span><\/p>\n<p><span style=\"color: #000000;\">Ilya Shmatov \u2013 omab tehnilist k\u00f5rgharidust (Tallinna Tehnika\u00fclikool, elektriajamite ja j\u00f5uelektroonika -sai tehnikateaduse magistri kraad, kui doktorikraad ei ole<\/span><br \/>\n<span style=\"color: #000000;\">l\u00f5petanud). Samuti diplomeeritud elektriinsener tarbija elektripaigaldiste alala, tase 7. <\/span><br \/>\n<span style=\"color: #000000;\">T\u00f6\u00f6tas energeetika kui ka gaasi valdkonnas rohkem kui 10 aastat. <\/span><br \/>\n<span style=\"color: #000000;\">T\u00f6\u00f6tas AS EG V\u00f5rguteenus (2007-2013) &#8211; Uute ehitusobjektide sissekandmine ja andmete korrigeerimine vastavalt tehtud t\u00f6\u00f6deleinfos\u00fcsteemis. Gaasiv\u00f5rgu kaitsev\u00f6\u00f6ndis teostatavate toimingute j\u00e4relevalve. Gaasiv\u00f5rgu katoodkaitse m\u00f5\u00f5tmised ja probleemide otsing.<\/span><br \/>\n<span style=\"color: #000000;\">T\u00f6\u00f6tas AS Gaasiv\u00f5rgud, AS Gaasiv\u00f5rk (2013-2020), alates 2020 t\u00e4naseni t\u00f6\u00f6tab AS EG Ehitus &#8211; Gaasi valdkonnas elektripaigaldiste k\u00e4idukorraldus, ehituse korraldus, auditi l\u00e4biviimisekorraldus, katoodkaitse s\u00fcsteemide stabiilsuse v\u00e4ljat\u00f6\u00f6tamine, katoodkaitse s\u00fcsteemidem\u00f5\u00f5tmiste ja probleemide lahendamise juhtimine. Piksekaitses\u00fcsteemide projektijuhtimine. Staaz lektorina 5 aastat.<\/span><\/td>\n<\/tr>\n<\/tbody>\n<\/table>\n","protected":false},"excerpt":{"rendered":"<p>\u00a0 \u00a0 \u00a0 \u00a0 \u00a0 \u00a0 \u00a0 \u00a0 \u00a0 \u00a0 \u00a0 \u00a0 \u00a0 \u00a0 \u00a0 \u00a0 \u00a0 \u00a0 \u00a0 \u00a0 \u00a0 \u00a0 \u00a0 \u00a0 \u00a0 \u00a0 \u00a0 \u00a0 \u00a0 \u00a0 \u00a0 \u00a0 \u00a0 \u00a0&#46;&#46;&#46;<\/p>\n","protected":false},"author":4,"featured_media":0,"parent":0,"menu_order":0,"comment_status":"closed","ping_status":"closed","template":"","meta":{"footnotes":""},"class_list":["post-15911","page","type-page","status-publish","hentry"],"jetpack_shortlink":"https:\/\/wp.me\/P8QdIl-48D","jetpack-related-posts":[],"jetpack_sharing_enabled":true,"_links":{"self":[{"href":"https:\/\/gkk.ee\/et\/wp-json\/wp\/v2\/pages\/15911","targetHints":{"allow":["GET"]}}],"collection":[{"href":"https:\/\/gkk.ee\/et\/wp-json\/wp\/v2\/pages"}],"about":[{"href":"https:\/\/gkk.ee\/et\/wp-json\/wp\/v2\/types\/page"}],"author":[{"embeddable":true,"href":"https:\/\/gkk.ee\/et\/wp-json\/wp\/v2\/users\/4"}],"replies":[{"embeddable":true,"href":"https:\/\/gkk.ee\/et\/wp-json\/wp\/v2\/comments?post=15911"}],"version-history":[{"count":27,"href":"https:\/\/gkk.ee\/et\/wp-json\/wp\/v2\/pages\/15911\/revisions"}],"predecessor-version":[{"id":19513,"href":"https:\/\/gkk.ee\/et\/wp-json\/wp\/v2\/pages\/15911\/revisions\/19513"}],"wp:attachment":[{"href":"https:\/\/gkk.ee\/et\/wp-json\/wp\/v2\/media?parent=15911"}],"curies":[{"name":"wp","href":"https:\/\/api.w.org\/{rel}","templated":true}]}}