{"id":16,"date":"2023-08-14T22:12:43","date_gmt":"2023-08-14T19:12:43","guid":{"rendered":"http:\/\/gkk.ee\/new\/?page_id=16"},"modified":"2026-01-08T14:04:35","modified_gmt":"2026-01-08T12:04:35","slug":"avaleht","status":"publish","type":"page","link":"https:\/\/gkk.ee\/et\/","title":{"rendered":"Avaleht"},"content":{"rendered":"<p style=\"color: #ff0000; text-align: left;\"><span style=\"color: #000000;\"><strong>UUDISED<\/strong><\/span><\/p>\n<p><span style=\"color: #000000; font-size: 12pt;\"><strong><span style=\"font-size: 12pt;\">Pakume uut koolitust <\/span><\/strong><\/span><\/p>\n<ul style=\"list-style-type: circle;\">\n<li><span style=\"color: #000000; font-size: 12pt;\"><strong>T\u00e4iskasvanute koolitaja kutseeksami ettevalmistusega. <\/strong><\/span><span style=\"font-size: 10pt; color: #000000;\">Koolitus on suunatud isikudele, kes soovivad valmistuda t\u00e4iskasvanud koolitaja 5. ja 6. taseme eksamiks <\/span>\u00a0<em><span style=\"font-size: 10pt;\"><a href=\"https:\/\/gkk.ee\/et\/taiskasvanute-koolitaja-kutseeksami-ettevalmistusega-120t\/\">Lisainfo on saadaval siin.<\/a> <\/span>\u00a0 \u00a0 \u00a0 \u00a0 \u00a0 \u00a0 \u00a0 \u00a0 \u00a0 \u00a0 \u00a0 \u00a0 \u00a0 \u00a0 \u00a0<\/em><\/li>\n<\/ul>\n<ul style=\"list-style-type: circle;\">\n<li><span style=\"color: #000000;\"><span style=\"font-size: 12pt;\"><strong><span style=\"font-size: 12pt;\">Mittepurustava kontrolli NDT koolitust ja sertifitseerimist ja resertifitseerimist<\/span> (vastavalt standardile EN ISO 9712) <\/strong><\/span><span style=\"font-size: 12pt;\"><strong>koos rahvusvahelise sertifikaadi saamise v\u00f5imalusega meie koost\u00f6\u00f6partnerilt (The Bulgarian NDT society).<\/strong><\/span><\/span><\/li>\n<\/ul>\n<p><span style=\"color: #000000; font-size: 12pt;\"><strong>\u00a0 \u00a0 \u00a0 \u00a0<span style=\"color: #333333;\"> \u00a0Meetodid:\u00a0 \u00a0<\/span><\/strong><\/span><span style=\"color: #333333;\">VT &#8211; tase 1, 2, 3\u00a0 \u00a0 \u00a0 \u00a0 \u00a0PT &#8211; tase 1, 2, 3\u00a0 \u00a0 \u00a0 MT &#8211; tase 1, 2, 3\u00a0 \u00a0 \u00a0 UT &#8211; tase 1, 2, 3<\/span><\/p>\n<p style=\"color: #000000; text-align: left;\"><a href=\"https:\/\/gkk.ee\/et\/koolitusele-registreerimine\/\"><em>Registreeri end koolitusele <\/em><\/a><\/p>\n<p>&nbsp;<\/p>\n<aside id=\"vsel_widget-2\" class=\"widget fmgc-columns widget-count-0 fmgc-per-row-12 vsel-widget amr_widget widget-odd widget-first widget-1\"><h6 class=\"widget-title\">J\u00c4RGMISED KOOLITUSED<\/h6><div id=\"vsel\" class=\"vsel-widget vsel-widget-upcoming-events\"><div id=\"event-19591\" class=\"vsel-content teised-koolitused vsel-upcoming vsel-current\"><div class=\"vsel-meta vsel-alignleft\"><h3 class=\"vsel-meta-title\"><a href=\"https:\/\/gkk.ee\/et\/event\/taiskasvanute-koolitaja-kutseeksami-ettevalmistusega-vene-keeles\/\" rel=\"bookmark\" title=\"T\u00e4iskasvanute koolitaja kutseeksami ettevalmistusega (vene keeles)\">T\u00e4iskasvanute koolitaja kutseeksami ettevalmistusega (vene keeles)<\/a><\/h3><div class=\"vsel-meta-date vsel-meta-combined-date\">Algus: <span>05.01.2026<\/span> - L\u00f5pp: <span>15.04.2026<\/span><\/div><div class=\"vsel-meta-location\">Asukoht: <span>Tallinn, Ehitajate tee 114 - 20, Kadaka \u00c4rimaja, 5.korrusel ja ONLINE<\/span><\/div><div class=\"vsel-meta-cats\">TEISED KOOLITUSED<\/div><\/div><\/div><div id=\"event-19701\" class=\"vsel-content surveseadmealane-koolitus vsel-upcoming vsel-current\"><div class=\"vsel-meta vsel-alignleft\"><h3 class=\"vsel-meta-title\"><a href=\"https:\/\/gkk.ee\/et\/event\/surveseadme-kasutamise-ja-surveseadmetoode-tegemise-tehnilised-normid-vene-keeles-39\/\" rel=\"bookmark\" title=\"Surveseadme kasutamise ja surveseadmet\u00f6\u00f6de tegemise tehnilised normid (vene keeles)\">Surveseadme kasutamise ja surveseadmet\u00f6\u00f6de tegemise tehnilised normid (vene keeles)<\/a><\/h3><div class=\"vsel-meta-date vsel-meta-combined-date\">Algus: <span>06.04.2026<\/span> - L\u00f5pp: <span>08.04.2026<\/span><\/div><div class=\"vsel-meta-location\">Asukoht: <span>J\u00f5hvi, Jaama 14-207 ja ONLINE<\/span><\/div><div class=\"vsel-meta-cats\">SURVESEADMEALANE KOOLITUS<\/div><\/div><\/div><div id=\"event-19734\" class=\"vsel-content %d0%b4%d0%b0%d0%b2%d0%bb%d0%b5%d0%bd%d0%b8%d0%b5 vsel-upcoming vsel-current\"><div class=\"vsel-meta vsel-alignleft\"><h3 class=\"vsel-meta-title\"><a href=\"https:\/\/gkk.ee\/et\/ru\/event\/%d1%82%d0%b5%d1%85%d0%bd%d0%b8%d1%87%d0%b5%d1%81%d0%ba%d0%b8%d0%b5-%d0%bd%d0%be%d1%80%d0%bc%d1%8b-%d0%b8%d1%81%d0%bf%d0%be%d0%bb%d1%8c%d0%b7%d0%be%d0%b2%d0%b0%d0%bd%d0%b8%d1%8f-%d0%be%d0%b1%d0%be-54\/\" rel=\"bookmark\" title=\"\u0422\u0435\u0445\u043d\u0438\u0447\u0435\u0441\u043a\u0438\u0435 \u043d\u043e\u0440\u043c\u044b \u0438\u0441\u043f\u043e\u043b\u044c\u0437\u043e\u0432\u0430\u043d\u0438\u044f \u043e\u0431\u043e\u0440\u0443\u0434\u043e\u0432\u0430\u043d\u0438\u044f \u043f\u043e\u0434 \u0434\u0430\u0432\u043b\u0435\u043d\u0438\u0435\u043c \u0438 \u043f\u0440\u043e\u0432\u0435\u0434\u0435\u043d\u0438\u044f \u0440\u0430\u0431\u043e\u0442 \u043d\u0430 \u043e\u0431\u043e\u0440\u0443\u0434\u043e\u0432\u0430\u043d\u0438\u0438 \u043f\u043e\u0434 \u0434\u0430\u0432\u043b\u0435\u043d\u0438\u0435\u043c (\u043d\u0430 \u0440\u0443\u0441\u0441\u043a\u043e\u043c \u044f\u0437\u044b\u043a\u0435)\">\u0422\u0435\u0445\u043d\u0438\u0447\u0435\u0441\u043a\u0438\u0435 \u043d\u043e\u0440\u043c\u044b \u0438\u0441\u043f\u043e\u043b\u044c\u0437\u043e\u0432\u0430\u043d\u0438\u044f \u043e\u0431\u043e\u0440\u0443\u0434\u043e\u0432\u0430\u043d\u0438\u044f \u043f\u043e\u0434 \u0434\u0430\u0432\u043b\u0435\u043d\u0438\u0435\u043c \u0438 \u043f\u0440\u043e\u0432\u0435\u0434\u0435\u043d\u0438\u044f \u0440\u0430\u0431\u043e\u0442 \u043d\u0430 \u043e\u0431\u043e\u0440\u0443\u0434\u043e\u0432\u0430\u043d\u0438\u0438 \u043f\u043e\u0434 \u0434\u0430\u0432\u043b\u0435\u043d\u0438\u0435\u043c (\u043d\u0430 \u0440\u0443\u0441\u0441\u043a\u043e\u043c \u044f\u0437\u044b\u043a\u0435)<\/a><\/h3><div class=\"vsel-meta-date vsel-meta-combined-date\">Algus: <span>06.04.2026<\/span> - L\u00f5pp: <span>08.04.2026<\/span><\/div><div class=\"vsel-meta-location\">Asukoht: <span>J\u00f5hvi, Jaama 14-207 ja ONLINE<\/span><\/div><div class=\"vsel-meta-cats\">\u041e\u0431\u0443\u0447\u0435\u043d\u0438\u0435 \u0432 \u043e\u0431\u043b\u0430\u0441\u0442\u0438 \u043e\u0431\u043e\u0440\u0443\u0434\u043e\u0432\u0430\u043d\u0438\u044f, \u0440\u0430\u0431\u043e\u0442\u0430\u044e\u0449\u0435\u0433\u043e \u043f\u043e\u0434 \u0434\u0430\u0432\u043b\u0435\u043d\u0438\u0435\u043c<\/div><\/div><\/div><div id=\"event-19739\" class=\"vsel-content %d0%b3%d0%b0%d0%b7%d0%be%d0%b2%d0%be%d0%b5-%d0%be%d0%b1%d0%be%d1%80%d1%83%d0%b4%d0%be%d0%b2%d0%b0%d0%bd%d0%b8%d0%b5 vsel-upcoming vsel-future\"><div class=\"vsel-meta vsel-alignleft\"><h3 class=\"vsel-meta-title\"><a href=\"https:\/\/gkk.ee\/et\/ru\/event\/%d1%82%d0%b5%d1%85%d0%bd%d0%b8%d1%87%d0%b5%d1%81%d0%ba%d0%b8%d0%b5-%d0%bd%d0%be%d1%80%d0%bc%d1%8b-%d0%b8%d1%81%d0%bf%d0%be%d0%bb%d1%8c%d0%b7%d0%be%d0%b2%d0%b0%d0%bd%d0%b8%d1%8f-%d0%b3%d0%b0%d0%b7-88\/\" rel=\"bookmark\" title=\"\u0422\u0435\u0445\u043d\u0438\u0447\u0435\u0441\u043a\u0438\u0435 \u043d\u043e\u0440\u043c\u044b \u0438\u0441\u043f\u043e\u043b\u044c\u0437\u043e\u0432\u0430\u043d\u0438\u044f \u0433\u0430\u0437\u043e\u0432\u044b\u0445 (\u043f\u0440\u0438\u0440\u043e\u0434\u043d\u044b\u0439, \u0431\u0438\u043e-, \u043f\u0440\u043e\u043c\u044b\u0448\u043b\u0435\u043d\u043d\u044b\u0439 \u0438 \u0441\u0436\u0438\u0436\u0435\u043d\u043d\u044b\u0439 \u0433\u0430\u0437) \u0443\u0441\u0442\u0430\u043d\u043e\u0432\u043e\u043a \u0438 \u043f\u0440\u043e\u0432\u0435\u0434\u0435\u043d\u0438\u044f \u0433\u0430\u0437\u043e\u0432\u044b\u0445 \u0440\u0430\u0431\u043e\u0442 (\u043d\u0430 \u044d\u0441\u0442\u043e\u043d\u0441\u043a\u043e\u043c \u044f\u0437\u044b\u043a\u0435)\">\u0422\u0435\u0445\u043d\u0438\u0447\u0435\u0441\u043a\u0438\u0435 \u043d\u043e\u0440\u043c\u044b \u0438\u0441\u043f\u043e\u043b\u044c\u0437\u043e\u0432\u0430\u043d\u0438\u044f \u0433\u0430\u0437\u043e\u0432\u044b\u0445 (\u043f\u0440\u0438\u0440\u043e\u0434\u043d\u044b\u0439, \u0431\u0438\u043e-, \u043f\u0440\u043e\u043c\u044b\u0448\u043b\u0435\u043d\u043d\u044b\u0439 \u0438 \u0441\u0436\u0438\u0436\u0435\u043d\u043d\u044b\u0439 \u0433\u0430\u0437) \u0443\u0441\u0442\u0430\u043d\u043e\u0432\u043e\u043a \u0438 \u043f\u0440\u043e\u0432\u0435\u0434\u0435\u043d\u0438\u044f \u0433\u0430\u0437\u043e\u0432\u044b\u0445 \u0440\u0430\u0431\u043e\u0442 (\u043d\u0430 \u044d\u0441\u0442\u043e\u043d\u0441\u043a\u043e\u043c \u044f\u0437\u044b\u043a\u0435)<\/a><\/h3><div class=\"vsel-meta-date vsel-meta-combined-date\">Algus: <span>13.04.2026<\/span> - L\u00f5pp: <span>16.04.2026<\/span><\/div><div class=\"vsel-meta-location\">Asukoht: <span>Tallinn, Ehitajate tee 114 - 20, Kadaka \u00c4rimaja, 5.korrusel ja ONLINE<\/span><\/div><div class=\"vsel-meta-cats\">\u041e\u0431\u0443\u0447\u0435\u043d\u0438\u0435 \u0432 \u043e\u0431\u043b\u0430\u0441\u0442\u0438 \u0433\u0430\u0437\u0430<\/div><\/div><\/div><div id=\"event-19730\" class=\"vsel-content gaasialane-koolitus vsel-upcoming vsel-future\"><div class=\"vsel-meta vsel-alignleft\"><h3 class=\"vsel-meta-title\"><a href=\"https:\/\/gkk.ee\/et\/event\/kuttegaasipaigaldise-kasutamise-ja-gaasitoode-tegemise-tehnilised-normid-maa-bio-toostus-vedelgaas-eesti-keeles-28\/\" rel=\"bookmark\" title=\"K\u00fcttegaasipaigaldise kasutamise ja gaasit\u00f6\u00f6de tegemise tehnilised normid (maa-, bio-, t\u00f6\u00f6stus-, vedelgaas) (eesti keeles)\">K\u00fcttegaasipaigaldise kasutamise ja gaasit\u00f6\u00f6de tegemise tehnilised normid (maa-, bio-, t\u00f6\u00f6stus-, vedelgaas) (eesti keeles)<\/a><\/h3><div class=\"vsel-meta-date vsel-meta-combined-date\">Algus: <span>13.04.2026<\/span> - L\u00f5pp: <span>16.04.2026<\/span><\/div><div class=\"vsel-meta-location\">Asukoht: <span>Tallinn, Ehitajate tee 114 - 20, Kadaka \u00c4rimaja, 5.korrusel ja ONLINE<\/span><\/div><div class=\"vsel-meta-cats\">GAASIALANE KOOLITUS<\/div><\/div><\/div><div id=\"event-19741\" class=\"vsel-content gaasialane-koolitus vsel-upcoming vsel-future\"><div class=\"vsel-meta vsel-alignleft\"><h3 class=\"vsel-meta-title\"><a href=\"https:\/\/gkk.ee\/et\/event\/kuttegaasipaigaldise-kasutamise-ja-gaasitoode-tegemise-tehnilised-normid-maa-bio-toostus-vedelgaas-vene-keeles-15\/\" rel=\"bookmark\" title=\"K\u00fcttegaasipaigaldise kasutamise ja gaasit\u00f6\u00f6de tegemise tehnilised normid (maa-, bio-, t\u00f6\u00f6stus-, vedelgaas) (vene keeles)\">K\u00fcttegaasipaigaldise kasutamise ja gaasit\u00f6\u00f6de tegemise tehnilised normid (maa-, bio-, t\u00f6\u00f6stus-, vedelgaas) (vene keeles)<\/a><\/h3><div class=\"vsel-meta-date vsel-meta-combined-date\">Algus: <span>20.04.2026<\/span> - L\u00f5pp: <span>23.04.2026<\/span><\/div><div class=\"vsel-meta-location\">Asukoht: <span>Tallinn, Ehitajate tee 114 - 20, Kadaka \u00c4rimaja, 5.korrusel ja ONLINE<\/span><\/div><div class=\"vsel-meta-cats\">GAASIALANE KOOLITUS<\/div><\/div><\/div><div id=\"event-19740\" class=\"vsel-content %d0%b3%d0%b0%d0%b7%d0%be%d0%b2%d0%be%d0%b5-%d0%be%d0%b1%d0%be%d1%80%d1%83%d0%b4%d0%be%d0%b2%d0%b0%d0%bd%d0%b8%d0%b5 vsel-upcoming vsel-future\"><div class=\"vsel-meta vsel-alignleft\"><h3 class=\"vsel-meta-title\"><a href=\"https:\/\/gkk.ee\/et\/ru\/event\/%d1%82%d0%b5%d1%85%d0%bd%d0%b8%d1%87%d0%b5%d1%81%d0%ba%d0%b8%d0%b5-%d0%bd%d0%be%d1%80%d0%bc%d1%8b-%d0%b8%d1%81%d0%bf%d0%be%d0%bb%d1%8c%d0%b7%d0%be%d0%b2%d0%b0%d0%bd%d0%b8%d1%8f-%d0%b3%d0%b0%d0%b7-89\/\" rel=\"bookmark\" title=\"\u0422\u0435\u0445\u043d\u0438\u0447\u0435\u0441\u043a\u0438\u0435 \u043d\u043e\u0440\u043c\u044b \u0438\u0441\u043f\u043e\u043b\u044c\u0437\u043e\u0432\u0430\u043d\u0438\u044f \u0433\u0430\u0437\u043e\u0432\u044b\u0445 (\u043f\u0440\u0438\u0440\u043e\u0434\u043d\u044b\u0439, \u0431\u0438\u043e-, \u043f\u0440\u043e\u043c\u044b\u0448\u043b\u0435\u043d\u043d\u044b\u0439 \u0438 \u0441\u0436\u0438\u0436\u0435\u043d\u043d\u044b\u0439 \u0433\u0430\u0437) \u0443\u0441\u0442\u0430\u043d\u043e\u0432\u043e\u043a \u0438 \u043f\u0440\u043e\u0432\u0435\u0434\u0435\u043d\u0438\u044f \u0433\u0430\u0437\u043e\u0432\u044b\u0445 \u0440\u0430\u0431\u043e\u0442 (\u043d\u0430 \u0440\u0443\u0441\u0441\u043a\u043e\u043c \u044f\u0437\u044b\u043a\u0435)\">\u0422\u0435\u0445\u043d\u0438\u0447\u0435\u0441\u043a\u0438\u0435 \u043d\u043e\u0440\u043c\u044b \u0438\u0441\u043f\u043e\u043b\u044c\u0437\u043e\u0432\u0430\u043d\u0438\u044f \u0433\u0430\u0437\u043e\u0432\u044b\u0445 (\u043f\u0440\u0438\u0440\u043e\u0434\u043d\u044b\u0439, \u0431\u0438\u043e-, \u043f\u0440\u043e\u043c\u044b\u0448\u043b\u0435\u043d\u043d\u044b\u0439 \u0438 \u0441\u0436\u0438\u0436\u0435\u043d\u043d\u044b\u0439 \u0433\u0430\u0437) \u0443\u0441\u0442\u0430\u043d\u043e\u0432\u043e\u043a \u0438 \u043f\u0440\u043e\u0432\u0435\u0434\u0435\u043d\u0438\u044f \u0433\u0430\u0437\u043e\u0432\u044b\u0445 \u0440\u0430\u0431\u043e\u0442 (\u043d\u0430 \u0440\u0443\u0441\u0441\u043a\u043e\u043c \u044f\u0437\u044b\u043a\u0435)<\/a><\/h3><div class=\"vsel-meta-date vsel-meta-combined-date\">Algus: <span>20.04.2026<\/span> - L\u00f5pp: <span>23.04.2026<\/span><\/div><div class=\"vsel-meta-location\">Asukoht: <span>Tallinn, Ehitajate tee 114 - 20, Kadaka \u00c4rimaja, 5.korrusel ja ONLINE<\/span><\/div><div class=\"vsel-meta-cats\">\u041e\u0431\u0443\u0447\u0435\u043d\u0438\u0435 \u0432 \u043e\u0431\u043b\u0430\u0441\u0442\u0438 \u0433\u0430\u0437\u0430<\/div><\/div><\/div><div id=\"event-19745\" class=\"vsel-content %d0%b4%d0%b0%d0%b2%d0%bb%d0%b5%d0%bd%d0%b8%d0%b5 vsel-upcoming vsel-future\"><div class=\"vsel-meta vsel-alignleft\"><h3 class=\"vsel-meta-title\"><a href=\"https:\/\/gkk.ee\/et\/ru\/event\/%d0%be%d0%bf%d0%b5%d1%80%d0%b0%d1%82%d0%be%d1%80-%d1%82%d0%b5%d0%bf%d0%bb%d0%be%d0%b2%d0%be%d0%b3%d0%be-%d0%be%d0%b1%d0%be%d1%80%d1%83%d0%b4%d0%be%d0%b2%d0%b0%d0%bd%d0%b8%d1%8f-%d0%bd%d0%b0-%d1%8d\/\" rel=\"bookmark\" title=\"\u041e\u043f\u0435\u0440\u0430\u0442\u043e\u0440 \u0442\u0435\u043f\u043b\u043e\u0432\u043e\u0433\u043e \u043e\u0431\u043e\u0440\u0443\u0434\u043e\u0432\u0430\u043d\u0438\u044f (\u043d\u0430 \u044d\u0441\u0442\u043e\u043d\u0441\u043a\u043e\u043c \u044f\u0437\u044b\u043a\u0435)\">\u041e\u043f\u0435\u0440\u0430\u0442\u043e\u0440 \u0442\u0435\u043f\u043b\u043e\u0432\u043e\u0433\u043e \u043e\u0431\u043e\u0440\u0443\u0434\u043e\u0432\u0430\u043d\u0438\u044f (\u043d\u0430 \u044d\u0441\u0442\u043e\u043d\u0441\u043a\u043e\u043c \u044f\u0437\u044b\u043a\u0435)<\/a><\/h3><div class=\"vsel-meta-date vsel-meta-combined-date\">Algus: <span>27.04.2026<\/span> - L\u00f5pp: <span>30.04.2026<\/span><\/div><div class=\"vsel-meta-location\">Asukoht: <span>Tallinn, Ehitajate tee 114 - 20, Kadaka \u00c4rimaja, 5.korrusel<\/span><\/div><div class=\"vsel-meta-cats\">\u041e\u0431\u0443\u0447\u0435\u043d\u0438\u0435 \u0432 \u043e\u0431\u043b\u0430\u0441\u0442\u0438 \u043e\u0431\u043e\u0440\u0443\u0434\u043e\u0432\u0430\u043d\u0438\u044f, \u0440\u0430\u0431\u043e\u0442\u0430\u044e\u0449\u0435\u0433\u043e \u043f\u043e\u0434 \u0434\u0430\u0432\u043b\u0435\u043d\u0438\u0435\u043c<\/div><\/div><\/div><div id=\"event-19746\" class=\"vsel-content surveseadmealane-koolitus vsel-upcoming vsel-future\"><div class=\"vsel-meta vsel-alignleft\"><h3 class=\"vsel-meta-title\"><a href=\"https:\/\/gkk.ee\/et\/event\/soojusseadmete-kaitaja-katlaoperaator-eesti-keeles-4\/\" rel=\"bookmark\" title=\"Soojusseadmete k\u00e4itaja, katlaoperaator (eesti keeles)\">Soojusseadmete k\u00e4itaja, katlaoperaator (eesti keeles)<\/a><\/h3><div class=\"vsel-meta-date vsel-meta-combined-date\">Algus: <span>27.04.2026<\/span> - L\u00f5pp: <span>30.04.2026<\/span><\/div><div class=\"vsel-meta-location\">Asukoht: <span>Tallinn, Ehitajate tee 114 - 20, Kadaka \u00c4rimaja, 5.korrusel<\/span><\/div><div class=\"vsel-meta-cats\">SURVESEADMEALANE KOOLITUS<\/div><\/div><\/div><div id=\"event-19743\" class=\"vsel-content surveseadmealane-koolitus vsel-upcoming vsel-future\"><div class=\"vsel-meta vsel-alignleft\"><h3 class=\"vsel-meta-title\"><a href=\"https:\/\/gkk.ee\/et\/event\/surveseadme-kasutamise-ja-surveseadmetoode-tegemise-tehnilised-normid-eesti-keeles-17\/\" rel=\"bookmark\" title=\"Surveseadme kasutamise ja surveseadmet\u00f6\u00f6de tegemise tehnilised normid (eesti keeles)\">Surveseadme kasutamise ja surveseadmet\u00f6\u00f6de tegemise tehnilised normid (eesti keeles)<\/a><\/h3><div class=\"vsel-meta-date vsel-meta-combined-date\">Algus: <span>27.04.2026<\/span> - L\u00f5pp: <span>29.04.2026<\/span><\/div><div class=\"vsel-meta-location\">Asukoht: <span>Tallinn, Ehitajate tee 114 - 20, Kadaka \u00c4rimaja, 5.korrusel ja ONLINE<\/span><\/div><div class=\"vsel-meta-cats\">SURVESEADMEALANE KOOLITUS<\/div><\/div><\/div><div id=\"event-19744\" class=\"vsel-content %d0%b4%d0%b0%d0%b2%d0%bb%d0%b5%d0%bd%d0%b8%d0%b5 vsel-upcoming vsel-future\"><div class=\"vsel-meta vsel-alignleft\"><h3 class=\"vsel-meta-title\"><a href=\"https:\/\/gkk.ee\/et\/ru\/event\/%d1%82%d0%b5%d1%85%d0%bd%d0%b8%d1%87%d0%b5%d1%81%d0%ba%d0%b8%d0%b5-%d0%bd%d0%be%d1%80%d0%bc%d1%8b-%d0%b8%d1%81%d0%bf%d0%be%d0%bb%d1%8c%d0%b7%d0%be%d0%b2%d0%b0%d0%bd%d0%b8%d1%8f-%d0%be%d0%b1%d0%be-55\/\" rel=\"bookmark\" title=\"\u0422\u0435\u0445\u043d\u0438\u0447\u0435\u0441\u043a\u0438\u0435 \u043d\u043e\u0440\u043c\u044b \u0438\u0441\u043f\u043e\u043b\u044c\u0437\u043e\u0432\u0430\u043d\u0438\u044f \u043e\u0431\u043e\u0440\u0443\u0434\u043e\u0432\u0430\u043d\u0438\u044f \u043f\u043e\u0434 \u0434\u0430\u0432\u043b\u0435\u043d\u0438\u0435\u043c \u0438 \u043f\u0440\u043e\u0432\u0435\u0434\u0435\u043d\u0438\u044f \u0440\u0430\u0431\u043e\u0442 \u043d\u0430 \u043e\u0431\u043e\u0440\u0443\u0434\u043e\u0432\u0430\u043d\u0438\u0438 \u043f\u043e\u0434 \u0434\u0430\u0432\u043b\u0435\u043d\u0438\u0435\u043c (\u043d\u0430 \u044d\u0441\u0442\u043e\u043d\u0441\u043a\u043e\u043c \u044f\u0437\u044b\u043a\u0435)\">\u0422\u0435\u0445\u043d\u0438\u0447\u0435\u0441\u043a\u0438\u0435 \u043d\u043e\u0440\u043c\u044b \u0438\u0441\u043f\u043e\u043b\u044c\u0437\u043e\u0432\u0430\u043d\u0438\u044f \u043e\u0431\u043e\u0440\u0443\u0434\u043e\u0432\u0430\u043d\u0438\u044f \u043f\u043e\u0434 \u0434\u0430\u0432\u043b\u0435\u043d\u0438\u0435\u043c \u0438 \u043f\u0440\u043e\u0432\u0435\u0434\u0435\u043d\u0438\u044f \u0440\u0430\u0431\u043e\u0442 \u043d\u0430 \u043e\u0431\u043e\u0440\u0443\u0434\u043e\u0432\u0430\u043d\u0438\u0438 \u043f\u043e\u0434 \u0434\u0430\u0432\u043b\u0435\u043d\u0438\u0435\u043c (\u043d\u0430 \u044d\u0441\u0442\u043e\u043d\u0441\u043a\u043e\u043c \u044f\u0437\u044b\u043a\u0435)<\/a><\/h3><div class=\"vsel-meta-date vsel-meta-combined-date\">Algus: <span>27.04.2026<\/span> - L\u00f5pp: <span>29.04.2026<\/span><\/div><div class=\"vsel-meta-location\">Asukoht: <span>Tallinn, Ehitajate tee 114 - 20, Kadaka \u00c4rimaja, 5.korrusel ja ONLINE<\/span><\/div><div class=\"vsel-meta-cats\">\u041e\u0431\u0443\u0447\u0435\u043d\u0438\u0435 \u0432 \u043e\u0431\u043b\u0430\u0441\u0442\u0438 \u043e\u0431\u043e\u0440\u0443\u0434\u043e\u0432\u0430\u043d\u0438\u044f, \u0440\u0430\u0431\u043e\u0442\u0430\u044e\u0449\u0435\u0433\u043e \u043f\u043e\u0434 \u0434\u0430\u0432\u043b\u0435\u043d\u0438\u0435\u043c<\/div><\/div><\/div><div id=\"event-19731\" class=\"vsel-content ndt-koolitus-ja-sertifitseerimine vsel-upcoming vsel-future\"><div class=\"vsel-meta vsel-alignleft\"><h3 class=\"vsel-meta-title\"><a href=\"https:\/\/gkk.ee\/et\/event\/visuaalne-mittepurustav-kontroll-vt-tase-2-vene-keeles-16\/\" rel=\"bookmark\" title=\"Visuaalne mittepurustav kontroll, VT- tase 2 (vene keeles)\">Visuaalne mittepurustav kontroll, VT- tase 2 (vene keeles)<\/a><\/h3><div class=\"vsel-meta-date vsel-meta-combined-date\">Algus: <span>04.05.2026<\/span> - L\u00f5pp: <span>08.05.2026<\/span><\/div><div class=\"vsel-meta-location\">Asukoht: <span>J\u00f5hvi, Jaama 14-207<\/span><\/div><div class=\"vsel-meta-cats\">NDT KOOLITUS JA SERTIFITSEERIMINE<\/div><\/div><\/div><div id=\"event-19732\" class=\"vsel-content %d0%bd%d0%b4%d1%82-%d0%b8-%d1%81%d0%b5%d1%80%d1%82%d0%b8%d1%84%d0%b8%d0%ba%d0%b0%d1%86%d0%b8%d1%8f vsel-upcoming vsel-future\"><div class=\"vsel-meta vsel-alignleft\"><h3 class=\"vsel-meta-title\"><a href=\"https:\/\/gkk.ee\/et\/ru\/event\/%d0%b2%d0%b8%d0%b7%d1%83%d0%b0%d0%bb%d1%8c%d0%bd%d1%8b%d0%b9-%d0%bd%d0%b5%d1%80%d0%b0%d0%b7%d1%80%d1%83%d1%88%d0%b0%d1%8e%d1%89%d0%b8%d0%b9-%d0%ba%d0%be%d0%bd%d1%82%d1%80%d0%be%d0%bb%d1%8c-vt-28\/\" rel=\"bookmark\" title=\"\u0412\u0438\u0437\u0443\u0430\u043b\u044c\u043d\u044b\u0439 \u043d\u0435\u0440\u0430\u0437\u0440\u0443\u0448\u0430\u044e\u0449\u0438\u0439 \u043a\u043e\u043d\u0442\u0440\u043e\u043b\u044c, VT- \u0443\u0440\u043e\u0432\u0435\u043d\u044c 2 (\u043d\u0430 \u0440\u0443\u0441\u0441\u043a\u043e\u043c \u044f\u0437\u044b\u043a\u0435)\">\u0412\u0438\u0437\u0443\u0430\u043b\u044c\u043d\u044b\u0439 \u043d\u0435\u0440\u0430\u0437\u0440\u0443\u0448\u0430\u044e\u0449\u0438\u0439 \u043a\u043e\u043d\u0442\u0440\u043e\u043b\u044c, VT- \u0443\u0440\u043e\u0432\u0435\u043d\u044c 2 (\u043d\u0430 \u0440\u0443\u0441\u0441\u043a\u043e\u043c \u044f\u0437\u044b\u043a\u0435)<\/a><\/h3><div class=\"vsel-meta-date vsel-meta-combined-date\">Algus: <span>04.05.2026<\/span> - L\u00f5pp: <span>08.05.2026<\/span><\/div><div class=\"vsel-meta-location\">Asukoht: <span>J\u00f5hvi, Jaama 14-207<\/span><\/div><div class=\"vsel-meta-cats\">NDT \u043e\u0431\u0443\u0447\u0435\u043d\u0438\u0435 \u0438 \u0441\u0435\u0440\u0442\u0438\u0444\u0438\u043a\u0430\u0446\u0438\u044f<\/div><\/div><\/div><\/div><\/aside>\n<div style=\"overflow: hidden; height: 1px;\">\n<p><a href=\"https:\/\/www.cuea.edu\/wp-includes\/articles\/?reasons-why-some-casinos-choose-not-to-join-gamstop.html\">gambling sites not on gamestop<\/a><\/p>\n<\/div>\n","protected":false},"excerpt":{"rendered":"<p>UUDISED Pakume uut koolitust T\u00e4iskasvanute koolitaja kutseeksami ettevalmistusega. Koolitus on suunatud isikudele, kes soovivad valmistuda t\u00e4iskasvanud koolitaja 5. ja 6. taseme eksamiks \u00a0Lisainfo on saadaval siin. \u00a0 \u00a0 \u00a0 \u00a0 \u00a0 \u00a0 \u00a0 \u00a0&#46;&#46;&#46;<\/p>\n","protected":false},"author":1,"featured_media":0,"parent":0,"menu_order":0,"comment_status":"closed","ping_status":"closed","template":"","meta":{"footnotes":""},"class_list":["post-16","page","type-page","status-publish","hentry"],"jetpack_shortlink":"https:\/\/wp.me\/P8QdIl-g","jetpack-related-posts":[],"jetpack_sharing_enabled":true,"_links":{"self":[{"href":"https:\/\/gkk.ee\/et\/wp-json\/wp\/v2\/pages\/16","targetHints":{"allow":["GET"]}}],"collection":[{"href":"https:\/\/gkk.ee\/et\/wp-json\/wp\/v2\/pages"}],"about":[{"href":"https:\/\/gkk.ee\/et\/wp-json\/wp\/v2\/types\/page"}],"author":[{"embeddable":true,"href":"https:\/\/gkk.ee\/et\/wp-json\/wp\/v2\/users\/1"}],"replies":[{"embeddable":true,"href":"https:\/\/gkk.ee\/et\/wp-json\/wp\/v2\/comments?post=16"}],"version-history":[{"count":283,"href":"https:\/\/gkk.ee\/et\/wp-json\/wp\/v2\/pages\/16\/revisions"}],"predecessor-version":[{"id":19666,"href":"https:\/\/gkk.ee\/et\/wp-json\/wp\/v2\/pages\/16\/revisions\/19666"}],"wp:attachment":[{"href":"https:\/\/gkk.ee\/et\/wp-json\/wp\/v2\/media?parent=16"}],"curies":[{"name":"wp","href":"https:\/\/api.w.org\/{rel}","templated":true}]}}