{"id":16964,"date":"2023-08-14T22:12:45","date_gmt":"2023-08-14T19:12:45","guid":{"rendered":"https:\/\/gkk.ee\/et\/?page_id=16964"},"modified":"2023-08-14T22:12:45","modified_gmt":"2023-08-14T19:12:45","slug":"kopli","status":"publish","type":"page","link":"https:\/\/gkk.ee\/et\/kopli\/","title":{"rendered":"kopli"},"content":{"rendered":"<p>Gaasikasutuskoolituse O\u00dc <\/p>\n<p>P\u00f5hja-Tallinna kontor<\/p>\n<p>Kopli 96-20, Tallinn <br \/> Harju maakond, 10416 <br \/> T\u00f6\u00f6aeg: Kokkulepel<\/p>\n<table style=\"border-collapse: collapse; width: 100%;\">\n<tbody>\n<tr>\n<td style=\"width: 50%;\"><a href=\"https:\/\/goo.gl\/maps\/2Ajav7KMxhy7BfJw5\" target=\"_blank\" rel=\"noopener\"><img data-recalc-dims=\"1\" decoding=\"async\" data-attachment-id=\"837\" data-permalink=\"https:\/\/gkk.ee\/et\/ehitajatetee114\/1-2\/\" data-orig-file=\"https:\/\/i0.wp.com\/gkk.ee\/et\/wp-content\/uploads\/2018\/01\/1-e1633500406440.png?fit=440%2C440&amp;ssl=1\" data-orig-size=\"440,440\" data-comments-opened=\"1\" data-image-meta=\"{&quot;aperture&quot;:&quot;0&quot;,&quot;credit&quot;:&quot;&quot;,&quot;camera&quot;:&quot;&quot;,&quot;caption&quot;:&quot;&quot;,&quot;created_timestamp&quot;:&quot;0&quot;,&quot;copyright&quot;:&quot;&quot;,&quot;focal_length&quot;:&quot;0&quot;,&quot;iso&quot;:&quot;0&quot;,&quot;shutter_speed&quot;:&quot;0&quot;,&quot;title&quot;:&quot;&quot;,&quot;orientation&quot;:&quot;0&quot;}\" data-image-title=\"1\" data-image-description=\"\" data-image-caption=\"\" data-medium-file=\"https:\/\/i0.wp.com\/gkk.ee\/et\/wp-content\/uploads\/2018\/01\/1-e1633500406440.png?fit=300%2C300&amp;ssl=1\" data-large-file=\"https:\/\/i0.wp.com\/gkk.ee\/et\/wp-content\/uploads\/2018\/01\/1-e1633500406440.png?fit=440%2C440&amp;ssl=1\" class=\"aligncenter wp-image-837\" src=\"https:\/\/i0.wp.com\/gkk.ee\/et\/wp-content\/uploads\/2018\/01\/1-e1633500406440-300x300.png?resize=75%2C75&#038;ssl=1\" alt=\"\" width=\"75\" height=\"75\" srcset=\"https:\/\/i0.wp.com\/gkk.ee\/et\/wp-content\/uploads\/2018\/01\/1-e1633500406440.png?resize=300%2C300&amp;ssl=1 300w, https:\/\/i0.wp.com\/gkk.ee\/et\/wp-content\/uploads\/2018\/01\/1-e1633500406440.png?resize=150%2C150&amp;ssl=1 150w, https:\/\/i0.wp.com\/gkk.ee\/et\/wp-content\/uploads\/2018\/01\/1-e1633500406440.png?resize=80%2C80&amp;ssl=1 80w, https:\/\/i0.wp.com\/gkk.ee\/et\/wp-content\/uploads\/2018\/01\/1-e1633500406440.png?resize=320%2C320&amp;ssl=1 320w, https:\/\/i0.wp.com\/gkk.ee\/et\/wp-content\/uploads\/2018\/01\/1-e1633500406440.png?w=440&amp;ssl=1 440w\" sizes=\"(max-width: 75px) 100vw, 75px\" \/><\/a><\/td>\n<td style=\"width: 50%;\"><a href=\"https:\/\/i0.wp.com\/gkk.ee\/et\/wp-content\/uploads\/2020\/03\/Kopli_96.jpg?ssl=1\" target=\"_blank\" rel=\"noopener\"><img data-recalc-dims=\"1\" decoding=\"async\" data-attachment-id=\"4373\" data-permalink=\"https:\/\/gkk.ee\/et\/ehitajatetee114\/parkla\/\" data-orig-file=\"https:\/\/i0.wp.com\/gkk.ee\/et\/wp-content\/uploads\/2020\/03\/parkla.png?fit=200%2C199&amp;ssl=1\" data-orig-size=\"200,199\" data-comments-opened=\"0\" data-image-meta=\"{&quot;aperture&quot;:&quot;0&quot;,&quot;credit&quot;:&quot;&quot;,&quot;camera&quot;:&quot;&quot;,&quot;caption&quot;:&quot;&quot;,&quot;created_timestamp&quot;:&quot;0&quot;,&quot;copyright&quot;:&quot;&quot;,&quot;focal_length&quot;:&quot;0&quot;,&quot;iso&quot;:&quot;0&quot;,&quot;shutter_speed&quot;:&quot;0&quot;,&quot;title&quot;:&quot;&quot;,&quot;orientation&quot;:&quot;0&quot;}\" data-image-title=\"parkla\" data-image-description=\"\" data-image-caption=\"\" data-medium-file=\"https:\/\/i0.wp.com\/gkk.ee\/et\/wp-content\/uploads\/2020\/03\/parkla.png?fit=200%2C199&amp;ssl=1\" data-large-file=\"https:\/\/i0.wp.com\/gkk.ee\/et\/wp-content\/uploads\/2020\/03\/parkla.png?fit=200%2C199&amp;ssl=1\" class=\"aligncenter wp-image-4373\" src=\"https:\/\/i0.wp.com\/gkk.ee\/et\/wp-content\/uploads\/2020\/03\/parkla.png?resize=75%2C75&#038;ssl=1\" alt=\"\" width=\"75\" height=\"75\" srcset=\"https:\/\/i0.wp.com\/gkk.ee\/et\/wp-content\/uploads\/2020\/03\/parkla.png?w=200&amp;ssl=1 200w, https:\/\/i0.wp.com\/gkk.ee\/et\/wp-content\/uploads\/2020\/03\/parkla.png?resize=150%2C150&amp;ssl=1 150w, https:\/\/i0.wp.com\/gkk.ee\/et\/wp-content\/uploads\/2020\/03\/parkla.png?resize=160%2C160&amp;ssl=1 160w\" sizes=\"(max-width: 75px) 100vw, 75px\" \/><\/a><\/td>\n<\/tr>\n<\/tbody>\n<\/table>\n","protected":false},"excerpt":{"rendered":"<p>Gaasikasutuskoolituse O\u00dc P\u00f5hja-Tallinna kontor Kopli 96-20, Tallinn Harju maakond, 10416 T\u00f6\u00f6aeg: Kokkulepel<\/p>\n","protected":false},"author":1,"featured_media":0,"parent":0,"menu_order":0,"comment_status":"closed","ping_status":"closed","template":"","meta":{"footnotes":""},"class_list":["post-16964","page","type-page","status-publish","hentry"],"jetpack_shortlink":"https:\/\/wp.me\/P8QdIl-4pC","jetpack-related-posts":[],"jetpack_sharing_enabled":true,"_links":{"self":[{"href":"https:\/\/gkk.ee\/et\/wp-json\/wp\/v2\/pages\/16964","targetHints":{"allow":["GET"]}}],"collection":[{"href":"https:\/\/gkk.ee\/et\/wp-json\/wp\/v2\/pages"}],"about":[{"href":"https:\/\/gkk.ee\/et\/wp-json\/wp\/v2\/types\/page"}],"author":[{"embeddable":true,"href":"https:\/\/gkk.ee\/et\/wp-json\/wp\/v2\/users\/1"}],"replies":[{"embeddable":true,"href":"https:\/\/gkk.ee\/et\/wp-json\/wp\/v2\/comments?post=16964"}],"version-history":[{"count":1,"href":"https:\/\/gkk.ee\/et\/wp-json\/wp\/v2\/pages\/16964\/revisions"}],"predecessor-version":[{"id":16965,"href":"https:\/\/gkk.ee\/et\/wp-json\/wp\/v2\/pages\/16964\/revisions\/16965"}],"wp:attachment":[{"href":"https:\/\/gkk.ee\/et\/wp-json\/wp\/v2\/media?parent=16964"}],"curies":[{"name":"wp","href":"https:\/\/api.w.org\/{rel}","templated":true}]}}