{"id":1796,"date":"2023-08-14T22:12:44","date_gmt":"2023-08-14T19:12:44","guid":{"rendered":"http:\/\/gkk.ee\/et\/?page_id=1796"},"modified":"2023-08-14T22:12:44","modified_gmt":"2023-08-14T19:12:44","slug":"privaatsuspoliitika","status":"publish","type":"page","link":"https:\/\/gkk.ee\/et\/koolitus\/privaatsuspoliitika\/","title":{"rendered":"Privaatsuspoliitika"},"content":{"rendered":"<p><img data-recalc-dims=\"1\" fetchpriority=\"high\" decoding=\"async\" data-attachment-id=\"819\" data-permalink=\"https:\/\/gkk.ee\/et\/6t-taiendkoolitus\/logo-2\/\" data-orig-file=\"https:\/\/i0.wp.com\/gkk.ee\/et\/wp-content\/uploads\/2018\/01\/logo-2.jpg?fit=1310%2C169&amp;ssl=1\" data-orig-size=\"1310,169\" data-comments-opened=\"1\" data-image-meta=\"{&quot;aperture&quot;:&quot;0&quot;,&quot;credit&quot;:&quot;&quot;,&quot;camera&quot;:&quot;&quot;,&quot;caption&quot;:&quot;&quot;,&quot;created_timestamp&quot;:&quot;0&quot;,&quot;copyright&quot;:&quot;&quot;,&quot;focal_length&quot;:&quot;0&quot;,&quot;iso&quot;:&quot;0&quot;,&quot;shutter_speed&quot;:&quot;0&quot;,&quot;title&quot;:&quot;&quot;,&quot;orientation&quot;:&quot;0&quot;}\" data-image-title=\"logo 2\" data-image-description=\"\" data-image-caption=\"\" data-medium-file=\"https:\/\/i0.wp.com\/gkk.ee\/et\/wp-content\/uploads\/2018\/01\/logo-2.jpg?fit=300%2C39&amp;ssl=1\" data-large-file=\"https:\/\/i0.wp.com\/gkk.ee\/et\/wp-content\/uploads\/2018\/01\/logo-2.jpg?fit=1024%2C132&amp;ssl=1\" class=\"aligncenter wp-image-819\" src=\"https:\/\/i0.wp.com\/gkk.ee\/et\/wp-content\/uploads\/2018\/01\/logo-2.jpg?resize=640%2C83&#038;ssl=1\" alt=\"\" width=\"640\" height=\"83\" srcset=\"https:\/\/i0.wp.com\/gkk.ee\/et\/wp-content\/uploads\/2018\/01\/logo-2.jpg?w=1310&amp;ssl=1 1310w, https:\/\/i0.wp.com\/gkk.ee\/et\/wp-content\/uploads\/2018\/01\/logo-2.jpg?resize=300%2C39&amp;ssl=1 300w, https:\/\/i0.wp.com\/gkk.ee\/et\/wp-content\/uploads\/2018\/01\/logo-2.jpg?resize=768%2C99&amp;ssl=1 768w, https:\/\/i0.wp.com\/gkk.ee\/et\/wp-content\/uploads\/2018\/01\/logo-2.jpg?resize=1024%2C132&amp;ssl=1 1024w, https:\/\/i0.wp.com\/gkk.ee\/et\/wp-content\/uploads\/2018\/01\/logo-2.jpg?resize=100%2C13&amp;ssl=1 100w, https:\/\/i0.wp.com\/gkk.ee\/et\/wp-content\/uploads\/2018\/01\/logo-2.jpg?resize=150%2C19&amp;ssl=1 150w, https:\/\/i0.wp.com\/gkk.ee\/et\/wp-content\/uploads\/2018\/01\/logo-2.jpg?resize=200%2C26&amp;ssl=1 200w, https:\/\/i0.wp.com\/gkk.ee\/et\/wp-content\/uploads\/2018\/01\/logo-2.jpg?resize=450%2C58&amp;ssl=1 450w, https:\/\/i0.wp.com\/gkk.ee\/et\/wp-content\/uploads\/2018\/01\/logo-2.jpg?resize=600%2C77&amp;ssl=1 600w, https:\/\/i0.wp.com\/gkk.ee\/et\/wp-content\/uploads\/2018\/01\/logo-2.jpg?resize=900%2C116&amp;ssl=1 900w\" sizes=\"(max-width: 640px) 100vw, 640px\" \/><\/p>\n<p style=\"text-align: center;\"><span style=\"color: #000000;\"><strong>GAASIKASUTUSKOOLITUSE O\u00dc (koolituse osakonna) PRIVAATSUSPOLIITIKA, v2<\/strong><\/span><\/p>\n<p style=\"text-align: center;\"><span style=\"color: #000000;\">Kehtiv alates 25.05.2018.a.<\/span><\/p>\n<table class=\"aligncenter\" style=\"width: 100%; border-collapse: collapse; border-color: #f7f7f7; background-color: #f7f7f7;\">\n<tbody>\n<tr>\n<td style=\"width: 100%;\"><span style=\"color: #000000;\"><strong>SISSEJUHATUS<\/strong><\/span><\/p>\n<p><span style=\"color: #000000;\">GKK O\u00dc on seadusandlusest tulenev kohustus kaitsta klientide privaatsust. Sellest l\u00e4htuvalt oleme koostanud k\u00e4esolevad privaatsuspoliitika p\u00f5him\u00f5tted, mis k\u00e4sitlevad kliendi andmete kogumist, kasutamist,\u00a0 edastamist ja talletamist.<\/span><\/p>\n<p><span style=\"color: #000000;\">K\u00e4esolev privaatsuspoliitika (edaspidi: <strong>Privaatsuspoliitika<\/strong>) kirjeldab Gaasikasutuskoolituse O\u00dc andmet\u00f6\u00f6tlusp\u00f5him\u00f5tteid ning seda, kuidas me isikuandmeid t\u00f6\u00f6tleme. Palun tutvuge k\u00e4esoleva Privaatsuspoliitikaga hoolikalt, et saada aru, kuidas me Teie andmeid t\u00f6\u00f6delda v\u00f5ime.<\/span><\/p>\n<p><span style=\"color: #000000;\">GKK O\u00dc kinnitab, et tagab Kliendi Isikuandmete T\u00f6\u00f6tlemise koosk\u00f5las kehtivate \u00f5igusaktidega ja GDPR-iga.<\/span><\/p>\n<p><span style=\"color: #000000;\">GKK O\u00dc on \u00f5igus Privaatsuspoliitikat igal ajal ja \u00fchepoolselt vastavalt vajadusele uuendada. Ajakohased ja kehtivad Isikuandmete T\u00f6\u00f6tlemise P\u00f5him\u00f5tted on k\u00e4ttesaadavad Veebilehel.<\/span><\/p>\n<p><span style=\"color: #000000;\"><strong>1.M\u00d5ISTED JA L\u00dcHENDID<\/strong><\/span><\/p>\n<p><span style=\"color: #000000;\">1.1. GKK O\u00dc \u2013 Gaasikasutuskoolituse O\u00dc<\/span><\/p>\n<p><span style=\"color: #000000;\">1.2. GDPR &#8211; Euroopa Parlamendi ja n\u00f5ukogu m\u00e4\u00e4rus (EL) 2016\/679, 27. aprill 2016, f\u00fc\u00fcsiliste isikute kaitse kohta isikuandmete t\u00f6\u00f6tlemisel ja selliste andmete vaba liikumise ning direktiivi 95\/46\/E\u00dc kehtetuks tunnistamise kohta (isikuandmete kaitse \u00fcldm\u00e4\u00e4rus).<\/span><\/p>\n<p><span style=\"color: #000000;\">1.3. Kehtivad \u00f5igusaktid &#8211; k\u00f5ik kehtivad Euroopa Liidu \u00f5igusaktid ning k\u00f5ik kehtivad Eesti Vabariigi \u00f5igusaktid, sealhulgas, kuid mitte ainult, GDPR-i riigisisesed rakendusaktid, mis kehtivad Andmete T\u00f6\u00f6tlemise Lepingu ajal v\u00f5i hakkavad kehtima p\u00e4rast Andmete T\u00f6\u00f6tlemise Lepingu s\u00f5lmimist; j\u00e4relevalveasutuste soovitused ja juhised, sealhulgas, kuid mitte ainult, Eesti Andmekaitse Inspektsiooni, Euroopa Andmekaitse N\u00f5ukogu ja direktiivi 95\/46\/E\u00dc artikli 29 alusel loodud Euroopa Andmekaitse t\u00f6\u00f6r\u00fchma poolt Andmete T\u00f6\u00f6tlemise Lepingu s\u00f5lmimise ajal v\u00f5i p\u00e4rast selle s\u00f5lmimist antud soovitused ja juhised.<\/span><\/p>\n<p><span style=\"color: #000000;\">1.4. Klient v\u00f5i andmesubjekt &#8211; f\u00fc\u00fcsiline isik, kes kasutab, on kasutanud v\u00f5i on avaldanud soovi kasutada GKK O\u00dc teenuseid ning kelle Isikuandmeid GKK O\u00dc T\u00f6\u00f6tleb.<\/span><\/p>\n<p><span style=\"color: #000000;\">1.5. Isikuandmed \u2013 igasugune teave andmesubjekti kohta, sh nimi, isikukood, kontaktandmed.<\/span><\/p>\n<p><span style=\"color: #000000;\">1.6. Isikuandmete t\u00f6\u00f6tlemine \u2013 isikuandmetega tehtavad toimingud, sh kogumine, s\u00e4ilitamine, kasutamine, muutmine, kustutamine.<\/span><\/p>\n<p><span style=\"color: #000000;\">1.7. Veebileht \u2013 GKK O\u00dc veebileht <a style=\"color: #000000;\" href=\"https:\/\/gkk.ee\">https:\/\/gkk.ee<\/a> ja sellega seotud alamdomeenid v\u00f5i GKK O\u00dc poolt tulevikus kasutusele v\u00f5etav muu veebileht.<\/span><\/p>\n<p><span style=\"color: #000000;\"><strong>2. ISIKUANDMETE T\u00d6\u00d6TLEMINE <\/strong><\/span><\/p>\n<p><span style=\"color: #000000;\">2.1. Teenuseid pakkudes koguneb meile isikuandmeid. N\u00e4iteks kui kirjutate meile v\u00f5i tulete \u00f5ppima.<\/span><\/p>\n<p><span style=\"color: #000000;\">Teie kirjas \/ registreerimise vormis sisalduvaid isikuandmeid kasutame Teile vastamiseks ja\/v\u00f5i dokumentide vormistamiseks (t\u00f5iendid, tunnistused, protokollid jne) ning teisele neid ei edasta.<\/span><\/p>\n<p><span style=\"color: #000000;\">2.2. Teie isikuandmeid sisaldavad teave on tunnistatud asutusesiseseks kasutakuseks m\u00f5eldud teabeks, millile on kehtestatud juurdep\u00e4\u00e4supiirang. Oma sisemise t\u00f6\u00f6 korraldusega p\u00fc\u00fcame tagada, et Teie eraelu v\u00f5imalikult v\u00e4he riivataks, seep\u00e4rast t\u00f6\u00f6tleme vaid neid isikuandmeid, mis eesm\u00e4rgi saavutamiseks vajalikud ning v\u00f5imaldame ligip\u00e4\u00e4su andmetele vaid neile ettev\u00f5tja t\u00f6\u00f6tajatele, kes neid oma t\u00f6\u00f6\u00fclesannete t\u00e4itmiseks vajavad.<\/span><\/p>\n<p><span style=\"color: #000000;\">2.3. S\u00f5ltumata juurdep\u00e4\u00e4supiirangust v\u00e4ljastab GKK O\u00dc dokumente asutustele v\u00f5i isikutele, kellel on seadusest tulenevalt vastava dokumendi v\u00e4ljan\u00f5udmise \u00f5igus (kohtud, kohtut\u00e4iturid, politseiametnikud jt vastava p\u00e4devusega isikud).<\/span><\/p>\n<p><span style=\"color: #000000;\"><strong>3. ISIKUANDMETE T\u00d6\u00d6TLEMISEL GKK O\u00dc<\/strong><\/span><\/p>\n<p><span style=\"color: #000000;\">3.1. Tagab isikuandmete kaitse l\u00e4bi t\u00f5husate organisatsiooniliste, f\u00fc\u00fcsiliste ja infotehnoloogiliste turvameetmete ning range konfidentsiaalsus- ja turvalisusreeglistiku, kaitstes isikuanmeid igasuguse \u00f5igustamatu kasutamise eest. Isikuandmeid sisaldav teave on tunnistatud\u00a0 asutusesiseseks kasutamiseks m\u00f5eldud teabeks, millele on kehtestatud juurdep\u00e4\u00e4supiirang.<\/span><\/p>\n<p><span style=\"color: #000000;\">3.2. T\u00f6\u00f6tleb isikuandmeid paberikandjal v\u00f5i infos\u00fcsteemis. Isikuandmeid, mida GKK O\u00dc enam ei vaja, sh s\u00e4ilitust\u00e4htaja m\u00f6\u00f6dumise t\u00f5ttu, kustutatakse.<\/span><\/p>\n<p><span style=\"color: #000000;\">3.3. T\u00f6\u00f6tleb isikuandmeid vastavuses GKK O\u00dc isikuandemete t\u00f6\u00f6tlemisele kehtestatud n\u00f5uetele. Isikuandmete t\u00f6\u00f6tlemise eesm\u00e4rgid, andmesubjektid, isikuandmete liigid ning teave isikuandmete avalikustamise\/ edastamise\/ s\u00e4ilitamise kohta on kirjas isikuandmete t\u00f6\u00f6tlemis\u00fclevaates. Infos\u00fcsteem, milles isikuandmeid t\u00f6\u00f6deldakse ning dokumentidele kehtestatud asukohad, juurdep\u00e4\u00e4supiirangud ja s\u00e4ilitust\u00e4htajad on s\u00e4testatud ka GKK O\u00dc dokumentide loetelus.<\/span><\/p>\n<p><span style=\"color: #000000;\">3.4. V\u00f5imaldab ligip\u00e4\u00e4su isikuandmetele ainult GKK O\u00dc t\u00f6\u00f6tajatele, kellel on \u00f5igus isikuandmeid t\u00f6\u00f6delda vaid ulatuses, mis on vajalikud isikuandmete t\u00f6\u00f6tlemise eesm\u00e4rkide saavutamiseks.<\/span><\/p>\n<p><span style=\"color: #000000;\">3.5. Andmesubjekti teavitatakse tema \u00f5igusest n\u00f5uda isikuandmete parandamist, kustutamist, t\u00f6\u00f6tlemise piiramist, andmete \u00fclekandmist, \u00f5igusest n\u00f5usolek igal ajal tagasi v\u00f5tta.<\/span><\/p>\n<p><span style=\"color: #000000;\">3.6. Isikuandmed, mida GKK O\u00dc oma Klientide kohta kogub ja T\u00f6\u00f6tleb, h\u00f5lmavad eelk\u00f5ige j\u00e4rgmisi andmeid: \u00a0Kliendi isikut tuvastada v\u00f5imaldavad andmed ja kontaktandmed nagu Kliendi eesnimi ja perekonnanimi, isikukood, e-postiaadress, telefoni nimber, postiaadress, firmanimi.<\/span><\/p>\n<p><span style=\"color: #000000;\">3.7. Ei s\u00e4ilita isikuandmeid kauem, kui see on l\u00e4htuvalt isikuandmete T\u00f6\u00f6tlemise eesm\u00e4rgist v\u00f5i kehtivate \u00f5igusaktide alusel vajalik.<\/span><\/p>\n<p><span style=\"color: #000000;\"><strong>4. ISIKUANDMETE T\u00d6\u00d6TLEMISEGA SEOSES ANDMESUBJEKT<\/strong><\/span><\/p>\n<p><span style=\"color: #000000;\">4.1. Kliendil on tema Isikuandmete T\u00f6\u00f6tlemisel k\u00f5ik kohalduvatest \u00f5igusaktidest tulenevad \u00f5igused.<\/span><\/p>\n<p><span style=\"color: #000000;\">4.2. Kliendil tema Isikuandmete T\u00f6\u00f6tlemisel muuhulgas j\u00e4rgmised \u00f5igused:<\/span><\/p>\n<ul>\n<li><span style=\"color: #000000;\">juurdep\u00e4\u00e4su\u00f5igus: Kliendil on \u00f5igus igal ajal k\u00fcsida, kas GKK O\u00dc on tema kohta Isikuandmeid v\u00f5i mitte ning saada teavet selle kohta, milliseid Isikuandmeid GKK O\u00dc Kliendi kohta t\u00f6\u00f6tleb;<\/span><\/li>\n<li><span style=\"color: #000000;\">\u00f5igus Isikuandmete parandamisele: Kliendil on \u00f5igus taotleda GKK O\u00dc oma Isikuandmete t\u00e4psustamist v\u00f5i parandamist, kui need on ebapiisavad, puudulikud v\u00f5i valed.<\/span><\/li>\n<\/ul>\n<p><span style=\"color: #000000;\">4.3. Kliendi k\u00e4esolevas peat\u00fckis loetletud \u00f5igused seoses Kliendi Isikuandmete T\u00f6\u00f6tlemisega ei ole absoluutsed \u00f5igused. Teatud juhtudel v\u00f5ivad teiste andmesubjektide \u00f5igused v\u00f5i GKK O\u00dc \u00f5igused v\u00f5i kohustused piirata Kliendi \u00f5igusi.<\/span><\/p>\n<p><span style=\"color: #000000;\">4.4. V\u00f5ib isikuandmete t\u00f6\u00f6tlemisega seonduvate k\u00fcsimuste tekkimisel v\u00f5i kaebuse esitamiseks p\u00f6\u00f6rduda GKK O\u00dc poole allj\u00e4rgnevatel kontaktidel:<\/span><\/p>\n<p><span style=\"color: #000000;\">Aadress:\u00a0 \u00a0 \u00a0 Ehitajate tee 114-20, Tallinna<\/span><br \/>\n<span style=\"color: #000000;\">Telefon:\u00a0\u00a0\u00a0\u00a0\u00a0 +372 641 1795<\/span><br \/>\n<span style=\"color: #000000;\">E-post: \u00a0 \u00a0 \u00a0\u00a0 <a style=\"color: #000000;\" href=\"mailto:gkk@gkk.ee\">gkk@gkk.ee<\/a><\/span><\/td>\n<\/tr>\n<\/tbody>\n<\/table>\n<p>&nbsp;<\/p>\n","protected":false},"excerpt":{"rendered":"<p>GAASIKASUTUSKOOLITUSE O\u00dc (koolituse osakonna) PRIVAATSUSPOLIITIKA, v2 Kehtiv alates 25.05.2018.a. SISSEJUHATUS GKK O\u00dc on seadusandlusest tulenev kohustus kaitsta klientide privaatsust. Sellest l\u00e4htuvalt oleme koostanud k\u00e4esolevad privaatsuspoliitika p\u00f5him\u00f5tted, mis k\u00e4sitlevad kliendi andmete kogumist, kasutamist,\u00a0 edastamist ja&#46;&#46;&#46;<\/p>\n","protected":false},"author":1,"featured_media":0,"parent":388,"menu_order":0,"comment_status":"closed","ping_status":"closed","template":"","meta":{"footnotes":""},"class_list":["post-1796","page","type-page","status-publish","hentry"],"jetpack_shortlink":"https:\/\/wp.me\/P8QdIl-sY","jetpack-related-posts":[],"jetpack_sharing_enabled":true,"_links":{"self":[{"href":"https:\/\/gkk.ee\/et\/wp-json\/wp\/v2\/pages\/1796","targetHints":{"allow":["GET"]}}],"collection":[{"href":"https:\/\/gkk.ee\/et\/wp-json\/wp\/v2\/pages"}],"about":[{"href":"https:\/\/gkk.ee\/et\/wp-json\/wp\/v2\/types\/page"}],"author":[{"embeddable":true,"href":"https:\/\/gkk.ee\/et\/wp-json\/wp\/v2\/users\/1"}],"replies":[{"embeddable":true,"href":"https:\/\/gkk.ee\/et\/wp-json\/wp\/v2\/comments?post=1796"}],"version-history":[{"count":12,"href":"https:\/\/gkk.ee\/et\/wp-json\/wp\/v2\/pages\/1796\/revisions"}],"predecessor-version":[{"id":17387,"href":"https:\/\/gkk.ee\/et\/wp-json\/wp\/v2\/pages\/1796\/revisions\/17387"}],"up":[{"embeddable":true,"href":"https:\/\/gkk.ee\/et\/wp-json\/wp\/v2\/pages\/388"}],"wp:attachment":[{"href":"https:\/\/gkk.ee\/et\/wp-json\/wp\/v2\/media?parent=1796"}],"curies":[{"name":"wp","href":"https:\/\/api.w.org\/{rel}","templated":true}]}}