{"id":1841,"date":"2023-08-14T22:12:45","date_gmt":"2023-08-14T19:12:45","guid":{"rendered":"http:\/\/gkk.ee\/et\/?page_id=1841"},"modified":"2026-03-11T11:18:52","modified_gmt":"2026-03-11T09:18:52","slug":"koolituse-alused","status":"publish","type":"page","link":"https:\/\/gkk.ee\/et\/koolitus\/koolituse-alused\/","title":{"rendered":"T\u00c4IENDUSKOOLITUSE \u00d5PPEKORRALDUSE JA TEGEVUSE KVALITEEDI TAGAMISE ALUSED"},"content":{"rendered":"<p><img data-recalc-dims=\"1\" fetchpriority=\"high\" decoding=\"async\" data-attachment-id=\"819\" data-permalink=\"https:\/\/gkk.ee\/et\/6t-taiendkoolitus\/logo-2\/\" data-orig-file=\"https:\/\/i0.wp.com\/gkk.ee\/et\/wp-content\/uploads\/2018\/01\/logo-2.jpg?fit=1310%2C169&amp;ssl=1\" data-orig-size=\"1310,169\" data-comments-opened=\"1\" data-image-meta=\"{&quot;aperture&quot;:&quot;0&quot;,&quot;credit&quot;:&quot;&quot;,&quot;camera&quot;:&quot;&quot;,&quot;caption&quot;:&quot;&quot;,&quot;created_timestamp&quot;:&quot;0&quot;,&quot;copyright&quot;:&quot;&quot;,&quot;focal_length&quot;:&quot;0&quot;,&quot;iso&quot;:&quot;0&quot;,&quot;shutter_speed&quot;:&quot;0&quot;,&quot;title&quot;:&quot;&quot;,&quot;orientation&quot;:&quot;0&quot;}\" data-image-title=\"logo 2\" data-image-description=\"\" data-image-caption=\"\" data-medium-file=\"https:\/\/i0.wp.com\/gkk.ee\/et\/wp-content\/uploads\/2018\/01\/logo-2.jpg?fit=300%2C39&amp;ssl=1\" data-large-file=\"https:\/\/i0.wp.com\/gkk.ee\/et\/wp-content\/uploads\/2018\/01\/logo-2.jpg?fit=1024%2C132&amp;ssl=1\" class=\"aligncenter wp-image-819\" src=\"https:\/\/i0.wp.com\/gkk.ee\/et\/wp-content\/uploads\/2018\/01\/logo-2.jpg?resize=640%2C83&#038;ssl=1\" alt=\"\" width=\"640\" height=\"83\" srcset=\"https:\/\/i0.wp.com\/gkk.ee\/et\/wp-content\/uploads\/2018\/01\/logo-2.jpg?w=1310&amp;ssl=1 1310w, https:\/\/i0.wp.com\/gkk.ee\/et\/wp-content\/uploads\/2018\/01\/logo-2.jpg?resize=300%2C39&amp;ssl=1 300w, https:\/\/i0.wp.com\/gkk.ee\/et\/wp-content\/uploads\/2018\/01\/logo-2.jpg?resize=768%2C99&amp;ssl=1 768w, https:\/\/i0.wp.com\/gkk.ee\/et\/wp-content\/uploads\/2018\/01\/logo-2.jpg?resize=1024%2C132&amp;ssl=1 1024w, https:\/\/i0.wp.com\/gkk.ee\/et\/wp-content\/uploads\/2018\/01\/logo-2.jpg?resize=100%2C13&amp;ssl=1 100w, https:\/\/i0.wp.com\/gkk.ee\/et\/wp-content\/uploads\/2018\/01\/logo-2.jpg?resize=150%2C19&amp;ssl=1 150w, https:\/\/i0.wp.com\/gkk.ee\/et\/wp-content\/uploads\/2018\/01\/logo-2.jpg?resize=200%2C26&amp;ssl=1 200w, https:\/\/i0.wp.com\/gkk.ee\/et\/wp-content\/uploads\/2018\/01\/logo-2.jpg?resize=450%2C58&amp;ssl=1 450w, https:\/\/i0.wp.com\/gkk.ee\/et\/wp-content\/uploads\/2018\/01\/logo-2.jpg?resize=600%2C77&amp;ssl=1 600w, https:\/\/i0.wp.com\/gkk.ee\/et\/wp-content\/uploads\/2018\/01\/logo-2.jpg?resize=900%2C116&amp;ssl=1 900w\" sizes=\"(max-width: 640px) 100vw, 640px\" \/><\/p>\n<table class=\"aligncenter\" style=\"width: 100%; border-collapse: collapse; border-color: f7f7f7; background-color: f7f7f7;\" border=\"1\">\n<tbody>\n<tr>\n<td style=\"width: 636px;\">\n<p style=\"text-align: center;\"><strong><span style=\"color: #000000;\">T\u00c4IENDUSKOOLITUSE \u00d5PPEKORRALDUSE JA TEGEVUSE KVALITEEDI TAGAMISE ALUSED<\/span><\/strong><\/p>\n<ol>\n<li>\u00dcLDS\u00c4TTED<\/li>\n<\/ol>\n<p>1.1 Gaasikasutuskoolituse O\u00dc, registrikood 10425491 (edaspidi GKK) korraldab t\u00e4iskasvanutele suunatud \u00a0t\u00f6\u00f6alast ja vabahariduslikku t\u00e4iendkoolitust.<\/p>\n<p>1.2 GKK l\u00e4htub t\u00e4ienduskoolituse kvaliteedi tagamisel t\u00e4iskasvanute koolituse seadusest, t\u00e4ienduskoolituse standardist, t\u00e4induskoolituse \u00f5ppekorralduse ja tegevuse kvaliteedi tagamise alustest, p\u00f5hikirjast ning teistest seonduvatest \u00f5igusaktidest ja dokumentidest. GKK on registreeritud Eesti Hariduse Infos\u00fcsteemis ehk EHIS-s. Majandustegevusteate number on 181317.<\/p>\n<p>1.3 GKK asjaajamiskeel on eesti keel. \u00d5ppekeeled on eesti ja vene keel.<\/p>\n<p>GKK tegevust juhib ja koordineerib juhataja. GKK erinevaid \u00fclesandeid t\u00e4idavad osakonnajuhid. Spetsialistid, arendusprojektide koordinaator, raamatupidaja ja koolitajad.<\/p>\n<p>1.4 GKK korraldab t\u00e4ienduskoolitust tehnikavaldkonnas. \u00d5ppekavar\u00fchm \u2013 mehaanika ja metallit\u00f6\u00f6d.<\/p>\n<p>1.5 GKK kontoriruumid asuvad aadressil Ehitajate tee 114, viiendal korrusel, kabinetis nr 20. \u00d5ppet\u00f6\u00f6 toimub \u00f5ppeklassis aadressil Ehitajate tee 114-20, Tallinn, Kopli 96-20, Tallinn, Jaama 14- 207, J\u00f5hvi.<\/p>\n<p>Organisatsioonisisesed koolitused viiakse l\u00e4bi koolituse tellija v\u00f5i GKK ruumides. Tallinnas Ehitajate tee 114-20 ja Kopli 96-20 on v\u00f5imalus osaleda liikumispuudega inimeste koolitustel.<\/p>\n<p>1.6 Ruumides kehtivad reeglid:<\/p>\n<p>&#8211; GKK t\u00f6\u00f6aeg on t\u00f6\u00f6p\u00e4eviti kell 8.00-16.30. Koolituse toimumise aeg on 9.00-16.30, kui ei ole kokku lepitud teisiti.<\/p>\n<p>&#8211; Koolitusel osalejadete saabumisaeg on viisteist minutit enne koolituse algust.<\/p>\n<p>&#8211; Koolitusel osaleja peab v\u00f5tma kaasa isikut t\u00f5endava dokumendi, mille alusel toimub registreerimislehtedele andmete kandmine.<\/p>\n<p>&#8211; Koolituse k\u00e4igus telefon peab olema v\u00e4lja l\u00fc\u00fclitatud v\u00f5i pannud h\u00e4\u00e4letu re\u017eiimile.<\/p>\n<p>&#8211; Iga loengute kestvus on 90 minut<\/p>\n<p>&#8211; Plaanilistel koolituste l\u00f5unapaus on 30 min, ajavahemikul 12.00-13.30 vastavalt ajakavale, mille sisse kuulub ka tasuta l\u00f5unas\u00f6\u00f6k.<\/p>\n<p>1.7 GKK kasutuses olevad koolitusruumid vastavad tervisekaitse n\u00f5uetele ning mahutavad kuni 20 inimest. Ruumides on koolituste l\u00e4biviimiseks vajalik tehnika \u2013 arvuti, projector, teler ja muud abivahendid (paber ja\/v\u00f5i valge tahvel). \u00d5ppeklass on varastatud gaasi-, surve- ja masinaseadme n\u00e4idisega, skeemide maketidega, seadmete sissel\u00f5ikude n\u00e4idistega. Klassis on erineva torude aparaadid ning mehhanismid p\u00fcsiliidete valmistamiseks.<\/p>\n<p>1.8 Igaks kursuseks ette valmistatakse \u00f5ppematerjal paberkandjal v\u00f5i digitaalselt.<\/p>\n<p>1.9 GKK koolitused toimuvad grupikoolitusena. Koolitusgruppi suurus m\u00e4\u00e4rab GKK.<\/p>\n<p>1.10 Koolituse alusdokument on \u00f5ppekava, kus s\u00e4testatakse j\u00e4rgmised andmed:<\/p>\n<p>\u2013 \u00f5ppekava nimetus;<\/p>\n<p>\u2013 \u00f5ppekavar\u00fchm;<\/p>\n<p>\u2013 koolituse sihtr\u00fchm;<\/p>\n<p>\u2013 \u00f5ppekavar\u00fchm;<\/p>\n<p>\u2013 \u00f5piv\u00e4ljundid;<\/p>\n<p>\u2013 \u00f5pingute alustamise tingimused (juhul kui need on eeltingimuseks \u00f5piv\u00e4ljundite saavutamisel);<\/p>\n<p>\u2013 \u00f5ppe kogumaht, sealhulgas auditoorse, praktilise ja iseseisva t\u00f6\u00f6 osakaal;<\/p>\n<p>\u2013 \u00f5ppesisu;<\/p>\n<p>\u2013 \u00f5ppekeskkonna kirjeldus;<\/p>\n<p>\u2013 \u00f5ppematerjalide loend;<\/p>\n<p>\u2013 hindamismeetodid ja kriteeriumid;<\/p>\n<p>\u2013 v\u00e4ljastatavad dokumendid;<\/p>\n<p>\u2013 koolitaja nimi ja kompetentsust tagava kvalifikatsiooni ja t\u00f6\u00f6kogemuse kirjeldus.<\/p>\n<p>1.11 \u00d5ppekava koostamise alus \u2013 Seadme ohutuse seadus ja rakkendusaktid.<\/p>\n<p>1.12 Koolitusprogrammid vaadatakse \u00fcle v\u00e4hemalt \u00fcks kord aastas. \u00d5igusaktide ja standardite muutmise korral viiakse programmid l\u00e4bi kohe.<\/p>\n<p>1.13 Koolitus toimub ajakava j\u00e4rgi. Koolituse mahtu arvestatakse akadeemilistes tundides. \u00dcks akadeemiline tund on 45 minutit.<\/p>\n<p>1.14 GKK-l on \u00f5igus teha koolituskavas ja p\u00e4evakavas muudatusi, teavitades sellest \u00a0\u00a0\u00a0koolitusele registreeritud isikut e-posti teel. Muudatus avaldatakse esimesel v\u00f5imalusel ka koolituse kodulehel.<\/p>\n<p>1.15 Koolituse \u00f5ppekorralduse ja \u00f5ppekavade saab tutvuda kodulehel\u00a0www.<a href=\"http:\/\/www.gkk.ee\/\">gkk.ee<\/a>.<\/p>\n<ol start=\"2\">\n<li>KOOLITUSELE REGISTREERUMINE JA KOOLITUSGRUPI KOMPLEKTEERIMINE<\/li>\n<\/ol>\n<p>2.1 Koolituse aeg oleneb osalejate registreerimise arvust (minimaalne r\u00fchm 8 inimest).<\/p>\n<p>2.2 K\u00f5ik koolitused on v\u00e4lja pandud GKK kodulehel v\u00e4hemalt 2-3 n\u00e4dalat enne koolituse toimumise algust.<\/p>\n<p>2.3 Koolitustele tuleb eelnevalt registreeruda l\u00e4bi kodulehel oleva koolituse registreerimise vormi, e-posti teel (<a href=\"mailto:gkk@gkk.ee\">gkk@gkk.ee<\/a>\u00a0,\u00a0<a href=\"mailto:tatjana.rosenberg@gkk.ee\">tatjana.rosenberg@gkk.ee<\/a>\u00a0) v\u00f5i GKK-s kohapeal: Ehitajate tee 114-20, Tallinn. Veebi teel registreeritud isikud saavad\u00a0 registreerumise kinnituse e-posti aadressile kolme t\u00f6\u00f6p\u00e4eva jooksul.<\/p>\n<p>2.4 K\u00f5ik koolitusele registreeritud isikud saavad v\u00e4hemalt n\u00e4dal enne kursuse algust teavet koolituse\u00a0 kohta. Infot saab saada nii suuliselt kui ka kirjalikult, vastavalt vajadusele. Vabade kohtade olemasolul v\u00f5ib koolitusel osaleda ka eelneva registreeringuta.<\/p>\n<p>2.5 GKK kogub \u00a0ja arhiveerib osaleja kohta j\u00e4rgmisi andmeid: ees- ja perekonnanimi, isikukood e-posti aadress, telefoni number, koolitusel osaleja t\u00f6\u00f6andja nimetus (v\u00f5i koolitusele suunatud ettev\u00f5tte nimetuse) . Koolitusel osalejad kannavad isikuandmed registreerimislehele.<\/p>\n<p>Isikukoodi on vaja koolituse l\u00e4bimist t\u00f5endava tunnistuse v\u00f5i t\u00f5endi vormistamise jaoks. Isikuandmeid t\u00f6\u00f6deldakse vastavalt isikuandmete kaitse seadusele \u00a76. Koolitusel osalejate andmeid s\u00e4ilitatakse GKK arhiivis paberikandjal ja digitaalsel kujul.<\/p>\n<p>2.6 Koolitus toimub kui koolitusele on \u00fcldjuhul registreerunud v\u00e4hemalt 8 inimest. Koolitusgrupi mittet\u00e4itumisel\u00a0 GKK-l on \u00f5igus koolitus \u00e4ra j\u00e4tta v\u00f5i edasi l\u00fckata kuni koolitusgrupi t\u00e4itumiseni. Registreeritud isikud teavitatakse e-posti v\u00f5i telefoni teel v\u00e4hemalt kolm t\u00f6\u00f6p\u00e4eva ette.<\/p>\n<p>2.7 Koolitusgrupi \u00fclet\u00e4itumise korral moodustatakse j\u00e4rgmine koolituse grupp registreerumise j\u00e4rjekorra alusel. Esmasest grupist v\u00e4lja j\u00e4\u00e4nutele pakutakse uus koolituse toimumise aeg.<\/p>\n<ol start=\"3\">\n<li>KOOLITUSE ALUSTAMINE JA KOOLITUSEL OSALEMINE NING KOOLITUSE L\u00d5PETAMINE.<\/li>\n<\/ol>\n<p>3.1 Koolitusel v\u00f5ivad osaleda isikud, kes on GKK poolt saanud<br \/>\nkinnituse koolitusel osalemiseks ning kes on tasunud arve koolituse eest.<\/p>\n<p>3.2 Koolitusel osalemine fikseeritakse koolitatava allkirjaga vastaval registeerimislehel.<\/p>\n<p>3.3 Koolitusel osav\u00f5ttu kontrollib GKK t\u00f6\u00f6taja iga koolitusp\u00e4eva alguses.<\/p>\n<p>3.4 Koolitusele mitteilmumisest informeerib koolitusel osaleja v\u00f5i koolitusele suunatud ettev\u00f5tja esindaja esimesel v\u00f5imalusel.<\/p>\n<p>3.5 Koolitusel osalejal on v\u00f5imalus koolituse l\u00f5pus anda tagasisidet koolituse kohta kolme p\u00e4eva jooksul. Tagasisidet on v\u00f5imalus anda kirjalikult vabas vormis paberkandjal v\u00f5i e-postiga (<a href=\"mailto:gkk@gkk.ee\">gkk@gkk.ee<\/a>,\u00a0tatjana.<a href=\"mailto:rosenberg@gkk.ee\">rosenberg@gkk.ee<\/a>). Tagasiside saaja registreerib tagasiside registreerimise p\u00e4ivikus kliendi tagasiside ja esitab selle kaalumiseks GKK juhatuse liikmele. Kaebuse v\u00f5i negatiivse tagasiside korral teeb juhatuse liige otsuse haridusprotsessi korrigeerimiseks vajalike toimingute kohta. See teave edastatakse kliendile 30 p\u00e4eva jooksul.<\/p>\n<p>3.6 Koolitatav arvatakse koolituselt v\u00e4lja kui ta ise seda soovib, koolitusel osalemiseks vajalikud tingimused ei ole t\u00e4idetud v\u00f5i ebav\u00e4\u00e4rika k\u00e4itumise korral.<\/p>\n<p>3.7 Iga koolituse l\u00f5petamiseks peab koolituse osaleja osalema koolitusel \u00f5ppekavades etten\u00e4htus mahus. Kui \u00f5ppekava l\u00f5petamise kriteeriumiks on teadmiste kontroll, siis koolitusel osaleja\u00a0 peab\u00a0edukalt \u00a0sooritama eksamit.<\/p>\n<ol start=\"4\">\n<li>T\u00c4IENDUSKOOLITUSE J\u00c4RGSELT V\u00c4LJASTATAVAD DOKUMENDID<\/li>\n<\/ol>\n<p>4.1 T\u00e4ienduskoolituse j\u00e4rgselt igale edukalt l\u00f5petanule v\u00e4ljastatakse t\u00f5end v\u00f5i tunnistus.<\/p>\n<p>4.2 Tunnistus v\u00e4ljastatakse, kui koolituse k\u00e4igus hinnati \u00f5piv\u00e4ljundite saavutatust ja koolitusel osaleja saavutas need.<\/p>\n<p>4.3 T\u00f5end v\u00e4ljastatakse, kui koolituse k\u00e4igus ei hinnatud \u00f5piv\u00e4ljundite saavutatust v\u00f5i \u00f5ppija ei saavutanud \u00f5piv\u00e4ljundeid.<\/p>\n<p>4.4 Tunnistused ja t\u00f5endid on eestikeelsed A-4 formadis.<\/p>\n<p>4.5 Tunnistusele ja t\u00f5ienditele kantakse t\u00f5endi v\u00f5i tunnistuse number, isiku nimi ja isikukood, koolituse nimetus, toimumise aeg ja maht, t\u00e4iendus\u00f5ppe punktid (TP), \u00a0v\u00e4ljaandmise koht ja kuup\u00e4ev, koolitajate nimed, eksami tulemus (eksam sooritatud), asutuse nimi ja registrikood ning majandustegevusteate registreerimisnumber Eesti Hariduse Infos\u00fcsteemis, \u00a0GKK esindaja nimi ja muud andmed, mis on seadusega kehtestatud.<\/p>\n<p>4.6 Tunnistused ja t\u00f5endid allkirjastab GKK juhataja v\u00f5i koolituse osakonna juhataja.<\/p>\n<p>4.7. V\u00e4ljastatud tunnistused ja t\u00f5endid nummerdatakse ja registreeritatakse koolitusel osaleja registris.<\/p>\n<p>4.8 Koolituse osalejal on v\u00f5imalik taotleda enda tunnistuse v\u00f5i t\u00f5endi duplikaat. Duplikaat vormistatakse ja v\u00e4ljastatakse sarnaselt originaaltunnistuse v\u00f5i t\u00f5endiga. Dokumendil on m\u00e4rge \u201cDUPLIKAAT\u201d.<\/p>\n<ol start=\"5\">\n<li>KOOLITUSEST LOOBUMINE JA KOOLITUSE KATKESTAMINE<\/li>\n<\/ol>\n<p>5.1 Kui koolitusele registreerunul ei ole v\u00f5imalik m\u00f5juvatel p\u00f5hjustel koolitusest osa v\u00f5tta, tuleb sellest viivitamatult teatada, saates e-kirja aadressile <a href=\"mailto:tatjana.rosenberg@gkk.ee\">tatjana.rosenberg@gkk.ee<\/a>\u00a0,\u00a0<a href=\"mailto:gkk@gkk.ee\">gkk@gkk.ee<\/a>\u00a0\u00a0v\u00f5i helistades numbrile 6411795.<\/p>\n<p>5.2 Kui koolitus katkestatakse \u00f5pilase algatusel enne koolituse algust (24 tundi), tagastatakse \u00f5ppemaks v\u00f5i klient saab liituda teise r\u00fchmaga, kui sellised kursused toimuvad \u00fche aasta jooksul.<\/p>\n<p>5.3 Koolituse pooleli j\u00e4tmisel koolitatava algatusel koolitustasu ei tagastata.<\/p>\n<p>Kui katkestamiseks on m\u00f5juv p\u00f5hjus (tervislikud p\u00f5hjused, komandeering vms), siis saab klient liituda j\u00e4rgmise grupiga, kui selline koolitus toimub, \u00fche aasta jooksul.<\/p>\n<ol start=\"6\">\n<li>KAEBUSTE LAHENDAMINE<\/li>\n<\/ol>\n<p>6.1 K\u00e4sitlemisele kuuluvad ainult kirjalikult esitatud kaebused<\/p>\n<p>6.2 P\u00e4rast kaebuse k\u00e4ttesaamist, saadetakse kaebajale teade, et kaebus on saanud ja registreeritud<\/p>\n<p>6.3 GKK O\u00dc juht m\u00e4\u00e4rab erapooletu isiku, kes kulab arvamusi, kogub kaebuse infot ja edastab juhtkonnale.<\/p>\n<p>6.4. Juhtkond analiseerib k\u00f5ik kaebuse dokumendid ja teeb kaebuse lahendamise otsus.<\/p>\n<p>6.5. Kaebuse lahendamise otsus registreeritakse zurnaalis ja saadetakse kaebajale digitaalselt allkirjastatud failina e-maili teel 30 p\u00e4eva jooksul.<\/p>\n<ol start=\"7\">\n<li>KOOLITUSE EEST TASUMINE ja RAHA TAGASTAMINE<\/li>\n<\/ol>\n<p>7.1 \u00a0Koolitustasu kehtestatakse igaks koolituseks eraldi. Koolituse jooksul koolitustasu ei muutu.<\/p>\n<p>7.2 Kliendi juures toimuva koolituse ja v\u00e4hemalt 8 inimesest koosneva \u00f5pilaste r\u00fchma korral v\u00e4hendatakse hinda 10%.<\/p>\n<p>7.3 Kui \u00fchest ettev\u00f5ttest osaleb konkreetsel kursusel v\u00e4hemalt 6 inimest, v\u00e4hendatakse hinda 10%.<\/p>\n<p>7.4 Koolituse eest tasumine toimub arve alusel. Arve saadetakse e-posti teel v\u00f5i Registrite ja Infos\u00fcsteemide Keskuse kaudu (E-Arveldaja).<\/p>\n<p>Arve tuleb tasuda arvel m\u00e4rgitud t\u00e4htajaks. T\u00e4htajaks mittetasumise korral \u00a0antakse arvete menetlemine edasi inkassosse v\u00f5i krediidij\u00e4relevalvet korraldavatele partneritele. GKK ei vabasta \u00f5ppilast tasust.<\/p>\n<p>7.5 Koolituse \u00e4raj\u00e4\u00e4misel korraldajatest tulenevatel p\u00f5hjustel makstakse koolituse tasu tagasi.<\/p>\n<p>7.6 Kui koolitus katkestatakse \u00f5pilase algatusel enne koolituse algust (24 tundi) on vaja esitada kirjalik avaldus raha tagastamiseks vabas vormis. Raamatupidaja v\u00e4ljastab kreeditarvet ja tagastatakse \u00f5petasu 7 (seitse) p\u00e4eva jooksul arveldusarvele kust oli arve makstud.<\/td>\n<\/tr>\n<\/tbody>\n<\/table>\n<p><a style=\"color: #ffffff;\" href=\"https:\/\/farmacija-hrvatska.com\/\" rel=\"nofollow\">https:\/\/Farmacija-Hrvatska.com\/<\/a><\/p>\n<div style=\"overflow: hidden; height: 1px;\">\n<p><a href=\"https:\/\/cascadeclimbers.com\/content\/pgs\/the-role-of-cryptocurrency-in-international-online-casinos.html\">overseas online casinos<\/a><\/p>\n<\/div>\n","protected":false},"excerpt":{"rendered":"<p>T\u00c4IENDUSKOOLITUSE \u00d5PPEKORRALDUSE JA TEGEVUSE KVALITEEDI TAGAMISE ALUSED \u00dcLDS\u00c4TTED 1.1 Gaasikasutuskoolituse O\u00dc, registrikood 10425491 (edaspidi GKK) korraldab t\u00e4iskasvanutele suunatud \u00a0t\u00f6\u00f6alast ja vabahariduslikku t\u00e4iendkoolitust. 1.2 GKK l\u00e4htub t\u00e4ienduskoolituse kvaliteedi tagamisel t\u00e4iskasvanute koolituse seadusest, t\u00e4ienduskoolituse standardist, t\u00e4induskoolituse&#46;&#46;&#46;<\/p>\n","protected":false},"author":2,"featured_media":0,"parent":388,"menu_order":0,"comment_status":"closed","ping_status":"closed","template":"","meta":{"footnotes":""},"class_list":["post-1841","page","type-page","status-publish","hentry"],"jetpack_shortlink":"https:\/\/wp.me\/P8QdIl-tH","jetpack-related-posts":[],"jetpack_sharing_enabled":true,"_links":{"self":[{"href":"https:\/\/gkk.ee\/et\/wp-json\/wp\/v2\/pages\/1841","targetHints":{"allow":["GET"]}}],"collection":[{"href":"https:\/\/gkk.ee\/et\/wp-json\/wp\/v2\/pages"}],"about":[{"href":"https:\/\/gkk.ee\/et\/wp-json\/wp\/v2\/types\/page"}],"author":[{"embeddable":true,"href":"https:\/\/gkk.ee\/et\/wp-json\/wp\/v2\/users\/2"}],"replies":[{"embeddable":true,"href":"https:\/\/gkk.ee\/et\/wp-json\/wp\/v2\/comments?post=1841"}],"version-history":[{"count":22,"href":"https:\/\/gkk.ee\/et\/wp-json\/wp\/v2\/pages\/1841\/revisions"}],"predecessor-version":[{"id":19727,"href":"https:\/\/gkk.ee\/et\/wp-json\/wp\/v2\/pages\/1841\/revisions\/19727"}],"up":[{"embeddable":true,"href":"https:\/\/gkk.ee\/et\/wp-json\/wp\/v2\/pages\/388"}],"wp:attachment":[{"href":"https:\/\/gkk.ee\/et\/wp-json\/wp\/v2\/media?parent=1841"}],"curies":[{"name":"wp","href":"https:\/\/api.w.org\/{rel}","templated":true}]}}