{"id":1885,"date":"2023-08-14T22:12:43","date_gmt":"2023-08-14T19:12:43","guid":{"rendered":"http:\/\/gkk.ee\/et\/?page_id=1885"},"modified":"2025-08-06T15:53:52","modified_gmt":"2025-08-06T12:53:52","slug":"viega-susteemide-ehitamine","status":"publish","type":"page","link":"https:\/\/gkk.ee\/et\/viega-susteemide-ehitamine\/","title":{"rendered":"8t_VIEGA s\u00fcsteemide ehitamine_\u00d5PV-8"},"content":{"rendered":"<table class=\" aligncenter\" style=\"width: 100%; border-collapse: collapse;\" border=\"0\">\n<tbody>\n<tr>\n<td style=\"width: 28.3048%;\" width=\"180\"><span style=\"color: #000000;\">\u00d5ppekava nimetus<\/span><\/td>\n<td style=\"width: 71.0731%;\" width=\"472\"><span style=\"color: #000000;\">VIEGA s\u00fcsteemide ehitamine<\/span><\/td>\n<\/tr>\n<tr>\n<td style=\"width: 28.3048%;\" width=\"180\"><span style=\"color: #000000;\">\u00d5ppekavar\u00fchm<\/span><\/td>\n<td style=\"width: 71.0731%;\" width=\"472\"><span style=\"color: #000000;\">Mehaanika ja metallit\u00f6\u00f6<\/span><\/td>\n<\/tr>\n<tr>\n<td style=\"width: 28.3048%;\" width=\"180\"><span style=\"color: #000000;\">Koolituse sihtr\u00fchm<\/span><\/td>\n<td style=\"width: 71.0731%;\" width=\"472\">\n<ul>\n<li><span style=\"color: #000000;\">Gaasit\u00f6id tegeva isiku p\u00e4devustunnistuse omanikud<\/span><\/li>\n<li><span style=\"color: #000000;\">Isikud, kes alustab tegelema gaasit\u00f6\u00f6dega<\/span><\/li>\n<li><span style=\"color: #000000;\">Surveseadmet\u00f6id tegeva isiku p\u00e4devustunnistuse omanikud<\/span><\/li>\n<li><span style=\"color: #000000;\">Surveseadmet\u00f6\u00f6de teostajad.<\/span><\/li>\n<li><span style=\"color: #000000;\">Kaugk\u00fctte- ja joogivees\u00fcsteemide ehitajad<br \/>\nK\u00fcttegaasi s\u00fcsteemide ehitajad<br \/>\nSprinklers\u00fcsteemide ehitajad<br \/>\nDiiselk\u00fctuse s\u00fcsteemide ehitajad<br \/>\nH\u00fcdros\u00fcsteemide ehitajad<\/span><\/li>\n<li><span style=\"color: #000000;\">Teised teemast huvitatud isikud<\/span><\/li>\n<\/ul>\n<\/td>\n<\/tr>\n<tr>\n<td style=\"width: 28.3048%;\" width=\"180\"><span style=\"color: #000000;\">\u00d5piv\u00e4ljundid<\/span><\/td>\n<td style=\"width: 71.0731%;\" width=\"472\"><span style=\"color: #000000;\">Koolitusel osaleja tunneb kehtivat valdkonna seadusandlust.\u00a0Koolitusel osaleja teab n\u00f5udeid VIEGA liitmikute ehitamisele, projekteerimisele ja press liitmikute valmistamisele.<\/span><\/p>\n<p><span style=\"color: #000000;\">Koolitusel osaleja oskab praktilitselt kasutada VIEGA tehase t\u00f6\u00f6ristad ja abivahendid. Oskab praktiliselt valmistada Viega pressliitmikuid ja kontrollida oma t\u00f6\u00f6 kvaliteedi.<\/span><\/td>\n<\/tr>\n<tr>\n<td style=\"width: 28.3048%;\" width=\"180\"><span style=\"color: #000000;\">Hind (ilma KM-ta)<\/span><\/td>\n<td style=\"width: 71.0731%;\" width=\"472\"><span style=\"color: #000000;\">195 euro<\/span><\/td>\n<\/tr>\n<tr>\n<td style=\"width: 28.3048%;\" width=\"180\"><span style=\"color: #000000;\">\u00d5ppe kogumaht<\/span><\/td>\n<td style=\"width: 71.0731%;\" width=\"472\"><span style=\"color: #000000;\">8 ak.t auditoorset t\u00f6\u00f6d (1 ak.t=45min)<br \/>\n<\/span><\/td>\n<\/tr>\n<tr>\n<td style=\"width: 28.3048%;\" width=\"180\"><span style=\"color: #000000;\">\u00d5ppe sisu<\/span><\/td>\n<td style=\"width: 71.0731%;\" width=\"472\"><span style=\"color: #000000;\">N\u00f5uded p\u00fcsiliidete valmistamiseks Eestis. VIEGA tehase ajalugu, tootmise ja toodete \u00fclevaade.\u00a0 N\u00f5uded VIEGA s\u00fcsteemide ehitamisele ja projekteerimisele. Profipress ja Profipress G s\u00fcsteemide \u00fclevaade. Megapress ja Megapress G s\u00fcsteemide \u00fclevaade. Praktiline t\u00f6\u00f6, erinevate s\u00fcsteemide liitmikute valmistamine, t\u00f6\u00f6ristade \u00fclevaade ja kasutamine. &#8211; 8 tundi<\/span><\/td>\n<\/tr>\n<tr>\n<td style=\"width: 28.3048%;\" width=\"180\"><span style=\"color: #000000;\">\u00d5ppekeskkonna kirjeldus<\/span><\/td>\n<td style=\"width: 71.0731%;\" width=\"472\"><span style=\"color: #000000;\">GKK O\u00dc koolituskeskuse \u00f5pperuumid asuvad Ehitajate tee 114 \u2013 20 ja Kopli 96-20 Tallinn ja Jaama tn. 14 \u2013 207, J\u00f5hvi. \u00d5pperuumides on t\u00e4iskasvanute koolituseks sobilik m\u00f6\u00f6bel (\u00f5ppelauad ja toolid kuni 20-le osalejale + t\u00f6\u00f6laud ja tool lektorile). K\u00f5ik \u00f5ppeklassid on varustatud kaasaegse \u00f5ppetehnikaga: arvuti ja data-videoprojektor, teler ja markertahvel seinal. \u00d5ppeklass on varustatud gaasiseadmete n\u00e4idistega, skeemide maketidega, p\u00fcsiliidete n\u00e4idistega jne.<\/span><\/p>\n<p><span style=\"color: #000000;\">L\u00f5unapauside ajal pakutakse koolitusel osalejatele tasuta l\u00f5unas\u00f6\u00f6k, joogivett ning kohvi ja teed koos suhkruga, tagatud on WC kasutamine ja k\u00e4tepesu v\u00f5imalus.<\/span><\/p>\n<p><span style=\"color: #000000;\">K\u00f5ik meie koolitusruumid on remonditud ja vastavad t\u00f6\u00f6tervishoiu, tuleohutuse ja t\u00f6\u00f6ohutuse n\u00f5uetele. \u00d5ppeklassid on avarad ja kergesti \u00f5hutatavad.<\/span><\/td>\n<\/tr>\n<tr>\n<td style=\"width: 28.3048%;\" width=\"180\"><span style=\"color: #000000;\">\u00d5ppematerjalide loend<\/span><\/td>\n<td style=\"width: 71.0731%;\" width=\"472\"><span style=\"color: #000000;\">Koolituse konspekt paberkujul, VIEGA fiitingud, press t\u00f6\u00f6ristad.<\/span><\/td>\n<\/tr>\n<tr>\n<td style=\"width: 28.3048%;\" width=\"180\"><span style=\"color: #000000;\">Hindamismeetodid ja kriteeriumid<\/span><\/td>\n<td style=\"width: 71.0731%;\" width=\"472\"><span style=\"color: #000000;\">\u00d5piv\u00e4ljundeid ei hinnata.<\/span><\/td>\n<\/tr>\n<tr>\n<td style=\"width: 28.3048%;\" width=\"180\"><span style=\"color: #000000;\">V\u00e4ljastatavad dokumendid<\/span><\/td>\n<td style=\"width: 71.0731%;\" width=\"472\"><span style=\"color: #000000;\">T\u00f5end koolitusel osalemise kohta vastavalt t\u00e4iendkoolituse standardis s\u00e4testatud n\u00f5uetele ning VIEGA tehase sertifikaat<\/span><\/td>\n<\/tr>\n<tr>\n<td style=\"width: 28.3048%;\" width=\"180\"><span style=\"color: #000000;\">Koolitaja nimi ja kompetentsust tagava kvalifikatsiooni ja t\u00f6\u00f6kogemuse kirjeldus<\/span><\/td>\n<td style=\"width: 71.0731%;\" width=\"472\"><span style=\"color: #000000;\"><em>Antud nimekirjast v\u00f5tab osa \u00fcks lektor. Gaasikasutuskoolituse O\u00dc garanteerib, et lektori asendamise t\u00f5ttu koolituse kvaliteed ei muutu.<\/em><\/span><\/p>\n<p><span style=\"color: #000000;\">Juri Maksimov \u2013\u00a0 Jum Connect O\u00dc peaspetsialist.\u00a0 On l\u00f5petanud Tallinna Pol\u00fctehnikum, energeetika osakonna.\u00a0 Omab p\u00e4devus surveseadmete ja gaasi valdkonnades.\u00a0 Staaz lektorina 9 aastat.\u00a0<\/span><\/p>\n<p><span style=\"color: #000000;\">Sergei Povarenkov \u2013 Leningraadi Pol\u00fctehnilone instituut, soojusenergeetika eriala. Omab p\u00e4devused gaasi, surveseadmete ja masina valdkonnades. Endine Viru RMT O\u00dc, Eesti Energia AS seadmete spetsialist. Omab mittepurustava kontrolli sertifikaadid VT-2, MT-2, PT-2. Staaz lektorina 14 aastat.<\/span><\/td>\n<\/tr>\n<\/tbody>\n<\/table>\n","protected":false},"excerpt":{"rendered":"<p>\u00d5ppekava nimetus VIEGA s\u00fcsteemide ehitamine \u00d5ppekavar\u00fchm Mehaanika ja metallit\u00f6\u00f6 Koolituse sihtr\u00fchm Gaasit\u00f6id tegeva isiku p\u00e4devustunnistuse omanikud Isikud, kes alustab tegelema gaasit\u00f6\u00f6dega Surveseadmet\u00f6id tegeva isiku p\u00e4devustunnistuse omanikud Surveseadmet\u00f6\u00f6de teostajad. Kaugk\u00fctte- ja joogivees\u00fcsteemide ehitajad K\u00fcttegaasi s\u00fcsteemide&#46;&#46;&#46;<\/p>\n","protected":false},"author":2,"featured_media":0,"parent":0,"menu_order":0,"comment_status":"closed","ping_status":"closed","template":"","meta":{"footnotes":""},"class_list":["post-1885","page","type-page","status-publish","hentry"],"jetpack_shortlink":"https:\/\/wp.me\/P8QdIl-up","jetpack-related-posts":[],"jetpack_sharing_enabled":true,"_links":{"self":[{"href":"https:\/\/gkk.ee\/et\/wp-json\/wp\/v2\/pages\/1885","targetHints":{"allow":["GET"]}}],"collection":[{"href":"https:\/\/gkk.ee\/et\/wp-json\/wp\/v2\/pages"}],"about":[{"href":"https:\/\/gkk.ee\/et\/wp-json\/wp\/v2\/types\/page"}],"author":[{"embeddable":true,"href":"https:\/\/gkk.ee\/et\/wp-json\/wp\/v2\/users\/2"}],"replies":[{"embeddable":true,"href":"https:\/\/gkk.ee\/et\/wp-json\/wp\/v2\/comments?post=1885"}],"version-history":[{"count":31,"href":"https:\/\/gkk.ee\/et\/wp-json\/wp\/v2\/pages\/1885\/revisions"}],"predecessor-version":[{"id":19328,"href":"https:\/\/gkk.ee\/et\/wp-json\/wp\/v2\/pages\/1885\/revisions\/19328"}],"wp:attachment":[{"href":"https:\/\/gkk.ee\/et\/wp-json\/wp\/v2\/media?parent=1885"}],"curies":[{"name":"wp","href":"https:\/\/api.w.org\/{rel}","templated":true}]}}