{"id":19172,"date":"2025-01-28T10:37:35","date_gmt":"2025-01-28T08:37:35","guid":{"rendered":"https:\/\/gkk.ee\/et\/?page_id=19172"},"modified":"2025-04-03T15:57:18","modified_gmt":"2025-04-03T12:57:18","slug":"visuaalne-mittepurustav-kontroll-vt-tase-2-resertifitseerimine","status":"publish","type":"page","link":"https:\/\/gkk.ee\/et\/visuaalne-mittepurustav-kontroll-vt-tase-2-resertifitseerimine\/","title":{"rendered":"20t_Visuaalne mittepurustav kontroll, VT- tase 2 resertifitseerimine_\u00d5PVTR-20"},"content":{"rendered":"<table class=\" aligncenter\" style=\"background-color: #f7f7f7; width: 100%;\">\n<tbody>\n<tr>\n<td width=\"180\"><span style=\"color: #000000;\">\u00d5<\/span><span style=\"color: #000000;\">ppekava nimetus<\/span><\/td>\n<td width=\"472\"><span style=\"color: #000000;\">Visuaalne mittepurustav kontroll, VT- tase 2, resertifitseerimine<\/span><\/td>\n<\/tr>\n<tr>\n<td width=\"180\"><span style=\"color: #000000;\">\u00d5ppekavar\u00fchm<\/span><\/td>\n<td width=\"472\"><span style=\"color: #000000;\">Mehaanika ja metallit\u00f6\u00f6<\/span><\/td>\n<\/tr>\n<tr>\n<td width=\"180\"><span style=\"color: #000000;\">Koolituse sihtr\u00fchm<\/span><\/p>\n<p>&nbsp;<\/td>\n<td width=\"472\">\n<ul>\n<li><span style=\"color: #000000;\">Mittepurustava kontrolli valdkonnas t\u00f6\u00f6tavad spetsialistid<\/span><\/li>\n<li><span style=\"color: #000000;\">Gaasi, &#8211; surveseadme &#8211; ja masinat\u00f6id tegeva isiku p\u00e4devustunnistuse omanikud<\/span><\/li>\n<li><span style=\"color: #000000;\">Keevitustehnika ja kvaliteedikontrolli personal<\/span><\/li>\n<\/ul>\n<\/td>\n<\/tr>\n<tr>\n<td width=\"180\"><span style=\"color: #000000;\">\u00d5piv\u00e4ljundid<\/span><\/td>\n<td width=\"472\">\n<div align=\"justify\"><span style=\"color: #000000;\">Koolitusel osaleja tunneb k\u00f5ik keevitus\u00f5mbluste defekte, teab ja oskab kasutada vastava meetodi standarte ja normatiivseid dokumente, oskab vormistada \u00f5mbluse kontrolli protokolli.\u00a0<\/span><\/div>\n<\/td>\n<\/tr>\n<tr>\n<td width=\"180\"><span style=\"color: #000000;\">Hind (ilma KM-ta)<\/span><\/td>\n<td width=\"472\"><span style=\"color: #000000;\">850 eurot<\/span><\/td>\n<\/tr>\n<tr>\n<td width=\"180\"><span style=\"color: #000000;\">\u00d5ppe kogumaht<\/span><\/td>\n<td width=\"472\"><span style=\"color: #000000;\">\u00a020 t auditoorset t\u00f6\u00f6d (1 ak.t = 45 min)<\/span><\/td>\n<\/tr>\n<tr>\n<td width=\"180\"><span style=\"color: #000000;\">\u00d5ppe sisu<\/span><\/td>\n<td width=\"472\">\n<div align=\"justify\">\n<p><span style=\"color: #000000;\">\u00d5ppekava ja \u00f5ppetingimused vastavad CEN ISO\/TS 25107 ja CEN ISO\/TS 25108 n\u00f5uetele.<\/span><\/p>\n<p><span style=\"color: #000000;\">1. Dokumentatsioonide vormistamise n\u00f5uded (instruktsioonid, protokollid) \u2013 4 tundi<\/span><\/p>\n<p><span style=\"color: #000000;\">2. Praktiline osa:<\/span><\/p>\n<p><span style=\"color: #000000;\">&#8211; T\u00f6\u00f6 endoskoobi abil, \u0161abloonidega ja teiste m\u00f5\u00f5tmise seadmetega n\u00e4idisel &#8211; 2 tundi;<\/span><\/p>\n<p><span style=\"color: #000000;\">&#8211; Otsese visuaalse kontrolli l\u00e4biviimine n\u00e4idisel, kontrolli tulemuste vormistamine, protokolli koostamine, instruktsiooni koostamine, hindamine. &#8211; 14 tundi<\/span><\/p>\n<\/div>\n<\/td>\n<\/tr>\n<tr>\n<td width=\"180\"><span style=\"color: #000000;\">\u00d5ppekeskkonna kirjeldus<\/span><\/td>\n<td width=\"472\">\n<div align=\"justify\">\n<p><span style=\"color: #000000;\">GKK O\u00dc koolituskeskuse \u00f5pperuumid asuvad Ehitajate tee 114 \u2013 20 ja Kopli 96-20 Tallinn ja Jaama tn. 14 \u2013 207, J\u00f5hvi. \u00d5pperuumides on t\u00e4iskasvanute koolituseks sobilik m\u00f6\u00f6bel (\u00f5ppelauad ja toolid kuni 20-le osalejale + t\u00f6\u00f6laud ja tool lektorile). K\u00f5ik \u00f5ppeklassid on varustatud kaasaegse \u00f5ppetehnikaga: arvuti ja data-videoprojektor, teler ja markertahvel seinal. \u00d5ppeklass on varustatud gaasiseadmete n\u00e4idistega, skeemide maketidega, p\u00fcsiliidete n\u00e4idistega jne.<\/span><\/p>\n<p><span style=\"color: #000000;\">L\u00f5unapauside ajal pakutakse koolitusel osalejatele tasuta l\u00f5unas\u00f6\u00f6k, joogivett ning kohvi ja teed koos suhkruga, tagatud on WC kasutamine ja k\u00e4tepesu v\u00f5imalus.<\/span><\/p>\n<p><span style=\"color: #000000;\">K\u00f5ik meie koolitusruumid on remonditud ja vastavad t\u00f6\u00f6tervishoiu, tuleohutuse ja t\u00f6\u00f6ohutuse n\u00f5uetele. \u00d5ppeklassid on avarad ja kergesti \u00f5hutatavad.<\/span><\/p>\n<\/div>\n<\/td>\n<\/tr>\n<tr>\n<td width=\"180\"><span style=\"color: #000000;\">\u00d5ppematerjalide loend<\/span><\/td>\n<td width=\"472\"><span style=\"color: #000000;\">Koolitus klassis \u2013 standardid paberkujul, keevitus\u00f5mbluse n\u00e4idised, m\u00f5\u00f5teristad, \u0161abloonid, endoskoop.<br \/>\n<\/span><\/td>\n<\/tr>\n<tr>\n<td width=\"180\"><span style=\"color: #000000;\">Hindamismeetodid ja kriteeriumid<\/span><\/td>\n<td width=\"472\"><span style=\"color: #000000;\">\u00d5piv\u00e4ljundeid hinnatakse. Koolituse l\u00f5petamise eelduseks on osalemine 100% auditoorsetes tundides ning on sooritatud eksam. \u00d5piv\u00e4ljundite kontroll toimub kirjaliku eksamiga. Eksam on sooritatud positiivsele tulemusele, kui kirjaliku eksami k\u00fcsimustele on \u00f5igesti vastatud v\u00e4hemalt 75% ulatuses.<\/span><\/td>\n<\/tr>\n<tr>\n<td width=\"180\"><span style=\"color: #000000;\">V<\/span><span style=\"color: #000000;\">ljastatavad dokumendid<\/span><span style=\"color: #000000;\">\u00e4<\/span><strong><span style=\"color: #000000;\"><br \/>\n<\/span><\/strong><\/td>\n<td width=\"472\"><span style=\"color: #000000;\">\u00d5piv\u00e4ljundid omandanud ning hindamise l\u00e4binud koolitatavale v\u00e4ljastatakse tunnistus. Hindamisel mitteosalenud v\u00f5i hindamist mittel\u00e4binud koolitatavale v\u00e4ljastatakse t\u00f5end koolitusel osaletud mahu ja l\u00e4bitud teemade kohta.<\/span><\/td>\n<\/tr>\n<tr>\n<td width=\"180\"><span style=\"color: #000000;\">Koolitaja n<\/span><span style=\"color: #000000;\">imi ja kompetentsust tagava kvalifikatsiooni ja t\u00f6\u00f6kogemuse kirjeldus<\/span><\/td>\n<td width=\"472\">\n<div align=\"justify\">\n<p><span style=\"color: #000000;\">Sergei Povarenkov \u2013 Leningraadi Pol\u00fctehnilone instituut, soojusenergeetika eriala. Omab p\u00e4devused gaasi, surveseadmete ja masina valdkonnades. Endine Viru RMT O\u00dc, Eesti Energia AS seadmete spetsialist. Omab mittepurustava kontrolli sertifikaadid VT-2, MT-2, PT-2. Staaz lektorina 14 aastat.<\/span><\/p>\n<p><span style=\"color: #000000;\">German Belov \u2013 rahvusvaheline keevituse insener. T\u00dcV Eesti O\u00dc mittepurustava kontrolli labori juhataja. Omab mittepurustava kontrolli sertifikaadid VT-3, PT-2, MT-2, UT-2. Staaz lektorina 13 aastat.<\/span><\/p>\n<p><span style=\"color: #000000;\">Dmitri Androsjuk \u2013 gaasi-, surveseadme ja mittepurustava kontrolli \u00f5ppej\u00f5ud ja spetsialist. On l\u00f5petanud Tallinna Tehnika \u00dclikooli. \u00a0Soojusenergeetik.\u00a0 Omab mittepurustava kontrolli sertifikaadid VT-3, MT-3, PT-3, RT-3, UT-3. Praegu on \u00a0Gaasikasutuskoolituse O\u00dc \u00a0tegevjuht ja\u00a0sertifitseerimise eest vastutav isik. Staaz lektorina 10 aastat.<\/span><\/p>\n<\/div>\n<\/td>\n<\/tr>\n<\/tbody>\n<\/table>\n<p>&nbsp;<\/p>\n","protected":false},"excerpt":{"rendered":"<p>\u00d5ppekava nimetus Visuaalne mittepurustav kontroll, VT- tase 2, resertifitseerimine \u00d5ppekavar\u00fchm Mehaanika ja metallit\u00f6\u00f6 Koolituse sihtr\u00fchm &nbsp; Mittepurustava kontrolli valdkonnas t\u00f6\u00f6tavad spetsialistid Gaasi, &#8211; surveseadme &#8211; ja masinat\u00f6id tegeva isiku p\u00e4devustunnistuse omanikud Keevitustehnika ja kvaliteedikontrolli&#46;&#46;&#46;<\/p>\n","protected":false},"author":2,"featured_media":0,"parent":0,"menu_order":0,"comment_status":"closed","ping_status":"closed","template":"","meta":{"footnotes":""},"class_list":["post-19172","page","type-page","status-publish","hentry"],"jetpack_shortlink":"https:\/\/wp.me\/P8QdIl-4Ze","jetpack-related-posts":[],"jetpack_sharing_enabled":true,"_links":{"self":[{"href":"https:\/\/gkk.ee\/et\/wp-json\/wp\/v2\/pages\/19172","targetHints":{"allow":["GET"]}}],"collection":[{"href":"https:\/\/gkk.ee\/et\/wp-json\/wp\/v2\/pages"}],"about":[{"href":"https:\/\/gkk.ee\/et\/wp-json\/wp\/v2\/types\/page"}],"author":[{"embeddable":true,"href":"https:\/\/gkk.ee\/et\/wp-json\/wp\/v2\/users\/2"}],"replies":[{"embeddable":true,"href":"https:\/\/gkk.ee\/et\/wp-json\/wp\/v2\/comments?post=19172"}],"version-history":[{"count":11,"href":"https:\/\/gkk.ee\/et\/wp-json\/wp\/v2\/pages\/19172\/revisions"}],"predecessor-version":[{"id":19335,"href":"https:\/\/gkk.ee\/et\/wp-json\/wp\/v2\/pages\/19172\/revisions\/19335"}],"wp:attachment":[{"href":"https:\/\/gkk.ee\/et\/wp-json\/wp\/v2\/media?parent=19172"}],"curies":[{"name":"wp","href":"https:\/\/api.w.org\/{rel}","templated":true}]}}