{"id":19197,"date":"2025-02-04T13:18:56","date_gmt":"2025-02-04T11:18:56","guid":{"rendered":"https:\/\/gkk.ee\/et\/?page_id=19197"},"modified":"2025-04-03T14:36:06","modified_gmt":"2025-04-03T11:36:06","slug":"20t_kapilaarne-mittepurustav-kontroll-pt-tase-2-resertifitseerimine","status":"publish","type":"page","link":"https:\/\/gkk.ee\/et\/20t_kapilaarne-mittepurustav-kontroll-pt-tase-2-resertifitseerimine\/","title":{"rendered":"20t_Kapilaarne mittepurustav kontroll, PT- tase 2_resertifitseerimine_\u00d5PTR-20"},"content":{"rendered":"<table class=\" alignleft\" style=\"width: 100%; height: 861px;\">\n<tbody>\n<tr style=\"height: 24px;\">\n<td style=\"width: 27.7012%; height: 24px;\" width=\"180\"><span style=\"color: #000000;\">\u00d5ppekava nimetus<\/span><\/td>\n<td style=\"width: 71.7186%; height: 24px;\" width=\"472\"><span style=\"color: #000000;\">Kapilaarne mittepurustav kontroll (penetrantkatse), PT- tase 2<\/span><\/td>\n<\/tr>\n<tr style=\"height: 24px;\">\n<td style=\"width: 27.7012%; height: 24px;\" width=\"180\"><span style=\"color: #000000;\">\u00d5ppekavar\u00fchm<\/span><\/td>\n<td style=\"width: 71.7186%; height: 24px;\" width=\"472\"><span style=\"color: #000000;\">Mehaanika ja metallit\u00f6\u00f6<\/span><\/td>\n<\/tr>\n<tr style=\"height: 128px;\">\n<td style=\"width: 27.7012%; height: 128px;\" width=\"180\"><span style=\"color: #000000;\">Koolituse sihtr\u00fchm<\/span><\/p>\n<p>&nbsp;<\/td>\n<td style=\"width: 71.7186%; height: 128px;\" width=\"472\">\n<ul>\n<li><span style=\"color: #000000;\">Mittepurustava kontrolli valdkonnas t\u00f6\u00f6tavad spetsialistid<\/span><\/li>\n<li><span style=\"color: #000000;\">Gaasi, &#8211; surveseadme &#8211; ja masinat\u00f6id tegeva isiku p\u00e4devustunnistuse omanikud.<\/span><\/li>\n<li><span style=\"color: #000000;\">Keevitustehnika ja kvaliteedikontrolli personal.<\/span><\/li>\n<li><span style=\"color: #000000;\">Metallt\u00f6\u00f6stuse spetsialistid<\/span><\/li>\n<\/ul>\n<\/td>\n<\/tr>\n<tr style=\"height: 48px;\">\n<td style=\"width: 27.7012%; height: 48px;\" width=\"180\"><span style=\"color: #000000;\">\u00d5piv\u00e4ljundid<\/span><\/td>\n<td style=\"width: 71.7186%; height: 48px;\" width=\"472\"><span style=\"color: #000000;\">Koolitusel osaleja tunneb k\u00f5ik keevitus\u00f5mbluste defekte, teab ja oskab kasutada vastava meetodi standarte ja normatiivseid dokumente, oskab vormistada \u00f5mbluse kontrolli protokolli ja kontrollijuhendi. <\/span><\/td>\n<\/tr>\n<tr style=\"height: 24px;\">\n<td style=\"width: 27.7012%; height: 24px;\" width=\"180\"><span style=\"color: #000000;\">Hind (KM-ta)<\/span><\/td>\n<td style=\"width: 71.7186%; height: 24px;\" width=\"472\"><span style=\"color: #000000;\">850 euro<\/span><\/td>\n<\/tr>\n<tr style=\"height: 24px;\">\n<td style=\"width: 27.7012%; height: 24px;\" width=\"180\"><span style=\"color: #000000;\">\u00d5ppe kogumaht<\/span><\/td>\n<td style=\"width: 71.7186%; height: 24px;\" width=\"472\"><span style=\"color: #000000;\">20 ak.t auditoorset t\u00f6\u00f6d (1 ak.t = 45 min)<\/span><\/td>\n<\/tr>\n<tr style=\"height: 288px;\">\n<td style=\"width: 27.7012%; height: 10px;\" width=\"180\"><span style=\"color: #000000;\">\u00d5ppe sisu<\/span><\/td>\n<td style=\"width: 71.7186%; height: 10px;\" width=\"472\">\n<ol>\n<li><span style=\"color: #000000;\">Dokumentatsioonide vormistamise n\u00f5uded (instruktsioonid, protokollid) \u2013 4 tundi.<\/span><\/li>\n<li><span style=\"color: #000000;\">Praktiline osa:\u00a0\u00a0 \u00a0 \u00a0 \u00a0 \u00a0 \u00a0 \u00a0 \u00a0 \u00a0 \u00a0 \u00a0 \u00a0 \u00a0 \u00a0 \u00a0 \u00a0 \u00a0 \u00a0 \u00a0 \u00a0 \u00a0 \u00a0 \u00a0 \u00a0 \u00a0 \u00a0 \u00a0 \u00a0 \u00a0 \u00a0 \u00a0<\/span><\/li>\n<\/ol>\n<p><span style=\"color: #000000;\">\u00a0&#8211; kapilaarse mittepurustava kontrolli ettevalmistamine ja l\u00e4biviimine n\u00e4idisel \u2013 2 tundi.\u00a0 \u00a0 \u00a0 \u00a0 \u00a0 \u00a0 \u00a0 \u00a0 \u00a0 \u00a0 \u00a0 \u00a0 \u00a0 \u00a0 \u00a0 \u00a0 \u00a0 \u00a0 \u00a0 \u00a0 \u00a0 \u00a0 \u00a0 \u00a0 \u00a0 \u00a0 \u00a0 \u00a0 \u00a0 \u00a0 \u00a0 \u00a0 \u00a0 \u00a0 \u00a0 \u00a0 \u00a0 \u00a0<\/span><\/p>\n<p><span style=\"color: #000000;\">\u00a0&#8211; kontrolli tulemuste vormistamine, instruktsiooni koostamine, protokolli koostamine, hindamine \u2013 14 tundi.<\/span><\/td>\n<\/tr>\n<tr style=\"height: 296px;\">\n<td style=\"width: 27.7012%; height: 267px;\" width=\"180\"><span style=\"color: #000000;\">\u00d5ppekeskkonna kirjeldus<\/span><\/td>\n<td style=\"width: 71.7186%; height: 267px;\" width=\"472\"><span style=\"color: #000000;\">GKK O\u00dc koolituskeskuse \u00f5pperuumid asuvad Ehitajate tee 114 \u2013 20 ja Kopli 96-20 Tallinn ja Jaama tn. 14 \u2013 207, J\u00f5hvi. \u00d5pperuumides on t\u00e4iskasvanute koolituseks sobilik m\u00f6\u00f6bel (\u00f5ppelauad ja toolid kuni 20-le osalejale + t\u00f6\u00f6laud ja tool lektorile). K\u00f5ik \u00f5ppeklassid on varustatud kaasaegse \u00f5ppetehnikaga: arvuti ja data-videoprojektor, teler ja markertahvel seinal. \u00d5ppeklass on varustatud gaasiseadmete n\u00e4idistega, skeemide maketidega, p\u00fcsiliidete n\u00e4idistega jne.<\/span><\/p>\n<p><span style=\"color: #000000;\">L\u00f5unapauside ajal pakutakse koolitusel osalejatele tasuta l\u00f5unas\u00f6\u00f6k, joogivett ning kohvi ja teed koos suhkruga, tagatud on WC kasutamine ja k\u00e4tepesu v\u00f5imalus.<\/span><\/p>\n<p><span style=\"color: #000000;\">K\u00f5ik meie koolitusruumid on remonditud ja vastavad t\u00f6\u00f6tervishoiu, tuleohutuse ja t\u00f6\u00f6ohutuse n\u00f5uetele. \u00d5ppeklassid on avarad ja kergesti \u00f5hutatavad.<\/span><\/td>\n<\/tr>\n<tr style=\"height: 72px;\">\n<td style=\"width: 27.7012%; height: 72px;\" width=\"180\"><span style=\"color: #000000;\">\u00d5ppematerjalide loend<\/span><\/td>\n<td style=\"width: 71.7186%; height: 72px;\" width=\"472\"><span style=\"color: #000000;\">Koolitus klassis \u2013\u00a0 standardid paberkujul, keevitus\u00f5mbluse n\u00e4idised, m\u00f5\u00f5teristad, \u0161abloonid, endoskoop, penetrant, puhastusvedelik, ilmuti.<br \/>\n<\/span><\/td>\n<\/tr>\n<tr style=\"height: 24px;\">\n<td style=\"width: 27.7012%; height: 24px;\" width=\"180\"><span style=\"color: #000000;\">Hindamismeetodid ja kriteeriumid<\/span><\/td>\n<td style=\"width: 71.7186%; height: 24px;\" width=\"472\"><span style=\"color: #000000;\">\u00d5piv\u00e4ljundeid hinnatakse. Koolituse l\u00f5petamise eelduseks on osalemine 100% auditoorsetes tundides ning on sooritatud eksam. \u00d5piv\u00e4ljundite kontroll toimub kirjaliku eksamiga. Eksam on sooritatud positiivsele tulemusele, kui kirjaliku eksami k\u00fcsimustele on \u00f5igesti vastatud v\u00e4hemalt 75% ulatuses.<\/span><\/td>\n<\/tr>\n<tr style=\"height: 48px;\">\n<td style=\"width: 27.7012%; height: 48px;\" width=\"180\"><span style=\"color: #000000;\">V\u00e4ljastatavad dokumendid<\/span><\/td>\n<td style=\"width: 71.7186%; height: 48px;\" width=\"472\"><span style=\"color: #000000;\">\u00d5piv\u00e4ljundid omandanud ning hindamise l\u00e4binud koolitatavale v\u00e4ljastatakse tunnistus. Hindamisel mitteosalenud v\u00f5i hindamist mittel\u00e4binud koolitatavale v\u00e4ljastatakse t\u00f5end koolitusel osaletud mahu ja l\u00e4bitud teemade kohta.<\/span><\/td>\n<\/tr>\n<tr style=\"height: 168px;\">\n<td style=\"width: 27.7012%; height: 168px;\" width=\"180\"><span style=\"color: #000000;\">Koolitaja nimi ja kompetentsust tagava kvalifikatsiooni ja t\u00f6\u00f6kogemuse kirjeldus<\/span><\/td>\n<td style=\"width: 71.7186%; height: 168px;\" width=\"472\"><span style=\"color: #000000;\">Sergei Povarenkov \u2013 Leningraadi Pol\u00fctehnilone instituut, soojusenergeetika eriala. Omab p\u00e4devused gaasi, surveseadmete ja masina valdkonnades. Endine Viru RMT O\u00dc, Eesti Energia AS seadmete spetsialist. Omab mittepurustava kontrolli sertifikaadid VT-2, MT-2, PT-2. Staaz lektorina 15 aastat.<\/span><\/p>\n<p><span style=\"color: #000000;\">German Belov \u2013 rahvusvaheline keevituse insener. T\u00dcV Eesti O\u00dc mittepurustava kontrolli labori juhataja. Omab mittepurustava kontrolli sertifikaadid VT-3, PT-2, MT-2, UT-2. Staaz lektorina 14 aastat.<\/span><\/p>\n<p><span style=\"color: #000000;\">Dmitri Androsjuk \u2013 gaasi-, surveseadme ja mittepurustava kontrolli \u00f5ppej\u00f5ud ja spetsialist. On l\u00f5petanud Tallinna Tehnika \u00dclikooli. \u00a0Soojusenergeetik.\u00a0 Omab mittepurustava kontrolli sertifikaadid VT-3, MT-3, PT-3, RT-3, UT-3. Praegu on \u00a0Gaasikasutuskoolituse O\u00dc \u00a0tegevjuht ja\u00a0sertifitseerimise eest vastutav isik. Staaz lektorina 10 aastat.<\/span><\/td>\n<\/tr>\n<\/tbody>\n<\/table>\n","protected":false},"excerpt":{"rendered":"<p>\u00d5ppekava nimetus Kapilaarne mittepurustav kontroll (penetrantkatse), PT- tase 2 \u00d5ppekavar\u00fchm Mehaanika ja metallit\u00f6\u00f6 Koolituse sihtr\u00fchm &nbsp; Mittepurustava kontrolli valdkonnas t\u00f6\u00f6tavad spetsialistid Gaasi, &#8211; surveseadme &#8211; ja masinat\u00f6id tegeva isiku p\u00e4devustunnistuse omanikud. Keevitustehnika ja kvaliteedikontrolli&#46;&#46;&#46;<\/p>\n","protected":false},"author":4,"featured_media":0,"parent":0,"menu_order":0,"comment_status":"closed","ping_status":"closed","template":"","meta":{"footnotes":""},"class_list":["post-19197","page","type-page","status-publish","hentry"],"jetpack_shortlink":"https:\/\/wp.me\/P8QdIl-4ZD","jetpack-related-posts":[],"jetpack_sharing_enabled":true,"_links":{"self":[{"href":"https:\/\/gkk.ee\/et\/wp-json\/wp\/v2\/pages\/19197","targetHints":{"allow":["GET"]}}],"collection":[{"href":"https:\/\/gkk.ee\/et\/wp-json\/wp\/v2\/pages"}],"about":[{"href":"https:\/\/gkk.ee\/et\/wp-json\/wp\/v2\/types\/page"}],"author":[{"embeddable":true,"href":"https:\/\/gkk.ee\/et\/wp-json\/wp\/v2\/users\/4"}],"replies":[{"embeddable":true,"href":"https:\/\/gkk.ee\/et\/wp-json\/wp\/v2\/comments?post=19197"}],"version-history":[{"count":12,"href":"https:\/\/gkk.ee\/et\/wp-json\/wp\/v2\/pages\/19197\/revisions"}],"predecessor-version":[{"id":19298,"href":"https:\/\/gkk.ee\/et\/wp-json\/wp\/v2\/pages\/19197\/revisions\/19298"}],"wp:attachment":[{"href":"https:\/\/gkk.ee\/et\/wp-json\/wp\/v2\/media?parent=19197"}],"curies":[{"name":"wp","href":"https:\/\/api.w.org\/{rel}","templated":true}]}}