{"id":19269,"date":"2025-04-03T14:03:56","date_gmt":"2025-04-03T11:03:56","guid":{"rendered":"https:\/\/gkk.ee\/et\/?page_id=19269"},"modified":"2025-08-06T14:47:44","modified_gmt":"2025-08-06T11:47:44","slug":"taiskasvanute-koolitaja-kutseeksami-ettevalmistusega-120t","status":"publish","type":"page","link":"https:\/\/gkk.ee\/et\/taiskasvanute-koolitaja-kutseeksami-ettevalmistusega-120t\/","title":{"rendered":"120t_T\u00e4iskasvanute koolitaja kutseeksami ettevalmistusega_\u00d5A-120"},"content":{"rendered":"<table class=\" alignleft\" style=\"width: 100%; height: 1168px;\">\n<tbody>\n<tr style=\"height: 24px;\">\n<td style=\"width: 27.4838%; height: 24px;\" width=\"180\"><span style=\"color: #000000;\">\u00d5ppekava nimetus<\/span><\/td>\n<td style=\"width: 71.936%; height: 24px;\" width=\"472\"><span style=\"color: #000000;\"> T\u00e4iskasvanute koolitaja kutseeksami ettevalmistusega<\/span><\/td>\n<\/tr>\n<tr style=\"height: 24px;\">\n<td style=\"width: 27.4838%; height: 24px;\" width=\"180\"><span style=\"color: #000000;\">\u00d5ppekavar\u00fchm<\/span><\/td>\n<td style=\"width: 71.936%; height: 24px;\" width=\"472\"><span style=\"color: #000000;\">Aine\u00f5ppetaja <\/span><\/td>\n<\/tr>\n<tr style=\"height: 128px;\">\n<td style=\"width: 27.4838%; height: 128px;\" width=\"180\"><span style=\"color: #000000;\">Koolituse sihtr\u00fchm<\/span><\/p>\n<p>&nbsp;<\/td>\n<td style=\"width: 71.936%; height: 128px;\" width=\"472\">\n<ul>\n<li><span style=\"color: #000000;\">Isikud, kes soovivad valmistuda t\u00e4iskasvanud koolitaja 5. ja 6. taseme eksamiks<\/span><\/li>\n<li><span style=\"color: #000000;\">Teised huvitatud isikud\u00a0<\/span><\/li>\n<\/ul>\n<\/td>\n<\/tr>\n<tr>\n<td style=\"width: 27.4838%;\"><span style=\"color: #000000;\">\u00d5ppe alustamise tingimused<\/span><\/td>\n<td style=\"width: 71.936%;\"><span style=\"color: #000000;\">Erin\u00f5uded puuduvad<\/span><\/td>\n<\/tr>\n<tr>\n<td style=\"width: 27.4838%;\"><span style=\"color: #000000;\">Eesm\u00e4rk<\/span><\/td>\n<td style=\"width: 71.936%;\"><span style=\"color: #000000;\">Koolituse l\u00e4binutel on teadmised ja oskused, mis vastavad 5. ja 6. taseme &#8221; t\u00e4iskasvanute koolitaja&#8221; kutsestandardile ning on valmis t\u00f6\u00f6tama \u00f5petajana.<\/span><\/td>\n<\/tr>\n<tr style=\"height: 48px;\">\n<td style=\"width: 27.4838%; height: 48px;\" width=\"180\"><span style=\"color: #000000;\">\u00d5piv\u00e4ljundid<\/span><\/td>\n<td style=\"width: 71.936%; height: 48px;\" width=\"472\"><span style=\"color: #000000;\">On motiveeritud t\u00f6\u00f6tama t\u00e4iskasvanud \u00fcli\u00f5pilastega vastavalt standarditele, kasutab erinevaid loengute ettevalmistamise, \u00f5petamise ja anal\u00fc\u00fcsimise meetodeid. Valmis kvalifikatsiooni saamiseks &#8221; T\u00e4iskasvanute koolitaja&#8221;.<\/span><\/p>\n<p><span style=\"color: #000000;\">T\u00e4iskasvanute koolitajate kutsestandardites, 5. ja 6. tasemes nimetatud p\u00e4devuste omandamine. L\u00f5petaja m\u00e4\u00e4ratleb ja arendab end t\u00e4iskasvanute koolitajana ning toetab t\u00e4iskasvanu\u00f5ppe p\u00f5him\u00f5tetest l\u00e4htuvat \u00f5ppimist.<\/span><\/p>\n<p><span style=\"color: #000000;\">Koolitusel osaleja:<\/span><\/p>\n<p><span style=\"color: #000000;\">&#8211; omab arusaamist t\u00e4iskasvanuharidusest nii Eestis kui ka maailmas. Tunneb t\u00e4iskasvanute koolituse seaduse (edaspidi T\u00e4KS) alusp\u00f5him\u00f5tteid, t\u00e4ienduskoolitusasutuste tegevusele ja t\u00e4iendkoolituse l\u00e4biviimisele kehtestatud n\u00f5udeid;<\/span><\/p>\n<p><span style=\"color: #000000;\">-teab t\u00e4iend\u00f5ppe ja \u00f5ppet\u00f6\u00f6 p\u00f5hiprintsiipe t\u00e4iskasvanud \u00fcli\u00f5pilase omadustest;<\/span><\/p>\n<p><span style=\"color: #000000;\">&#8211; valdab koolitusega k\u00e4sitletavat valdkonda\/teemat\/ainet, on kursis oma valdkonna uuendustega, arvestades oma valdkonna ja aine teadlikkuse n\u00f5udeid, teadusliku p\u00f5hjenduse ja hea praktika n\u00f5udeid ning \u00f5ppekavast\/\u00f5ppekavast tulenevaid n\u00f5udeid;<\/span><\/p>\n<p><span style=\"color: #000000;\">hindab t\u00e4iskasvanud \u00f5ppijat, j\u00e4rgib oma t\u00f6\u00f6s eetikastandardeid (t\u00e4iskasvanute koolitaja eetikakoodeks) ja konfidentsiaalsusn\u00f5udeid, s\u00e4ilitab ametialase maine, j\u00e4rgib t\u00e4iskasvanuharidust ja muud tegevust reguleerivaid seadusi;<\/span><\/p>\n<p><span style=\"color: #000000;\">&#8211; kasutab IKT (info- ja kommunikatsioonitehnoloogia) vahendeid asjakohaselt \u00f5ppimise ettevalmistamisel, l\u00e4biviimisel, hindamisel ja enesearengu toetamisel. Teab digi\u00f5ppe v\u00f5imalusi ja oskab kasutada sobivaid meetodeid digi\u00f5ppe l\u00e4biviimiseks t\u00e4iskasvanuhariduses;<\/span><\/p>\n<p><span style=\"color: #000000;\">&#8211; oskab l\u00e4bi viia eneseanal\u00fc\u00fcsi t\u00e4iskasvanute \u00f5petajana, koostab e-portfooliot;<\/span><\/p>\n<p><span style=\"color: #000000;\">&#8211; teab, kuidas koolitajana enesep\u00f5lemist \u00e4ra hoida.<\/span><\/td>\n<\/tr>\n<tr style=\"height: 24px;\">\n<td style=\"width: 27.4838%; height: 24px;\" width=\"180\"><span style=\"color: #000000;\">Hind<\/span><\/td>\n<td style=\"width: 71.936%; height: 24px;\" width=\"472\"><span style=\"color: #000000;\">2440 eurot<\/span><\/td>\n<\/tr>\n<tr style=\"height: 24px;\">\n<td style=\"width: 27.4838%; height: 24px;\" width=\"180\"><span style=\"color: #000000;\">\u00d5ppe kogumaht<\/span><\/td>\n<td style=\"width: 71.936%; height: 24px;\" width=\"472\"><span style=\"color: #000000;\">120 akadeemilist tundi,\u00a0 millest 48 tundi teoreetilist ja praktilist kontakt\u00f5pet, 72 tundi iseseisvat t\u00f6\u00f6d (1 ak.t = 45min).<\/span><\/td>\n<\/tr>\n<tr>\n<td style=\"width: 27.4838%;\"><span style=\"color: #000000;\">\u00d5ppemeetodid<\/span><\/td>\n<td style=\"width: 71.936%;\"><span style=\"color: #000000;\">Kursuse teoreetilises osas tutvustatakse \u00f5petamise teooriaid, meetodeid ja tulemuslikkuse hindamist.<\/span><\/p>\n<p><span style=\"color: #000000;\">Kursuse praktiline osa sisaldab auditoorset ja iseseisvat t\u00f6\u00f6d, kus \u00f5pilased osalevad aktiivselt \u00f5ppeprotsessis, luues, katsetades ja arendades uusi teadmisi ja oskusi. S\u00f5ltuvalt teemast eristatakse erinevaid t\u00e4iskasvanute \u00f5petamise meetodeid, kasutatakse miniloenguid, arutelusid, individuaalharjutusi, paaris- ja r\u00fchmat\u00f6\u00f6d, simulatsioone, juhtumiuuringuid, refleksiooni- ja kogemuste vahetamise \u00fclesandeid. 48 kontakttunnid sisaldavad: teoreetilist ja praktilist koolitust, kus materjal konsolideeritakse iseseisva t\u00f6\u00f6na.<\/span><\/p>\n<p><span style=\"color: #000000;\">Iseseisvat t\u00f6\u00f6: eneseanal\u00fc\u00fcsi ja elektroonilise portfoolio loomine.<\/span><\/td>\n<\/tr>\n<tr style=\"height: 288px;\">\n<td style=\"width: 27.4838%; height: 288px;\" width=\"180\"><span style=\"color: #000000;\">\u00d5ppe sisu<\/span><\/td>\n<td style=\"width: 71.936%; height: 288px;\" width=\"472\">\n<ol>\n<li><span style=\"color: #000000;\">Andragoogika p\u00f5him\u00f5tted. T\u00e4iskasvanuharidus Eestis ja maailmas. T\u00e4iskasvanute koolitaja kompetents, kvalifikatsioonistandardid. Eetika. T\u00e4iskasvanute koolituse seadus. 4 ak.t<\/span><\/li>\n<li><span style=\"color: #000000;\">\u00d5pivajaduste ja \u00f5pimotivatsiooni selgitamine. \u00d5pieesm\u00e4rkide m\u00e4\u00e4ratlemine ja seadmine. \u00d5ppekava ja \u00f5ppeprotsessi planeerimine. 5 ak.t<\/span><\/li>\n<li><span style=\"color: #000000;\">\u00d5ppeprotsessi l\u00e4biviimine. Grupi arendamise protsessid ja nende juhtimine. T\u00f6\u00f6 raskesti \u00f5ppivate osalejatega. \u00d5pilaste arengu toetamine. 5 ak.t<\/span><\/li>\n<li><span style=\"color: #000000;\">Oodatavad \u00f5pitulemused ja hindamine. H\u00fcbriid \u00f5ppimine. Tagasiside saamine. \u00d5ppeprotsessi anal\u00fc\u00fcs. 5 ak.t<\/span><\/li>\n<li><span style=\"color: #000000;\">Digitaalsed meetodid ja t\u00f6\u00f6riistad \u00f5petamisel. Tehisintellekti rollIsiklik. 3 ak.t<\/span><\/li>\n<li><span style=\"color: #000000;\">\u00c4rimudel. Avalik esinemine. Refleksioon. Professionaalne l\u00e4bip\u00f5lemine. Koost\u00f6\u00f6 ja eneseareng. T\u00e4iskasvanud \u00f5petajate eneseareng ja koost\u00f6\u00f6. 6 ak.t<\/span><\/li>\n<li><span style=\"color: #000000;\">Oma koolitusprogrammide loomine. Minikoolituse tunniplaani koostamine ja koolituse l\u00e4biviimine. 3 ak.t<\/span><\/li>\n<li><span style=\"color: #000000;\">\u00d5petaja eneseanal\u00fc\u00fcsi loomine. Elektroonilise portfoolio loomine Eksamiks valmistumise moodul. 17 ak.t<\/span><\/li>\n<\/ol>\n<p>&nbsp;<\/td>\n<\/tr>\n<tr style=\"height: 296px;\">\n<td style=\"width: 27.4838%; height: 296px;\" width=\"180\"><span style=\"color: #000000;\">\u00d5ppekeskkonna kirjeldus<\/span><\/td>\n<td style=\"width: 71.936%; height: 296px;\" width=\"472\"><span style=\"color: #000000;\">Koolitus toimub:<\/span><\/p>\n<p><span style=\"color: #000000;\">Variant a) veebikeskkonnas Zoom.<\/span><\/p>\n<p><span style=\"color: #000000;\">Variant b) koolituskeskuse poolt pakutavates koolitusruumides v\u00f5i kliendi soovil kliendi poolt pakutavates sobivates koolitusruumides, mis v\u00f5imaldavad vastavat koolitust korraldada.<\/span><\/p>\n<p><span style=\"color: #000000;\">GKK O\u00dc koolituskeskuse \u00f5pperuumid asuvad Ehitajate tee 114 \u2013 20 ja Kopli 96-20 Tallinn ja Jaama tn. 14 \u2013 207, J\u00f5hvi. \u00d5pperuumides on t\u00e4iskasvanute koolituseks sobilik m\u00f6\u00f6bel (\u00f5ppelauad ja toolid kuni 20-le osalejale + t\u00f6\u00f6laud ja tool lektorile). K\u00f5ik \u00f5ppeklassid on varustatud kaasaegse \u00f5ppetehnikaga: arvuti ja data-videoprojektor, teler ja markertahvel seinal. \u00d5ppeklass on varustatud gaasiseadmete n\u00e4idistega, skeemide maketidega, p\u00fcsiliidete n\u00e4idistega jne.<\/span><\/p>\n<p><span style=\"color: #000000;\">L\u00f5unapauside ajal pakutakse koolitusel osalejatele tasuta l\u00f5unas\u00f6\u00f6k, joogivett ning kohvi ja teed koos suhkruga, tagatud on WC kasutamine ja k\u00e4tepesu v\u00f5imalus.<\/span><\/p>\n<p><span style=\"color: #000000;\">K\u00f5ik meie koolitusruumid on remonditud ja vastavad t\u00f6\u00f6tervishoiu, tuleohutuse ja t\u00f6\u00f6ohutuse n\u00f5uetele. \u00d5ppeklassid on avarad ja kergesti \u00f5hutatavad.<\/span><\/td>\n<\/tr>\n<tr style=\"height: 72px;\">\n<td style=\"width: 27.4838%; height: 72px;\" width=\"180\"><span style=\"color: #000000;\">\u00d5ppematerjalide loend<\/span><\/td>\n<td style=\"width: 71.936%; height: 72px;\" width=\"472\"><span style=\"color: #000000;\">Elektroonilisel kujul \u00f5ppematerjalid on kaasaegsed, sobiva keerukusega ja toetavad \u00f5pieesm\u00e4rgi saavutamist. K\u00f5igile osalejatele valmivad individuaalsed koolituskaustad. Kasutatakse \u00f5ppej\u00f5udude originaalmaterjale, erinevaid kaasaegseid avaldatud v\u00e4ljaandeid. \u00d5ppematerjalid toetavad \u00f5pilaste edasist iseseisvat \u00f5ppimist. \u00d5ppematerjalid on koosk\u00f5las \u00f5pper\u00fchma \u00f5ppekeelega ja j\u00e4\u00e4vad koolituse l\u00e4bimisel \u00f5pilasele.<\/span><\/td>\n<\/tr>\n<tr style=\"height: 24px;\">\n<td style=\"width: 27.4838%; height: 24px;\" width=\"180\"><span style=\"color: #000000;\">Hindamismeetodid ja kriteeriumid<\/span><\/td>\n<td style=\"width: 71.936%; height: 24px;\" width=\"472\"><span style=\"color: #000000;\">Minikoolituse tunniplaani koostamine ja koolituse l\u00e4biviimine.<\/span><\/p>\n<p><span style=\"color: #000000;\">Koolituse l\u00f5petamise eelduseks on: osalemine 100 % auditoorsetes <\/span><span style=\"color: #000000;\">tundides ja praktiliste t\u00f6\u00f6de tutvustus.<\/span><\/p>\n<p><span style=\"color: #000000;\">Koolitusel osaleja esitab v\u00e4hemalt 4 praktilist t\u00f6\u00f6d.<\/span><\/p>\n<p><span style=\"color: #000000;\">\u00d5piv\u00e4ljundeid hinnatakse vestluse teel.<\/span><\/td>\n<\/tr>\n<tr style=\"height: 48px;\">\n<td style=\"width: 27.4838%; height: 48px;\" width=\"180\"><span style=\"color: #000000;\">V\u00e4ljastatavad dokumendid<\/span><\/td>\n<td style=\"width: 71.936%; height: 48px;\" width=\"472\"><span style=\"color: #000000;\">\u00d5piv\u00e4ljundid omandanud ning hindamise l\u00e4binud koolitatavale v\u00e4ljastatakse tunnistus, vastavalt t\u00e4iendkoolituse standardis s\u00e4testatud n\u00f5uetele. \u00a0Koolituse edukal l\u00e4bimisel osalejad saavad taotleda Eesti\/Euroopa kvalifikatsiooni &#8220;T\u00e4iskasvanute koolitaja&#8221;.<\/span><\/p>\n<p><span style=\"color: #000000;\">Hindamisel mitteosalenud v\u00f5i hindamist mittel\u00e4binud koolitatavale v\u00e4ljastatakse t\u00f5end koolitusel osaletud mahu ja l\u00e4bitud teemade kohta.<\/span><\/td>\n<\/tr>\n<tr style=\"height: 168px;\">\n<td style=\"width: 27.4838%; height: 168px;\" width=\"180\"><span style=\"color: #000000;\">Koolitaja nimi ja kompetentsust tagava kvalifikatsiooni ja t\u00f6\u00f6kogemuse kirjeldus<\/span><\/td>\n<td style=\"width: 71.936%; height: 168px;\" width=\"472\"><span style=\"color: #000000;\">Koolitaja nimi ja kompetentsust tagava kvalifikatsiooni ja t\u00f6\u00f6kogemuse kirjeldus<\/span><\/p>\n<p><span style=\"color: #000000;\">Svetlana Skrebneva \u2014 magistrikraad Peterburi Riiklikust Kultuuriakadeemiast 1996. aastal. T\u00e4iskasvanute \u00f5petamise kogemus alates 1998. aastast, sh \u00fclikooli \u00f5ppej\u00f5ud 2001-2019 t\u00e4iskasvanud \u00f5petaja, 6. tase.\u00a0 Alates 2024 aastast t\u00e4iskasvanud \u00f5petaja, 7. tase<\/span><\/p>\n<p><span style=\"color: #000000;\">Staa\u017e lektorina 27 aastat.<\/span><\/td>\n<\/tr>\n<\/tbody>\n<\/table>\n","protected":false},"excerpt":{"rendered":"<p>\u00d5ppekava nimetus T\u00e4iskasvanute koolitaja kutseeksami ettevalmistusega \u00d5ppekavar\u00fchm Aine\u00f5ppetaja Koolituse sihtr\u00fchm &nbsp; Isikud, kes soovivad valmistuda t\u00e4iskasvanud koolitaja 5. ja 6. taseme eksamiks Teised huvitatud isikud\u00a0 \u00d5ppe alustamise tingimused Erin\u00f5uded puuduvad Eesm\u00e4rk Koolituse l\u00e4binutel on&#46;&#46;&#46;<\/p>\n","protected":false},"author":2,"featured_media":0,"parent":0,"menu_order":0,"comment_status":"closed","ping_status":"closed","template":"","meta":{"footnotes":""},"class_list":["post-19269","page","type-page","status-publish","hentry"],"jetpack_shortlink":"https:\/\/wp.me\/P8QdIl-50N","jetpack-related-posts":[],"jetpack_sharing_enabled":true,"_links":{"self":[{"href":"https:\/\/gkk.ee\/et\/wp-json\/wp\/v2\/pages\/19269","targetHints":{"allow":["GET"]}}],"collection":[{"href":"https:\/\/gkk.ee\/et\/wp-json\/wp\/v2\/pages"}],"about":[{"href":"https:\/\/gkk.ee\/et\/wp-json\/wp\/v2\/types\/page"}],"author":[{"embeddable":true,"href":"https:\/\/gkk.ee\/et\/wp-json\/wp\/v2\/users\/2"}],"replies":[{"embeddable":true,"href":"https:\/\/gkk.ee\/et\/wp-json\/wp\/v2\/comments?post=19269"}],"version-history":[{"count":7,"href":"https:\/\/gkk.ee\/et\/wp-json\/wp\/v2\/pages\/19269\/revisions"}],"predecessor-version":[{"id":19550,"href":"https:\/\/gkk.ee\/et\/wp-json\/wp\/v2\/pages\/19269\/revisions\/19550"}],"wp:attachment":[{"href":"https:\/\/gkk.ee\/et\/wp-json\/wp\/v2\/media?parent=19269"}],"curies":[{"name":"wp","href":"https:\/\/api.w.org\/{rel}","templated":true}]}}