{"id":19533,"date":"2025-08-06T13:54:46","date_gmt":"2025-08-06T10:54:46","guid":{"rendered":"https:\/\/gkk.ee\/et\/?page_id=19533"},"modified":"2025-11-25T11:31:04","modified_gmt":"2025-11-25T09:31:04","slug":"ultraheli-mittepurustav-kontroll","status":"publish","type":"page","link":"https:\/\/gkk.ee\/et\/ultraheli-mittepurustav-kontroll\/","title":{"rendered":"136t_Ultraheli mittepurustav kontroll, UT-TASE 2_\u00d5PUT-136"},"content":{"rendered":"<table style=\"width: 99.1653%; height: 1168px;\">\n<tbody>\n<tr style=\"height: 24px;\">\n<td style=\"width: 27.5562%; height: 24px; text-align: left;\" width=\"180\"><span style=\"color: #000000;\">\u00d5ppekava nimetus<\/span><\/td>\n<td style=\"width: 71.8636%; height: 24px; text-align: left;\" width=\"472\"><span style=\"color: #000000;\">Ultraheli<\/span> <span style=\"color: #000000;\">mittepurustav kontroll (ultraheli defektoskoopia), UT- tase 2 (136 tundi)<\/span><\/td>\n<\/tr>\n<tr style=\"height: 24px;\">\n<td style=\"width: 27.5562%; height: 24px; text-align: left;\" width=\"180\"><span style=\"color: #000000;\">\u00d5ppekavar\u00fchm<\/span><\/td>\n<td style=\"width: 71.8636%; height: 24px; text-align: left;\" width=\"472\"><span style=\"color: #000000;\">Mehaanika ja metallit\u00f6\u00f6<\/span><\/td>\n<\/tr>\n<tr style=\"height: 128px;\">\n<td style=\"width: 27.5562%; height: 128px;\" width=\"180\">\n<p style=\"text-align: left;\"><span style=\"color: #000000;\">Koolituse sihtr\u00fchm<\/span><\/p>\n<p>&nbsp;<\/td>\n<td style=\"width: 71.8636%; height: 128px;\" width=\"472\">\n<ul>\n<li style=\"text-align: left;\"><span style=\"color: #000000;\">Mittepurustava kontrolli valdkonnas t\u00f6\u00f6tavad spetsialistid<\/span><\/li>\n<li style=\"text-align: left;\"><span style=\"color: #000000;\">Gaasi, &#8211; surveseadme &#8211; ja masinat\u00f6id tegeva isiku p\u00e4devustunnistuse omanikud.<\/span><\/li>\n<li style=\"text-align: left;\"><span style=\"color: #000000;\">Keevitustehnika ja kvaliteedikontrolli personal.<\/span><\/li>\n<li style=\"text-align: left;\"><span style=\"color: #000000;\">Metallt\u00f6\u00f6stuse spetsialistid<\/span><\/li>\n<\/ul>\n<\/td>\n<\/tr>\n<tr style=\"height: 48px;\">\n<td style=\"width: 27.5562%; height: 48px; text-align: left;\" width=\"180\"><span style=\"color: #000000;\">\u00d5piv\u00e4ljundid<\/span><\/td>\n<td style=\"width: 71.8636%; height: 48px; text-align: left;\" width=\"472\"><span style=\"color: #000000;\">Koolitusel osaleja tunneb k\u00f5ik keevitus\u00f5mbluste defekte, teab ja oskab kasutada vastava meetodi standarte ja normatiivseid dokumente, oskab vormistada \u00f5mbluse kontrolli protokolli ja kontrollijuhendi. <\/span><\/td>\n<\/tr>\n<tr style=\"height: 24px;\">\n<td style=\"width: 27.5562%; height: 24px; text-align: left;\" width=\"180\"><span style=\"color: #000000;\">Hind (KM-ta)<\/span><\/td>\n<td style=\"width: 71.8636%; height: 24px; text-align: left;\" width=\"472\"><span style=\"color: #000000;\">2650 euro<\/span><\/td>\n<\/tr>\n<tr style=\"height: 24px;\">\n<td style=\"width: 27.5562%; height: 24px; text-align: left;\" width=\"180\"><span style=\"color: #000000;\">\u00d5ppe kogumaht<\/span><\/td>\n<td style=\"width: 71.8636%; height: 24px; text-align: left;\" width=\"472\"><span style=\"color: #000000;\">126 ak.t auditoorset t\u00f6\u00f6d (1 ak.t = 45 min), 10 ak. t iseseisev t\u00f6\u00f6 (1 ak.t = 45 min)<\/span><\/td>\n<\/tr>\n<tr style=\"height: 288px;\">\n<td style=\"width: 27.5562%; height: 288px; text-align: left;\" width=\"180\"><span style=\"color: #000000;\">\u00d5ppe sisu<\/span><\/td>\n<td style=\"width: 71.8636%; height: 288px;\" width=\"472\">\n<p style=\"text-align: left;\"><span style=\"color: #000000;\">\u00d5ppekava ja \u00f5ppetingimused vastavad CEN ISO\/TS 25107 ja CEN ISO\/TS 25108 n\u00f5uetele.<\/span><\/p>\n<ol>\n<li style=\"text-align: left;\"><span style=\"color: #000000;\">Sissejuhatus. Ultrahelikontrolli ajalugu, terminoloogia ja m\u00e4\u00e4ratlused \u2013 2 tundi<\/span><\/li>\n<li style=\"text-align: left;\"><span style=\"color: #000000;\">Tutvumine standardite n\u00f5uetega: EN 583-1 &#8211; 6, EN 14127. F\u00fc\u00fcsikalised m\u00e4\u00e4ratlused ja t\u00fc\u00fcpilised parameetrid. Erinevad laine re\u017eiimid. Peegeldus ja refraktsioon. Magnetostriktsioon. Ultraheli laine edastamine ja vastuv\u00f5tmine. Anduri omadused. Ringanduri kiire omadused. &#8211; 16 tundi<\/span><\/li>\n<li style=\"text-align: left;\"><span style=\"color: #000000;\">Erinevad tootmisdefektid ja kasutamisel tekkinud defektid, mis on seotud konkreetseete sektoritega. &#8211; 12 tundi<\/span><\/li>\n<li style=\"text-align: left;\"><span style=\"color: #000000;\">Erinevad t\u00fc\u00fcpi kontaktandurid (tavalised, nurkandurid, kahekordsed). Detailne teadmistepagas erinevate UT seadmete funktsioonidest. S\u00fcsteemid, defektoskoobid, muundurite t\u00fc\u00fcbid. &#8211; 20 tundi<\/span><\/li>\n<li style=\"text-align: left;\"><span style=\"color: #000000;\">Juhendite, eeskirjade ja standardite sisu ja n\u00f5uded. Kirjalike tehniliste juhendite koostamine. &#8211; 12 tundi<\/span><\/li>\n<li style=\"text-align: left;\"><span style=\"color: #000000;\">Kompleksseadmete kontroll vastavalt standarditele EN 12668-3, EN 12223 ja EN 27963. Kontaktmeetod, immersioonitehnika (otsese ja murdunud\u00a0 kiirega). Vahemiku ja tundlikkuse seadistamine. Paksuse m\u00f5\u00f5tmine ultraheli meetodil. &#8211; 36 tundi<\/span><\/li>\n<li style=\"text-align: left;\"><span style=\"color: #000000;\">Avastamise, lokaliseerimise ja suuruse m\u00e4\u00e4ramise meetodid. Kohaldatavate standardite ja normide t\u00f5lgendamine, hindamine, ilmne defekt\/vale defekt, vastuv\u00f5tukriteeriumid, oluliste k\u00f5rvalekallete tase, arhiveerimise ja registreerimise protsess. &#8211; 20 tundi<\/span><\/li>\n<li style=\"text-align: left;\"><span style=\"color: #000000;\">Katsetuste protokollide hindamine ja kinnitamine. &#8211; 4 tundi<\/span><\/li>\n<li style=\"text-align: left;\"><span style=\"color: #000000;\">Personali sertifitseerimine (vastavalt standarditele EN 473 ja ISO 9712). &#8211; 4 tundi<\/span><\/li>\n<\/ol>\n<\/td>\n<\/tr>\n<tr style=\"height: 296px;\">\n<td style=\"width: 27.5562%; height: 296px; text-align: left;\" width=\"180\"><span style=\"color: #000000;\">\u00d5ppekeskkonna kirjeldus<\/span><\/td>\n<td style=\"width: 71.8636%; height: 296px;\" width=\"472\">\n<p style=\"text-align: left;\"><span style=\"color: #000000;\">GKK O\u00dc koolituskeskuse \u00f5pperuumid asuvad Ehitajate tee 114 \u2013 20 ja Kopli 96-20 Tallinn ja Jaama tn. 14 \u2013 207, J\u00f5hvi. \u00d5pperuumides on t\u00e4iskasvanute koolituseks sobilik m\u00f6\u00f6bel (\u00f5ppelauad ja toolid kuni 20-le osalejale + t\u00f6\u00f6laud ja tool lektorile). K\u00f5ik \u00f5ppeklassid on varustatud kaasaegse \u00f5ppetehnikaga: arvuti ja data-videoprojektor, teler ja markertahvel seinal. \u00d5ppeklass on varustatud gaasiseadmete n\u00e4idistega, skeemide maketidega, p\u00fcsiliidete n\u00e4idistega jne.<\/span><\/p>\n<p style=\"text-align: left;\"><span style=\"color: #000000;\">L\u00f5unapauside ajal pakutakse koolitusel osalejatele tasuta l\u00f5unas\u00f6\u00f6k, joogivett ning kohvi ja teed koos suhkruga, tagatud on WC kasutamine ja k\u00e4tepesu v\u00f5imalus.<\/span><\/p>\n<p style=\"text-align: left;\"><span style=\"color: #000000;\">K\u00f5ik meie koolitusruumid on remonditud ja vastavad t\u00f6\u00f6tervishoiu, tuleohutuse ja t\u00f6\u00f6ohutuse n\u00f5uetele. \u00d5ppeklassid on avarad ja kergesti \u00f5hutatavad.<\/span><\/p>\n<\/td>\n<\/tr>\n<tr style=\"height: 72px;\">\n<td style=\"width: 27.5562%; height: 72px; text-align: left;\" width=\"180\"><span style=\"color: #000000;\">\u00d5ppematerjalide loend<\/span><\/td>\n<td style=\"width: 71.8636%; height: 72px; text-align: left;\" width=\"472\"><span style=\"color: #000000;\">Konspekt ja standardid paberkujul, keevitus\u00f5mbluse n\u00e4idised, m\u00f5\u00f5teristad, \u0161abloonid, ultraheli defektoskoop, andurid, geel UT.<br \/>\n<\/span><\/td>\n<\/tr>\n<tr style=\"height: 24px;\">\n<td style=\"width: 27.5562%; height: 24px; text-align: left;\" width=\"180\"><span style=\"color: #000000;\">Hindamismeetodid ja kriteeriumid<\/span><\/td>\n<td style=\"width: 71.8636%; height: 24px; text-align: left;\" width=\"472\"><span style=\"color: #000000;\">\u00d5piv\u00e4ljundeid hinnatakse. Koolituse l\u00f5petamise eelduseks on osalemine 100% auditoorsetes tundides ning on sooritatud eksam. \u00d5piv\u00e4ljundite kontroll toimub kirjaliku eksamiga. Eksam on sooritatud positiivsele tulemusele, kui kirjaliku eksami k\u00fcsimustele on \u00f5igesti vastatud v\u00e4hemalt 75% ulatuses.<\/span><\/td>\n<\/tr>\n<tr style=\"height: 48px;\">\n<td style=\"width: 27.5562%; height: 48px; text-align: left;\" width=\"180\"><span style=\"color: #000000;\">V\u00e4ljastatavad dokumendid<\/span><\/td>\n<td style=\"width: 71.8636%; height: 48px; text-align: left;\" width=\"472\"><span style=\"color: #000000;\">\u00d5piv\u00e4ljundid omandanud ning hindamise l\u00e4binud koolitatavale v\u00e4ljastatakse tunnistus. Hindamisel mitteosalenud v\u00f5i hindamist mittel\u00e4binud koolitatavale v\u00e4ljastatakse t\u00f5end koolitusel osaletud mahu ja l\u00e4bitud teemade kohta.<\/span><\/td>\n<\/tr>\n<tr style=\"height: 168px;\">\n<td style=\"width: 27.5562%; height: 168px; text-align: left;\" width=\"180\"><span style=\"color: #000000;\">Koolitaja nimi ja kompetentsust tagava kvalifikatsiooni ja t\u00f6\u00f6kogemuse kirjeldus<\/span><\/td>\n<td style=\"width: 71.8636%; height: 168px;\" width=\"472\">\n<p style=\"text-align: left;\"><span style=\"color: #000000;\">Mariia Pokhvalenna \u2013 omab k\u00f5rgharidust tehnika valdkonnas (Harkivi Riiklik Tehnika\u00fclikool \u201cHPI\u201d, elektromasinaehituse teaduskond, eriala \u201cMittepurustava kontrolli seadmed ja meetodid\u201d), omab magistrikraadi.\u00a0<\/span><span style=\"color: #000000;\">T\u00f6\u00f6tas mittepurustava kontrolli eksamikeskuses CHAO PTP \u201cUkrenergochermet\u201d UT-meetodite spetsialistide koolitamisel \u00f5ppej\u00f5una ja eksamineerijana (2012\u20132016, 2018\u20132021, 2021\u2013praeguseni \u2013 kaug\u00f5ppes). Tal on kogemus mittepurustava kontrolli spetsialistina- UT, RT, VT, PT, MT (2016\u20132017).\u00a0<\/span><span style=\"color: #000000;\">Alates 2021. Aastast t\u00f6\u00f6tab Tallinna Masinatehas O\u00dc tootmisjuhi assistendi ja kvaliteedijuhina. Omab mittepurustava kontrolli sertifikaadid VT-2, UT-3. Staaz lektorina 5 aastat.<\/span><\/p>\n<p style=\"text-align: left;\"><span style=\"color: #000000;\">Dmitri Androsjuk \u2013 gaasi-, surveseadme ja mittepurustava kontrolli \u00f5ppej\u00f5ud ja spetsialist. On l\u00f5petanud Tallinna Tehnika \u00dclikooli. Soojusenergeetik.\u00a0 Omab mittepurustava kontrolli sertifikaadid VT-3, MT-3, PT-3, RT-3, UT-3. Praegu on \u00a0Gaasikasutuskoolituse O\u00dc\u00a0 tegevjuht ja sertifitseerimise eest vastutav isik. Staaz lektorina 10 aastat.<\/span><\/p>\n<\/td>\n<\/tr>\n<\/tbody>\n<\/table>\n","protected":false},"excerpt":{"rendered":"<p>\u00d5ppekava nimetus Ultraheli mittepurustav kontroll (ultraheli defektoskoopia), UT- tase 2 (136 tundi) \u00d5ppekavar\u00fchm Mehaanika ja metallit\u00f6\u00f6 Koolituse sihtr\u00fchm &nbsp; Mittepurustava kontrolli valdkonnas t\u00f6\u00f6tavad spetsialistid Gaasi, &#8211; surveseadme &#8211; ja masinat\u00f6id tegeva isiku p\u00e4devustunnistuse omanikud.&#46;&#46;&#46;<\/p>\n","protected":false},"author":2,"featured_media":0,"parent":0,"menu_order":0,"comment_status":"closed","ping_status":"closed","template":"","meta":{"footnotes":""},"class_list":["post-19533","page","type-page","status-publish","hentry"],"jetpack_shortlink":"https:\/\/wp.me\/P8QdIl-553","jetpack-related-posts":[],"jetpack_sharing_enabled":true,"_links":{"self":[{"href":"https:\/\/gkk.ee\/et\/wp-json\/wp\/v2\/pages\/19533","targetHints":{"allow":["GET"]}}],"collection":[{"href":"https:\/\/gkk.ee\/et\/wp-json\/wp\/v2\/pages"}],"about":[{"href":"https:\/\/gkk.ee\/et\/wp-json\/wp\/v2\/types\/page"}],"author":[{"embeddable":true,"href":"https:\/\/gkk.ee\/et\/wp-json\/wp\/v2\/users\/2"}],"replies":[{"embeddable":true,"href":"https:\/\/gkk.ee\/et\/wp-json\/wp\/v2\/comments?post=19533"}],"version-history":[{"count":18,"href":"https:\/\/gkk.ee\/et\/wp-json\/wp\/v2\/pages\/19533\/revisions"}],"predecessor-version":[{"id":19636,"href":"https:\/\/gkk.ee\/et\/wp-json\/wp\/v2\/pages\/19533\/revisions\/19636"}],"wp:attachment":[{"href":"https:\/\/gkk.ee\/et\/wp-json\/wp\/v2\/media?parent=19533"}],"curies":[{"name":"wp","href":"https:\/\/api.w.org\/{rel}","templated":true}]}}