{"id":2217,"date":"2023-08-14T22:12:44","date_gmt":"2023-08-14T19:12:44","guid":{"rendered":"http:\/\/gkk.ee\/et\/?page_id=2217"},"modified":"2025-04-03T15:54:14","modified_gmt":"2025-04-03T12:54:14","slug":"kuttegaasipaigaldise-kasutamise-ja-gaasitoode-tegemise-tehnilised-normid-kasutamise-jarelevaataja-ja-tegeva-isiku-padevustunnistus-og-26","status":"publish","type":"page","link":"https:\/\/gkk.ee\/et\/koolitus\/gaasialane-koolitus\/kuttegaasipaigaldise-kasutamise-ja-gaasitoode-tegemise-tehnilised-normid-kasutamise-jarelevaataja-ja-tegeva-isiku-padevustunnistus-og-26\/","title":{"rendered":"92t_Gaasi- ja masinat\u00f6\u00f6de_teostamine \u00d5MG-26+\u00d5M-26+\u00d5PVT-40+10 t iseseisev t\u00f6\u00f6"},"content":{"rendered":"<table class=\" aligncenter\" style=\"width: 100%; background-color: #f7f7f7;\">\n<tbody>\n<tr style=\"height: 24px;\">\n<td style=\"width: 28.1124%; height: 24px;\"><span style=\"color: #000000;\">\u00d5ppekava nimetus<\/span><\/td>\n<td style=\"width: 70.0038%; height: 24px;\"><span style=\"color: #000000;\">Gaasi- ja masinat\u00f6\u00f6de teostamine<\/span><\/td>\n<\/tr>\n<tr style=\"height: 24px;\">\n<td style=\"width: 28.1124%; height: 24px;\"><span style=\"color: #000000;\">\u00d5ppekavar\u00fchm<\/span><\/td>\n<td style=\"width: 70.0038%; height: 24px;\"><span style=\"color: #000000;\">Mehaanika ja metallit\u00f6\u00f6<\/span><\/td>\n<\/tr>\n<tr style=\"height: 104px;\">\n<td style=\"width: 28.1124%; height: 104px;\"><span style=\"color: #000000;\">Koolituse sihtr\u00fchm<\/span><\/td>\n<td style=\"width: 70.0038%; height: 104px;\" width=\"472\">\n<ul>\n<li><span style=\"color: #000000;\">Isikud, kes alustab tegelema masinat\u00f6\u00f6dega;<\/span><\/li>\n<li><span style=\"color: #000000;\">Isikud, kes alustab tegelema gaasit\u00f6\u00f6dega.<\/span><\/li>\n<li><span style=\"color: #000000;\">Teised huvitatud isikud<\/span><\/li>\n<\/ul>\n<\/td>\n<\/tr>\n<tr style=\"height: 472px;\">\n<td style=\"width: 28.1124%; height: 472px;\"><span style=\"color: #000000;\">\u00d5piv\u00e4ljundid<\/span><\/td>\n<td style=\"width: 70.0038%; height: 472px;\"><span style=\"color: #000000;\">Koolitus sisaldab kolm plokki:<\/span><\/p>\n<p><span style=\"color: #000000;\">1. plokk. Koolitusel osaleja tunneb kehtivat k\u00fcttegaasi valdkonna seadusandlust. Oskab \u00f5igesti kasutada k\u00f5iki seaduse m\u00f5isteid ja terminoloogiat. Tunneb gaasipaigaldiste auditite liike ja nende protseduure ning p\u00f5him\u00f5tteid.<\/span><\/p>\n<p><span style=\"color: #000000;\">Koolitusel osaleja tunneb kehtivaid gaasi valdkonna standardeid, direktiive ja nende n\u00f5udeid. Koolitusel osaleja teab n\u00f5udeid gaasipaigaldisele, gaasiseadme paigaldamisele ja gaasipaigaldise ehitamisele. Tunneb n\u00f5udeid gaasit\u00f6\u00f6del tehtavatele keevitust\u00f6\u00f6dele.<\/span><\/p>\n<p><span style=\"color: #000000;\">Koolitusel osaleja tunneb k\u00fcttegaasi koostiseid ja omadusi, omab teadmisi gaaside p\u00f5lemisest, teab ohutusm\u00e4rke ja ohtusvahendeid. Koolitusel osaleja tunneb gaasipaigaldiste seadmeid ja nende p\u00f5him\u00f5ttelisi skeeme.<\/span><\/p>\n<p><span style=\"color: #000000;\">2. plokk. Koolitusel osaleja tunneb kehtivat masina valdkonna seadusandlust. Tunneb masinate auditite liike ja nende protseduure ning p\u00f5him\u00f5tted. Oskab \u00f5igesti kasutada k\u00f5ik seaduse m\u00f5isted ja terminoloogiat.<\/span><\/p>\n<p><span style=\"color: #000000;\">Koolitusel osaleja teab ohutuse p\u00f5hin\u00f5uded masinate kasutamisel. Koolitusel osaleja teab n\u00f5uded masina paigaldamisele, remondimisele, \u00fcmberehitamisele ja projekteerimisele. Tunneb n\u00f5uded\u00a0 masinal tehtavatele keevitust\u00f6\u00f6dele.<\/span><\/p>\n<p><span style=\"color: #000000;\">Koolitusel osaleja tunneb masinad, teab ohutusm\u00e4rgid ja ohtusvahendid. Koolitusel osaleja tunneb masina seadmed ja nende p\u00f5him\u00f5ttelised skeemid.<\/span><\/p>\n<p><span style=\"color: #000000;\">3. plokk. Koolitusel osaleja tunneb k\u00f5ik keevitus\u00f5mbluste defekte, teab ja oskab kasutada vastava meetodi standarte ja normatiivseid dokumente, oskab vormistada \u00f5mbluse kontrolli protokolli. Koolitusel osaleja on valmis ja omab \u00f5igust osaleda VT tase 2 p\u00e4devuseksamil vastavalt standardile EN ISO 9712 ja 2014\/68\/EU.<\/span><\/td>\n<\/tr>\n<tr style=\"height: 24px;\">\n<td style=\"width: 28.1124%; height: 24px;\"><span style=\"color: #000000;\">Hind (KM-ga)<\/span><\/td>\n<td style=\"width: 70.0038%; height: 24px;\"><span style=\"color: #000000;\">2500 euro<\/span><\/td>\n<\/tr>\n<tr style=\"height: 24px;\">\n<td style=\"width: 28.1124%; height: 24px;\"><span style=\"color: #000000;\">\u00d5ppe kogumaht<\/span><\/td>\n<td style=\"width: 70.0038%; height: 24px;\"><span style=\"color: #000000;\">92 ak.t auditoorset t\u00f6\u00f6d, 10 t iseseisev t\u00f6\u00f6(1 ak.t = 45 min)<br \/>\n<\/span><\/td>\n<\/tr>\n<tr style=\"height: 920px;\">\n<td style=\"width: 28.1124%; height: 920px;\"><span style=\"color: #000000;\">\u00d5ppe sisu<\/span><\/td>\n<td style=\"width: 70.0038%; height: 920px;\"><span style=\"color: #000000;\">1 plokk \u2013 Maa-, bio-, t\u00f6\u00f6stusgaasipaigaldise kasutamise ja gaasit\u00f6\u00f6de tegemise tehnilised normid &#8211; 26 tundi.<\/span><\/p>\n<p><span style=\"color: #000000;\">1.1 K\u00fcttegaasi valdkonna reguleerivad seadused ja rakendusaktid. Seadme ohutuse seadus. Seaduse m\u00f5isted ja terminoloogia. Gaasipaigaldiste tehniline audit. Majandus- ja Kommunikatsiooniminusteerium. Majandustegevuse register.\u00a0 Tarbijakaitse ja Tehnilise J\u00e4relevalve Ameti register.\u00a0 &#8211; 8 tundi<\/span><\/p>\n<p><span style=\"color: #000000;\">1.2 N\u00f5uded gaasipaigaldisele, gaasiseadme paigaldamisele ja gaasipaigaldise ehitamisele. Tehnov\u00f5rgud. N\u00f5uded gaasit\u00f6\u00f6del tehtavatele keevitust\u00f6\u00f6dele. EVS 843 \u201eLinnat\u00e4navad\u201c. EVS 932 \u201eEhitusprojekt\u201c. Euroopa direktiiv 2009\/142\/E\u00dc. N\u00f5uded projektidele. &#8211; 8 tundi<\/span><\/p>\n<p><span style=\"color: #000000;\">1.3 Gaasim\u00fc\u00fck. K\u00fcttegaasi (maa-, bio-, t\u00f6\u00f6stusgaas) koostis ja omadused. Gaaside p\u00f5lemine. Gaasip\u00f5letid. Gaasi reguleerimis seadmed, nende elemendid ja paigutus. Gaasipaigaldise skeem, gaasireguleerimispunkt, tarviti gaasivarustuse p\u00f5him\u00f5tteline skeem. Ohutusm\u00e4rgid, ohutusvahendid. &#8211; 10 tundi<\/span><\/p>\n<p><span style=\"color: #000000;\">2 plokk \u2013 Masina kasutamise ja surveseadmet\u00f6\u00f6de tegemise tehnilised normid.- 26 tundi<\/span><\/p>\n<p><span style=\"color: #000000;\">2.1 Masina valdkonna reguleerivad seadused ja rakendusaktid. Seadme ohutuse seadus. Seaduse m\u00f5isted ja terminoloogia. Masinate tehniline audit. Majandus- ja Kommunikatsiooniminusteerium. Majandustegevuse register.\u00a0 Tarbijakaitse ja Tehnilise J\u00e4relevalve Ameti register. &#8211; 8 tundi<\/span><\/p>\n<p><span style=\"color: #000000;\">2.2 N\u00f5uded masinatele, masina paigaldamisele, remontimisele ja \u00fcmberehitamisele ja t\u00f6\u00f6de projekteerimisele, masina kasutusele ning ohutuse tagamisele. N\u00f5uded masinat\u00f6\u00f6del tehtavatele keevitust\u00f6\u00f6dele. Euroopa masina direktiiv 2006\/42\/E\u00dc. &#8211; 8 tundi<\/span><\/p>\n<p><span style=\"color: #000000;\">2.3 Masinad, masinaseadmed nende elemendid ja paigutus. Masina, masinaseadme paigaldise skeemid. Ohutusm\u00e4rgid, ohutusvahendid. Kraanade t\u00fc\u00fcbid ja kasutusn\u00f5uded. Lastide haarde abivahendid. T\u00f5stet\u00f6\u00f6de teostamine kraanade abil. Kraanadega t\u00f6\u00f6de teostamise kord ja ohutusmeetmed. &#8211; 10 tundi<\/span><\/p>\n<p><span style=\"color: #000000;\">3 plokk \u2013 Visuaalne mittepurustav kontroll, VT- tase 2 &#8211; 40 tundi +\u00a0 10 t iseseisev t\u00f6\u00f6<\/span><\/p>\n<p><span style=\"color: #000000;\">3.1.Tutvumine standardite n\u00f5uetega:<\/span><\/p>\n<p><span style=\"color: #000000;\">EN ISO 9712, EN 13018, EN ISO 17637, ISO 17635, EN ISO 5817, EN ISO 10042, EN ISO 6520-1, EN 1330-10, EN 13927, ISO 11971 &#8211; 5 tundi<\/span><\/p>\n<p><span style=\"color: #000000;\">3.2 Visuaalse m\u00f5\u00f5tmise kontroll: m\u00f5isted, defektide avastamine, abivahendid ja seadmed, keevitamise \u00fchenduse defektide t\u00fc\u00fcbid, hindamine, \u0161ablooniga ja teiste m\u00f5\u00f5tevahenditega t\u00f6\u00f6tamise p\u00f5him\u00f5te. &#8211; 5 tundi<\/span><\/p>\n<p><span style=\"color: #000000;\">3.3. Kujuvalude defektid ja survet\u00f6\u00f6tluste defektid, paigaldamine k\u00f5rvalekalded keevisliidetes, defektide informatsioon tingitud tootmistehnoloogiaga. Valgustuse n\u00f5uded. K\u00e4itlemise protseduur, tehniline \u00fclesanne, instruktsioon, protokoll. &#8211; 4 tundi<\/span><\/p>\n<p><span style=\"color: #000000;\">3.4. Optika. Silma optilised omadused. Valgustehnika. Optilised s\u00fcsteemid. Lineaarse ja nurgelise m\u00f5\u00f5tmise alused. &#8211; 4 tundi<\/span><\/p>\n<p><span style=\"color: #000000;\">3.5. Metallurgia ja kuumt\u00f6\u00f6tlemise alused. &#8211; 2 tundi<\/span><\/p>\n<p><span style=\"color: #000000;\">3.6. Dokumentatsioonide vormistamise n\u00f5uded (instruktsioonid, protokollid) &#8211; 4 tundi<\/span><\/p>\n<p><span style=\"color: #000000;\">3.7. Praktiline osa:<\/span><\/p>\n<p><span style=\"color: #000000;\">3.7.1.T\u00f6\u00f6 endoskoobi abil, \u0161abloonidega ja teiste m\u00f5\u00f5tmise seadmetega n\u00e4idisel &#8211; 2 tundi ;<\/span><\/p>\n<p><span style=\"color: #000000;\">3.7.2. Otsese visuaalse kontrolli l\u00e4biviimine n\u00e4idisel, kontrolli tulemuste vormistamine, protokolli koostamine, instruktsiooni koostamine, hindamine. &#8211; 14 tundi<\/span><\/td>\n<\/tr>\n<tr style=\"height: 224px;\">\n<td style=\"width: 28.1124%; height: 224px;\"><span style=\"color: #000000;\">\u00d5ppekeskkonna kirjeldus<\/span><\/td>\n<td style=\"width: 70.0038%; height: 224px;\"><span style=\"color: #000000;\">GKK O\u00dc koolituskeskuse \u00f5pperuumid asuvad Ehitajate tee 114 \u2013 20 ja Kopli 96-20 Tallinn ja Jaama tn. 14 \u2013 207, J\u00f5hvi. \u00d5pperuumides on t\u00e4iskasvanute koolituseks sobilik m\u00f6\u00f6bel (\u00f5ppelauad ja toolid kuni 20-le osalejale + t\u00f6\u00f6laud ja tool lektorile). K\u00f5ik \u00f5ppeklassid on varustatud kaasaegse \u00f5ppetehnikaga: arvuti ja data-videoprojektor, teler ja markertahvel seinal. \u00d5ppeklass on varustatud gaasiseadmete n\u00e4idistega, skeemide maketidega, p\u00fcsiliidete n\u00e4idistega jne.L\u00f5unapauside ajal pakutakse koolitusel osalejatele tasuta l\u00f5unas\u00f6\u00f6k, joogivett ning kohvi ja teed koos suhkruga, tagatud on WC kasutamine ja k\u00e4tepesu v\u00f5imalus.<\/span><br \/>\n<span style=\"color: #000000;\">K\u00f5ik meie koolitusruumid on remonditud ja vastavad t\u00f6\u00f6tervishoiu, tuleohutuse ja t\u00f6\u00f6ohutuse n\u00f5uetele. \u00d5ppeklassid on avarad ja kergesti \u00f5hutatavad.<\/span><span style=\"color: #000000;\">Teooriaosa (1-3 plokk) on v\u00f5imalik l\u00e4biviia veebikeskkonnas Zoom.\u00a0<\/span><span style=\"color: #000000;\">Praktiline osa (3 plokk) ainult klassis.<\/span><\/td>\n<\/tr>\n<tr style=\"height: 120px;\">\n<td style=\"width: 28.1124%; height: 120px;\"><span style=\"color: #000000;\">\u00d5ppematerjilide loend<\/span><\/td>\n<td style=\"width: 70.0038%; height: 120px;\"><span style=\"color: #000000;\">1.plokk. Koolitus klassis \u2013 konspekt paberkujul. Koolitus veebikeskonnas \u2013 digi\u00f5ppematerjalid saadetakse e-posti teel.\u00a0<\/span><\/p>\n<p><span style=\"color: #000000;\">2.plokk. Koolitus klassis \u2013 konspekt paberkujul. Koolitus veebikeskonnas \u2013 digi\u00f5ppematerjalid saadetakse e-posti teel.<\/span><\/p>\n<p><span style=\"color: #000000;\">3.plokk Koolitus klassis \u2013 konspekt ja standardid paberkujul, keevitus\u00f5mbluse n\u00e4idised, m\u00f5\u00f5teristad, \u0161abloonid, endoskoop. Koolitus veebikeskonnas \u2013 digi\u00f5ppematerjalid ja standarte saadetakse e-posti teel.<\/span><\/td>\n<\/tr>\n<tr style=\"height: 96px;\">\n<td style=\"width: 28.1124%; height: 96px;\"><span style=\"color: #000000;\">Hindamismeetodid ja kriteeriumid<\/span><\/td>\n<td style=\"width: 70.0038%; height: 96px;\"><span style=\"color: #000000;\">\u00d5piv\u00e4ljundeid ei hinnata (1, 2, 3 plokk). Koolituse l\u00f5petamise eelduseks on osalemine\u00a0 100% auditoorsetes tundides.<\/span><\/td>\n<\/tr>\n<tr style=\"height: 48px;\">\n<td style=\"width: 28.1124%; height: 48px;\"><span style=\"color: #000000;\">V\u00e4ljastatavad dokumendid<\/span><\/td>\n<td style=\"width: 70.0038%; height: 48px;\"><span style=\"color: #000000;\">1.plokk T\u00f5end koolitusel osalemise kohta vastavalt t\u00e4iendkoolituse standardis s\u00e4testatud n\u00f5uetele. T\u00f5endi alusel v\u00f5ib taotleda k\u00fcttegaasivaldkonnas p\u00e4devustunnistuse saamiseks.<\/span><span style=\"color: #000000;\">2.plokk T\u00f5end koolitusel osalemise kohta vastavalt t\u00e4iendkoolituse standardis s\u00e4testatud n\u00f5uetele. T\u00f5endi alusel v\u00f5ib taotleda surveseadme valdkonnas p\u00e4devustunnistuse saamiseks.<\/span><\/p>\n<p><span style=\"color: #000000;\">3.plokk T\u00f5end koolitusel osalemise kohta vastavalt t\u00e4iendkoolituse standardis s\u00e4testatud n\u00f5uetele. T\u00f5endi alusel v\u00f5ib taotleda rahvusvaheline VT- tase 2 sertifikaadi saamiseks.<\/span><\/td>\n<\/tr>\n<tr style=\"height: 688px;\">\n<td style=\"width: 28.1124%; height: 688px;\"><span style=\"color: #000000;\">Koolitaja nimi ja kompetentsust tagava kvalifikatsiooni ja t\u00f6\u00f6kogemuse kirjeldus<\/span><\/td>\n<td style=\"width: 70.0038%; height: 688px;\"><span style=\"color: #000000;\"><em>Antud nimekirjast v\u00f5tavad osa kaks v\u00f5i rohkem lektorit. Gaasikasutuskoolituse O\u00dc garanteerib, et lektori asendamise t\u00f5ttu koolituse kvaliteed ei muutu.<\/em><\/span><\/p>\n<p><span style=\"color: #000000;\">Anatoli Jermak \u2013\u00a0 Eesti \u00a0Ettev\u00f5tlusk\u00f5rgkool \u00a0Mainor \u00e4rijuhtimine eriala ja Tallinna Tehnika\u00fclikooli \u00a0Virumaa Kolled\u017e masinaehituse tehnoloogia eriala. Omab p\u00e4devused k\u00fcttegaasiseadmete, surveseadmete ja masina valdkonnades. Endine Klarias Compani O\u00dc t\u00f5stet\u00f6\u00f6de spetsialist. Omab mittepurustava kontrolli sertifikaadi VT-2. Staaz lektorina 10 aastat.<\/span><\/p>\n<p><span style=\"color: #000000;\">German Belov \u2013 rahvusvaheline keevituse insener. T\u00dcV Eesti O\u00dc mittepurustava kontrolli labori juhataja. Omab mittepurustava kontrolli sertifikaadid VT-3, PT-2, MT-2, UT-2. Staaz lektorina 13 aastat.<\/span><\/p>\n<p><span style=\"color: #000000;\">Sergei Povarenkov \u2013 Leningraadi Pol\u00fctehnilone instituut, soojusenergeetika eriala. Omab p\u00e4devused gaasi, surveseadmete ja masina valdkonnades. Endine Viru RMT O\u00dc, Eesti Energia AS seadmete spetsialist. Omab mittepurustava kontrolli sertifikaadid VT-2, MT-2, PT-2. Staaz lektorina 14 aastat.<\/span><\/p>\n<p><span style=\"color: #000000;\">Juri Maksimov \u2013\u00a0 Jum Connect O\u00dc peaspetsialist.\u00a0 On l\u00f5petanud Tallinna Pol\u00fctehnikum, energeetika osakonna.\u00a0 Omab p\u00e4devus surveseadmete ja gaasi valdkonnades.\u00a0 Staaz lektorina 9 aastat.<\/span><\/p>\n<p><span style=\"color: #000000;\">Sergei Jefimov \u2013 omab tehnilist k\u00f5rgharidust (TT\u00dc Keemia Teaduskond, Keemiat\u00f6\u00f6stuse protsessid ja aparaadid). AS Eesti Gaas kontsernis erinevatel ametitel alates 1998 aastast. Endine\u00a0AS Eesti Gaas\/Elenger LNG osakonna juht. Vastutus veeldatud maagaasi (LNG) \u00e4risuuna ja tehnilise arengu eest, LNG logistika ja punkerdamise korraldamise ning off-grid LNG regasifitseerimisjaamade ehitamise ja k\u00e4idu eest. Endine AS EG V\u00f5rguteenus juhatuse esimees (2006-2014), AS Eesti Gaas Virumaa hoolduspiirkonna juht (2000-2005) \u2013 vastutus Eesti Gaasile kuuluvate \u00fclekande\u2013 ja jaotusv\u00f5rgu hoolduse-, opereerimise-, remondi- ja arengu ning ettev\u00f5te igap\u00e4evase juhtimise ja toimimise eest. Staaz lektorina 20 aastat.<\/span><\/p>\n<p><span style=\"color: #000000;\">Roman Bogdanovit\u0161 \u2013 omab k\u00f5rgharidust (TT\u00dc mehhaanika Teaduskond Soojustehnika eriala).\u00a0 AS Gaasiv\u00f5rk juhatuse esimees, vastutus alad: \u00fcldine juhtimine, finantsjuhtimine, maahaldus ja juriidilised k\u00fcsimused, metroloogia, v\u00f5rgu opereerimine, surumaagaasi tankla keti arendamine Eestis, surumaagaasi tanklate hoolduse korraldamine.Endine AS Eesti Gaas regiooni juht, endine AS EG V\u00f5rguteenus regiooni juht, arendusdirektor. Staa\u017e lektorina \u00a014 aastat.<\/span><\/p>\n<p><span style=\"color: #000000;\">Aleksandr \u0160ablinski \u2013 omab k\u00f5rgharidust, doktorikraad \u2013 eriala Soojustehnika, magistrikraad \u2013 eriala Tehnika\u00f5petaja. AS Utilitas Tallinn arendusjuht. Endine VKG Soojus AS juhatuse liige, TT\u00dc Virumaa Kolledz \u00f5ppej\u00f5ud, AS Eesti Energia koostootmise k\u00e4idu- ja tehnikajuht. Volitatud soojusenergeetikainsener soojusmajanduse ja k\u00fctuste alal, tase 8. Staa\u017e lektorina\u00a0 9 aastat.<\/span><\/p>\n<p><span style=\"color: #000000;\">Heiki Joarand \u2013 diplomeeritud keemiainsener (Tallinna Tehnika\u00fclikool), omab tehnikavaldkonna teaduskraadi ja 7-aastast \u00f5ppej\u00f5una t\u00f6\u00f6tamise kogemust TT\u00dc-s. On t\u00f6\u00f6tanud \u00fcle 10 aasta juhikohtadel tootmises rahvusvahelise taustaga keemiaettev\u00f5ttes. Hetkel t\u00f6\u00f6tab akrediteeritud taatlus- ja kalibreerimislabori Gaslab O\u00dc juhatajana. Staaz lektorina 11 aastat.<\/span><\/p>\n<p><span style=\"color: #000000;\">Kalev Kangro- omab tehnilist k\u00f5rgharidust. On L\u00f5petanud Leningradi K\u00f5rgema Merekooli (adm. Makarovi nimelise) laevamehaaniku erialal. T\u00f6\u00f6tanud EML AS-s, AS Eesti AGA-s ja Eesti Energia AS-s erinevatel tehnilistel ametikohtadel. Hetkel t\u00f6\u00f6tab oma firmas Panther Services O\u00dc, mis tegeleb gaasiseadmete ja insener-tehniliste lahenduste m\u00fc\u00fcgiga. Omab p\u00e4devust surve- ja k\u00fcttegaasiseadmete valdkonnas. On l\u00e4binud tuleohutusspetsialistide 5.tase koolituse ja omab \u00f5igust l\u00e4bi viia koolitusi selles valdkonnas. Staa\u017e lektorina 14 aastat.<\/span><\/td>\n<\/tr>\n<\/tbody>\n<\/table>\n","protected":false},"excerpt":{"rendered":"<p>\u00d5ppekava nimetus Gaasi- ja masinat\u00f6\u00f6de teostamine \u00d5ppekavar\u00fchm Mehaanika ja metallit\u00f6\u00f6 Koolituse sihtr\u00fchm Isikud, kes alustab tegelema masinat\u00f6\u00f6dega; Isikud, kes alustab tegelema gaasit\u00f6\u00f6dega. Teised huvitatud isikud \u00d5piv\u00e4ljundid Koolitus sisaldab kolm plokki: 1. plokk. Koolitusel osaleja&#46;&#46;&#46;<\/p>\n","protected":false},"author":2,"featured_media":0,"parent":552,"menu_order":0,"comment_status":"closed","ping_status":"closed","template":"","meta":{"footnotes":""},"class_list":["post-2217","page","type-page","status-publish","hentry"],"jetpack_shortlink":"https:\/\/wp.me\/P8QdIl-zL","jetpack-related-posts":[],"jetpack_sharing_enabled":true,"_links":{"self":[{"href":"https:\/\/gkk.ee\/et\/wp-json\/wp\/v2\/pages\/2217","targetHints":{"allow":["GET"]}}],"collection":[{"href":"https:\/\/gkk.ee\/et\/wp-json\/wp\/v2\/pages"}],"about":[{"href":"https:\/\/gkk.ee\/et\/wp-json\/wp\/v2\/types\/page"}],"author":[{"embeddable":true,"href":"https:\/\/gkk.ee\/et\/wp-json\/wp\/v2\/users\/2"}],"replies":[{"embeddable":true,"href":"https:\/\/gkk.ee\/et\/wp-json\/wp\/v2\/comments?post=2217"}],"version-history":[{"count":33,"href":"https:\/\/gkk.ee\/et\/wp-json\/wp\/v2\/pages\/2217\/revisions"}],"predecessor-version":[{"id":19331,"href":"https:\/\/gkk.ee\/et\/wp-json\/wp\/v2\/pages\/2217\/revisions\/19331"}],"up":[{"embeddable":true,"href":"https:\/\/gkk.ee\/et\/wp-json\/wp\/v2\/pages\/552"}],"wp:attachment":[{"href":"https:\/\/gkk.ee\/et\/wp-json\/wp\/v2\/media?parent=2217"}],"curies":[{"name":"wp","href":"https:\/\/api.w.org\/{rel}","templated":true}]}}