{"id":2369,"date":"2023-08-14T22:12:43","date_gmt":"2023-08-14T19:12:43","guid":{"rendered":"http:\/\/gkk.ee\/et\/?page_id=2369"},"modified":"2025-04-03T15:51:06","modified_gmt":"2025-04-03T12:51:06","slug":"gaasipaigaldiste-ehitaja-os-93","status":"publish","type":"page","link":"https:\/\/gkk.ee\/et\/gaasipaigaldiste-ehitaja-os-93\/","title":{"rendered":"90t_Gaasipaigaldiste ehitamine_\u00d5MG-26+\u00d5PVT-50+\u00d5PPE-16+\u00d5PV-8"},"content":{"rendered":"<p style=\"text-align: center;\"><span style=\"color: #1e7ce2;\">\u00a0<strong>\u00a0 \u00a0 \u00a0 \u00a0 \u00a0 \u00a0 \u00a0 \u00a0 \u00a0 \u00a0 \u00a0 \u00a0 \u00a0\u00a0<\/strong><\/span><span style=\"color: #1e7ce2;\"><strong>\u00a0 \u00a0 \u00a0 \u00a0 \u00a0 \u00a0 \u00a0 \u00a0 \u00a0 \u00a0 \u00a0 \u00a0 \u00a0 \u00a0 \u00a0 \u00a0\u00a0<\/strong><\/span><\/p>\n<table class=\" aligncenter\" style=\"background-color: #f7f7f7; width: 100%;\">\n<tbody>\n<tr>\n<td style=\"width: 11.9652%;\"><span style=\"color: #000000;\">\u00d5ppekava nimetus<\/span><\/td>\n<td style=\"width: 32.3423%;\"><span style=\"color: #000000;\">Gaasipaigaldiste ehitamine<\/span><\/td>\n<\/tr>\n<tr>\n<td style=\"width: 11.9652%;\"><span style=\"color: #000000;\">\u00d5ppekavar\u00fchm<\/span><\/td>\n<td style=\"width: 32.3423%;\"><span style=\"color: #000000;\">Elektrienergia ja energeetika<\/span><\/td>\n<\/tr>\n<tr>\n<td style=\"width: 11.9652%;\"><span style=\"color: #000000;\">Koolituse sihtr\u00fchm<\/span><\/td>\n<td style=\"width: 32.3423%;\"><span style=\"color: #000000;\">Isikud, kes alustab tegelema gaasit\u00f6\u00f6dega<\/span><br \/>\n<span style=\"color: #000000;\">Isikud, kes soovivad minna edasi kvalifikatsioonieksamitele.<\/span><\/td>\n<\/tr>\n<tr class=\"alt\">\n<td style=\"width: 11.9652%;\">\u00d5piv\u00e4ljundid<\/td>\n<td style=\"width: 32.3423%;\"><span style=\"color: #000000;\">Koolitus sisaldab neli plokki:<\/span><\/p>\n<p><span style=\"color: #000000;\">1. Koolitusel osaleja tunneb kehtivat k\u00fcttegaasi valdkonna seadusandlust. Oskab \u00f5igesti kasutada k\u00f5iki seaduse m\u00f5isteid ja terminoloogiat. Tunneb gaasipaigaldiste auditite liike ja nende protseduure ning p\u00f5him\u00f5tteid. Koolitusel osaleja tunneb kehtivaid gaasi valdkonna standardeid, direktiive ja nende n\u00f5udeid. Koolitusel osaleja teab n\u00f5udeid gaasipaigaldisele, gaasiseadme paigaldamisele ja gaasipaigaldise ehitamisele. Tunneb n\u00f5udeid gaasit\u00f6\u00f6del tehtavatele keevitust\u00f6\u00f6dele. Koolitusel osaleja tunneb k\u00fcttegaasi koostiseid ja omadusi, omab teadmisi gaaside p\u00f5lemisest, teab ohutusm\u00e4rke ja ohtusvahendeid. Koolitusel osaleja tunneb gaasipaigaldiste seadmeid ja nende p\u00f5him\u00f5ttelisi skeeme.<\/span><\/p>\n<p><span style=\"color: #000000;\">2.Koolitusel osaleja tunneb k\u00f5ik keevitus\u00f5mbluste defekte, teab ja oskab kasutada vastava meetodi standarte ja normatiivseid dokumente, oskab vormistada \u00f5mbluse kontrolli protokolli. Koolitusel osaleja on valmis ja v\u00f5ib taotleda VT tase 2 p\u00e4devuseksamile vastavalt standardile EN ISO 9712 ja 2014\/68\/EU direktiivile.<\/span><\/p>\n<p><span style=\"color: #000000;\">3.Koolitusel osaleja tunneb kehtivaid gaasivaldkonna standardeid, juhendeid ja nende n\u00f5udeid. Koolitusel osaleja teab n\u00f5udeid PE torustike ehitamisele ja keevitust\u00f6\u00f6dele. Koolitusel osaleja tunneb \u00fcldn\u00f5udeid gaasi jaotus-, tarne ja tarbijatorustike rajamiseks ning juhiseid ja soovitusi PE gaasitorustike ehitamiseks. Oskab kasutada juhendi EGL Pol\u00fcet\u00fcleenist gaasitorustike paigaldamine. Koolitusel osaleja teab milliseid kaasaaegsed materjale ja s\u00fcsteeme kasututatakse\u00a0 PE torustike ehitamiseks. Koolitusel osaleja oskab PE torude praktilisi keevitust\u00f6id teostada ja vormistada.<\/span><\/p>\n<p><span style=\"color: #000000;\">4.Koolitusel osaleja tunneb kehtivat valdkonna seadusandlust. Koolitusel osaleja teab n\u00f5udeid VIEGA liitmikute ehitamisele, projekteerimisele ja press liitmikute valmistamisele. Koolitusel osaleja oskab praktilitselt kasutada VIEGA tehase t\u00f6\u00f6ristad ja abivahendid. Oskab praktiliselt valmistada Viega pressliitmikuid ja kontrollida oma t\u00f6\u00f6 kvaliteedi.<\/span><\/p>\n<p><span style=\"color: #000000;\">Koolituse l\u00e4bimiseks on vajalik k\u00f5ikide plokkide l\u00e4bimine, ehkki nende l\u00e4bimise j\u00e4rjekord ei ole oluline. On v\u00f5imalik l\u00e4bida \u00fckshaaval 1, 2, 3 v\u00f5i 4 plokki vastavalt eraldi koostatud \u00f5ppekavale.<\/span><\/td>\n<\/tr>\n<tr>\n<td style=\"width: 11.9652%;\">Hind (ilma KM-ga)<\/td>\n<td style=\"width: 32.3423%;\"><span style=\"color: #000000;\">2500 euro<\/span><\/td>\n<\/tr>\n<tr class=\"alt\">\n<td style=\"width: 11.9652%;\">\u00d5ppe kogumaht<\/td>\n<td style=\"width: 32.3423%;\"><span style=\"color: #000000;\">82 ak.t auditoorset t\u00f6\u00f6d (1 ak.t = 45 min)<\/span><\/td>\n<\/tr>\n<tr>\n<td style=\"width: 11.9652%;\">\u00d5ppe sisu<\/td>\n<td style=\"width: 32.3423%;\"><span style=\"color: #000000;\">1 plokk &#8211; Maa-, bio-, t\u00f6\u00f6stusgaasipaigaldise kasutamise ja gaasit\u00f6\u00f6de tegemise tehnilised normid &#8211; 26 tundi<\/span><\/p>\n<p><span style=\"color: #000000;\">1.1 K\u00fcttegaasi valdkonna reguleerivad seadused ja rakendusaktid. &#8211; 8 tundi<\/span><\/p>\n<p><span style=\"color: #000000;\">1.2 N\u00f5uded gaasipaigaldisele, gaasiseadme paigaldamisele ja gaasipaigaldise ehitamisele.\u00a0 &#8211; 8 tundi<\/span><\/p>\n<p><span style=\"color: #000000;\">1.3 K\u00fcttegaas (maa-, bio-, t\u00f6\u00f6stusgaas): koostis, omadused ja p\u00f5lemine. Gaasipaigaldise kasutamise ja gaasit\u00f6\u00f6de tegemise n\u00f5uded. &#8211; 10 tundi<\/span><\/p>\n<p><span style=\"color: #000000;\">2 plokk &#8211; Visuaalne mittepurustav kontroll, VT- tase 2 &#8211; 40 tundi + 10 t iseseisev t\u00f6\u00f6<\/span><\/p>\n<p><span style=\"color: #000000;\">2.1.Tutvumine standardite n\u00f5uetega:<\/span><\/p>\n<p><span style=\"color: #000000;\">EN ISO 9712, EN 13018, EN ISO 17637, ISO 17635, EN ISO 5817, EN ISO 10042, EN ISO 6520-1, EN 1330-10, EN 13927, ISO 11971 &#8211; 5 tundi<\/span><\/p>\n<p><span style=\"color: #000000;\">2.2 Visuaalse m\u00f5\u00f5tmise kontroll: m\u00f5isted, defektide avastamine, abivahendid ja seadmed, keevitamise \u00fchenduse defektide t\u00fc\u00fcbid, hindamine, \u0161ablooniga ja teiste m\u00f5\u00f5tevahenditega t\u00f6\u00f6tamise p\u00f5him\u00f5te. &#8211; 5 tundi<\/span><\/p>\n<p><span style=\"color: #000000;\">2.3. Kujuvalude defektid ja survet\u00f6\u00f6tluste defektid, paigaldamine k\u00f5rvalekalded keevisliidetes, defektide informatsioon tingitud tootmistehnoloogiaga. Valgustuse n\u00f5uded. K\u00e4itlemise protseduur, tehniline \u00fclesanne, instruktsioon, protokoll. &#8211; 4 tundi<\/span><\/p>\n<p><span style=\"color: #000000;\">2.4. Optika. Silma optilised omadused. Valgustehnika. Optilised s\u00fcsteemid. Lineaarse ja nurgelise m\u00f5\u00f5tmise alused. &#8211; 4 tundi<\/span><\/p>\n<p><span style=\"color: #000000;\">2.5. Metallurgia ja kuumt\u00f6\u00f6tlemise alused. &#8211; 2 tundi<\/span><\/p>\n<p><span style=\"color: #000000;\">2.6. Dokumentatsioonide vormistamise n\u00f5uded (instruktsioonid, protokollid) &#8211; 4 tundi<\/span><\/p>\n<p><span style=\"color: #000000;\">2.7. Praktiline osa:<\/span><\/p>\n<p><span style=\"color: #000000;\">2.7.1.T\u00f6\u00f6 endoskoobi abil, \u0161abloonidega ja teiste m\u00f5\u00f5tmise seadmetega n\u00e4idisel &#8211; 2 tundi ;<\/span><\/p>\n<p><span style=\"color: #000000;\">2.7.2. Otsese visuaalse kontrolli l\u00e4biviimine n\u00e4idisel, kontrolli tulemuste vormistamine, protokolli koostamine, instruktsiooni koostamine, hindamine.- 14 tundi<\/span><\/p>\n<p><span style=\"color: #000000;\">3 plokk &#8211; PE torustike ehitamine &#8211; 16 tundi<\/span><\/p>\n<p><span style=\"color: #000000;\">3.1. PE torustike valdkonna reguleerivad seadused ja rakendusaktid. Seadme ohutuse seadus.<\/span><br \/>\n<span style=\"color: #000000;\">N\u00f5uded torustike ehitamisele ja keevitust\u00f6\u00f6dele. Tehnov\u00f5rgud. EVS 843:2016 \u201eLinnat\u00e4navad\u201c. EVS 932:2017 \u201eEhitusprojekt\u201c. EGL Juhend G2-1:2017. Jaotus ja tarnetorustike projekteerimine. Kasutatavad materjalid. R\u00f5hkude seosed. Liited, torustiku paiknemine ja sulgeseadmed. PE torustike ehitamine. P\u00f5kkliited ja elektermuhvliited. Keevitusseadmed ja keevitajate kvalifikatsioon. Proovikeevitus, koostekeevitus, PE keevitamine miinustemperatuuridel, kujad ja paigalduss\u00fcgavus. Torustiku kaevik ja kaeviku ehitus. Kvaliteedikontroll ja torustiku proovimine. &#8211; 8 tundi<\/span><\/p>\n<p><span style=\"color: #000000;\">3.2. Praktiline PE torustike keevitamine elektermuhvliidetega ja p\u00f5kk keevitusega. &#8211; 8 tundi<\/span><\/p>\n<p><span style=\"color: #000000;\">4 plokk &#8211; N\u00f5uded p\u00fcsiliidete valmistamiseks Eestis. VIEGA tehase ajalugu, tootmise ja toodete \u00fclevaade.\u00a0 N\u00f5uded VIEGA s\u00fcsteemide ehitamisele ja projekteerimisele. Profipress ja Profipress G s\u00fcsteemide \u00fclevaade. Megapress ja Megapress G s\u00fcsteemide \u00fclevaade. Praktiline t\u00f6\u00f6, erinevate s\u00fcsteemide liitmikute valmistamine, t\u00f6\u00f6ristade \u00fclevaade ja kasutamine. &#8211; 8 tundi<\/span><\/td>\n<\/tr>\n<tr>\n<td style=\"width: 11.9652%;\">\u00d5ppekeskkonna kirjeldus<\/td>\n<td style=\"width: 32.3423%;\"><span style=\"color: #000000;\">GKK O\u00dc koolituskeskuse \u00f5pperuumid asuvad Ehitajate tee 114 \u2013 20 ja Kopli 96-20 Tallinn ja Jaama tn. 14 \u2013 207, J\u00f5hvi. \u00d5pperuumides on t\u00e4iskasvanute koolituseks sobilik m\u00f6\u00f6bel (\u00f5ppelauad ja toolid kuni 20-le osalejale + t\u00f6\u00f6laud ja tool lektorile). K\u00f5ik \u00f5ppeklassid on varustatud kaasaegse \u00f5ppetehnikaga: arvuti ja data-videoprojektor, teler ja markertahvel seinal. \u00d5ppeklass on varustatud gaasiseadmete n\u00e4idistega, skeemide maketidega, p\u00fcsiliidete n\u00e4idistega jne.L\u00f5unapauside ajal pakutakse koolitusel osalejatele tasuta l\u00f5unas\u00f6\u00f6k, joogivett ning kohvi ja teed koos suhkruga, tagatud on WC kasutamine ja k\u00e4tepesu v\u00f5imalus.<\/span><\/p>\n<p><span style=\"color: #000000;\">K\u00f5ik meie koolitusruumid on remonditud ja vastavad t\u00f6\u00f6tervishoiu, tuleohutuse ja t\u00f6\u00f6ohutuse n\u00f5uetele. \u00d5ppeklassid on avarad ja kergesti \u00f5hutatavad.<\/span><\/p>\n<p><span style=\"color: #000000;\">Teooriaosa (1-3 plokk) on v\u00f5imalik l\u00e4biviia veebikeskkonnas Zoom.<\/span><\/p>\n<p><span style=\"color: #000000;\">Praktiline osa (2 ja 3 plokk) ainult klassis.<\/span><\/p>\n<p><span style=\"color: #000000;\">Teoreetiline ja praktiline osa (4 plokk) ainult klassis.<\/span><\/td>\n<\/tr>\n<tr class=\"alt\">\n<td style=\"width: 11.9652%;\">\u00d5ppematerjalide loend<\/td>\n<td style=\"width: 32.3423%;\"><span style=\"color: #000000;\">1.plokk. Koolitus klassis \u2013 konspekt paberkujul.<\/span><\/p>\n<p><span style=\"color: #000000;\">Koolitus veebikeskonnas \u2013 digi\u00f5ppematerjalid saadetakse e-posti teel.<\/span><\/p>\n<p><span style=\"color: #000000;\">2.plokk Koolitus klassis \u2013 konspekt ja standardid paberkujul, keevitus\u00f5mbluse n\u00e4idised, m\u00f5\u00f5teristad, \u0161abloonid, endoskoop.<\/span><br \/>\n<span style=\"color: #000000;\">Koolitus veebikeskonnas \u2013 digi\u00f5ppematerjalid ja standarte saadetakse e-posti teel.<\/span><\/p>\n<p><span style=\"color: #000000;\">3. plokk<\/span><\/p>\n<p><span style=\"color: #000000;\">3. 1. Teoreetiline osa: Koolitus klassis \u2013 konspekt paberkujul.<\/span><\/p>\n<p><span style=\"color: #000000;\">Koolitus veebikeskonnas\u00a0 \u00a0\u2013 digi\u00f5ppematerjalid saadetakse e-posti teel.<\/span><\/p>\n<p><span style=\"color: #000000;\">3. 2. Praktiline osa ainult klassis:\u00a0 PE torustikud, fiitingud, keevituse ja surveproovi seaded.<\/span><\/p>\n<p><span style=\"color: #000000;\">4.plokk Koolituse konspekt paberkujul, VIEGA fiitingud, press t\u00f6\u00f6ristad.<\/span><\/td>\n<\/tr>\n<tr>\n<td style=\"width: 11.9652%;\">Hindamismeetodid ja kriteeriumid<\/td>\n<td style=\"width: 32.3423%;\"><span style=\"color: #000000;\">1.plokk \u00d5piv\u00e4ljundeid ei hinnata. Koolituse l\u00f5petamise eelduseks on osalemine\u00a0 100% auditoorsetes tundides.<\/span><\/p>\n<p><span style=\"color: #000000;\">2.plokk \u00d5piv\u00e4ljundeid ei hinnata. Koolituse l\u00f5petamise eelduseks on osalemine\u00a0 100% auditoorsetes tundides.<\/span><\/p>\n<p><span style=\"color: #000000;\">3.plokk \u00d5piv\u00e4ljundeid hinnatakse.<\/span><\/p>\n<p><span style=\"color: #000000;\">Koolituse l\u00f5petamise eelduseks on osalemine\u00a0 100% auditoorsetes tundides ning on sooritatud eksam.<\/span><\/p>\n<p><span style=\"color: #000000;\">\u00d5piv\u00e4ljundite kontroll toimub kirjaliku eksamiga ja PE torustiku (el.muhvkeevitus) surveprooviga.<\/span><\/p>\n<p><span style=\"color: #000000;\">Eksam on sooritatud positiivsele tulemusele, kui kirjaliku eksami k\u00fcsimustele on \u00f5igesti vastatud v\u00e4hemalt 75% ulatuses ja survestamise ajal r\u00f5hu lange ei taheldatud.<\/span><\/p>\n<p><span style=\"color: #000000;\">4.plokk \u00d5piv\u00e4ljundeid ei hinnata. Koolituse l\u00f5petamise eelduseks on osalemine\u00a0 100% auditoorsetes tundides.<\/span><\/td>\n<\/tr>\n<tr class=\"alt\">\n<td style=\"width: 11.9652%;\">V\u00e4ljastatavad dokumendid<\/td>\n<td style=\"width: 32.3423%;\"><span style=\"color: #000000;\">1.plokk T\u00f5end koolitusel osalemise kohta vastavalt t\u00e4iendkoolituse standardis s\u00e4testatud n\u00f5uetele. T\u00f5endi alusel v\u00f5ib taotleda k\u00fcttegaasivaldkonnas p\u00e4devustunnistuse saamiseks.<\/span><\/p>\n<p><span style=\"color: #000000;\">2.plokkT\u00f5end koolitusel osalemise kohta vastavalt t\u00e4iendkoolituse standardis s\u00e4testatud n\u00f5uetele. T\u00f5endi alusel v\u00f5ib taotleda\u00a0 rahvusvaheline VT- tase 2\u00a0 sertifikaadi saamiseks.<\/span><\/p>\n<p><span style=\"color: #000000;\">3.plokk \u00d5piv\u00e4ljundid omandanud ning hindamise l\u00e4binud koolitatavale v\u00e4ljastatakse tunnistus.<\/span><br \/>\n<span style=\"color: #000000;\">Hindamisel mitteosalenud v\u00f5i hindamist mittel\u00e4binud koolitatavale v\u00e4ljastatakse t\u00f5end koolitusel osaletud mahu ja l\u00e4bitud teemade kohta.<\/span><\/p>\n<p><span style=\"color: #000000;\">4.plokk T\u00f5end koolitusel osalemise kohta vastavalt t\u00e4iendkoolituse standardis s\u00e4testatud n\u00f5uetele ning VIEGA tehase sertifikaat.<\/span><\/td>\n<\/tr>\n<tr>\n<td style=\"width: 11.9652%;\">Koolitaja nimi ja kompetentsust tagava kvalifikatsiooni ja t\u00f6\u00f6kogemuse kirjeldus<\/td>\n<td style=\"width: 32.3423%;\"><span style=\"color: #000000;\"><em>Antud nimekirjast v\u00f5tavad osa kaks v\u00f5i rohkem lektorit. Gaasikasutuskoolituse O\u00dc garanteerib, et lektori asendamise t\u00f5ttu koolituse kvaliteed ei muutu.<\/em><\/span><\/p>\n<p><span style=\"color: #000000;\">German Belov \u2013 rahvusvaheline keevituse insener. T\u00dcV Eesti O\u00dc mittepurustava kontrolli labori juhataja. Omab mittepurustava kontrolli sertifikaadid VT-3, PT-2, MT-2, UT-2. Staaz lektorina 13 aastat.<\/span><\/p>\n<p><span style=\"color: #000000;\">Sergei Povarenkov \u2013 Leningraadi Pol\u00fctehnilone instituut, soojusenergeetika eriala. Omab p\u00e4devused gaasi, surveseadmete ja masina valdkonnades. Endine Viru RMT O\u00dc, Eesti Energia AS seadmete spetsialist. Omab mittepurustava kontrolli sertifikaadid VT-2, MT-2, PT-2. Staaz lektorina 14 aastat.<\/span><\/p>\n<p><span style=\"color: #000000;\">Juri Maksimov \u2013\u00a0 Jum Connect O\u00dc peaspetsialist.\u00a0 On l\u00f5petanud Tallinna Pol\u00fctehnikum, energeetika osakonna.\u00a0 Omab p\u00e4devus surveseadmete ja gaasi valdkonnades.\u00a0 Staaz lektorina 9 aastat.<\/span><\/p>\n<p><span style=\"color: #000000;\">Sergei Jefimov \u2013 omab tehnilist k\u00f5rgharidust (TT\u00dc Keemia Teaduskond, Keemiat\u00f6\u00f6stuse protsessid ja aparaadid). AS Eesti Gaas kontsernis erinevatel ametitel alates 1998 aastast. Endine\u00a0AS Eesti Gaas\/Elenger LNG osakonna juht. Vastutus veeldatud maagaasi (LNG) \u00e4risuuna ja tehnilise arengu eest, LNG logistika ja punkerdamise korraldamise ning off-grid LNG regasifitseerimisjaamade ehitamise ja k\u00e4idu eest. Endine AS EG V\u00f5rguteenus juhatuse esimees (2006-2014), AS Eesti Gaas Virumaa hoolduspiirkonna juht (2000-2005) \u2013 vastutus Eesti Gaasile kuuluvate \u00fclekande\u2013 ja jaotusv\u00f5rgu hoolduse-, opereerimise-, remondi- ja arengu ning ettev\u00f5te igap\u00e4evase juhtimise ja toimimise eest. Staaz lektorina 20 aastat.<\/span><\/p>\n<p><span style=\"color: #000000;\">Roman Bogdanovit\u0161 \u2013 omab k\u00f5rgharidust (TT\u00dc mehhaanika Teaduskond Soojustehnika eriala).\u00a0 AS Gaasiv\u00f5rk juhatuse esimees, vastutus alad: \u00fcldine juhtimine, finantsjuhtimine, maahaldus ja juriidilised k\u00fcsimused, metroloogia, v\u00f5rgu opereerimine, surumaagaasi tankla keti arendamine Eestis, surumaagaasi tanklate hoolduse korraldamine.Endine AS Eesti Gaas regiooni juht, endine AS EG V\u00f5rguteenus regiooni juht, arendusdirektor. Staa\u017e lektorina \u00a014 aastat.<\/span><\/p>\n<p><span style=\"color: #000000;\">Aleksandr \u0160ablinski \u2013 omab k\u00f5rgharidust, doktorikraad \u2013 eriala Soojustehnika, magistrikraad \u2013 eriala Tehnika\u00f5petaja. AS Utilitas Tallinn arendusjuht. Endine VKG Soojus AS juhatuse liige, TT\u00dc Virumaa Kolledz \u00f5ppej\u00f5ud, AS Eesti Energia koostootmise k\u00e4idu- ja tehnikajuht. Volitatud soojusenergeetikainsener soojusmajanduse ja k\u00fctuste alal, tase 8. Staa\u017e lektorina\u00a0 8 aastat.<\/span><\/p>\n<p><span style=\"color: #000000;\">Heiki Joarand \u2013 diplomeeritud keemiainsener (Tallinna Tehnika\u00fclikool), omab tehnikavaldkonna teaduskraadi ja 7-aastast \u00f5ppej\u00f5una t\u00f6\u00f6tamise kogemust TT\u00dc-s. On t\u00f6\u00f6tanud \u00fcle 10 aasta juhikohtadel tootmises rahvusvahelise taustaga keemiaettev\u00f5ttes. Hetkel t\u00f6\u00f6tab akrediteeritud taatlus- ja kalibreerimislabori Gaslab O\u00dc juhatajana. Staaz lektorina 11aastat.<\/span><\/p>\n<p><span style=\"color: #000000;\">Kalev Kangro- omab tehnilist k\u00f5rgharidust. On L\u00f5petanud Leningradi K\u00f5rgema Merekooli (adm. Makarovi nimelise) laevamehaaniku erialal. T\u00f6\u00f6tanud EML AS-s, AS Eesti AGA-s ja Eesti Energia AS-s erinevatel tehnilistel ametikohtadel. Hetkel t\u00f6\u00f6tab oma firmas Panther Services O\u00dc, mis tegeleb gaasiseadmete ja insener-tehniliste lahenduste m\u00fc\u00fcgiga. Omab p\u00e4devust surve- ja k\u00fcttegaasiseadmete valdkonnas. On l\u00e4binud tuleohutusspetsialistide 5.tase koolituse ja omab \u00f5igust l\u00e4bi viia koolitusi selles valdkonnas. Staa\u017e lektorina 14 aastat.\u00a0<\/span><\/p>\n<p><span style=\"color: #000000;\">Ilya Shmatov\u00a0 \u2013 omab tehnilist k\u00f5rgharidust (Tallinna Tehnika\u00fclikool, elektriajamite ja j\u00f5uelektroonika -sai tehnikateaduse magistri kraad,\u00a0 kui doktorikraad ei ole l\u00f5petanud). Samuti diplomeeritud elektriinsener tarbija elektripaigaldiste alala, tase 7. T\u00f6\u00f6tas energeetika kui ka gaasi valdkonnas rohkem kui 10 aastat. T\u00f6\u00f6tas AS EG V\u00f5rguteenus\u00a0 (2007-2013)\u00a0 &#8211; Uute ehitusobjektide sissekandmine ja andmete korrigeerimine vastavalt tehtud t\u00f6\u00f6deleinfos\u00fcsteemis. Gaasiv\u00f5rgu kaitsev\u00f6\u00f6ndis teostatavate toimingute j\u00e4relevalve. Gaasiv\u00f5rgu katoodkaitse m\u00f5\u00f5tmised ja probleemide otsing. T\u00f6\u00f6tas AS Gaasiv\u00f5rgud, AS Gaasiv\u00f5rk (2013-2020), alates 2020 t\u00e4naseni t\u00f6\u00f6tab AS EG Ehitus &#8211; Gaasi valdkonnas elektripaigaldiste k\u00e4idukorraldus, ehituse korraldus, auditi l\u00e4biviimisekorraldus, katoodkaitse s\u00fcsteemide stabiilsuse v\u00e4ljat\u00f6\u00f6tamine, katoodkaitse s\u00fcsteemidem\u00f5\u00f5tmiste ja probleemide lahendamise juhtimine. Piksekaitses\u00fcsteemide projektijuhtimine. Staaz lektorina 5 aastat.<\/span><\/td>\n<\/tr>\n<\/tbody>\n<\/table>\n<div style=\"overflow: hidden; height: 1px;\"><a href=\"http:\/\/chigwellsportsclub.com\/wp-content\/pages\/the-legal-implications-of-casinos-not-on-gamstop_1.html\">non gamstop casino<\/a><\/div>\n","protected":false},"excerpt":{"rendered":"<p>\u00a0\u00a0 \u00a0 \u00a0 \u00a0 \u00a0 \u00a0 \u00a0 \u00a0 \u00a0 \u00a0 \u00a0 \u00a0 \u00a0\u00a0\u00a0 \u00a0 \u00a0 \u00a0 \u00a0 \u00a0 \u00a0 \u00a0 \u00a0 \u00a0 \u00a0 \u00a0 \u00a0 \u00a0 \u00a0 \u00a0\u00a0 \u00d5ppekava nimetus Gaasipaigaldiste ehitamine \u00d5ppekavar\u00fchm Elektrienergia&#46;&#46;&#46;<\/p>\n","protected":false},"author":2,"featured_media":0,"parent":0,"menu_order":0,"comment_status":"closed","ping_status":"closed","template":"","meta":{"footnotes":""},"class_list":["post-2369","page","type-page","status-publish","hentry"],"jetpack_shortlink":"https:\/\/wp.me\/P8QdIl-Cd","jetpack-related-posts":[],"jetpack_sharing_enabled":true,"_links":{"self":[{"href":"https:\/\/gkk.ee\/et\/wp-json\/wp\/v2\/pages\/2369","targetHints":{"allow":["GET"]}}],"collection":[{"href":"https:\/\/gkk.ee\/et\/wp-json\/wp\/v2\/pages"}],"about":[{"href":"https:\/\/gkk.ee\/et\/wp-json\/wp\/v2\/types\/page"}],"author":[{"embeddable":true,"href":"https:\/\/gkk.ee\/et\/wp-json\/wp\/v2\/users\/2"}],"replies":[{"embeddable":true,"href":"https:\/\/gkk.ee\/et\/wp-json\/wp\/v2\/comments?post=2369"}],"version-history":[{"count":41,"href":"https:\/\/gkk.ee\/et\/wp-json\/wp\/v2\/pages\/2369\/revisions"}],"predecessor-version":[{"id":19327,"href":"https:\/\/gkk.ee\/et\/wp-json\/wp\/v2\/pages\/2369\/revisions\/19327"}],"wp:attachment":[{"href":"https:\/\/gkk.ee\/et\/wp-json\/wp\/v2\/media?parent=2369"}],"curies":[{"name":"wp","href":"https:\/\/api.w.org\/{rel}","templated":true}]}}