{"id":3068,"date":"2023-08-14T22:12:43","date_gmt":"2023-08-14T19:12:43","guid":{"rendered":"http:\/\/gkk.ee\/et\/?page_id=3068"},"modified":"2025-08-06T15:59:01","modified_gmt":"2025-08-06T12:59:01","slug":"gaasiseadmete_hooldamine_12t","status":"publish","type":"page","link":"https:\/\/gkk.ee\/et\/gaasiseadmete_hooldamine_12t\/","title":{"rendered":"12t_Gaasiseadmete hooldamine_\u00d5GH-12"},"content":{"rendered":"<p>&nbsp;<\/p>\n<table class=\" aligncenter\" style=\"width: 100%;\">\n<tbody>\n<tr style=\"height: 24px;\">\n<td style=\"width: 19.5069%; height: 24px;\"><span style=\"color: #000000;\">\u00d5ppekava nimetus<\/span><\/td>\n<td style=\"width: 75.1269%; height: 24px;\"><span style=\"color: #000000;\"><strong>Gaasiseadmete hooldamine (\u00d5GH-12)<\/strong><\/span><\/td>\n<\/tr>\n<tr style=\"height: 24px;\">\n<td style=\"width: 19.5069%; height: 24px;\"><span style=\"color: #000000;\">\u00d5ppekavar\u00fchm<\/span><\/td>\n<td style=\"width: 75.1269%; height: 24px;\"><span style=\"color: #000000;\">Mehaanika ja metallit\u00f6\u00f6<\/span><\/td>\n<\/tr>\n<tr style=\"height: 80px;\">\n<td style=\"width: 19.5069%; height: 80px;\"><span style=\"color: #000000;\">Koolituse sihtr\u00fchm<\/span><\/td>\n<td style=\"width: 75.1269%; height: 80px;\">\n<ul>\n<li><span style=\"color: #000000;\">Gaasit\u00f6id tegeva isiku p\u00e4devustunnistuse omanikud<\/span><\/li>\n<li><span style=\"color: #000000;\">Teised teemast huvitatud isikud<\/span><\/li>\n<\/ul>\n<\/td>\n<\/tr>\n<tr style=\"height: 208px;\">\n<td style=\"width: 19.5069%; height: 208px;\"><span style=\"color: #000000;\">Eesm\u00e4rk ja \u00d5piv\u00e4ljundid<\/span><\/td>\n<td style=\"width: 75.1269%; height: 208px;\"><span style=\"color: #000000;\">Koolitusel osaleja omandab praktilise t\u00f6\u00f6 k\u00e4igus gaasiseadmete t\u00f6\u00f6ks ja remondiks vajalikud teadmised. Koolitusel osaleja tunneb kehtivat (muudatused alates 01.11.2019) k\u00fcttegaasi valdkonna seadusandlust.<\/span><\/p>\n<p><span style=\"color: #000000;\">Koolitusel osaleja teab gaasiseadmete seadist, n\u00f5udeid gaasiseadme hooldamisele, paigaldamisele ja gaasipaigaldise ehitamisele.<\/span><\/td>\n<\/tr>\n<tr style=\"height: 24px;\">\n<td style=\"width: 19.5069%; height: 24px;\"><span style=\"color: #000000;\">Hind (ilma KM-ta)<\/span><\/td>\n<td style=\"width: 75.1269%; height: 24px;\"><span style=\"color: #000000;\">225 euro<\/span><\/td>\n<\/tr>\n<tr style=\"height: 24px;\">\n<td style=\"width: 19.5069%; height: 24px;\"><span style=\"color: #000000;\">\u00d5ppe kogumaht<\/span><\/td>\n<td style=\"width: 75.1269%; height: 24px;\"><span style=\"color: #000000;\">\u00a012 ak.t\u00a0 (1 ak.t = 45 min), millest 6 tundi on auditoorne t\u00f6\u00f6 ning 6 tundi praktika koolikeskkonnas, iseseisvat t\u00f6\u00f6d ei ole.<\/span><\/td>\n<\/tr>\n<tr style=\"height: 170px;\">\n<td style=\"width: 19.5069%; height: 170px;\"><span style=\"color: #000000;\">\u00d5ppe sisu<\/span><\/td>\n<td style=\"width: 75.1269%; height: 170px;\">\n<table style=\"width: 99.6705%; height: 159px;\">\n<tbody>\n<tr>\n<td style=\"width: 100%;\" width=\"472\"><span style=\"color: #000000;\">Seadme ohutuse seadus ja k\u00fcttegaasi valdkonna rakendusm\u00e4\u00e4rused (kehtib alates 01.11.2019).<\/span><\/p>\n<p><span style=\"color: #000000;\">Ohutus k\u00fcttegaasi kasutamisel. Gaasiseadmete seadise ja hooldustingimuste tutvustamine (gaasipliitide seadis, t\u00f6\u00f6p\u00f5him\u00f5te ja remont, veesoojendite ja k\u00fctteseadmete liigitus, seadis, t\u00f6\u00f6tamise p\u00f5him\u00f5te ja remont, ohutusseadmete seadis ja kasutamine)<\/span><\/p>\n<p><span style=\"color: #000000;\">Gaasiseadmete paigaldamise tehnilised tingimused. N\u00f5uded ventilatsiooni ja suitsuk\u00e4ikudele. Andurite liigid, nende paigaldamise n\u00f5uded.<\/span><\/p>\n<p><span style=\"color: #000000;\">Praktiline t\u00f6\u00f6 &#8211; gaasiseadmete seadistamine ja hooldus.<\/span><\/td>\n<\/tr>\n<\/tbody>\n<\/table>\n<\/td>\n<\/tr>\n<tr style=\"height: 256px;\">\n<td style=\"width: 19.5069%; height: 256px;\"><span style=\"color: #000000;\">\u00d5ppekeskkonna kirjeldus<\/span><\/td>\n<td style=\"width: 75.1269%; height: 256px;\"><span style=\"color: #000000;\">GKK O\u00dc koolituskeskuse \u00f5pperuumid asuvad Tallinn, Ehitajate tee 114-20,Tallinn, Kopli 96-20 \u00a0ja J\u00f5hvi linn, Jaama tn. 14 \u2013 207. \u00d5pperuumides on t\u00e4iskasvanute koolituseks sobilik m\u00f6\u00f6bel (\u00f5ppelauad ja toolid kuni 20-le osalejale + t\u00f6\u00f6laud ja tool lektorile). K\u00f5ik \u00f5ppeklassid on varustatud kaasaegse \u00f5ppetehnikaga: arvuti ja data-videoprojektor ja markertahvel seinal. \u00d5ppeklass on varustatud gaasiseadmete n\u00e4idistega, skeemide maketidega, p\u00fcsiliidete n\u00e4idistega jne.<\/span><\/p>\n<p><span style=\"color: #000000;\">L\u00f5unapauside ajal pakutakse koolitusel osalejatele l\u00f5unas\u00f6\u00f6k, joogivett ning kohvi ja teed koos suhkruga, tagatud on WC kasutamine ja k\u00e4tepesu v\u00f5imalus.<\/span><\/p>\n<p><span style=\"color: #000000;\">K\u00f5ik meie koolitusruumid on remonditud ja vastavad t\u00f6\u00f6tervishoiu, tuleohutuse ja t\u00f6\u00f6ohutuse n\u00f5uetele. \u00d5ppeklassid on avarad ja kergesti \u00f5hutatavad.<\/span><\/td>\n<\/tr>\n<tr style=\"height: 24px;\">\n<td style=\"width: 19.5069%; height: 24px;\"><span style=\"color: #000000;\">\u00d5ppematerjilide loend<\/span><\/td>\n<td style=\"width: 75.1269%; height: 24px;\"><span style=\"color: #000000;\">Koolituse konspekt paberkujul<\/span><\/td>\n<\/tr>\n<tr style=\"height: 24px;\">\n<td style=\"width: 19.5069%; height: 24px;\"><span style=\"color: #000000;\">Hindamismeetodid ja kriteeriumid<\/span><\/td>\n<td style=\"width: 75.1269%; height: 24px;\"><span style=\"color: #000000;\">\u00d5piv\u00e4ljundeid ei hinnata<\/span><\/td>\n<\/tr>\n<tr style=\"height: 48px;\">\n<td style=\"width: 19.5069%; height: 48px;\"><span style=\"color: #000000;\">V\u00e4ljastatavad dokumendid<\/span><\/td>\n<td style=\"width: 75.1269%; height: 48px;\"><span style=\"color: #000000;\">T\u00f5end koolitusel osalemise kohta vastavalt t\u00e4iendkoolituse standardis s\u00e4testatud n\u00f5uetele.<br \/>\n<\/span><\/td>\n<\/tr>\n<tr style=\"height: 776px;\">\n<td style=\"width: 19.5069%; height: 776px;\"><span style=\"color: #000000;\">Koolitaja nimi ja kompetentsust tagava kvalifikatsiooni ja t\u00f6\u00f6kogemuse kirjeldus<\/span><\/td>\n<td style=\"width: 75.1269%; height: 776px;\"><span style=\"color: #000000;\"><em>Antud nimekirjast v\u00f5tavad osa kaks v\u00f5i rohkem lektorit. Gaasikasutuskoolituse O\u00dc garanteerib, et lektori asendamise t\u00f5ttu koolituse kvaliteed ei muutu.<\/em><\/span><\/p>\n<p><span style=\"color: #000000;\">Juri Maksimov \u2013\u00a0 Jum Connect O\u00dc peaspetsialist.\u00a0 On l\u00f5petanud Tallinna Pol\u00fctehnikum, energeetika osakonna.\u00a0 Omab p\u00e4devus surveseadmete ja gaasi valdkonnades.\u00a0 Staaz lektorina 5 aastat.<\/span><\/p>\n<p><span style=\"color: #000000;\">Roman Bogdanovit\u0161 \u2013 omab k\u00f5rgharidust (TT\u00dc mehhaanika Teaduskond Soojustehnika eriala).\u00a0 AS Gaasiv\u00f5rk juhatuse esimees, vastutus alad: \u00fcldine juhtimine, finantsjuhtimine, maahaldus ja juriidilised k\u00fcsimused, metroloogia, v\u00f5rgu opereerimine, surumaagaasi tankla keti arendamine Eestis, surumaagaasi tanklate hoolduse korraldamine.Endine AS Eesti Gaas regiooni juht, endine AS EG V\u00f5rguteenus regiooni juht, arendusdirektor. Staa\u017e lektorina \u00a010 aastat.<\/span><\/p>\n<p><span style=\"color: #000000;\">umaagaasi tanklate hoolduse korraldamine.Endine AS Eesti Gaas regiooni juht, endine AS EG V\u00f5rguteenus regiooni juht, arendusdirektor. Staa\u017e lektorina \u00a010 aastat.<\/span><\/p>\n<p><span style=\"color: #000000;\">Aleksandr \u0160ablinski &#8211; omab k\u00f5rgharidust, doktorikraad \u2013 eriala Soojustehnika, magistrikraad \u2013 eriala Tehnika\u00f5petaja. AS Utilitas Tallinn arendusjuht. Endine VKG Soojus AS juhatuse liige, TT\u00dc Virumaa Kolledz \u00f5ppej\u00f5ud, AS Eesti Energia koostootmise k\u00e4idu- ja tehnikajuht. Volitatud soojusenergeetikainsener soojusmajanduse ja k\u00fctuste alal, tase 8. Staa\u017e lektorina \u00a05 aastat.<\/span><\/td>\n<\/tr>\n<\/tbody>\n<\/table>\n<div style=\"overflow: hidden; height: 1px;\">\n<p>\u039f \u03ac\u03bd\u03b8\u03c1\u03c9\u03c0\u03bf\u03c2 \u03c4\u03bf\u03c5 Usada \u03c3\u03c4\u03bf \u03c0\u03ac\u03c4\u03c9\u03bc\u03b1 \u03b1\u03c6\u03ae\u03bd\u03b5\u03b9 \u03c4\u03b1 \u03c7\u03ad\u03c1\u03b9\u03b1 \u03c4\u03bf\u03c5 \u03c0\u03af\u03c3\u03c9 \u03b1\u03c0\u03cc \u03c4\u03b7\u03bd \u03c0\u03bb\u03ac\u03c4\u03b7 \u03c4\u03bf\u03c5 \u03ba\u03b1\u03b9 \u03b1\u03c0\u03b1\u03b3\u03ac\u03b3\u03b5\u03b9 \u03c4\u03b1 \u03c0\u03cc\u03b4\u03b9\u03b1 \u03c4\u03bf\u03c5 \u03c3\u03c4\u03bf\u03c5\u03c2 \u0399\u03bd\u03b4\u03b9\u03ac\u03bd\u03bf\u03c5\u03c2. \u0394\u03b9\u03b1\u03b4\u03ce\u03c3\u03c4\u03b5 \u03c4\u03bf \u03b1\u03c0\u03cc \u03c0\u03ac\u03bd\u03c9, \u03b5\u03bd\u03b1\u03bb\u03bb\u03b1\u03ba\u03c4\u03b9\u03ba\u03ad\u03c2 \u03b5\u03c0\u03b9\u03c6\u03b1\u03bd\u03b5\u03b9\u03b1\u03ba\u03ad\u03c2 \u03c4\u03c1\u03b9\u03b2\u03ad\u03c2 \u03bc\u03b5 \u03b2\u03b1\u03b8\u03b9\u03ac, \u03b5\u03c0\u03b9\u03b2\u03c1\u03b1\u03b4\u03cd\u03bd\u03bf\u03bd\u03c4\u03b1\u03c2, \u03c3\u03c4\u03b7 \u03c3\u03c5\u03bd\u03ad\u03c7\u03b5\u03b9\u03b1 \u03b5\u03c0\u03b9\u03c4\u03b1\u03c7\u03cd\u03bd\u03bf\u03bd\u03c4\u03b1\u03c2 \u03c4\u03bf\u03bd \u03c1\u03c5\u03b8\u03bc\u03cc. \u03a4\u03b1 \u03ba\u03bf\u03c1\u03af\u03c4\u03c3\u03b9\u03b1 \u03b5\u03bc\u03c0\u03b5\u03b9\u03c1\u03bf\u03b3\u03bd\u03c9\u03bc\u03cc\u03bd\u03c9\u03bd \u03c3\u03b5 \u03b1\u03c5\u03c4\u03ae \u03c4\u03b7 \u03b8\u03ad\u03c3\u03b7 \u03bc\u03c0\u03bf\u03c1\u03bf\u03cd\u03bd \u03bd\u03b1 \u03c0\u03ad\u03c3\u03bf\u03c5\u03bd \u03c3\u03b5 \u03ad\u03bd\u03b1 \u03bc\u03ad\u03bb\u03bf\u03c2 \u03ba\u03c5\u03ba\u03bb\u03b9\u03ba\u03ce\u03bd \u03ba\u03b9\u03bd\u03ae\u03c3\u03b5\u03c9\u03bd, \u03b8\u03b1 \u03c0\u03c1\u03bf\u03c3\u03c6\u03ad\u03c1\u03bf\u03c5\u03bd \u03c0\u03b5\u03c1\u03b1\u03b9\u03c4\u03ad\u03c1\u03c9 \u03b5\u03c5\u03c7\u03ac\u03c1\u03b9\u03c3\u03c4\u03b5\u03c2 \u03b1\u03b9\u03c3\u03b8\u03ae\u03c3\u03b5\u03b9\u03c2 \u03c3\u03c4\u03bf\u03bd <a href=\"https:\/\/farmakeiogr.com\/cialis-generic-choris-syntagi-online-asfaleia\/\">cialis \u03b3\u03b5\u03bd\u03bf\u03c3\u03b7\u03bc\u03b1<\/a> \u03a3\u03b5 \u03b1\u03c5\u03c4\u03ae \u03c4\u03b7 \u03b8\u03ad\u03c3\u03b7, \u03b7 &#8220;\u03b3\u03c5\u03bd\u03b1\u03af\u03ba\u03b1 \u03c0\u03b1\u03c1\u03b1\u03c0\u03ac\u03bd\u03c9&#8221; Kamasutra \u03b5\u03af\u03bd\u03b1\u03b9 \u03b7 \u03ba\u03b1\u03bb\u03cd\u03c4\u03b5\u03c1\u03b7 \u03b4\u03b9\u03b5\u03b3\u03b5\u03c1\u03bc\u03ad\u03bd\u03b7 \u03b1\u03c0\u03cc \u03c4\u03bf \u03ba\u03ac\u03c4\u03c9 \u03bc\u03ad\u03c1\u03bf\u03c2 \u03c4\u03bf\u03c5 \u03ba\u03cc\u03bb\u03c0\u03bf\u03c5.<\/p>\n<div style=\"overflow: hidden; height: 1px;\"><a href=\"https:\/\/www.bc3research.org\/images\/pages\/?independent-casinos-exploring-diverse-themes-and-designs.html\">independent uk online casinos<\/a><\/div>\n<\/div>\n","protected":false},"excerpt":{"rendered":"<p>&nbsp; \u00d5ppekava nimetus Gaasiseadmete hooldamine (\u00d5GH-12) \u00d5ppekavar\u00fchm Mehaanika ja metallit\u00f6\u00f6 Koolituse sihtr\u00fchm Gaasit\u00f6id tegeva isiku p\u00e4devustunnistuse omanikud Teised teemast huvitatud isikud Eesm\u00e4rk ja \u00d5piv\u00e4ljundid Koolitusel osaleja omandab praktilise t\u00f6\u00f6 k\u00e4igus gaasiseadmete t\u00f6\u00f6ks ja remondiks&#46;&#46;&#46;<\/p>\n","protected":false},"author":5,"featured_media":0,"parent":0,"menu_order":0,"comment_status":"closed","ping_status":"closed","template":"","meta":{"footnotes":""},"class_list":["post-3068","page","type-page","status-publish","hentry"],"jetpack_shortlink":"https:\/\/wp.me\/P8QdIl-Nu","jetpack-related-posts":[],"jetpack_sharing_enabled":true,"_links":{"self":[{"href":"https:\/\/gkk.ee\/et\/wp-json\/wp\/v2\/pages\/3068","targetHints":{"allow":["GET"]}}],"collection":[{"href":"https:\/\/gkk.ee\/et\/wp-json\/wp\/v2\/pages"}],"about":[{"href":"https:\/\/gkk.ee\/et\/wp-json\/wp\/v2\/types\/page"}],"author":[{"embeddable":true,"href":"https:\/\/gkk.ee\/et\/wp-json\/wp\/v2\/users\/5"}],"replies":[{"embeddable":true,"href":"https:\/\/gkk.ee\/et\/wp-json\/wp\/v2\/comments?post=3068"}],"version-history":[{"count":17,"href":"https:\/\/gkk.ee\/et\/wp-json\/wp\/v2\/pages\/3068\/revisions"}],"predecessor-version":[{"id":18986,"href":"https:\/\/gkk.ee\/et\/wp-json\/wp\/v2\/pages\/3068\/revisions\/18986"}],"wp:attachment":[{"href":"https:\/\/gkk.ee\/et\/wp-json\/wp\/v2\/media?parent=3068"}],"curies":[{"name":"wp","href":"https:\/\/api.w.org\/{rel}","templated":true}]}}