{"id":3593,"date":"2017-03-18T11:43:29","date_gmt":"2017-03-18T09:43:29","guid":{"rendered":"http:\/\/gkk.ee\/et\/?page_id=3593"},"modified":"2022-09-22T14:25:25","modified_gmt":"2022-09-22T11:25:25","slug":"%d0%b3%d0%bb%d0%b0%d0%b2%d0%bd%d0%b0%d1%8f","status":"publish","type":"page","link":"https:\/\/gkk.ee\/et\/ru\/%d0%b3%d0%bb%d0%b0%d0%b2%d0%bd%d0%b0%d1%8f\/","title":{"rendered":"\u0413\u043b\u0430\u0432\u043d\u0430\u044f_old"},"content":{"rendered":"<p style=\"text-align: center;\"><span style=\"font-size: 14pt; color: #000000;\"><em><strong>Gaasikasutuskoolituse O\u00dc \u044f\u0432\u043b\u044f\u0435\u0442\u0441\u044f \u043f\u0430\u0440\u0442\u043d\u0451\u0440\u043e\u043c\u00a0 \u041a\u0430\u0441\u0441\u044b \u043f\u043e \u0431\u0435\u0437\u0440\u0430\u0431\u043e\u0442\u0438\u0446\u0435 \u042d\u0441\u0442\u043e\u043d\u0438\u0438 \u0432 \u0447\u0430\u0441\u0442\u0438 \u043e\u0431\u0443\u0447\u0435\u043d\u0438\u044f !<\/strong><\/em><\/span><a href=\"https:\/\/www.tootukassa.ee\/ru\/content\/rabotay-i-uchis\"><br \/>\n<img data-recalc-dims=\"1\" decoding=\"async\" data-attachment-id=\"4189\" data-permalink=\"https:\/\/gkk.ee\/et\/ru\/%d0%b3%d0%bb%d0%b0%d0%b2%d0%bd%d0%b0%d1%8f\/tootajaopi_sinine_1-png-2\/\" data-orig-file=\"https:\/\/i0.wp.com\/gkk.ee\/et\/wp-content\/uploads\/2020\/03\/T%C3%B6%C3%B6taja%C3%B5pi_sinine_1-PNG-e1663840418769.png?fit=100%2C65&amp;ssl=1\" data-orig-size=\"100,65\" data-comments-opened=\"0\" data-image-meta=\"{&quot;aperture&quot;:&quot;0&quot;,&quot;credit&quot;:&quot;&quot;,&quot;camera&quot;:&quot;&quot;,&quot;caption&quot;:&quot;&quot;,&quot;created_timestamp&quot;:&quot;0&quot;,&quot;copyright&quot;:&quot;&quot;,&quot;focal_length&quot;:&quot;0&quot;,&quot;iso&quot;:&quot;0&quot;,&quot;shutter_speed&quot;:&quot;0&quot;,&quot;title&quot;:&quot;&quot;,&quot;orientation&quot;:&quot;0&quot;}\" data-image-title=\"T\u00f6\u00f6taja\u00f5pi_sinine_1-PNG\" data-image-description=\"\" data-image-caption=\"\" data-large-file=\"https:\/\/i0.wp.com\/gkk.ee\/et\/wp-content\/uploads\/2020\/03\/T%C3%B6%C3%B6taja%C3%B5pi_sinine_1-PNG-e1663840418769.png?fit=100%2C65&amp;ssl=1\" class=\"aligncenter wp-image-4189 size-full\" src=\"https:\/\/i0.wp.com\/gkk.ee\/et\/wp-content\/uploads\/2020\/03\/T%C3%B6%C3%B6taja%C3%B5pi_sinine_1-PNG.png?resize=200%2C129&#038;ssl=1\" alt=\"\" width=\"200\" height=\"129\" \/><\/a><\/p>\n<p><em><span style=\"color: #ff0000;\"><strong>\u041d\u043e\u0432\u043e\u0441\u0442\u044c !\u00a0<\/strong><\/span><\/em><\/p>\n<p><b><i>\u0423 \u043d\u0430\u0441 \u043d\u043e\u0432\u044b\u0439 \u0430\u0434\u0440\u0435\u0441 ! \u0422\u0435\u043f\u0435\u0440\u044c \u043d\u0430\u0448 \u0433\u043b\u0430\u0432\u043d\u044b\u0439 \u043e\u0444\u0438\u0441 \u043d\u0430\u0445\u043e\u0434\u0438\u0442\u0441\u044f \u043f\u043e \u0430\u0434\u0440\u0435\u0441\u0443 Tallinn, Ehitajate tee 114 &#8211; 20 !<\/i><\/b><\/p>\n<hr \/>\n<aside id=\"vsel_widget-3\" class=\"widget fmgc-columns widget-count-0 fmgc-per-row-12 vsel-widget amr_widget widget-odd widget-first widget-1\"><h6 class=\"widget-title\">\u041f\u0420\u0415\u0414\u0421\u0422\u041e\u042f\u0429\u0418\u0415 \u0412\u0418\u0414\u042b \u041e\u0411\u0423\u0427\u0415\u041d\u0418\u042f<\/h6><div id=\"vsel\" class=\"vsel-widget vsel-widget-upcoming-events\"><div id=\"event-19753\" class=\"vsel-content %d0%bd%d0%b4%d1%82-%d0%b8-%d1%81%d0%b5%d1%80%d1%82%d0%b8%d1%84%d0%b8%d0%ba%d0%b0%d1%86%d0%b8%d1%8f vsel-upcoming vsel-current\"><div class=\"vsel-meta vsel-alignleft\"><h3 class=\"vsel-meta-title\"><a href=\"https:\/\/gkk.ee\/et\/ru\/event\/%d0%b2%d0%b8%d0%b7%d1%83%d0%b0%d0%bb%d1%8c%d0%bd%d1%8b%d0%b9-%d0%bd%d0%b5%d1%80%d0%b0%d0%b7%d1%80%d1%83%d1%88%d0%b0%d1%8e%d1%89%d0%b8%d0%b9-%d0%ba%d0%be%d0%bd%d1%82%d1%80%d0%be%d0%bb%d1%8c-vt-29\/\" rel=\"bookmark\" title=\"\u0412\u0438\u0437\u0443\u0430\u043b\u044c\u043d\u044b\u0439 \u043d\u0435\u0440\u0430\u0437\u0440\u0443\u0448\u0430\u044e\u0449\u0438\u0439 \u043a\u043e\u043d\u0442\u0440\u043e\u043b\u044c, VT- \u0443\u0440\u043e\u0432\u0435\u043d\u044c 2 (\u043d\u0430 \u044d\u0441\u0442\u043e\u043d\u0441\u043a\u043e\u043c \u0438 \u0440\u0443\u0441\u0441\u043a\u043e\u043c \u044f\u0437\u044b\u043a\u0435)\">\u0412\u0438\u0437\u0443\u0430\u043b\u044c\u043d\u044b\u0439 \u043d\u0435\u0440\u0430\u0437\u0440\u0443\u0448\u0430\u044e\u0449\u0438\u0439 \u043a\u043e\u043d\u0442\u0440\u043e\u043b\u044c, VT- \u0443\u0440\u043e\u0432\u0435\u043d\u044c 2 (\u043d\u0430 \u044d\u0441\u0442\u043e\u043d\u0441\u043a\u043e\u043c \u0438 \u0440\u0443\u0441\u0441\u043a\u043e\u043c \u044f\u0437\u044b\u043a\u0435)<\/a><\/h3><div class=\"vsel-meta-date vsel-meta-combined-date\">Algus: <span>11.05.2026<\/span> - L\u00f5pp: <span>15.05.2026<\/span><\/div><div class=\"vsel-meta-location\">Asukoht: <span>Tallinn, Kopli 96-20<\/span><\/div><div class=\"vsel-meta-cats\"><span>NDT \u043e\u0431\u0443\u0447\u0435\u043d\u0438\u0435 \u0438 \u0441\u0435\u0440\u0442\u0438\u0444\u0438\u043a\u0430\u0446\u0438\u044f<\/span><\/div><\/div><\/div><div id=\"event-19772\" class=\"vsel-content %d0%b4%d0%b0%d0%b2%d0%bb%d0%b5%d0%bd%d0%b8%d0%b5 vsel-upcoming vsel-future\"><div class=\"vsel-meta vsel-alignleft\"><h3 class=\"vsel-meta-title\"><a href=\"https:\/\/gkk.ee\/et\/ru\/event\/%d0%be%d0%bf%d0%b5%d1%80%d0%b0%d1%82%d0%be%d1%80-%d1%82%d0%b5%d0%bf%d0%bb%d0%be%d0%b2%d0%be%d0%b3%d0%be-%d0%be%d0%b1%d0%be%d1%80%d1%83%d0%b4%d0%be%d0%b2%d0%b0%d0%bd%d0%b8%d1%8f-%d0%bd%d0%b0-%d1%80-3\/\" rel=\"bookmark\" title=\"\u041e\u043f\u0435\u0440\u0430\u0442\u043e\u0440 \u0442\u0435\u043f\u043b\u043e\u0432\u043e\u0433\u043e \u043e\u0431\u043e\u0440\u0443\u0434\u043e\u0432\u0430\u043d\u0438\u044f (\u043d\u0430 \u0440\u0443\u0441\u0441\u043a\u043e\u043c \u044f\u0437\u044b\u043a\u0435)\">\u041e\u043f\u0435\u0440\u0430\u0442\u043e\u0440 \u0442\u0435\u043f\u043b\u043e\u0432\u043e\u0433\u043e \u043e\u0431\u043e\u0440\u0443\u0434\u043e\u0432\u0430\u043d\u0438\u044f (\u043d\u0430 \u0440\u0443\u0441\u0441\u043a\u043e\u043c \u044f\u0437\u044b\u043a\u0435)<\/a><\/h3><div class=\"vsel-meta-date vsel-meta-combined-date\">Algus: <span>19.05.2026<\/span> - L\u00f5pp: <span>22.05.2026<\/span><\/div><div class=\"vsel-meta-location\">Asukoht: <span>J\u00f5hvi, Jaama 14-207<\/span><\/div><div class=\"vsel-meta-cats\"><span>\u041e\u0431\u0443\u0447\u0435\u043d\u0438\u0435 \u0432 \u043e\u0431\u043b\u0430\u0441\u0442\u0438 \u043e\u0431\u043e\u0440\u0443\u0434\u043e\u0432\u0430\u043d\u0438\u044f, \u0440\u0430\u0431\u043e\u0442\u0430\u044e\u0449\u0435\u0433\u043e \u043f\u043e\u0434 \u0434\u0430\u0432\u043b\u0435\u043d\u0438\u0435\u043c<\/span><\/div><\/div><\/div><div id=\"event-19756\" class=\"vsel-content %d0%b4%d0%b0%d0%b2%d0%bb%d0%b5%d0%bd%d0%b8%d0%b5 vsel-upcoming vsel-future\"><div class=\"vsel-meta vsel-alignleft\"><h3 class=\"vsel-meta-title\"><a href=\"https:\/\/gkk.ee\/et\/ru\/event\/%d1%82%d0%b5%d1%85%d0%bd%d0%b8%d1%87%d0%b5%d1%81%d0%ba%d0%b8%d0%b5-%d0%bd%d0%be%d1%80%d0%bc%d1%8b-%d0%b8%d1%81%d0%bf%d0%be%d0%bb%d1%8c%d0%b7%d0%be%d0%b2%d0%b0%d0%bd%d0%b8%d1%8f-%d0%be%d0%b1%d0%be-56\/\" rel=\"bookmark\" title=\"\u0422\u0435\u0445\u043d\u0438\u0447\u0435\u0441\u043a\u0438\u0435 \u043d\u043e\u0440\u043c\u044b \u0438\u0441\u043f\u043e\u043b\u044c\u0437\u043e\u0432\u0430\u043d\u0438\u044f \u043e\u0431\u043e\u0440\u0443\u0434\u043e\u0432\u0430\u043d\u0438\u044f \u043f\u043e\u0434 \u0434\u0430\u0432\u043b\u0435\u043d\u0438\u0435\u043c \u0438 \u043f\u0440\u043e\u0432\u0435\u0434\u0435\u043d\u0438\u044f \u0440\u0430\u0431\u043e\u0442 \u043d\u0430 \u043e\u0431\u043e\u0440\u0443\u0434\u043e\u0432\u0430\u043d\u0438\u0438 \u043f\u043e\u0434 \u0434\u0430\u0432\u043b\u0435\u043d\u0438\u0435\u043c (\u043d\u0430 \u0440\u0443\u0441\u0441\u043a\u043e\u043c \u044f\u0437\u044b\u043a\u0435)\">\u0422\u0435\u0445\u043d\u0438\u0447\u0435\u0441\u043a\u0438\u0435 \u043d\u043e\u0440\u043c\u044b \u0438\u0441\u043f\u043e\u043b\u044c\u0437\u043e\u0432\u0430\u043d\u0438\u044f \u043e\u0431\u043e\u0440\u0443\u0434\u043e\u0432\u0430\u043d\u0438\u044f \u043f\u043e\u0434 \u0434\u0430\u0432\u043b\u0435\u043d\u0438\u0435\u043c \u0438 \u043f\u0440\u043e\u0432\u0435\u0434\u0435\u043d\u0438\u044f \u0440\u0430\u0431\u043e\u0442 \u043d\u0430 \u043e\u0431\u043e\u0440\u0443\u0434\u043e\u0432\u0430\u043d\u0438\u0438 \u043f\u043e\u0434 \u0434\u0430\u0432\u043b\u0435\u043d\u0438\u0435\u043c (\u043d\u0430 \u0440\u0443\u0441\u0441\u043a\u043e\u043c \u044f\u0437\u044b\u043a\u0435)<\/a><\/h3><div class=\"vsel-meta-date vsel-meta-combined-date\">Algus: <span>19.05.2026<\/span> - L\u00f5pp: <span>22.05.2026<\/span><\/div><div class=\"vsel-meta-location\">Asukoht: <span>J\u00f5hvi, Jaama 14-207 ja ONLINE<\/span><\/div><div class=\"vsel-meta-cats\"><span>\u041e\u0431\u0443\u0447\u0435\u043d\u0438\u0435 \u0432 \u043e\u0431\u043b\u0430\u0441\u0442\u0438 \u043e\u0431\u043e\u0440\u0443\u0434\u043e\u0432\u0430\u043d\u0438\u044f, \u0440\u0430\u0431\u043e\u0442\u0430\u044e\u0449\u0435\u0433\u043e \u043f\u043e\u0434 \u0434\u0430\u0432\u043b\u0435\u043d\u0438\u0435\u043c<\/span><\/div><\/div><\/div><div id=\"event-19808\" class=\"vsel-content %d0%bd%d0%b4%d1%82-%d0%b8-%d1%81%d0%b5%d1%80%d1%82%d0%b8%d1%84%d0%b8%d0%ba%d0%b0%d1%86%d0%b8%d1%8f vsel-upcoming vsel-future\"><div class=\"vsel-meta vsel-alignleft\"><h3 class=\"vsel-meta-title\"><a href=\"https:\/\/gkk.ee\/et\/ru\/event\/%d0%bc%d0%b0%d0%b3%d0%bd%d0%b8%d1%82%d0%be%d0%bf%d0%be%d1%80%d0%be%d1%88%d0%ba%d0%be%d0%b2%d1%8b%d0%b9-%d0%bd%d0%b5%d1%80%d0%b0%d0%b7%d1%80%d1%83%d1%88%d0%b0%d1%8e%d1%89%d0%b8%d0%b9-%d0%ba%d0%be-2\/\" rel=\"bookmark\" title=\"\u041c\u0430\u0433\u043d\u0438\u0442\u043e\u043f\u043e\u0440\u043e\u0448\u043a\u043e\u0432\u044b\u0439 \u043d\u0435\u0440\u0430\u0437\u0440\u0443\u0448\u0430\u044e\u0449\u0438\u0439 \u043a\u043e\u043d\u0442\u0440\u043e\u043b\u044c (\u043c\u0430\u0433\u043d\u0438\u0442\u043e\u043f\u043e\u0440\u043e\u0448\u043a\u043e\u0432\u0430\u044f \u0434\u0435\u0444\u0435\u043a\u0442\u043e\u0441\u043a\u043e\u043f\u0438\u044f), MT- \u0443\u0440\u043e\u0432\u0435\u043d\u044c 2 (\u043d\u0430 \u0440\u0443\u0441\u0441\u043a\u043e\u043c \u044f\u0437\u044b\u043a\u0435)\">\u041c\u0430\u0433\u043d\u0438\u0442\u043e\u043f\u043e\u0440\u043e\u0448\u043a\u043e\u0432\u044b\u0439 \u043d\u0435\u0440\u0430\u0437\u0440\u0443\u0448\u0430\u044e\u0449\u0438\u0439 \u043a\u043e\u043d\u0442\u0440\u043e\u043b\u044c (\u043c\u0430\u0433\u043d\u0438\u0442\u043e\u043f\u043e\u0440\u043e\u0448\u043a\u043e\u0432\u0430\u044f \u0434\u0435\u0444\u0435\u043a\u0442\u043e\u0441\u043a\u043e\u043f\u0438\u044f), MT- \u0443\u0440\u043e\u0432\u0435\u043d\u044c 2 (\u043d\u0430 \u0440\u0443\u0441\u0441\u043a\u043e\u043c \u044f\u0437\u044b\u043a\u0435)<\/a><\/h3><div class=\"vsel-meta-date vsel-meta-combined-date\">Algus: <span>25.05.2026<\/span> - L\u00f5pp: <span>29.05.2026<\/span><\/div><div class=\"vsel-meta-location\">Asukoht: <span>J\u00f5hvi, Jaama 14-207<\/span><\/div><div class=\"vsel-meta-cats\"><span>NDT \u043e\u0431\u0443\u0447\u0435\u043d\u0438\u0435 \u0438 \u0441\u0435\u0440\u0442\u0438\u0444\u0438\u043a\u0430\u0446\u0438\u044f<\/span><\/div><\/div><\/div><div id=\"event-19774\" class=\"vsel-content %d0%bc%d0%b0%d1%88%d0%b8%d0%bd%d1%8b vsel-upcoming vsel-future\"><div class=\"vsel-meta vsel-alignleft\"><h3 class=\"vsel-meta-title\"><a href=\"https:\/\/gkk.ee\/et\/ru\/event\/%d1%82%d0%b5%d1%85%d0%bd%d0%b8%d1%87%d0%b5%d1%81%d0%ba%d0%b8%d0%b5-%d0%bd%d0%be%d1%80%d0%bc%d1%8b-%d0%b8%d1%81%d0%bf%d0%be%d0%bb%d1%8c%d0%b7%d0%be%d0%b2%d0%b0%d0%bd%d0%b8%d1%8f-%d0%b3%d1%80%d1%83-23\/\" rel=\"bookmark\" title=\"\u0422\u0435\u0445\u043d\u0438\u0447\u0435\u0441\u043a\u0438\u0435 \u043d\u043e\u0440\u043c\u044b \u0438\u0441\u043f\u043e\u043b\u044c\u0437\u043e\u0432\u0430\u043d\u0438\u044f \u0433\u0440\u0443\u0437\u043e\u043f\u043e\u0434\u044a\u0451\u043c\u043d\u044b\u0445 \u043c\u0430\u0448\u0438\u043d \u0438 \u043f\u0440\u043e\u0432\u0435\u0434\u0435\u043d\u0438\u044f \u0440\u0430\u0431\u043e\u0442 \u043d\u0430 \u0433\u0440\u0443\u0437\u043e\u043f\u043e\u0434\u044a\u0451\u043c\u043d\u044b\u0445 \u043c\u0430\u0448\u0438\u043d\u0430\u0445 (\u043d\u0430 \u0440\u0443\u0441\u0441\u043a\u043e\u043c \u044f\u0437\u044b\u043a\u0435)\">\u0422\u0435\u0445\u043d\u0438\u0447\u0435\u0441\u043a\u0438\u0435 \u043d\u043e\u0440\u043c\u044b \u0438\u0441\u043f\u043e\u043b\u044c\u0437\u043e\u0432\u0430\u043d\u0438\u044f \u0433\u0440\u0443\u0437\u043e\u043f\u043e\u0434\u044a\u0451\u043c\u043d\u044b\u0445 \u043c\u0430\u0448\u0438\u043d \u0438 \u043f\u0440\u043e\u0432\u0435\u0434\u0435\u043d\u0438\u044f \u0440\u0430\u0431\u043e\u0442 \u043d\u0430 \u0433\u0440\u0443\u0437\u043e\u043f\u043e\u0434\u044a\u0451\u043c\u043d\u044b\u0445 \u043c\u0430\u0448\u0438\u043d\u0430\u0445 (\u043d\u0430 \u0440\u0443\u0441\u0441\u043a\u043e\u043c \u044f\u0437\u044b\u043a\u0435)<\/a><\/h3><div class=\"vsel-meta-date vsel-meta-combined-date\">Algus: <span>26.05.2026<\/span> - L\u00f5pp: <span>28.05.2026<\/span><\/div><div class=\"vsel-meta-location\">Asukoht: <span>J\u00f5hvi, Jaama 14-207 ja ONLINE<\/span><\/div><div class=\"vsel-meta-cats\"><span>\u041e\u0431\u0443\u0447\u0435\u043d\u0438\u0435 \u0432 \u043e\u0431\u043b\u0430\u0441\u0442\u0438 \u0433\u0440\u0443\u0437\u043e\u043f\u043e\u0434\u044a\u0451\u043c\u043d\u044b\u0445 \u043c\u0430\u0448\u0438\u043d<\/span><\/div><\/div><\/div><div id=\"event-19789\" class=\"vsel-content %d0%b3%d0%b0%d0%b7%d0%be%d0%b2%d0%be%d0%b5-%d0%be%d0%b1%d0%be%d1%80%d1%83%d0%b4%d0%be%d0%b2%d0%b0%d0%bd%d0%b8%d0%b5 vsel-upcoming vsel-future\"><div class=\"vsel-meta vsel-alignleft\"><h3 class=\"vsel-meta-title\"><a href=\"https:\/\/gkk.ee\/et\/ru\/event\/%d1%82%d0%b5%d1%85%d0%bd%d0%b8%d1%87%d0%b5%d1%81%d0%ba%d0%b8%d0%b5-%d0%bd%d0%be%d1%80%d0%bc%d1%8b-%d0%b8%d1%81%d0%bf%d0%be%d0%bb%d1%8c%d0%b7%d0%be%d0%b2%d0%b0%d0%bd%d0%b8%d1%8f-%d0%b3%d0%b0%d0%b7-90\/\" rel=\"bookmark\" title=\"\u0422\u0435\u0445\u043d\u0438\u0447\u0435\u0441\u043a\u0438\u0435 \u043d\u043e\u0440\u043c\u044b \u0438\u0441\u043f\u043e\u043b\u044c\u0437\u043e\u0432\u0430\u043d\u0438\u044f \u0433\u0430\u0437\u043e\u0432\u044b\u0445 (\u043f\u0440\u0438\u0440\u043e\u0434\u043d\u044b\u0439, \u0431\u0438\u043e- \u0438 \u043f\u0440\u043e\u043c\u044b\u0448\u043b\u0435\u043d\u043d\u044b\u0439 \u0433\u0430\u0437) \u0443\u0441\u0442\u0430\u043d\u043e\u0432\u043e\u043a \u0438 \u043f\u0440\u043e\u0432\u0435\u0434\u0435\u043d\u0438\u044f \u0433\u0430\u0437\u043e\u0432\u044b\u0445 \u0440\u0430\u0431\u043e\u0442 (\u043d\u0430 \u0440\u0443\u0441\u0441\u043a\u043e\u043c \u044f\u0437\u044b\u043a\u0435)\">\u0422\u0435\u0445\u043d\u0438\u0447\u0435\u0441\u043a\u0438\u0435 \u043d\u043e\u0440\u043c\u044b \u0438\u0441\u043f\u043e\u043b\u044c\u0437\u043e\u0432\u0430\u043d\u0438\u044f \u0433\u0430\u0437\u043e\u0432\u044b\u0445 (\u043f\u0440\u0438\u0440\u043e\u0434\u043d\u044b\u0439, \u0431\u0438\u043e- \u0438 \u043f\u0440\u043e\u043c\u044b\u0448\u043b\u0435\u043d\u043d\u044b\u0439 \u0433\u0430\u0437) \u0443\u0441\u0442\u0430\u043d\u043e\u0432\u043e\u043a \u0438 \u043f\u0440\u043e\u0432\u0435\u0434\u0435\u043d\u0438\u044f \u0433\u0430\u0437\u043e\u0432\u044b\u0445 \u0440\u0430\u0431\u043e\u0442 (\u043d\u0430 \u0440\u0443\u0441\u0441\u043a\u043e\u043c \u044f\u0437\u044b\u043a\u0435)<\/a><\/h3><div class=\"vsel-meta-date vsel-meta-combined-date\">Algus: <span>01.06.2026<\/span> - L\u00f5pp: <span>03.06.2026<\/span><\/div><div class=\"vsel-meta-location\">Asukoht: <span>J\u00f5hvi, Jaama 14-207 ja ONLINE<\/span><\/div><div class=\"vsel-meta-cats\"><span>\u041e\u0431\u0443\u0447\u0435\u043d\u0438\u0435 \u0432 \u043e\u0431\u043b\u0430\u0441\u0442\u0438 \u0433\u0430\u0437\u0430<\/span><\/div><\/div><\/div><div id=\"event-19788\" class=\"vsel-content %d0%b4%d0%b0%d0%b2%d0%bb%d0%b5%d0%bd%d0%b8%d0%b5 vsel-upcoming vsel-future\"><div class=\"vsel-meta vsel-alignleft\"><h3 class=\"vsel-meta-title\"><a href=\"https:\/\/gkk.ee\/et\/ru\/event\/%d1%82%d0%b5%d1%85%d0%bd%d0%b8%d1%87%d0%b5%d1%81%d0%ba%d0%b8%d0%b5-%d0%bd%d0%be%d1%80%d0%bc%d1%8b-%d0%b8%d1%81%d0%bf%d0%be%d0%bb%d1%8c%d0%b7%d0%be%d0%b2%d0%b0%d0%bd%d0%b8%d1%8f-%d0%be%d0%b1%d0%be-58\/\" rel=\"bookmark\" title=\"\u0422\u0435\u0445\u043d\u0438\u0447\u0435\u0441\u043a\u0438\u0435 \u043d\u043e\u0440\u043c\u044b \u0438\u0441\u043f\u043e\u043b\u044c\u0437\u043e\u0432\u0430\u043d\u0438\u044f \u043e\u0431\u043e\u0440\u0443\u0434\u043e\u0432\u0430\u043d\u0438\u044f \u043f\u043e\u0434 \u0434\u0430\u0432\u043b\u0435\u043d\u0438\u0435\u043c \u0438 \u043f\u0440\u043e\u0432\u0435\u0434\u0435\u043d\u0438\u044f \u0440\u0430\u0431\u043e\u0442 \u043d\u0430 \u043e\u0431\u043e\u0440\u0443\u0434\u043e\u0432\u0430\u043d\u0438\u0438 \u043f\u043e\u0434 \u0434\u0430\u0432\u043b\u0435\u043d\u0438\u0435\u043c (\u043d\u0430 \u0440\u0443\u0441\u0441\u043a\u043e\u043c \u044f\u0437\u044b\u043a\u0435)\">\u0422\u0435\u0445\u043d\u0438\u0447\u0435\u0441\u043a\u0438\u0435 \u043d\u043e\u0440\u043c\u044b \u0438\u0441\u043f\u043e\u043b\u044c\u0437\u043e\u0432\u0430\u043d\u0438\u044f \u043e\u0431\u043e\u0440\u0443\u0434\u043e\u0432\u0430\u043d\u0438\u044f \u043f\u043e\u0434 \u0434\u0430\u0432\u043b\u0435\u043d\u0438\u0435\u043c \u0438 \u043f\u0440\u043e\u0432\u0435\u0434\u0435\u043d\u0438\u044f \u0440\u0430\u0431\u043e\u0442 \u043d\u0430 \u043e\u0431\u043e\u0440\u0443\u0434\u043e\u0432\u0430\u043d\u0438\u0438 \u043f\u043e\u0434 \u0434\u0430\u0432\u043b\u0435\u043d\u0438\u0435\u043c (\u043d\u0430 \u0440\u0443\u0441\u0441\u043a\u043e\u043c \u044f\u0437\u044b\u043a\u0435)<\/a><\/h3><div class=\"vsel-meta-date vsel-meta-combined-date\">Algus: <span>08.06.2026<\/span> - L\u00f5pp: <span>10.06.2026<\/span><\/div><div class=\"vsel-meta-location\">Asukoht: <span>Tallinn, Ehitajate tee 114-20 ja ONLINE<\/span><\/div><div class=\"vsel-meta-cats\"><span>\u041e\u0431\u0443\u0447\u0435\u043d\u0438\u0435 \u0432 \u043e\u0431\u043b\u0430\u0441\u0442\u0438 \u043e\u0431\u043e\u0440\u0443\u0434\u043e\u0432\u0430\u043d\u0438\u044f, \u0440\u0430\u0431\u043e\u0442\u0430\u044e\u0449\u0435\u0433\u043e \u043f\u043e\u0434 \u0434\u0430\u0432\u043b\u0435\u043d\u0438\u0435\u043c<\/span><\/div><\/div><\/div><div id=\"event-19787\" class=\"vsel-content %d0%b4%d0%b0%d0%b2%d0%bb%d0%b5%d0%bd%d0%b8%d0%b5 vsel-upcoming vsel-future\"><div class=\"vsel-meta vsel-alignleft\"><h3 class=\"vsel-meta-title\"><a href=\"https:\/\/gkk.ee\/et\/ru\/event\/%d1%82%d0%b5%d1%85%d0%bd%d0%b8%d1%87%d0%b5%d1%81%d0%ba%d0%b8%d0%b5-%d0%bd%d0%be%d1%80%d0%bc%d1%8b-%d0%b8%d1%81%d0%bf%d0%be%d0%bb%d1%8c%d0%b7%d0%be%d0%b2%d0%b0%d0%bd%d0%b8%d1%8f-%d0%be%d0%b1%d0%be-57\/\" rel=\"bookmark\" title=\"\u0422\u0435\u0445\u043d\u0438\u0447\u0435\u0441\u043a\u0438\u0435 \u043d\u043e\u0440\u043c\u044b \u0438\u0441\u043f\u043e\u043b\u044c\u0437\u043e\u0432\u0430\u043d\u0438\u044f \u043e\u0431\u043e\u0440\u0443\u0434\u043e\u0432\u0430\u043d\u0438\u044f \u043f\u043e\u0434 \u0434\u0430\u0432\u043b\u0435\u043d\u0438\u0435\u043c \u0438 \u043f\u0440\u043e\u0432\u0435\u0434\u0435\u043d\u0438\u044f \u0440\u0430\u0431\u043e\u0442 \u043d\u0430 \u043e\u0431\u043e\u0440\u0443\u0434\u043e\u0432\u0430\u043d\u0438\u0438 \u043f\u043e\u0434 \u0434\u0430\u0432\u043b\u0435\u043d\u0438\u0435\u043c (\u043d\u0430 \u044d\u0441\u0442\u043e\u043d\u0441\u043a\u043e\u043c \u044f\u0437\u044b\u043a\u0435)\">\u0422\u0435\u0445\u043d\u0438\u0447\u0435\u0441\u043a\u0438\u0435 \u043d\u043e\u0440\u043c\u044b \u0438\u0441\u043f\u043e\u043b\u044c\u0437\u043e\u0432\u0430\u043d\u0438\u044f \u043e\u0431\u043e\u0440\u0443\u0434\u043e\u0432\u0430\u043d\u0438\u044f \u043f\u043e\u0434 \u0434\u0430\u0432\u043b\u0435\u043d\u0438\u0435\u043c \u0438 \u043f\u0440\u043e\u0432\u0435\u0434\u0435\u043d\u0438\u044f \u0440\u0430\u0431\u043e\u0442 \u043d\u0430 \u043e\u0431\u043e\u0440\u0443\u0434\u043e\u0432\u0430\u043d\u0438\u0438 \u043f\u043e\u0434 \u0434\u0430\u0432\u043b\u0435\u043d\u0438\u0435\u043c (\u043d\u0430 \u044d\u0441\u0442\u043e\u043d\u0441\u043a\u043e\u043c \u044f\u0437\u044b\u043a\u0435)<\/a><\/h3><div class=\"vsel-meta-date vsel-meta-combined-date\">Algus: <span>15.06.2026<\/span> - L\u00f5pp: <span>17.06.2026<\/span><\/div><div class=\"vsel-meta-location\">Asukoht: <span>Tallinn, Ehitajate tee 114-20 ja ONLINE<\/span><\/div><div class=\"vsel-meta-cats\"><span>\u041e\u0431\u0443\u0447\u0435\u043d\u0438\u0435 \u0432 \u043e\u0431\u043b\u0430\u0441\u0442\u0438 \u043e\u0431\u043e\u0440\u0443\u0434\u043e\u0432\u0430\u043d\u0438\u044f, \u0440\u0430\u0431\u043e\u0442\u0430\u044e\u0449\u0435\u0433\u043e \u043f\u043e\u0434 \u0434\u0430\u0432\u043b\u0435\u043d\u0438\u0435\u043c<\/span><\/div><\/div><\/div><div id=\"event-19790\" class=\"vsel-content %d0%b3%d0%b0%d0%b7%d0%be%d0%b2%d0%be%d0%b5-%d0%be%d0%b1%d0%be%d1%80%d1%83%d0%b4%d0%be%d0%b2%d0%b0%d0%bd%d0%b8%d0%b5 vsel-upcoming vsel-future\"><div class=\"vsel-meta vsel-alignleft\"><h3 class=\"vsel-meta-title\"><a href=\"https:\/\/gkk.ee\/et\/ru\/event\/%d1%82%d0%b5%d1%85%d0%bd%d0%b8%d1%87%d0%b5%d1%81%d0%ba%d0%b8%d0%b5-%d0%bd%d0%be%d1%80%d0%bc%d1%8b-%d0%b8%d1%81%d0%bf%d0%be%d0%bb%d1%8c%d0%b7%d0%be%d0%b2%d0%b0%d0%bd%d0%b8%d1%8f-%d0%b3%d0%b0%d0%b7-91\/\" rel=\"bookmark\" title=\"\u0422\u0435\u0445\u043d\u0438\u0447\u0435\u0441\u043a\u0438\u0435 \u043d\u043e\u0440\u043c\u044b \u0438\u0441\u043f\u043e\u043b\u044c\u0437\u043e\u0432\u0430\u043d\u0438\u044f \u0433\u0430\u0437\u043e\u0432\u044b\u0445 (\u043f\u0440\u0438\u0440\u043e\u0434\u043d\u044b\u0439, \u0431\u0438\u043e-, \u043f\u0440\u043e\u043c\u044b\u0448\u043b\u0435\u043d\u043d\u044b\u0439 \u0438 \u0441\u0436\u0438\u0436\u0435\u043d\u043d\u044b\u0439 \u0433\u0430\u0437) \u0443\u0441\u0442\u0430\u043d\u043e\u0432\u043e\u043a \u0438 \u043f\u0440\u043e\u0432\u0435\u0434\u0435\u043d\u0438\u044f \u0433\u0430\u0437\u043e\u0432\u044b\u0445 \u0440\u0430\u0431\u043e\u0442  (\u043d\u0430 \u044d\u0441\u0442\u043e\u043d\u0441\u043a\u043e\u043c \u044f\u0437\u044b\u043a\u0435)\">\u0422\u0435\u0445\u043d\u0438\u0447\u0435\u0441\u043a\u0438\u0435 \u043d\u043e\u0440\u043c\u044b \u0438\u0441\u043f\u043e\u043b\u044c\u0437\u043e\u0432\u0430\u043d\u0438\u044f \u0433\u0430\u0437\u043e\u0432\u044b\u0445 (\u043f\u0440\u0438\u0440\u043e\u0434\u043d\u044b\u0439, \u0431\u0438\u043e-, \u043f\u0440\u043e\u043c\u044b\u0448\u043b\u0435\u043d\u043d\u044b\u0439 \u0438 \u0441\u0436\u0438\u0436\u0435\u043d\u043d\u044b\u0439 \u0433\u0430\u0437) \u0443\u0441\u0442\u0430\u043d\u043e\u0432\u043e\u043a \u0438 \u043f\u0440\u043e\u0432\u0435\u0434\u0435\u043d\u0438\u044f \u0433\u0430\u0437\u043e\u0432\u044b\u0445 \u0440\u0430\u0431\u043e\u0442  (\u043d\u0430 \u044d\u0441\u0442\u043e\u043d\u0441\u043a\u043e\u043c \u044f\u0437\u044b\u043a\u0435)<\/a><\/h3><div class=\"vsel-meta-date vsel-meta-combined-date\">Algus: <span>29.06.2026<\/span> - L\u00f5pp: <span>02.07.2026<\/span><\/div><div class=\"vsel-meta-location\">Asukoht: <span>Tallinn, Ehitajate tee 114-20 ja ONLINE<\/span><\/div><div class=\"vsel-meta-cats\"><span>\u041e\u0431\u0443\u0447\u0435\u043d\u0438\u0435 \u0432 \u043e\u0431\u043b\u0430\u0441\u0442\u0438 \u0433\u0430\u0437\u0430<\/span><\/div><\/div><\/div><div id=\"event-19785\" class=\"vsel-content %d0%bd%d0%b4%d1%82-%d0%b8-%d1%81%d0%b5%d1%80%d1%82%d0%b8%d1%84%d0%b8%d0%ba%d0%b0%d1%86%d0%b8%d1%8f vsel-upcoming vsel-future\"><div class=\"vsel-meta vsel-alignleft\"><h3 class=\"vsel-meta-title\"><a href=\"https:\/\/gkk.ee\/et\/ru\/event\/%d0%b2%d0%b8%d0%b7%d1%83%d0%b0%d0%bb%d1%8c%d0%bd%d1%8b%d0%b9-%d0%bd%d0%b5%d1%80%d0%b0%d0%b7%d1%80%d1%83%d1%88%d0%b0%d1%8e%d1%89%d0%b8%d0%b9-%d0%ba%d0%be%d0%bd%d1%82%d1%80%d0%be%d0%bb%d1%8c-vt-30\/\" rel=\"bookmark\" title=\"\u0412\u0438\u0437\u0443\u0430\u043b\u044c\u043d\u044b\u0439 \u043d\u0435\u0440\u0430\u0437\u0440\u0443\u0448\u0430\u044e\u0449\u0438\u0439 \u043a\u043e\u043d\u0442\u0440\u043e\u043b\u044c, VT- \u0443\u0440\u043e\u0432\u0435\u043d\u044c 2 (\u043d\u0430 \u044d\u0441\u0442\u043e\u043d\u0441\u043a\u043e\u043c \u0438 \u0440\u0443\u0441\u0441\u043a\u043e\u043c \u044f\u0437\u044b\u043a\u0435)\">\u0412\u0438\u0437\u0443\u0430\u043b\u044c\u043d\u044b\u0439 \u043d\u0435\u0440\u0430\u0437\u0440\u0443\u0448\u0430\u044e\u0449\u0438\u0439 \u043a\u043e\u043d\u0442\u0440\u043e\u043b\u044c, VT- \u0443\u0440\u043e\u0432\u0435\u043d\u044c 2 (\u043d\u0430 \u044d\u0441\u0442\u043e\u043d\u0441\u043a\u043e\u043c \u0438 \u0440\u0443\u0441\u0441\u043a\u043e\u043c \u044f\u0437\u044b\u043a\u0435)<\/a><\/h3><div class=\"vsel-meta-date vsel-meta-combined-date\">Algus: <span>29.06.2026<\/span> - L\u00f5pp: <span>03.07.2026<\/span><\/div><div class=\"vsel-meta-location\">Asukoht: <span>Tallinn, Kopli 96-20<\/span><\/div><div class=\"vsel-meta-cats\"><span>NDT \u043e\u0431\u0443\u0447\u0435\u043d\u0438\u0435 \u0438 \u0441\u0435\u0440\u0442\u0438\u0444\u0438\u043a\u0430\u0446\u0438\u044f<\/span><\/div><\/div><\/div><\/div><\/aside>\n","protected":false},"excerpt":{"rendered":"<p>Gaasikasutuskoolituse O\u00dc \u044f\u0432\u043b\u044f\u0435\u0442\u0441\u044f \u043f\u0430\u0440\u0442\u043d\u0451\u0440\u043e\u043c\u00a0 \u041a\u0430\u0441\u0441\u044b \u043f\u043e \u0431\u0435\u0437\u0440\u0430\u0431\u043e\u0442\u0438\u0446\u0435 \u042d\u0441\u0442\u043e\u043d\u0438\u0438 \u0432 \u0447\u0430\u0441\u0442\u0438 \u043e\u0431\u0443\u0447\u0435\u043d\u0438\u044f ! \u041d\u043e\u0432\u043e\u0441\u0442\u044c !\u00a0 \u0423 \u043d\u0430\u0441 \u043d\u043e\u0432\u044b\u0439 \u0430\u0434\u0440\u0435\u0441 ! \u0422\u0435\u043f\u0435\u0440\u044c \u043d\u0430\u0448 \u0433\u043b\u0430\u0432\u043d\u044b\u0439 \u043e\u0444\u0438\u0441 \u043d\u0430\u0445\u043e\u0434\u0438\u0442\u0441\u044f \u043f\u043e \u0430\u0434\u0440\u0435\u0441\u0443 Tallinn, Ehitajate tee 114 &#8211; 20 !<\/p>\n","protected":false},"author":1,"featured_media":0,"parent":0,"menu_order":0,"comment_status":"closed","ping_status":"closed","template":"","meta":{"footnotes":""},"class_list":["post-3593","page","type-page","status-publish","hentry"],"jetpack_shortlink":"https:\/\/wp.me\/P8QdIl-VX","jetpack-related-posts":[],"jetpack_sharing_enabled":true,"_links":{"self":[{"href":"https:\/\/gkk.ee\/et\/wp-json\/wp\/v2\/pages\/3593","targetHints":{"allow":["GET"]}}],"collection":[{"href":"https:\/\/gkk.ee\/et\/wp-json\/wp\/v2\/pages"}],"about":[{"href":"https:\/\/gkk.ee\/et\/wp-json\/wp\/v2\/types\/page"}],"author":[{"embeddable":true,"href":"https:\/\/gkk.ee\/et\/wp-json\/wp\/v2\/users\/1"}],"replies":[{"embeddable":true,"href":"https:\/\/gkk.ee\/et\/wp-json\/wp\/v2\/comments?post=3593"}],"version-history":[{"count":26,"href":"https:\/\/gkk.ee\/et\/wp-json\/wp\/v2\/pages\/3593\/revisions"}],"predecessor-version":[{"id":17239,"href":"https:\/\/gkk.ee\/et\/wp-json\/wp\/v2\/pages\/3593\/revisions\/17239"}],"wp:attachment":[{"href":"https:\/\/gkk.ee\/et\/wp-json\/wp\/v2\/media?parent=3593"}],"curies":[{"name":"wp","href":"https:\/\/api.w.org\/{rel}","templated":true}]}}