{"id":392,"date":"2023-08-14T22:12:44","date_gmt":"2023-08-14T19:12:44","guid":{"rendered":"http:\/\/gkk.ee\/new\/?page_id=392"},"modified":"2023-08-14T22:12:44","modified_gmt":"2023-08-14T19:12:44","slug":"koolituse-kalender","status":"publish","type":"page","link":"https:\/\/gkk.ee\/et\/koolitus\/koolituse-kalender\/","title":{"rendered":"Koolituse kalender"},"content":{"rendered":"<div id=\"vsel\" class=\"vsel-shortcode vsel-shortcode-upcoming-events\"><div id=\"event-19591\" class=\"vsel-content teised-koolitused vsel-upcoming vsel-current\"><div class=\"vsel-meta\" style=\"width:100%; clear:both; box-sizing:border-box;\"><h3 class=\"vsel-meta-title\">T\u00e4iskasvanute koolitaja kutseeksami ettevalmistusega (vene keeles)<\/h3><div class=\"vsel-meta-date vsel-meta-combined-date\">Algus: <span>05.01.2026<\/span> - L\u00f5pp: <span>15.04.2026<\/span><\/div><div class=\"vsel-meta-location\">Asukoht: <span>Tallinn, Ehitajate tee 114 - 20, Kadaka \u00c4rimaja, 5.korrusel ja ONLINE<\/span><\/div><div class=\"vsel-meta-cats\">TEISED KOOLITUSED<\/div><\/div><\/div><div id=\"event-19739\" class=\"vsel-content %d0%b3%d0%b0%d0%b7%d0%be%d0%b2%d0%be%d0%b5-%d0%be%d0%b1%d0%be%d1%80%d1%83%d0%b4%d0%be%d0%b2%d0%b0%d0%bd%d0%b8%d0%b5 vsel-upcoming vsel-future\"><div class=\"vsel-meta\" style=\"width:100%; clear:both; box-sizing:border-box;\"><h3 class=\"vsel-meta-title\">\u0422\u0435\u0445\u043d\u0438\u0447\u0435\u0441\u043a\u0438\u0435 \u043d\u043e\u0440\u043c\u044b \u0438\u0441\u043f\u043e\u043b\u044c\u0437\u043e\u0432\u0430\u043d\u0438\u044f \u0433\u0430\u0437\u043e\u0432\u044b\u0445 (\u043f\u0440\u0438\u0440\u043e\u0434\u043d\u044b\u0439, \u0431\u0438\u043e-, \u043f\u0440\u043e\u043c\u044b\u0448\u043b\u0435\u043d\u043d\u044b\u0439 \u0438 \u0441\u0436\u0438\u0436\u0435\u043d\u043d\u044b\u0439 \u0433\u0430\u0437) \u0443\u0441\u0442\u0430\u043d\u043e\u0432\u043e\u043a \u0438 \u043f\u0440\u043e\u0432\u0435\u0434\u0435\u043d\u0438\u044f \u0433\u0430\u0437\u043e\u0432\u044b\u0445 \u0440\u0430\u0431\u043e\u0442 (\u043d\u0430 \u044d\u0441\u0442\u043e\u043d\u0441\u043a\u043e\u043c \u044f\u0437\u044b\u043a\u0435)<\/h3><div class=\"vsel-meta-date vsel-meta-combined-date\">Algus: <span>13.04.2026<\/span> - L\u00f5pp: <span>16.04.2026<\/span><\/div><div class=\"vsel-meta-location\">Asukoht: <span>Tallinn, Ehitajate tee 114 - 20, Kadaka \u00c4rimaja, 5.korrusel ja ONLINE<\/span><\/div><div class=\"vsel-meta-cats\">\u041e\u0431\u0443\u0447\u0435\u043d\u0438\u0435 \u0432 \u043e\u0431\u043b\u0430\u0441\u0442\u0438 \u0433\u0430\u0437\u0430<\/div><\/div><\/div><div id=\"event-19730\" class=\"vsel-content gaasialane-koolitus vsel-upcoming vsel-future\"><div class=\"vsel-meta\" style=\"width:100%; clear:both; box-sizing:border-box;\"><h3 class=\"vsel-meta-title\">K\u00fcttegaasipaigaldise kasutamise ja gaasit\u00f6\u00f6de tegemise tehnilised normid (maa-, bio-, t\u00f6\u00f6stus-, vedelgaas) (eesti keeles)<\/h3><div class=\"vsel-meta-date vsel-meta-combined-date\">Algus: <span>13.04.2026<\/span> - L\u00f5pp: <span>16.04.2026<\/span><\/div><div class=\"vsel-meta-location\">Asukoht: <span>Tallinn, Ehitajate tee 114 - 20, Kadaka \u00c4rimaja, 5.korrusel ja ONLINE<\/span><\/div><div class=\"vsel-meta-cats\">GAASIALANE KOOLITUS<\/div><\/div><\/div><div id=\"event-19741\" class=\"vsel-content gaasialane-koolitus vsel-upcoming vsel-future\"><div class=\"vsel-meta\" style=\"width:100%; clear:both; box-sizing:border-box;\"><h3 class=\"vsel-meta-title\">K\u00fcttegaasipaigaldise kasutamise ja gaasit\u00f6\u00f6de tegemise tehnilised normid (maa-, bio-, t\u00f6\u00f6stus-, vedelgaas) (vene keeles)<\/h3><div class=\"vsel-meta-date vsel-meta-combined-date\">Algus: <span>20.04.2026<\/span> - L\u00f5pp: <span>23.04.2026<\/span><\/div><div class=\"vsel-meta-location\">Asukoht: <span>Tallinn, Ehitajate tee 114 - 20, Kadaka \u00c4rimaja, 5.korrusel ja ONLINE<\/span><\/div><div class=\"vsel-meta-cats\">GAASIALANE KOOLITUS<\/div><\/div><\/div><div id=\"event-19740\" class=\"vsel-content %d0%b3%d0%b0%d0%b7%d0%be%d0%b2%d0%be%d0%b5-%d0%be%d0%b1%d0%be%d1%80%d1%83%d0%b4%d0%be%d0%b2%d0%b0%d0%bd%d0%b8%d0%b5 vsel-upcoming vsel-future\"><div class=\"vsel-meta\" style=\"width:100%; clear:both; box-sizing:border-box;\"><h3 class=\"vsel-meta-title\">\u0422\u0435\u0445\u043d\u0438\u0447\u0435\u0441\u043a\u0438\u0435 \u043d\u043e\u0440\u043c\u044b \u0438\u0441\u043f\u043e\u043b\u044c\u0437\u043e\u0432\u0430\u043d\u0438\u044f \u0433\u0430\u0437\u043e\u0432\u044b\u0445 (\u043f\u0440\u0438\u0440\u043e\u0434\u043d\u044b\u0439, \u0431\u0438\u043e-, \u043f\u0440\u043e\u043c\u044b\u0448\u043b\u0435\u043d\u043d\u044b\u0439 \u0438 \u0441\u0436\u0438\u0436\u0435\u043d\u043d\u044b\u0439 \u0433\u0430\u0437) \u0443\u0441\u0442\u0430\u043d\u043e\u0432\u043e\u043a \u0438 \u043f\u0440\u043e\u0432\u0435\u0434\u0435\u043d\u0438\u044f \u0433\u0430\u0437\u043e\u0432\u044b\u0445 \u0440\u0430\u0431\u043e\u0442 (\u043d\u0430 \u0440\u0443\u0441\u0441\u043a\u043e\u043c \u044f\u0437\u044b\u043a\u0435)<\/h3><div class=\"vsel-meta-date vsel-meta-combined-date\">Algus: <span>20.04.2026<\/span> - L\u00f5pp: <span>23.04.2026<\/span><\/div><div class=\"vsel-meta-location\">Asukoht: <span>Tallinn, Ehitajate tee 114 - 20, Kadaka \u00c4rimaja, 5.korrusel ja ONLINE<\/span><\/div><div class=\"vsel-meta-cats\">\u041e\u0431\u0443\u0447\u0435\u043d\u0438\u0435 \u0432 \u043e\u0431\u043b\u0430\u0441\u0442\u0438 \u0433\u0430\u0437\u0430<\/div><\/div><\/div><div id=\"event-19744\" class=\"vsel-content %d0%b4%d0%b0%d0%b2%d0%bb%d0%b5%d0%bd%d0%b8%d0%b5 vsel-upcoming vsel-future\"><div class=\"vsel-meta\" style=\"width:100%; clear:both; box-sizing:border-box;\"><h3 class=\"vsel-meta-title\">\u0422\u0435\u0445\u043d\u0438\u0447\u0435\u0441\u043a\u0438\u0435 \u043d\u043e\u0440\u043c\u044b \u0438\u0441\u043f\u043e\u043b\u044c\u0437\u043e\u0432\u0430\u043d\u0438\u044f \u043e\u0431\u043e\u0440\u0443\u0434\u043e\u0432\u0430\u043d\u0438\u044f \u043f\u043e\u0434 \u0434\u0430\u0432\u043b\u0435\u043d\u0438\u0435\u043c \u0438 \u043f\u0440\u043e\u0432\u0435\u0434\u0435\u043d\u0438\u044f \u0440\u0430\u0431\u043e\u0442 \u043d\u0430 \u043e\u0431\u043e\u0440\u0443\u0434\u043e\u0432\u0430\u043d\u0438\u0438 \u043f\u043e\u0434 \u0434\u0430\u0432\u043b\u0435\u043d\u0438\u0435\u043c (\u043d\u0430 \u044d\u0441\u0442\u043e\u043d\u0441\u043a\u043e\u043c \u044f\u0437\u044b\u043a\u0435)<\/h3><div class=\"vsel-meta-date vsel-meta-combined-date\">Algus: <span>27.04.2026<\/span> - L\u00f5pp: <span>29.04.2026<\/span><\/div><div class=\"vsel-meta-location\">Asukoht: <span>Tallinn, Ehitajate tee 114 - 20, Kadaka \u00c4rimaja, 5.korrusel ja ONLINE<\/span><\/div><div class=\"vsel-meta-cats\">\u041e\u0431\u0443\u0447\u0435\u043d\u0438\u0435 \u0432 \u043e\u0431\u043b\u0430\u0441\u0442\u0438 \u043e\u0431\u043e\u0440\u0443\u0434\u043e\u0432\u0430\u043d\u0438\u044f, \u0440\u0430\u0431\u043e\u0442\u0430\u044e\u0449\u0435\u0433\u043e \u043f\u043e\u0434 \u0434\u0430\u0432\u043b\u0435\u043d\u0438\u0435\u043c<\/div><\/div><\/div><div id=\"event-19745\" class=\"vsel-content %d0%b4%d0%b0%d0%b2%d0%bb%d0%b5%d0%bd%d0%b8%d0%b5 vsel-upcoming vsel-future\"><div class=\"vsel-meta\" style=\"width:100%; clear:both; box-sizing:border-box;\"><h3 class=\"vsel-meta-title\">\u041e\u043f\u0435\u0440\u0430\u0442\u043e\u0440 \u0442\u0435\u043f\u043b\u043e\u0432\u043e\u0433\u043e \u043e\u0431\u043e\u0440\u0443\u0434\u043e\u0432\u0430\u043d\u0438\u044f (\u043d\u0430 \u044d\u0441\u0442\u043e\u043d\u0441\u043a\u043e\u043c \u044f\u0437\u044b\u043a\u0435)<\/h3><div class=\"vsel-meta-date vsel-meta-combined-date\">Algus: <span>27.04.2026<\/span> - L\u00f5pp: <span>30.04.2026<\/span><\/div><div class=\"vsel-meta-location\">Asukoht: <span>Tallinn, Ehitajate tee 114 - 20, Kadaka \u00c4rimaja, 5.korrusel<\/span><\/div><div class=\"vsel-meta-cats\">\u041e\u0431\u0443\u0447\u0435\u043d\u0438\u0435 \u0432 \u043e\u0431\u043b\u0430\u0441\u0442\u0438 \u043e\u0431\u043e\u0440\u0443\u0434\u043e\u0432\u0430\u043d\u0438\u044f, \u0440\u0430\u0431\u043e\u0442\u0430\u044e\u0449\u0435\u0433\u043e \u043f\u043e\u0434 \u0434\u0430\u0432\u043b\u0435\u043d\u0438\u0435\u043c<\/div><\/div><\/div><div id=\"event-19746\" class=\"vsel-content surveseadmealane-koolitus vsel-upcoming vsel-future\"><div class=\"vsel-meta\" style=\"width:100%; clear:both; box-sizing:border-box;\"><h3 class=\"vsel-meta-title\">Soojusseadmete k\u00e4itaja, katlaoperaator (eesti keeles)<\/h3><div class=\"vsel-meta-date vsel-meta-combined-date\">Algus: <span>27.04.2026<\/span> - L\u00f5pp: <span>30.04.2026<\/span><\/div><div class=\"vsel-meta-location\">Asukoht: <span>Tallinn, Ehitajate tee 114 - 20, Kadaka \u00c4rimaja, 5.korrusel<\/span><\/div><div class=\"vsel-meta-cats\">SURVESEADMEALANE KOOLITUS<\/div><\/div><\/div><div id=\"event-19743\" class=\"vsel-content surveseadmealane-koolitus vsel-upcoming vsel-future\"><div class=\"vsel-meta\" style=\"width:100%; clear:both; box-sizing:border-box;\"><h3 class=\"vsel-meta-title\">Surveseadme kasutamise ja surveseadmet\u00f6\u00f6de tegemise tehnilised normid (eesti keeles)<\/h3><div class=\"vsel-meta-date vsel-meta-combined-date\">Algus: <span>27.04.2026<\/span> - L\u00f5pp: <span>29.04.2026<\/span><\/div><div class=\"vsel-meta-location\">Asukoht: <span>Tallinn, Ehitajate tee 114 - 20, Kadaka \u00c4rimaja, 5.korrusel ja ONLINE<\/span><\/div><div class=\"vsel-meta-cats\">SURVESEADMEALANE KOOLITUS<\/div><\/div><\/div><div id=\"event-19731\" class=\"vsel-content ndt-koolitus-ja-sertifitseerimine vsel-upcoming vsel-future\"><div class=\"vsel-meta\" style=\"width:100%; clear:both; box-sizing:border-box;\"><h3 class=\"vsel-meta-title\">Visuaalne mittepurustav kontroll, VT- tase 2 (vene keeles)<\/h3><div class=\"vsel-meta-date vsel-meta-combined-date\">Algus: <span>04.05.2026<\/span> - L\u00f5pp: <span>08.05.2026<\/span><\/div><div class=\"vsel-meta-location\">Asukoht: <span>J\u00f5hvi, Jaama 14-207<\/span><\/div><div class=\"vsel-meta-cats\">NDT KOOLITUS JA SERTIFITSEERIMINE<\/div><\/div><\/div><div id=\"event-19732\" class=\"vsel-content %d0%bd%d0%b4%d1%82-%d0%b8-%d1%81%d0%b5%d1%80%d1%82%d0%b8%d1%84%d0%b8%d0%ba%d0%b0%d1%86%d0%b8%d1%8f vsel-upcoming vsel-future\"><div class=\"vsel-meta\" style=\"width:100%; clear:both; box-sizing:border-box;\"><h3 class=\"vsel-meta-title\">\u0412\u0438\u0437\u0443\u0430\u043b\u044c\u043d\u044b\u0439 \u043d\u0435\u0440\u0430\u0437\u0440\u0443\u0448\u0430\u044e\u0449\u0438\u0439 \u043a\u043e\u043d\u0442\u0440\u043e\u043b\u044c, VT- \u0443\u0440\u043e\u0432\u0435\u043d\u044c 2 (\u043d\u0430 \u0440\u0443\u0441\u0441\u043a\u043e\u043c \u044f\u0437\u044b\u043a\u0435)<\/h3><div class=\"vsel-meta-date vsel-meta-combined-date\">Algus: <span>04.05.2026<\/span> - L\u00f5pp: <span>08.05.2026<\/span><\/div><div class=\"vsel-meta-location\">Asukoht: <span>J\u00f5hvi, Jaama 14-207<\/span><\/div><div class=\"vsel-meta-cats\">NDT \u043e\u0431\u0443\u0447\u0435\u043d\u0438\u0435 \u0438 \u0441\u0435\u0440\u0442\u0438\u0444\u0438\u043a\u0430\u0446\u0438\u044f<\/div><\/div><\/div><div class=\"vsel-nav\"><\/div><\/div>\n","protected":false},"excerpt":{"rendered":"","protected":false},"author":1,"featured_media":0,"parent":388,"menu_order":0,"comment_status":"closed","ping_status":"closed","template":"","meta":{"footnotes":""},"class_list":["post-392","page","type-page","status-publish","hentry"],"jetpack_shortlink":"https:\/\/wp.me\/P8QdIl-6k","jetpack-related-posts":[],"jetpack_sharing_enabled":false,"_links":{"self":[{"href":"https:\/\/gkk.ee\/et\/wp-json\/wp\/v2\/pages\/392","targetHints":{"allow":["GET"]}}],"collection":[{"href":"https:\/\/gkk.ee\/et\/wp-json\/wp\/v2\/pages"}],"about":[{"href":"https:\/\/gkk.ee\/et\/wp-json\/wp\/v2\/types\/page"}],"author":[{"embeddable":true,"href":"https:\/\/gkk.ee\/et\/wp-json\/wp\/v2\/users\/1"}],"replies":[{"embeddable":true,"href":"https:\/\/gkk.ee\/et\/wp-json\/wp\/v2\/comments?post=392"}],"version-history":[{"count":7,"href":"https:\/\/gkk.ee\/et\/wp-json\/wp\/v2\/pages\/392\/revisions"}],"predecessor-version":[{"id":812,"href":"https:\/\/gkk.ee\/et\/wp-json\/wp\/v2\/pages\/392\/revisions\/812"}],"up":[{"embeddable":true,"href":"https:\/\/gkk.ee\/et\/wp-json\/wp\/v2\/pages\/388"}],"wp:attachment":[{"href":"https:\/\/gkk.ee\/et\/wp-json\/wp\/v2\/media?parent=392"}],"curies":[{"name":"wp","href":"https:\/\/api.w.org\/{rel}","templated":true}]}}