{"id":394,"date":"2023-08-14T22:12:45","date_gmt":"2023-08-14T19:12:45","guid":{"rendered":"http:\/\/gkk.ee\/new\/?page_id=394"},"modified":"2023-08-14T22:12:45","modified_gmt":"2023-08-14T19:12:45","slug":"koolitusele-registreerimine","status":"publish","type":"page","link":"https:\/\/gkk.ee\/et\/koolitusele-registreerimine\/","title":{"rendered":"Koolitusele registreerimine"},"content":{"rendered":"<div class=\"wpforms-container wpforms-container-full\" id=\"wpforms-641\"><form id=\"wpforms-form-641\" class=\"wpforms-validate wpforms-form\" data-formid=\"641\" method=\"post\" enctype=\"multipart\/form-data\" action=\"\/et\/wp-json\/wp\/v2\/pages\/394\" data-token=\"bd745837609ba4ee65da9b6f267744fa\" data-token-time=\"1776361960\"><noscript class=\"wpforms-error-noscript\">Please enable JavaScript in your browser to complete this form.<\/noscript><div class=\"wpforms-field-container\"><div id=\"wpforms-641-field_7-container\" class=\"wpforms-field wpforms-field-textarea\" data-field-id=\"7\"><label class=\"wpforms-field-label\" for=\"wpforms-641-field_7\">Osalejate nimekiri <span class=\"wpforms-required-label\">*<\/span><\/label><textarea id=\"wpforms-641-field_7\" class=\"wpforms-field-medium wpforms-field-required\" name=\"wpforms[fields][7]\" placeholder=\"Nimi, perekonnanimi, isikukood\" required><\/textarea><\/div><div id=\"wpforms-641-field_8-container\" class=\"wpforms-field wpforms-field-select wpforms-field-select-style-classic\" data-field-id=\"8\"><label class=\"wpforms-field-label\" for=\"wpforms-641-field_8\">Koolituse nimetus <span class=\"wpforms-required-label\">*<\/span><\/label><select id=\"wpforms-641-field_8\" class=\"wpforms-field-large wpforms-field-required\" name=\"wpforms[fields][8]\" required=\"required\"><option value=\"K\u00fcttegaasipaigaldise kasutamise ja gaasit\u00f6\u00f6de tegemise tehnilised normid (maa-, bio-, t\u00f6\u00f6stus-, vedelgaas) (32 tundi)\"  class=\"choice-1 depth-1\"  >K\u00fcttegaasipaigaldise kasutamise ja gaasit\u00f6\u00f6de tegemise tehnilised normid (maa-, bio-, t\u00f6\u00f6stus-, vedelgaas) (32 tundi)<\/option><option value=\"K\u00fcttegaasipaigaldise kasutamise ja gaasit\u00f6\u00f6de tegemise tehnilised normid (maa-, bio-, t\u00f6\u00f6stus-, vedelgaas) (20 tundi)\"  class=\"choice-2 depth-1\"  >K\u00fcttegaasipaigaldise kasutamise ja gaasit\u00f6\u00f6de tegemise tehnilised normid (maa-, bio-, t\u00f6\u00f6stus-, vedelgaas) (20 tundi)<\/option><option value=\"K\u00fcttegaasipaigaldise kasutamise ja gaasit\u00f6\u00f6de tegemise tehnilised normid (maa-, bio-, t\u00f6\u00f6stus-, vedelgaas) (8 tundi)\"  class=\"choice-3 depth-1\"  >K\u00fcttegaasipaigaldise kasutamise ja gaasit\u00f6\u00f6de tegemise tehnilised normid (maa-, bio-, t\u00f6\u00f6stus-, vedelgaas) (8 tundi)<\/option><option value=\"Maa-, bio-, t\u00f6\u00f6stusgaasipaigaldise kasutamise ja gaasit\u00f6\u00f6de tegemise tehnilised normid (26 tundi)\"  class=\"choice-21 depth-1\"  >Maa-, bio-, t\u00f6\u00f6stusgaasipaigaldise kasutamise ja gaasit\u00f6\u00f6de tegemise tehnilised normid (26 tundi)<\/option><option value=\"Maa-, bio-, t\u00f6\u00f6stusgaasipaigaldise kasutamise ja gaasit\u00f6\u00f6de tegemise tehnilised normid (16 tundi)\"  class=\"choice-22 depth-1\"  >Maa-, bio-, t\u00f6\u00f6stusgaasipaigaldise kasutamise ja gaasit\u00f6\u00f6de tegemise tehnilised normid (16 tundi)<\/option><option value=\"Vedelgaasipaigaldise kasutamise ja gaasit\u00f6\u00f6de tegemise tehnilised normid (26 tundi)\"  class=\"choice-23 depth-1\"  >Vedelgaasipaigaldise kasutamise ja gaasit\u00f6\u00f6de tegemise tehnilised normid (26 tundi)<\/option><option value=\"Vedelgaasipaigaldise kasutamise ja gaasit\u00f6\u00f6de tegemise tehnilised normid (16 tundi)\"  class=\"choice-24 depth-1\"  >Vedelgaasipaigaldise kasutamise ja gaasit\u00f6\u00f6de tegemise tehnilised normid (16 tundi)<\/option><option value=\"Maa-, bio-, t\u00f6\u00f6stusgaasipaigaldise k\u00e4itaja (26 tundi)\"  class=\"choice-5 depth-1\"  >Maa-, bio-, t\u00f6\u00f6stusgaasipaigaldise k\u00e4itaja (26 tundi)<\/option><option value=\"Maa-, bio-, t\u00f6\u00f6stusgaasipaigaldise k\u00e4itaja (16 tundi)\"  class=\"choice-25 depth-1\"  >Maa-, bio-, t\u00f6\u00f6stusgaasipaigaldise k\u00e4itaja (16 tundi)<\/option><option value=\"Vedelgaasipaigaldise k\u00e4itaja (26 tundi)\"  class=\"choice-8 depth-1\"  >Vedelgaasipaigaldise k\u00e4itaja (26 tundi)<\/option><option value=\"Vedelgaasipaigaldise k\u00e4itaja (16 tundi)\"  class=\"choice-26 depth-1\"  >Vedelgaasipaigaldise k\u00e4itaja (16 tundi)<\/option><option value=\"K\u00fcttegaasipaigaldise (maa-, bio-, t\u00f6\u00f6stus-, vedelgaas) k\u00e4itaja (32 tundi)\"  class=\"choice-27 depth-1\"  >K\u00fcttegaasipaigaldise (maa-, bio-, t\u00f6\u00f6stus-, vedelgaas) k\u00e4itaja (32 tundi)<\/option><option value=\"K\u00fcttegaasipaigaldise (maa-, bio-, t\u00f6\u00f6stus-, vedelgaas) k\u00e4itaja (20 tundi)\"  class=\"choice-28 depth-1\"  >K\u00fcttegaasipaigaldise (maa-, bio-, t\u00f6\u00f6stus-, vedelgaas) k\u00e4itaja (20 tundi)<\/option><option value=\"Gaasit\u00f6\u00f6de projekteerimine (45 tundi)\"  class=\"choice-4 depth-1\"  >Gaasit\u00f6\u00f6de projekteerimine (45 tundi)<\/option><option value=\"Surveseadme kasutamise ja surveseadmet\u00f6\u00f6de tegemise tehnilised normid (26 tundi)\"  class=\"choice-9 depth-1\"  >Surveseadme kasutamise ja surveseadmet\u00f6\u00f6de tegemise tehnilised normid (26 tundi)<\/option><option value=\"Surveseadme kasutamise ja surveseadmet\u00f6\u00f6de tegemise tehnilised normid (16 tundi)\"  class=\"choice-10 depth-1\"  >Surveseadme kasutamise ja surveseadmet\u00f6\u00f6de tegemise tehnilised normid (16 tundi)<\/option><option value=\"Surveseadme kasutamise ja surveseadmet\u00f6\u00f6de tegemise tehnilised normid (8 tundi)\"  class=\"choice-11 depth-1\"  >Surveseadme kasutamise ja surveseadmet\u00f6\u00f6de tegemise tehnilised normid (8 tundi)<\/option><option value=\"Soojusseadmete k\u00e4itaja, katlaoperaator (50 tundi)\"  class=\"choice-12 depth-1\"  >Soojusseadmete k\u00e4itaja, katlaoperaator (50 tundi)<\/option><option value=\"Masina kasutamise ja masinat\u00f6\u00f6de tegemise tehnilised normid  (26 tundi)\"  class=\"choice-14 depth-1\"  >Masina kasutamise ja masinat\u00f6\u00f6de tegemise tehnilised normid  (26 tundi)<\/option><option value=\"Masina kasutamise ja masinat\u00f6\u00f6de tegemise tehnilised normid  (16 tundi)\"  class=\"choice-15 depth-1\"  >Masina kasutamise ja masinat\u00f6\u00f6de tegemise tehnilised normid  (16 tundi)<\/option><option value=\"Masina kasutamise ja masinat\u00f6\u00f6de tegemise tehnilised normid  (8 tundi)\"  class=\"choice-16 depth-1\"  >Masina kasutamise ja masinat\u00f6\u00f6de tegemise tehnilised normid  (8 tundi)<\/option><option value=\"Masina k\u00e4itaja (kraanajuht, telferist-troppija)  (26 tundi)\"  class=\"choice-17 depth-1\"  >Masina k\u00e4itaja (kraanajuht, telferist-troppija)  (26 tundi)<\/option><option value=\"Masina k\u00e4itaja (kraanajuht, telferist-troppija)  (16 tundi)\"  class=\"choice-18 depth-1\"  >Masina k\u00e4itaja (kraanajuht, telferist-troppija)  (16 tundi)<\/option><option value=\"Visuaalkontroll, VT- tase 2 (50 tundi)\"  class=\"choice-19 depth-1\"  >Visuaalkontroll, VT- tase 2 (50 tundi)<\/option><option value=\"Kapillaarkontroll (penetrantkatse), PT- tase 2 (50 tundi)\"  class=\"choice-20 depth-1\"  >Kapillaarkontroll (penetrantkatse), PT- tase 2 (50 tundi)<\/option><option value=\"Magnetpulbri kontroll, MT- tase 2 (50 tundi)\"  class=\"choice-32 depth-1\"  >Magnetpulbri kontroll, MT- tase 2 (50 tundi)<\/option><option value=\"Ultrahelikontroll, UT- tase 2 (126 tundi)\"  class=\"choice-31 depth-1\"  >Ultrahelikontroll, UT- tase 2 (126 tundi)<\/option><option value=\"PE torustike ehitamine  (16 tundi)\"  class=\"choice-6 depth-1\"  >PE torustike ehitamine  (16 tundi)<\/option><option value=\"VIEGA s\u00fcsteemide ehitamine (6 tundi)\"  class=\"choice-7 depth-1\"  >VIEGA s\u00fcsteemide ehitamine (6 tundi)<\/option><option value=\"Tulet\u00f6\u00f6de tuleohutuse n\u00f5uded (8 tundi)\"  class=\"choice-29 depth-1\"  >Tulet\u00f6\u00f6de tuleohutuse n\u00f5uded (8 tundi)<\/option><option value=\"T\u00e4iskasvanute koolitaja kutseeksami ettevalmistusega (120 tundi)\"  class=\"choice-30 depth-1\"  >T\u00e4iskasvanute koolitaja kutseeksami ettevalmistusega (120 tundi)<\/option><\/select><\/div><div id=\"wpforms-641-field_14-container\" class=\"wpforms-field wpforms-field-checkbox wpforms-list-2-columns\" data-field-id=\"14\"><label class=\"wpforms-field-label\">P\u00e4devuse saamise vajadus:<\/label><ul id=\"wpforms-641-field_14\"><li class=\"choice-1 depth-1\"><input type=\"checkbox\" id=\"wpforms-641-field_14_1\" name=\"wpforms[fields][14][]\" value=\"Kasutamise j\u00e4relevaataja\"  ><label class=\"wpforms-field-label-inline\" for=\"wpforms-641-field_14_1\">Kasutamise j\u00e4relevaataja<\/label><\/li><li class=\"choice-2 depth-1\"><input type=\"checkbox\" id=\"wpforms-641-field_14_2\" name=\"wpforms[fields][14][]\" value=\"Seadmet\u00f6\u00f6d tegev isik\"  ><label class=\"wpforms-field-label-inline\" for=\"wpforms-641-field_14_2\">Seadmet\u00f6\u00f6d tegev isik<\/label><\/li><\/ul><\/div><div id=\"wpforms-641-field_9-container\" class=\"wpforms-field wpforms-field-select wpforms-field-select-style-classic\" data-field-id=\"9\"><label class=\"wpforms-field-label\" for=\"wpforms-641-field_9\">Keel <span class=\"wpforms-required-label\">*<\/span><\/label><select id=\"wpforms-641-field_9\" class=\"wpforms-field-large wpforms-field-required\" name=\"wpforms[fields][9]\" required=\"required\"><option value=\"Eesti\"  class=\"choice-1 depth-1\"  >Eesti<\/option><option value=\"Vene\"  class=\"choice-2 depth-1\"  >Vene<\/option><\/select><\/div><div id=\"wpforms-641-field_10-container\" class=\"wpforms-field wpforms-field-select wpforms-field-select-style-classic\" data-field-id=\"10\"><label class=\"wpforms-field-label\" for=\"wpforms-641-field_10\">Koolituse toimumise koht <span class=\"wpforms-required-label\">*<\/span><\/label><select id=\"wpforms-641-field_10\" class=\"wpforms-field-large wpforms-field-required\" name=\"wpforms[fields][10]\" required=\"required\"><option value=\"Tallinn\"  class=\"choice-1 depth-1\"  >Tallinn<\/option><option value=\"Ida - Virumaa filiaal\"  class=\"choice-2 depth-1\"  >Ida - Virumaa filiaal<\/option><option value=\"online\"  class=\"choice-3 depth-1\"  >online<\/option><\/select><\/div><div id=\"wpforms-641-field_11-container\" class=\"wpforms-field wpforms-field-text\" data-field-id=\"11\"><label class=\"wpforms-field-label\" for=\"wpforms-641-field_11\">Ettev\u00f5tte v\u00f5i eraisik <span class=\"wpforms-required-label\">*<\/span><\/label><input type=\"text\" id=\"wpforms-641-field_11\" class=\"wpforms-field-large wpforms-field-required\" name=\"wpforms[fields][11]\" placeholder=\"Ettev\u00f5tte \u00e4rinimi v\u00f5i eraisiku nimi\" required><\/div><div id=\"wpforms-641-field_18-container\" class=\"wpforms-field wpforms-field-text\" data-field-id=\"18\"><label class=\"wpforms-field-label\" for=\"wpforms-641-field_18\">Kontakt isik<\/label><input type=\"text\" id=\"wpforms-641-field_18\" class=\"wpforms-field-large\" name=\"wpforms[fields][18]\" placeholder=\"Nimi ja perekonnanimi\" ><\/div><div id=\"wpforms-641-field_20-container\" class=\"wpforms-field wpforms-field-email\" data-field-id=\"20\"><label class=\"wpforms-field-label\" for=\"wpforms-641-field_20\">E-MAIL <span class=\"wpforms-required-label\">*<\/span><\/label><input type=\"email\" id=\"wpforms-641-field_20\" class=\"wpforms-field-large wpforms-field-required\" name=\"wpforms[fields][20]\" placeholder=\"Kontaktisiku E-MAIL\" spellcheck=\"false\" required><\/div><div id=\"wpforms-641-field_21-container\" class=\"wpforms-field wpforms-field-text\" data-field-id=\"21\"><label class=\"wpforms-field-label\" for=\"wpforms-641-field_21\">Telefoninumber <span class=\"wpforms-required-label\">*<\/span><\/label><input type=\"text\" id=\"wpforms-641-field_21\" class=\"wpforms-field-large wpforms-field-required\" name=\"wpforms[fields][21]\" placeholder=\"+372 \" required><\/div><div id=\"wpforms-641-field_13-container\" class=\"wpforms-field wpforms-field-textarea\" data-field-id=\"13\"><label class=\"wpforms-field-label\" for=\"wpforms-641-field_13\">Arve saaja <span class=\"wpforms-required-label\">*<\/span><\/label><textarea id=\"wpforms-641-field_13\" class=\"wpforms-field-medium wpforms-field-required\" name=\"wpforms[fields][13]\" placeholder=\"Maksja rekvisiidid\" required><\/textarea><\/div><div id=\"wpforms-641-field_16-container\" class=\"wpforms-field wpforms-field-email\" data-field-id=\"16\"><label class=\"wpforms-field-label\" for=\"wpforms-641-field_16\">E-MAIL <span class=\"wpforms-required-label\">*<\/span><\/label><input type=\"email\" id=\"wpforms-641-field_16\" class=\"wpforms-field-large wpforms-field-required\" name=\"wpforms[fields][16]\" placeholder=\"Arve saaja E-MAIL\" spellcheck=\"false\" required><\/div><div id=\"wpforms-641-field_19-container\" class=\"wpforms-field wpforms-field-text\" data-field-id=\"19\"><label class=\"wpforms-field-label\" for=\"wpforms-641-field_19\">Telefoninumber <span class=\"wpforms-required-label\">*<\/span><\/label><input type=\"text\" id=\"wpforms-641-field_19\" class=\"wpforms-field-large wpforms-field-required\" name=\"wpforms[fields][19]\" placeholder=\"+372 \" required><\/div><div id=\"wpforms-641-field_15-container\" class=\"wpforms-field wpforms-field-textarea\" data-field-id=\"15\"><label class=\"wpforms-field-label\" for=\"wpforms-641-field_15\">Kommentaar<\/label><textarea id=\"wpforms-641-field_15\" class=\"wpforms-field-medium\" name=\"wpforms[fields][15]\" ><\/textarea><\/div><\/div><!-- .wpforms-field-container --><div class=\"wpforms-field wpforms-field-hp\"><label for=\"wpforms-641-field-hp\" class=\"wpforms-field-label\">Comment<\/label><input type=\"text\" name=\"wpforms[hp]\" id=\"wpforms-641-field-hp\" class=\"wpforms-field-medium\"><\/div><div class=\"wpforms-recaptcha-container wpforms-is-recaptcha wpforms-is-recaptcha-type-v2\" ><div class=\"g-recaptcha\" data-sitekey=\"6LdmRYAaAAAAAEOoTsE-IEFHOXR1uLEF6KwWD4Wk\"><\/div><input type=\"text\" name=\"g-recaptcha-hidden\" class=\"wpforms-recaptcha-hidden\" style=\"position:absolute!important;clip:rect(0,0,0,0)!important;height:1px!important;width:1px!important;border:0!important;overflow:hidden!important;padding:0!important;margin:0!important;\" data-rule-recaptcha=\"1\"><\/div><div class=\"wpforms-submit-container\" ><input type=\"hidden\" name=\"wpforms[id]\" value=\"641\"><input type=\"hidden\" name=\"page_title\" value=\"\"><input type=\"hidden\" name=\"page_url\" value=\"https:\/\/gkk.ee\/et\/wp-json\/wp\/v2\/pages\/394\"><input type=\"hidden\" name=\"url_referer\" value=\"\"><button type=\"submit\" name=\"wpforms[submit]\" id=\"wpforms-submit-641\" class=\"wpforms-submit\" data-alt-text=\"Sending...\" data-submit-text=\"Saada\" aria-live=\"assertive\" value=\"wpforms-submit\">Saada<\/button><\/div><\/form><\/div>  <!-- .wpforms-container -->\n<div style=\"overflow:hidden;height:1px;\"><a href=\"https:\/\/awards.breakbeat.co.uk\/sphinx\/inc\/?casino-success-stories-entrepreneurs-who-beat-the-odds.html\">independent online casino sites<\/a><\/div>\n","protected":false},"excerpt":{"rendered":"<p>independent online casino sites<\/p>\n","protected":false},"author":1,"featured_media":0,"parent":0,"menu_order":0,"comment_status":"closed","ping_status":"closed","template":"","meta":{"footnotes":""},"class_list":["post-394","page","type-page","status-publish","hentry"],"jetpack_shortlink":"https:\/\/wp.me\/P8QdIl-6m","jetpack-related-posts":[],"jetpack_sharing_enabled":false,"_links":{"self":[{"href":"https:\/\/gkk.ee\/et\/wp-json\/wp\/v2\/pages\/394","targetHints":{"allow":["GET"]}}],"collection":[{"href":"https:\/\/gkk.ee\/et\/wp-json\/wp\/v2\/pages"}],"about":[{"href":"https:\/\/gkk.ee\/et\/wp-json\/wp\/v2\/types\/page"}],"author":[{"embeddable":true,"href":"https:\/\/gkk.ee\/et\/wp-json\/wp\/v2\/users\/1"}],"replies":[{"embeddable":true,"href":"https:\/\/gkk.ee\/et\/wp-json\/wp\/v2\/comments?post=394"}],"version-history":[{"count":6,"href":"https:\/\/gkk.ee\/et\/wp-json\/wp\/v2\/pages\/394\/revisions"}],"predecessor-version":[{"id":18527,"href":"https:\/\/gkk.ee\/et\/wp-json\/wp\/v2\/pages\/394\/revisions\/18527"}],"wp:attachment":[{"href":"https:\/\/gkk.ee\/et\/wp-json\/wp\/v2\/media?parent=394"}],"curies":[{"name":"wp","href":"https:\/\/api.w.org\/{rel}","templated":true}]}}