{"id":4013,"date":"2023-08-14T22:12:45","date_gmt":"2023-08-14T19:12:45","guid":{"rendered":"http:\/\/gkk.ee\/et\/?page_id=4013"},"modified":"2023-08-14T22:12:45","modified_gmt":"2023-08-14T19:12:45","slug":"surveseadme-kasutamise-ja-surveseadme-toode-tegemise-tehnilised-normidkasutamise-jarelevaataja-ja-tegeva-isiku-padevustunnistus-os-18","status":"publish","type":"page","link":"https:\/\/gkk.ee\/et\/surveseadme-kasutamise-ja-surveseadme-toode-tegemise-tehnilised-normidkasutamise-jarelevaataja-ja-tegeva-isiku-padevustunnistus-os-18\/","title":{"rendered":"Surveseadme kasutamise ja surveseadme t\u00f6\u00f6de tegemise tehnilised normid+kasutamise j\u00e4relevaataja ja tegeva isiku p\u00e4devustunnistus. (\u00d5S-18)"},"content":{"rendered":"<p><img data-recalc-dims=\"1\" decoding=\"async\" data-attachment-id=\"819\" data-permalink=\"https:\/\/gkk.ee\/et\/6t-taiendkoolitus\/logo-2\/\" data-orig-file=\"https:\/\/i0.wp.com\/gkk.ee\/et\/wp-content\/uploads\/2018\/01\/logo-2.jpg?fit=1310%2C169&amp;ssl=1\" data-orig-size=\"1310,169\" data-comments-opened=\"1\" data-image-meta=\"{&quot;aperture&quot;:&quot;0&quot;,&quot;credit&quot;:&quot;&quot;,&quot;camera&quot;:&quot;&quot;,&quot;caption&quot;:&quot;&quot;,&quot;created_timestamp&quot;:&quot;0&quot;,&quot;copyright&quot;:&quot;&quot;,&quot;focal_length&quot;:&quot;0&quot;,&quot;iso&quot;:&quot;0&quot;,&quot;shutter_speed&quot;:&quot;0&quot;,&quot;title&quot;:&quot;&quot;,&quot;orientation&quot;:&quot;0&quot;}\" data-image-title=\"logo 2\" data-image-description=\"\" data-image-caption=\"\" data-medium-file=\"https:\/\/i0.wp.com\/gkk.ee\/et\/wp-content\/uploads\/2018\/01\/logo-2.jpg?fit=300%2C39&amp;ssl=1\" data-large-file=\"https:\/\/i0.wp.com\/gkk.ee\/et\/wp-content\/uploads\/2018\/01\/logo-2.jpg?fit=1024%2C132&amp;ssl=1\" class=\"aligncenter wp-image-819 size-large\" src=\"https:\/\/i0.wp.com\/gkk.ee\/et\/wp-content\/uploads\/2018\/01\/logo-2.jpg?resize=605%2C78&#038;ssl=1\" alt=\"\" width=\"605\" height=\"78\" srcset=\"https:\/\/i0.wp.com\/gkk.ee\/et\/wp-content\/uploads\/2018\/01\/logo-2.jpg?resize=1024%2C132&amp;ssl=1 1024w, https:\/\/i0.wp.com\/gkk.ee\/et\/wp-content\/uploads\/2018\/01\/logo-2.jpg?resize=300%2C39&amp;ssl=1 300w, https:\/\/i0.wp.com\/gkk.ee\/et\/wp-content\/uploads\/2018\/01\/logo-2.jpg?resize=768%2C99&amp;ssl=1 768w, https:\/\/i0.wp.com\/gkk.ee\/et\/wp-content\/uploads\/2018\/01\/logo-2.jpg?resize=100%2C13&amp;ssl=1 100w, https:\/\/i0.wp.com\/gkk.ee\/et\/wp-content\/uploads\/2018\/01\/logo-2.jpg?resize=150%2C19&amp;ssl=1 150w, https:\/\/i0.wp.com\/gkk.ee\/et\/wp-content\/uploads\/2018\/01\/logo-2.jpg?resize=200%2C26&amp;ssl=1 200w, https:\/\/i0.wp.com\/gkk.ee\/et\/wp-content\/uploads\/2018\/01\/logo-2.jpg?resize=450%2C58&amp;ssl=1 450w, https:\/\/i0.wp.com\/gkk.ee\/et\/wp-content\/uploads\/2018\/01\/logo-2.jpg?resize=600%2C77&amp;ssl=1 600w, https:\/\/i0.wp.com\/gkk.ee\/et\/wp-content\/uploads\/2018\/01\/logo-2.jpg?resize=900%2C116&amp;ssl=1 900w, https:\/\/i0.wp.com\/gkk.ee\/et\/wp-content\/uploads\/2018\/01\/logo-2.jpg?w=1310&amp;ssl=1 1310w\" sizes=\"(max-width: 605px) 100vw, 605px\" \/><\/p>\n<table class=\" aligncenter\" style=\"width: 100%;\">\n<tbody>\n<tr style=\"height: 24px;\">\n<td style=\"height: 24px; width: 14.8228%;\"><span style=\"color: #000000;\">\u00d5ppekava nimetus<\/span><\/td>\n<td style=\"height: 24px; width: 84.5987%;\"><span style=\"color: #000000;\"><strong>Surveseadme kasutamise ja surveseadme t\u00f6\u00f6de tegemise tehnilised normid. (\u00d5S-18)<\/strong><\/span><\/td>\n<\/tr>\n<tr style=\"height: 24px;\">\n<td style=\"height: 24px; width: 14.8228%;\"><span style=\"color: #000000;\">\u00d5ppekavar\u00fchm<\/span><\/td>\n<td style=\"height: 24px; width: 84.5987%;\"><span style=\"color: #000000;\">Mehaanika ja metallit\u00f6\u00f6<\/span><\/td>\n<\/tr>\n<tr style=\"height: 104px;\">\n<td style=\"height: 104px; width: 14.8228%;\"><span style=\"color: #000000;\">Koolituse sihtr\u00fchm<\/span><\/td>\n<td style=\"height: 104px; width: 84.5987%;\">\n<ul>\n<li><span style=\"color: #000000;\">Surveseadme kasutamise j\u00e4relvaatajad p\u00e4devustunnistuse omanikud;<\/span><\/li>\n<li><span style=\"color: #000000;\">Surveaeadmet\u00f6id tegevad isikud p\u00e4devustunnistuse omanikud;<\/span><\/li>\n<li><span style=\"color: #000000;\">Teised teemast huvitatud isikud.<\/span><\/li>\n<\/ul>\n<\/td>\n<\/tr>\n<tr style=\"height: 128px;\">\n<td style=\"height: 128px; width: 14.8228%;\"><span style=\"color: #000000;\">\u00d5piv\u00e4ljundid<\/span><\/td>\n<td style=\"height: 128px; width: 84.5987%;\"><span style=\"color: #000000;\">Koolitusel osaleja tunneb kehtivat surveseadme valdkonna seadusandlust. Tunneb surveseadmete auditite liike ja nende protseduure ning p\u00f5him\u00f5tted. Oskab \u00f5igesti kasutada k\u00f5ik seaduse m\u00f5isted ja terminoloogiat.<\/span><span style=\"color: #000000;\">Koolitusel osaleja teab n\u00f5uded surveseadmetele, surveseadme paigaldamisele, surveseadmete\u00a0 remondile ja \u00fcmberehitamisele. Tunneb n\u00f5uded surveseadmet\u00f6\u00f6dele ning surveseadme tehtavatele keevitust\u00f6\u00f6dele.<\/span><\/td>\n<\/tr>\n<tr style=\"height: 24px;\">\n<td style=\"height: 24px; width: 14.8228%;\"><span style=\"color: #000000;\">Hind \u00a0(ilma KM-ta)<\/span><\/td>\n<td style=\"height: 24px; width: 84.5987%;\"><span style=\"color: #000000;\">495 euro.<\/span><\/td>\n<\/tr>\n<tr style=\"height: 24px;\">\n<td style=\"height: 24px; width: 14.8228%;\"><span style=\"color: #000000;\">\u00d5ppe kogumaht<\/span><\/td>\n<td style=\"height: 24px; width: 84.5987%;\"><span style=\"color: #000000;\">\u00a016 ak.t auditoorset t\u00f6\u00f6d (1 ak.t = 45 min)<\/span><\/td>\n<\/tr>\n<tr style=\"height: 96px;\">\n<td style=\"height: 96px; width: 14.8228%;\"><span style=\"color: #000000;\">\u00d5ppe sisu<\/span><\/td>\n<td style=\"height: 96px; width: 84.5987%;\"><span style=\"color: #000000;\">Surveseadme valdkonna reguleerivad seadused ja rakendusaktid. Seadme ohutuse seadus. Seaduse m\u00f5isted ja terminoloogia Surveseadmete tehniline audit. MKM. MTR ja TTJA registrid.<\/span><br \/>\n<span style=\"color: #000000;\">N\u00f5uded surveseadmete, surveseadme paigaldamisele ja surveseadmet\u00f6\u00f6dele. Kvaliteedikontroll keevitust\u00f6\u00f6dele. EVS 843:2016 \u201eLinnat\u00e4navad\u201c. EVS 932:2017 \u201eEhitusprojekt\u201c. Euroopa surveseadme direktiiv 2014\/68\/EU.<\/span><\/td>\n<\/tr>\n<tr style=\"height: 168px;\">\n<td style=\"height: 168px; width: 14.8228%;\"><span style=\"color: #000000;\">\u00d5ppekeskkonna kirjeldus<\/span><\/td>\n<td style=\"height: 168px; width: 84.5987%;\"><span style=\"color: #000000;\">GKK O\u00dc koolituskeskuse \u00f5pperuumid asuvad Tallinn, Ehitajate tee 114 &#8211; 20 ja J\u00f5hvi linn, Jaama tn. 14 \u2013 207. \u00d5pperuumides on t\u00e4iskasvanute koolituseks sobilik m\u00f6\u00f6bel (\u00f5ppelauad ja toolid kuni 20-le osalejale + t\u00f6\u00f6laud ja tool lektorile). K\u00f5ik \u00f5ppeklassid on varustatud kaasaegse \u00f5ppetehnikaga: arvuti ja data-videoprojektor ja markertahvel seinal. \u00d5ppeklass on varustatud surveseadme n\u00e4idisega, skeemide maketidega, p\u00fcsiliidete n\u00e4idisega jne.<\/span><span style=\"color: #000000;\">L\u00f5unapauside ajal koolitusel osalejatele pakutakse l\u00f5unas\u00f6\u00f6k, joogivett ning kohvi ja teed koos suhkruga, tagatud on WC kasutamine ja k\u00e4tepesu v\u00f5imalus.<\/span><\/p>\n<p><span style=\"color: #000000;\">K\u00f5ik meie koolitusruumid on remonditud ja vastavad t\u00f6\u00f6tervishoiu, tuleohutuse ja t\u00f6\u00f6ohutuse n\u00f5uetele.\u00d5ppeklassid on avarad ja kergesti \u00f5hutatavad.<\/span><\/td>\n<\/tr>\n<tr style=\"height: 24px;\">\n<td style=\"height: 24px; width: 14.8228%;\"><span style=\"color: #000000;\">\u00d5ppematerjalide loend<\/span><\/td>\n<td style=\"height: 24px; width: 84.5987%;\"><span style=\"color: #000000;\">Koolituse konspekt paberkujul.<\/span><\/td>\n<\/tr>\n<tr style=\"height: 48px;\">\n<td style=\"height: 48px; width: 14.8228%;\"><span style=\"color: #000000;\">Hindamismeetodid ja kriteeriumid<\/span><\/td>\n<td style=\"height: 48px; width: 84.5987%;\">S<span style=\"color: #000000;\">urveseadme kasutamise j\u00e4relevaataja p\u00e4devuseksam<\/span><\/p>\n<p><span style=\"color: #000000;\">Surveseadmet\u00f6\u00f6d tegeva isiku p\u00e4devuseksam<\/span><\/td>\n<\/tr>\n<tr style=\"height: 24px;\">\n<td style=\"height: 24px; width: 14.8228%;\"><span style=\"color: #000000;\">V\u00e4ljastatavad dokumendid<\/span><\/td>\n<td style=\"height: 24px; width: 84.5987%;\"><span style=\"color: #000000;\">T\u00f5end koolitusel osalemise kohta vastavalt t\u00e4iendkoolituse standardis s\u00e4testatud n\u00f5uetele + surveseadme kasutamise j\u00e4relevaataja p\u00e4devustunnistus + surveseadmet\u00f6\u00f6d tegeva isiku p\u00e4devustunnistus<\/span><\/td>\n<\/tr>\n<tr style=\"height: 448px;\">\n<td style=\"height: 448px; width: 14.8228%;\"><span style=\"color: #000000;\">Koolitaja nimi ja kompetentsust tagava kvalifikatsiooni ja t\u00f6\u00f6kogemuse kirjeldus<\/span><\/td>\n<td style=\"height: 448px; width: 84.5987%;\"><span style=\"color: #000000;\">Paavo Hansson \u2013 GKK O\u00dc k\u00fcttegaasiseadmete, surveseadmete ja masinate spetsialist ja \u00f5ppej\u00f5ud. Endine Eesti Gaas AS juhtimiskeskuse ja \u00f5ppekombinaati spetsialist. Omab mehhaanika inseneri eriala ja staa\u017e lektorina 27 aastat.<\/span><span style=\"color: #000000;\">Igor Borissenko \u2013 omab tehnilist k\u00f5rgharidust.\u00a0 On l\u00f5petanud Loode Kaug\u00f5pe Pol\u00fctehnilise Instituudi autotranspordi, majanduse ja juhtimise teaduskonna. Omab p\u00e4devus surveseadmete, k\u00fcttegaasiseadmete ja masina valdkonnades. Lektor omab mittepurustava kontrolli VT sertifikaat, 3 tase. Staaz lektorina 5 aastat.<\/span><\/p>\n<p><span style=\"color: #000000;\">Avo K\u00e4rber \u2013 Katlak\u00e4itamise spetsialist ja \u00f5ppej\u00f5ud. Standardite ja m\u00f5\u00f5tetehnika insener. Endine Tehnilise J\u00e4relvalve Ameti t On l\u00f5petanud Tallinna Kommunaal-Ehitustehnikumi ning omab\u00a040-aastast kogemust koolitajana.<\/span><\/p>\n<p><span style=\"color: #000000;\">Karl Ingermann \u2013 TT\u00dc emeriitdotsent,\u00a0 omab k\u00f5rgharidust, tehnikateaduste kandidaat (PhD). Endine Narva Pol\u00fctehnikum tehnikaalaste \u00f5ppeainete lektor ning Kohtla-J\u00e4rve Soojuselektrijaama vaneminsener. Pedagooline staaz 50 aastat.<\/span><\/p>\n<p><span style=\"color: #000000;\">German Belov \u2013 rahvusvaheline keevituse insener. T\u00dcV Eesti O\u00dc mittepurustava kontrolli labori juhataja. Omab mittepurustava kontrolli sertifikaadid VT-3, PT-2, MT-2,\u00a0 \u00a0UT-2. Staaz lektorina 9 aastat.<\/span><\/p>\n<p><span style=\"color: #000000;\">Sergei Povarenkov \u2013 Leningraadi Pol\u00fctehnilone instituut, soojusenergeetika eriala. Omab p\u00e4devused k\u00fcttegaasiseadmete, surveseadmete ja masina valdkonnades. Endine Viru RMT O\u00dc, Eesti Energia AS seadmete spetsialist. Omab mittepurustava kontrolli sertifikaadid VT-2, MT-2, PT-2. Staaz lektorina 10 aastat.<\/span><\/p>\n<p><span style=\"color: #000000;\">Juri Maksimov \u2013\u00a0 Jum Connect O\u00dc peaspetsialist.\u00a0 On l\u00f5petanud Tallinna Pol\u00fctehnikum, energeetika osakonna.\u00a0 Omab p\u00e4devus surveseadmete ja gaasi valdkonnades.\u00a0 Staaz lektorina 5 aastat.<\/span><\/td>\n<\/tr>\n<\/tbody>\n<\/table>\n","protected":false},"excerpt":{"rendered":"<p>\u00d5ppekava nimetus Surveseadme kasutamise ja surveseadme t\u00f6\u00f6de tegemise tehnilised normid. (\u00d5S-18) \u00d5ppekavar\u00fchm Mehaanika ja metallit\u00f6\u00f6 Koolituse sihtr\u00fchm Surveseadme kasutamise j\u00e4relvaatajad p\u00e4devustunnistuse omanikud; Surveaeadmet\u00f6id tegevad isikud p\u00e4devustunnistuse omanikud; Teised teemast huvitatud isikud. \u00d5piv\u00e4ljundid Koolitusel osaleja&#46;&#46;&#46;<\/p>\n","protected":false},"author":2,"featured_media":0,"parent":0,"menu_order":0,"comment_status":"closed","ping_status":"closed","template":"","meta":{"footnotes":""},"class_list":["post-4013","page","type-page","status-publish","hentry"],"jetpack_shortlink":"https:\/\/wp.me\/P8QdIl-12J","jetpack-related-posts":[],"jetpack_sharing_enabled":true,"_links":{"self":[{"href":"https:\/\/gkk.ee\/et\/wp-json\/wp\/v2\/pages\/4013","targetHints":{"allow":["GET"]}}],"collection":[{"href":"https:\/\/gkk.ee\/et\/wp-json\/wp\/v2\/pages"}],"about":[{"href":"https:\/\/gkk.ee\/et\/wp-json\/wp\/v2\/types\/page"}],"author":[{"embeddable":true,"href":"https:\/\/gkk.ee\/et\/wp-json\/wp\/v2\/users\/2"}],"replies":[{"embeddable":true,"href":"https:\/\/gkk.ee\/et\/wp-json\/wp\/v2\/comments?post=4013"}],"version-history":[{"count":6,"href":"https:\/\/gkk.ee\/et\/wp-json\/wp\/v2\/pages\/4013\/revisions"}],"predecessor-version":[{"id":14855,"href":"https:\/\/gkk.ee\/et\/wp-json\/wp\/v2\/pages\/4013\/revisions\/14855"}],"wp:attachment":[{"href":"https:\/\/gkk.ee\/et\/wp-json\/wp\/v2\/media?parent=4013"}],"curies":[{"name":"wp","href":"https:\/\/api.w.org\/{rel}","templated":true}]}}