{"id":404,"date":"2023-08-14T22:12:44","date_gmt":"2023-08-14T19:12:44","guid":{"rendered":"http:\/\/gkk.ee\/new\/?page_id=404"},"modified":"2023-08-14T22:12:44","modified_gmt":"2023-08-14T19:12:44","slug":"gaasitoode-projekteerija","status":"publish","type":"page","link":"https:\/\/gkk.ee\/et\/koolitus\/gaasialane-koolitus\/gaasitoode-projekteerija\/","title":{"rendered":"Gaasit\u00f6\u00f6de projekteerija_\u00d5GP-45"},"content":{"rendered":"<p style=\"text-align: center;\"><img data-recalc-dims=\"1\" fetchpriority=\"high\" decoding=\"async\" data-attachment-id=\"819\" data-permalink=\"https:\/\/gkk.ee\/et\/6t-taiendkoolitus\/logo-2\/\" data-orig-file=\"https:\/\/i0.wp.com\/gkk.ee\/et\/wp-content\/uploads\/2018\/01\/logo-2.jpg?fit=1310%2C169&amp;ssl=1\" data-orig-size=\"1310,169\" data-comments-opened=\"1\" data-image-meta=\"{&quot;aperture&quot;:&quot;0&quot;,&quot;credit&quot;:&quot;&quot;,&quot;camera&quot;:&quot;&quot;,&quot;caption&quot;:&quot;&quot;,&quot;created_timestamp&quot;:&quot;0&quot;,&quot;copyright&quot;:&quot;&quot;,&quot;focal_length&quot;:&quot;0&quot;,&quot;iso&quot;:&quot;0&quot;,&quot;shutter_speed&quot;:&quot;0&quot;,&quot;title&quot;:&quot;&quot;,&quot;orientation&quot;:&quot;0&quot;}\" data-image-title=\"logo 2\" data-image-description=\"\" data-image-caption=\"\" data-medium-file=\"https:\/\/i0.wp.com\/gkk.ee\/et\/wp-content\/uploads\/2018\/01\/logo-2.jpg?fit=300%2C39&amp;ssl=1\" data-large-file=\"https:\/\/i0.wp.com\/gkk.ee\/et\/wp-content\/uploads\/2018\/01\/logo-2.jpg?fit=1024%2C132&amp;ssl=1\" class=\"aligncenter wp-image-819\" src=\"https:\/\/i0.wp.com\/gkk.ee\/et\/wp-content\/uploads\/2018\/01\/logo-2.jpg?resize=640%2C83&#038;ssl=1\" alt=\"\" width=\"640\" height=\"83\" srcset=\"https:\/\/i0.wp.com\/gkk.ee\/et\/wp-content\/uploads\/2018\/01\/logo-2.jpg?w=1310&amp;ssl=1 1310w, https:\/\/i0.wp.com\/gkk.ee\/et\/wp-content\/uploads\/2018\/01\/logo-2.jpg?resize=300%2C39&amp;ssl=1 300w, https:\/\/i0.wp.com\/gkk.ee\/et\/wp-content\/uploads\/2018\/01\/logo-2.jpg?resize=768%2C99&amp;ssl=1 768w, https:\/\/i0.wp.com\/gkk.ee\/et\/wp-content\/uploads\/2018\/01\/logo-2.jpg?resize=1024%2C132&amp;ssl=1 1024w, https:\/\/i0.wp.com\/gkk.ee\/et\/wp-content\/uploads\/2018\/01\/logo-2.jpg?resize=100%2C13&amp;ssl=1 100w, https:\/\/i0.wp.com\/gkk.ee\/et\/wp-content\/uploads\/2018\/01\/logo-2.jpg?resize=150%2C19&amp;ssl=1 150w, https:\/\/i0.wp.com\/gkk.ee\/et\/wp-content\/uploads\/2018\/01\/logo-2.jpg?resize=200%2C26&amp;ssl=1 200w, https:\/\/i0.wp.com\/gkk.ee\/et\/wp-content\/uploads\/2018\/01\/logo-2.jpg?resize=450%2C58&amp;ssl=1 450w, https:\/\/i0.wp.com\/gkk.ee\/et\/wp-content\/uploads\/2018\/01\/logo-2.jpg?resize=600%2C77&amp;ssl=1 600w, https:\/\/i0.wp.com\/gkk.ee\/et\/wp-content\/uploads\/2018\/01\/logo-2.jpg?resize=900%2C116&amp;ssl=1 900w\" sizes=\"(max-width: 640px) 100vw, 640px\" \/><\/p>\n<p style=\"text-align: center;\"><span style=\"color: #1e7ce2;\"><strong>\u00d5ppekava<\/strong>\u00a0\u00a0<\/span><strong style=\"color: #1e7ce2;\">\u00a0 \u00a0 \u00a0 \u00a0 \u00a0 \u00a0 \u00a0 \u00a0 \u00a0 \u00a0 \u00a0 \u00a0 \u00a0 \u00a0 \u00a0 \u00a0 \u00a0 \u00a0 \u00a0 \u00a0 \u00a0 \u00a0 \u00a0 \u00a0 \u00a0 \u00a0 \u00a0 \u00a0 \u00a0 \u00a0 \u00a0 \u00a0 \u00a0 \u00a0 \u00a0 \u00a0 \u00a0 \u00a0 \u00a0 \u00a0 \u00a0<span style=\"color: #1e7ce2;\">\u00a0<\/span><\/strong><\/p>\n<table class=\" aligncenter\" style=\"border-color: #f7f7f7; background-color: #f7f7f7; width: 640px;\">\n<tbody>\n<tr>\n<td width=\"180\"><span style=\"color: #000000;\">\u00d5ppekava nimetus<\/span><\/td>\n<td width=\"472\"><strong><span style=\"color: #000000;\">Gaasit\u00f6\u00f6de projekteerimine (\u00d5GP-45)<\/span><\/strong><\/td>\n<\/tr>\n<tr>\n<td width=\"180\"><span style=\"color: #000000;\">\u00d5ppekavar\u00fchm<\/span><\/td>\n<td width=\"472\"><span style=\"color: #000000;\">Mehaanika ja metallit\u00f6\u00f6<\/span><\/td>\n<\/tr>\n<tr>\n<td width=\"180\"><span style=\"color: #000000;\">Koolituse sihtr\u00fchm<\/span><\/td>\n<td width=\"472\">\n<ul>\n<li><span style=\"color: #000000;\">Gaasit\u00f6\u00f6de projekteerijad<\/span><\/li>\n<li><span style=\"color: #000000;\">Projektijuhid, projekteerijad ehituse valdkonnas.<\/span><\/li>\n<li><span style=\"color: #000000;\">Gaasit\u00f6id tegeva isiku p\u00e4devustunnistuse omanikud<\/span><\/li>\n<li><span style=\"color: #000000;\">Teised teemast huvitatud isikud<\/span><\/li>\n<\/ul>\n<\/td>\n<\/tr>\n<tr>\n<td width=\"180\"><span style=\"color: #000000;\">\u00d5piv\u00e4ljundid<\/span><\/td>\n<td width=\"472\"><span style=\"color: #000000;\">Koolitusel osaleja tunneb kehtivat ehitusseadustiku ja \u00a0k\u00fcttegaasi valdkonna seadusandlust. Oskab \u00f5igesti kasutada k\u00f5ik seaduse m\u00f5isted ja terminoloogiat. Tunneb gaasipaigaldiste seadmete ja projektide auditite liike ja nende protseduure ning p\u00f5him\u00f5tted. Koolitusel osaleja tunneb kehtivad gaasi valdkonna standardid, direktiivid ja nende n\u00f5uded.<\/span><\/p>\n<p><span style=\"color: #000000;\">Koolitusel osaleja tunneb v\u00e4lisgaasitorustiku projekteerimise n\u00f5uded. Teab projektide koosk\u00f5lastamise, v\u00e4ljastamise ja kinnitamise tingimusi. Koolitusel osaleja\u00a0 tunneb torustike ehitamise n\u00f5uded, sulgarmatuuri, katlamajade ja t\u00f6\u00f6stusliku paigaldiste projekteerimise n\u00f5uded. Teab tuleohutusn\u00f5uded , vedelgaasi ohutusn\u00f5uded ja suitsu l\u00f5\u00f5ride ja korstende konstruktsioonid ja paigaldamise n\u00f5uded.<\/span><\/td>\n<\/tr>\n<tr>\n<td width=\"180\"><span style=\"color: #000000;\">Hind (ilma KM-ta)<\/span><\/td>\n<td width=\"472\"><span style=\"color: #000000;\">750 euro<\/span><\/td>\n<\/tr>\n<tr>\n<td width=\"180\"><span style=\"color: #000000;\">\u00d5ppe kogumaht<\/span><\/td>\n<td width=\"472\"><span style=\"color: #000000;\">45t auditoorset t\u00f6\u00f6d<\/span><\/td>\n<\/tr>\n<tr>\n<td width=\"180\"><span style=\"color: #000000;\">\u00d5ppe sisu<\/span><\/td>\n<td width=\"472\"><span style=\"color: #000000;\">K\u00fcttegaasi valdkonna reguleerivad seadused ja rakendusaktid. Ehitusseadustik. Seadme ohutuse seadus. Seaduse m\u00f5isted ja terminoloogia. Gaasipaigaldiste tehniline audit. MKM (MTR) ja TJA registrid. Eesti Gaasiliidu juhendid. EVS 843 \u201eLinnat\u00e4navad\u201c. EVS 932 \u201eEhitusprojekt\u201c.<\/span><\/p>\n<p><span style=\"color: #000000;\">V\u00e4lisgaasitorustiku\u00a0 projekteerimise\u00a0 n\u00f5uded (teras\u00a0 ja\u00a0 plast). Tingimuste\u00a0 v\u00e4ljastamine\u00a0 ja\u00a0 projekti koosk\u00f5lastamine. PE torustike\u00a0 ehitamine. Vasktorustike\u00a0 ehitamine. Sulgarmatuur. Kesk\u00a0 ja\u00a0 madala\u00a0 v\u00f5imsusega \u00a0katlamajade projekteerimise\u00a0 n\u00f5uded \u00a0(gaas\u00a0 ja\u00a0 k\u00fcte).<\/span><\/p>\n<p><span style=\"color: #000000;\">Tuleohutusn\u00f5uded \u00a0ehitisele. Suitsul\u00f5\u00f5ride\u00a0 ja \u00a0korstende\u00a0 konstruktsioonid,\u00a0 n\u00f5uded\u00a0 paigaldamisele. Ohutute\u00a0 seadmete\u00a0 tutvustus. Vedelgaasi\u00a0 paigaldiste ohutusn\u00f5ued. N\u00f5uded k\u00fcttegaasi projektidele ja nende kinnitamine.<\/span><\/td>\n<\/tr>\n<tr>\n<td width=\"180\"><span style=\"color: #000000;\">\u00d5ppekeskkonna kirjeldus<\/span><\/td>\n<td width=\"472\"><span style=\"color: #000000;\">GKK O\u00dc koolituskeskuse \u00f5pperuumid asuvad Tallinn, Ehitajate tee 114-20, ja J\u00f5hvi linn, Jaama tn. 14 \u2013 207. \u00d5pperuumides on t\u00e4iskasvanute koolituseks sobilik m\u00f6\u00f6bel (\u00f5ppelauad ja toolid kuni 20-le osalejale + t\u00f6\u00f6laud ja tool lektorile). K\u00f5ik \u00f5ppeklassid on varustatud kaasaegse \u00f5ppetehnikaga: arvuti ja data-videoprojektor ja markertahvel seinal. \u00d5ppeklass on varustatud gaasiseadme n\u00e4idisega, skeemide maketidega, p\u00fcsiliidete n\u00e4idisega jne.<\/span><\/p>\n<p><span style=\"color: #000000;\">L\u00f5unapauside ajal koolitusel osalejatele pakutakse l\u00f5unas\u00f6\u00f6k, joogivett ning kohvi ja teed koos suhkruga, tagatud on WC kasutamine ja k\u00e4tepesu v\u00f5imalus.<\/span><\/p>\n<p><span style=\"color: #000000;\">K\u00f5ik meie koolitusruumid on remonditud ja vastavad t\u00f6\u00f6tervishoiu, tuleohutuse ja t\u00f6\u00f6ohutuse n\u00f5uetele.\u00d5ppeklassid on avarad ja kergesti \u00f5hutatavad.<\/span><\/td>\n<\/tr>\n<tr>\n<td width=\"180\"><span style=\"color: #000000;\">\u00d5ppematerjalide loend<\/span><\/td>\n<td width=\"472\"><span style=\"color: #000000;\">Koolituse konspekt paberkujul<\/span><\/td>\n<\/tr>\n<tr>\n<td width=\"180\"><span style=\"color: #000000;\">Hindamismeetodid ja kriteeriumid<\/span><\/td>\n<td width=\"472\"><span style=\"color: #000000;\">\u00d5piv\u00e4ljundeid ei hinnata<\/span><\/td>\n<\/tr>\n<tr>\n<td width=\"180\"><span style=\"color: #000000;\">V\u00e4ljastatavad dokumendid<\/span><\/td>\n<td width=\"472\"><span style=\"color: #000000;\">T\u00f5end koolitusel osalemise kohta vastavalt t\u00e4iendkoolituse standardis s\u00e4testatud n\u00f5uetele.<\/span><\/td>\n<\/tr>\n<tr>\n<td width=\"180\"><span style=\"color: #000000;\">Koolitaja nimi ja kompetentsust tagava kvalifikatsiooni ja t\u00f6\u00f6kogemuse kirjeldus<\/span><\/td>\n<td width=\"472\"><span style=\"color: #000000;\">Matti Linam\u00e4e \u2013 omab keskeriharidust gaasimajanduse ja t\u00f6\u00f6stuselektroonika valdkonnas. Endine Propaan AS tehnika direktor. Omab p\u00e4devus surveseadme, gaasi ja masina valdkonnas. Staaz lektorina <strong>\u00a0<\/strong>12 aastat.<\/span><\/p>\n<p><span style=\"color: #000000;\">Kalev Kangro- omab tehnilist k\u00f5rgharidust. On L\u00f5petanud Leningradi K\u00f5rgema Merekooli (adm. Makarovi nimelise) laevamehaaniku erialal. T\u00f6\u00f6tanud EML AS-s, AS Eesti AGA-s ja Eesti Energia AS-s erinevatel tehnilistel ametikohtadel. Hetkel t\u00f6\u00f6tab oma firmas Panther Services O\u00dc, mis tegeleb gaasiseadmete ja insener-tehniliste lahenduste m\u00fc\u00fcgiga. Omab p\u00e4devust surve- ja k\u00fcttegaasiseadmete valdkonnas. Staa\u017e lektorina 10 aastat.<\/span><\/p>\n<p><span style=\"color: #000000;\">German Belov \u2013 rahvusvaheline keevituse insener. T\u00dcV Eesti O\u00dc mittepurustava kontrolli labori juhataja. Omab mittepurustava kontrolli sertifikaadid VT-3, PT-2, MT-2,\u00a0<\/span><span style=\"color: #000000;\">UT-2.\u00a0<\/span><span style=\"color: #000000;\">Staaz lektorina 9 aastat.<\/span><\/p>\n<p><span style=\"color: #000000;\">Sergei Povarenkov \u2013 Leningraadi Pol\u00fctehnilone instituut, soojusenergeetika eriala. Omab p\u00e4devused gaasi, surveseadmete ja masina valdkonnades. Endine Viru RMT O\u00dc, Eesti Energia AS seadmete spetsialist. Omab mittepurustava kontrolli sertifikaadid VT-2, MT-2, PT-2. Staaz lektorina 10 aastat.<\/span><\/p>\n<p><span style=\"color: #000000;\">Juri Maksimov \u2013\u00a0 Jum Connect O\u00dc peaspetsialist.\u00a0 On l\u00f5petanud Tallinna Pol\u00fctehnikum, energeetika osakonna.\u00a0 Omab p\u00e4devus surveseadmete ja gaasi valdkonnades.\u00a0 Staaz lektorina 5 aastat.<\/span><\/p>\n<p><span style=\"color: #000000;\">Jaan Labenski \u2013 Zaporozje Masinaehituse Instituut, raadioaparatuuri insener konstruktor-tehnoloog eriala.\u00a0\u00a0 EG Ehituse AS, Gaaslab AS \u2013 gaasiarvestite taatleja. Staaz lektorina 35 aastat.<\/span><\/p>\n<p><span style=\"color: #000000;\">Roman Bogdanovit\u0161 \u2013 omab k\u00f5rgharidust (TT\u00dc mehhaanika Teaduskond Soojustehnika eriala).\u00a0 AS Gaasiv\u00f5rk juhatuse esimees, vastutus alad: \u00fcldine juhtimine, finantsjuhtimine, maahaldus ja juriidilised k\u00fcsimused, metroloogia, v\u00f5rgu opereerimine, surumaagaasi tankla keti arendamine Eestis, surumaagaasi tanklate hoolduse korraldamine.Endine AS Eesti Gaas regiooni juht, endine AS EG V\u00f5rguteenus regiooni juht, arendusdirektor. Staa\u017e lektorina \u00a010 aastat.<\/span><\/td>\n<\/tr>\n<\/tbody>\n<\/table>\n","protected":false},"excerpt":{"rendered":"<p>\u00d5ppekava\u00a0\u00a0\u00a0 \u00a0 \u00a0 \u00a0 \u00a0 \u00a0 \u00a0 \u00a0 \u00a0 \u00a0 \u00a0 \u00a0 \u00a0 \u00a0 \u00a0 \u00a0 \u00a0 \u00a0 \u00a0 \u00a0 \u00a0 \u00a0 \u00a0 \u00a0 \u00a0 \u00a0 \u00a0 \u00a0 \u00a0 \u00a0 \u00a0 \u00a0 \u00a0 \u00a0&#46;&#46;&#46;<\/p>\n","protected":false},"author":1,"featured_media":0,"parent":552,"menu_order":0,"comment_status":"closed","ping_status":"closed","template":"","meta":{"footnotes":""},"class_list":["post-404","page","type-page","status-publish","hentry"],"jetpack_shortlink":"https:\/\/wp.me\/P8QdIl-6w","jetpack-related-posts":[],"jetpack_sharing_enabled":false,"_links":{"self":[{"href":"https:\/\/gkk.ee\/et\/wp-json\/wp\/v2\/pages\/404","targetHints":{"allow":["GET"]}}],"collection":[{"href":"https:\/\/gkk.ee\/et\/wp-json\/wp\/v2\/pages"}],"about":[{"href":"https:\/\/gkk.ee\/et\/wp-json\/wp\/v2\/types\/page"}],"author":[{"embeddable":true,"href":"https:\/\/gkk.ee\/et\/wp-json\/wp\/v2\/users\/1"}],"replies":[{"embeddable":true,"href":"https:\/\/gkk.ee\/et\/wp-json\/wp\/v2\/comments?post=404"}],"version-history":[{"count":19,"href":"https:\/\/gkk.ee\/et\/wp-json\/wp\/v2\/pages\/404\/revisions"}],"predecessor-version":[{"id":17669,"href":"https:\/\/gkk.ee\/et\/wp-json\/wp\/v2\/pages\/404\/revisions\/17669"}],"up":[{"embeddable":true,"href":"https:\/\/gkk.ee\/et\/wp-json\/wp\/v2\/pages\/552"}],"wp:attachment":[{"href":"https:\/\/gkk.ee\/et\/wp-json\/wp\/v2\/media?parent=404"}],"curies":[{"name":"wp","href":"https:\/\/api.w.org\/{rel}","templated":true}]}}