{"id":408,"date":"2023-08-14T22:12:43","date_gmt":"2023-08-14T19:12:43","guid":{"rendered":"http:\/\/gkk.ee\/new\/?page_id=408"},"modified":"2025-12-02T10:24:40","modified_gmt":"2025-12-02T08:24:40","slug":"pe-gaasitorustikke-ehitamine","status":"publish","type":"page","link":"https:\/\/gkk.ee\/et\/pe-gaasitorustikke-ehitamine\/","title":{"rendered":"16t_PE torustike ehitamine_\u00d5PPE-16"},"content":{"rendered":"<p style=\"text-align: center;\"><span style=\"color: #1e7ce2;\">\u00a0<strong>\u00a0 \u00a0 \u00a0 \u00a0 \u00a0 \u00a0 \u00a0 \u00a0 \u00a0 \u00a0 \u00a0 \u00a0 \u00a0 \u00a0 \u00a0 \u00a0 \u00a0 \u00a0 \u00a0 \u00a0 \u00a0 \u00a0 \u00a0 \u00a0 \u00a0 \u00a0 \u00a0 \u00a0 \u00a0 \u00a0 \u00a0 \u00a0 \u00a0 \u00a0 \u00a0 \u00a0 \u00a0 \u00a0 \u00a0 \u00a0<\/strong><\/span><\/p>\n<table class=\" aligncenter\" style=\"border-color: #f7f7f7; background-color: #f7f7f7; width: 100%;\">\n<tbody>\n<tr>\n<td width=\"180\"><span style=\"color: #000000;\">\u00d5ppekava nimetus<\/span><\/td>\n<td width=\"472\"><span style=\"color: #000000;\">PE torustike ehitamine<\/span><\/td>\n<\/tr>\n<tr>\n<td width=\"180\"><span style=\"color: #000000;\">\u00d5ppekavar\u00fchm<\/span><\/td>\n<td width=\"472\"><span style=\"color: #000000;\">Elektrienergia ja energeetika<\/span><\/td>\n<\/tr>\n<tr>\n<td width=\"180\"><span style=\"color: #000000;\">Koolituse sihtr\u00fchm<\/span><\/td>\n<td width=\"472\">\n<ul>\n<li><span style=\"color: #000000;\">Gaasit\u00f6id tegeva isiku p\u00e4devustunnistuse omanikud<\/span><\/li>\n<li><span style=\"color: #000000;\">Isikud, kes alustab tegelema gaasit\u00f6\u00f6ga<\/span><\/li>\n<li><span style=\"color: #000000;\">Veetorustike ja kaugk\u00fctte ehitajad<\/span><\/li>\n<li><span style=\"color: #000000;\">Teised teemast huvitatud isikud<\/span><\/li>\n<\/ul>\n<\/td>\n<\/tr>\n<tr>\n<td width=\"180\"><span style=\"color: #000000;\">\u00d5piv\u00e4ljundid<\/span><\/td>\n<td width=\"472\"><span style=\"color: #000000;\">Koolitusel osaleja tunneb kehtivat gaasivaldkonna seadusandlust. Oskab \u00f5igesti kasutada k\u00f5ik seaduse m\u00f5isteid ja terminoloogiat.<\/span><\/p>\n<p><span style=\"color: #000000;\">Koolitusel osaleja tunneb kehtivaid antud valdkonna standardeid, juhendeid ja nende n\u00f5udeid. Koolitusel osaleja teab n\u00f5udeid PE torustike ehitamisele ja keevitust\u00f6\u00f6dele.<\/span><\/p>\n<p><span style=\"color: #000000;\">Koolitusel osaleja tunneb \u00fcldn\u00f5udeid gaasi jaotus-, tarne ja tarbijatorustike rajamiseks ning juhiseid ja soovitusi PE gaasitorustike ehitamiseks. Oskab kasutada juhendi EGL Pol\u00fcet\u00fcleenist gaasitorustike paigaldamine.<\/span><\/p>\n<p><span style=\"color: #000000;\">Koolitusel osaleja teab milliseid kaasaaegsed materjale ja s\u00fcsteeme kasututatakse\u00a0 PE torustike ehitamiseks.<\/span><\/p>\n<p><span style=\"color: #000000;\">Koolitusel osaleja oskab PE torude praktilisi keevitust\u00f6id teostada ja vormistada.<\/span><\/td>\n<\/tr>\n<tr>\n<td width=\"180\"><span style=\"color: #000000;\">Hind (ilma KM-ta)<\/span><\/td>\n<td width=\"472\"><span style=\"color: #000000;\">395 euro<\/span><\/td>\n<\/tr>\n<tr>\n<td width=\"180\"><span style=\"color: #000000;\">\u00d5ppe kogumaht<\/span><\/td>\n<td width=\"472\"><span style=\"color: #000000;\">16 ak.t auditoorset t\u00f6\u00f6d (1 ak.t=45min)<br \/>\n<\/span><\/td>\n<\/tr>\n<tr>\n<td width=\"180\"><span style=\"color: #000000;\">\u00d5ppe sisu<\/span><\/td>\n<td width=\"472\"><span style=\"color: #000000;\">Teoreetiline osa 8 tundi &#8211;<\/span><\/p>\n<p><span style=\"color: #000000;\">PE torustike valdkonna reguleerivad seadused ja rakendusaktid. Seadme ohutuse seadus.<\/span><\/p>\n<p><span style=\"color: #000000;\">N\u00f5uded torustike ehitamisele ja keevitust\u00f6\u00f6dele. Tehnov\u00f5rgud. EVS 843:2016 \u201eLinnat\u00e4navad\u201c. EVS 932:2017 \u201eEhitusprojekt\u201c. EGL Juhend G2-1:2017.<\/span><\/p>\n<p><span style=\"color: #000000;\">Jaotus ja tarnetorustike projekteerimine. Kasutatavad materjalid. R\u00f5hkude seosed. Liited, torustiku paiknemine ja sulgeseadmed. PE torustike ehitamine. P\u00f5kkliited ja elektermuhvliited. Keevitusseadmed ja keevitajate kvalifikatsioon. Proovikeevitus, koostekeevitus, PE keevitamine miinustemperatuuridel, kujad ja paigalduss\u00fcgavus. Torustiku kaevik ja kaeviku ehitus. Kvaliteedikontroll ja torustiku proovimine.<\/span><\/p>\n<p><span style=\"color: #000000;\">Praktiline osa &#8211; 8 tundi<\/span><\/p>\n<p><span style=\"color: #000000;\">Praktiline PE torustike keevitamine elektermuhvliidetega ja p\u00f5kk keevitusega.\u00a0<\/span><\/td>\n<\/tr>\n<tr>\n<td width=\"180\"><span style=\"color: #000000;\">\u00d5ppekeskkonna kirjeldus<\/span><\/td>\n<td width=\"472\"><span style=\"color: #000000;\">GKK O\u00dc koolituskeskuse \u00f5pperuumid asuvad Ehitajate tee 114 \u2013 20 ja Kopli 96-20 Tallinn ja Jaama tn. 14 \u2013 207, J\u00f5hvi. \u00d5pperuumides on t\u00e4iskasvanute koolituseks sobilik m\u00f6\u00f6bel (\u00f5ppelauad ja toolid kuni 20-le osalejale + t\u00f6\u00f6laud ja tool lektorile). K\u00f5ik \u00f5ppeklassid on varustatud kaasaegse \u00f5ppetehnikaga: arvuti ja data-videoprojektor, teler ja markertahvel seinal. \u00d5ppeklass on varustatud gaasiseadmete n\u00e4idistega, skeemide maketidega, p\u00fcsiliidete n\u00e4idistega jne.<\/span><\/p>\n<p><span style=\"color: #000000;\">L\u00f5unapauside ajal pakutakse koolitusel osalejatele tasuta l\u00f5unas\u00f6\u00f6k, joogivett ning kohvi ja teed koos suhkruga, tagatud on WC kasutamine ja k\u00e4tepesu v\u00f5imalus.<\/span><\/p>\n<p><span style=\"color: #000000;\">K\u00f5ik meie koolitusruumid on remonditud ja vastavad t\u00f6\u00f6tervishoiu, tuleohutuse ja t\u00f6\u00f6ohutuse n\u00f5uetele. \u00d5ppeklassid on avarad ja kergesti \u00f5hutatavad.<\/span><\/p>\n<p><span style=\"color: #000000;\">Teooriaosa on v\u00f5imalik l\u00e4biviia veebikeskkonnas Zoom.<\/span><\/td>\n<\/tr>\n<tr>\n<td width=\"180\"><span style=\"color: #000000;\">\u00d5ppematerjalide loend<\/span><\/td>\n<td width=\"472\"><span style=\"color: #000000;\">1. Teoreetiline osa:<\/span><\/p>\n<p><span style=\"color: #000000;\">Koolitus klassis \u2013 konspekt paberkujul.<\/span><\/p>\n<p><span style=\"color: #000000;\">Koolitus veebikeskonnas\u00a0 \u00a0\u2013 digi\u00f5ppematerjalid saadetakse e-posti teel.<\/span><\/p>\n<p><span style=\"color: #000000;\">2. Praktiline osa ainult klassis:\u00a0<\/span><\/p>\n<p><span style=\"color: #000000;\">PE torustikud, fiitingud, keevituse ja surveproovi seaded.<\/span><\/td>\n<\/tr>\n<tr>\n<td width=\"180\"><span style=\"color: #000000;\">Hindamismeetodid ja kriteeriumid<\/span><\/td>\n<td width=\"472\"><span style=\"color: #000000;\">\u00d5piv\u00e4ljundeid hinnatakse. <\/span><\/p>\n<p><span style=\"color: #000000;\">Koolituse l\u00f5petamise eelduseks on osalemine\u00a0 100% auditoorsetes tundides ning on sooritatud eksam.\u00a0 <\/span><\/p>\n<p><span style=\"color: #000000;\">\u00d5piv\u00e4ljundite kontroll toimub kirjaliku eksamiga ja PE torustiku (el.muhvkeevitus) surveprooviga. <\/span><\/p>\n<p><span style=\"color: #000000;\">Eksam on sooritatud positiivsele tulemusele, kui kirjaliku eksami k\u00fcsimustele on \u00f5igesti vastatud v\u00e4hemalt 75% ulatuses ja survestamise ajal r\u00f5hu lange ei taheldatud.\u00a0<\/span><\/td>\n<\/tr>\n<tr>\n<td width=\"180\"><span style=\"color: #000000;\">V\u00e4ljastatavad dokumendid<\/span><\/td>\n<td width=\"472\"><span style=\"color: #000000;\">\u00d5piv\u00e4ljundid omandanud ning hindamise l\u00e4binud koolitatavale v\u00e4ljastatakse tunnistus. <\/span><\/p>\n<p><span style=\"color: #000000;\">Hindamisel mitteosalenud v\u00f5i hindamist mittel\u00e4binud koolitatavale v\u00e4ljastatakse t\u00f5end koolitusel osaletud mahu ja l\u00e4bitud teemade kohta.<\/span><\/td>\n<\/tr>\n<tr>\n<td width=\"180\"><span style=\"color: #000000;\">Koolitaja nimi ja kompetentsust tagava kvalifikatsiooni ja t\u00f6\u00f6kogemuse kirjeldus<\/span><\/td>\n<td width=\"472\"><span style=\"color: #000000;\">Juri Maksimov \u2013\u00a0 Jum Connect O\u00dc peaspetsialist.\u00a0 On l\u00f5petanud Tallinna Pol\u00fctehnikum, energeetika osakonna.\u00a0 Omab p\u00e4devus surveseadmete ja gaasi valdkonnades.\u00a0 Staaz lektorina 9 aastat.<\/span><\/p>\n<p><span style=\"color: #000000;\">Ilya Shmatov \u2013 omab tehnilist k\u00f5rgharidust (Tallinna Tehnika\u00fclikool, elektriajamite ja j\u00f5uelektroonika -sai tehnikateaduse magistri kraad, kui doktorikraad ei ole<\/span><br \/>\n<span style=\"color: #000000;\">l\u00f5petanud). Samuti diplomeeritud elektriinsener tarbija elektripaigaldiste alala, tase 7. <\/span><br \/>\n<span style=\"color: #000000;\">T\u00f6\u00f6tas energeetika kui ka gaasi valdkonnas rohkem kui 10 aastat. <\/span><br \/>\n<span style=\"color: #000000;\">T\u00f6\u00f6tas AS EG V\u00f5rguteenus (2007-2013) &#8211; Uute ehitusobjektide sissekandmine ja andmete korrigeerimine vastavalt tehtud t\u00f6\u00f6deleinfos\u00fcsteemis. Gaasiv\u00f5rgu kaitsev\u00f6\u00f6ndis teostatavate toimingute j\u00e4relevalve. Gaasiv\u00f5rgu katoodkaitse m\u00f5\u00f5tmised ja probleemide otsing.<\/span><br \/>\n<span style=\"color: #000000;\">T\u00f6\u00f6tas AS Gaasiv\u00f5rgud, AS Gaasiv\u00f5rk (2013-2020), alates 2020 t\u00e4naseni t\u00f6\u00f6tab AS EG Ehitus &#8211; Gaasi valdkonnas elektripaigaldiste k\u00e4idukorraldus, ehituse korraldus, auditi l\u00e4biviimisekorraldus, katoodkaitse s\u00fcsteemide stabiilsuse v\u00e4ljat\u00f6\u00f6tamine, katoodkaitse s\u00fcsteemidem\u00f5\u00f5tmiste ja probleemide lahendamise juhtimine. Piksekaitses\u00fcsteemide projektijuhtimine. Staaz lektorina 5 aastat.<\/span><\/td>\n<\/tr>\n<\/tbody>\n<\/table>\n<p>&nbsp;<\/p>\n","protected":false},"excerpt":{"rendered":"<p>\u00a0\u00a0 \u00a0 \u00a0 \u00a0 \u00a0 \u00a0 \u00a0 \u00a0 \u00a0 \u00a0 \u00a0 \u00a0 \u00a0 \u00a0 \u00a0 \u00a0 \u00a0 \u00a0 \u00a0 \u00a0 \u00a0 \u00a0 \u00a0 \u00a0 \u00a0 \u00a0 \u00a0 \u00a0 \u00a0 \u00a0 \u00a0 \u00a0 \u00a0 \u00a0&#46;&#46;&#46;<\/p>\n","protected":false},"author":1,"featured_media":0,"parent":0,"menu_order":0,"comment_status":"closed","ping_status":"closed","template":"","meta":{"footnotes":""},"class_list":["post-408","page","type-page","status-publish","hentry"],"jetpack_shortlink":"https:\/\/wp.me\/P8QdIl-6A","jetpack-related-posts":[],"jetpack_sharing_enabled":false,"_links":{"self":[{"href":"https:\/\/gkk.ee\/et\/wp-json\/wp\/v2\/pages\/408","targetHints":{"allow":["GET"]}}],"collection":[{"href":"https:\/\/gkk.ee\/et\/wp-json\/wp\/v2\/pages"}],"about":[{"href":"https:\/\/gkk.ee\/et\/wp-json\/wp\/v2\/types\/page"}],"author":[{"embeddable":true,"href":"https:\/\/gkk.ee\/et\/wp-json\/wp\/v2\/users\/1"}],"replies":[{"embeddable":true,"href":"https:\/\/gkk.ee\/et\/wp-json\/wp\/v2\/comments?post=408"}],"version-history":[{"count":39,"href":"https:\/\/gkk.ee\/et\/wp-json\/wp\/v2\/pages\/408\/revisions"}],"predecessor-version":[{"id":19637,"href":"https:\/\/gkk.ee\/et\/wp-json\/wp\/v2\/pages\/408\/revisions\/19637"}],"wp:attachment":[{"href":"https:\/\/gkk.ee\/et\/wp-json\/wp\/v2\/media?parent=408"}],"curies":[{"name":"wp","href":"https:\/\/api.w.org\/{rel}","templated":true}]}}