{"id":418,"date":"2023-08-14T22:12:45","date_gmt":"2023-08-14T19:12:45","guid":{"rendered":"http:\/\/gkk.ee\/new\/?page_id=418"},"modified":"2025-08-06T16:10:08","modified_gmt":"2025-08-06T13:10:08","slug":"12t-taiendkoolitus-3","status":"publish","type":"page","link":"https:\/\/gkk.ee\/et\/12t-taiendkoolitus-3\/","title":{"rendered":"16t_Surveseadme kasutamise ja surveseadmet\u00f6\u00f6de tegemise tehnilised normid_\u00d5S-16"},"content":{"rendered":"<p>&nbsp;<\/p>\n<table class=\" aligncenter\" style=\"background-color: #f7f7f7; width: 100%;\">\n<tbody>\n<tr>\n<td style=\"width: 13.8506%;\"><span style=\"color: #000000;\">\u00d5ppekava nimetus<\/span><\/td>\n<td style=\"width: 32.4148%;\"><span style=\"color: #000000;\">Surveseadme kasutamise ja surveseadmet\u00f6\u00f6de tegemise tehnilised normid<\/span><\/td>\n<\/tr>\n<tr>\n<td style=\"width: 13.8506%;\"><span style=\"color: #000000;\">\u00d5ppekavar\u00fchm<\/span><\/td>\n<td style=\"width: 32.4148%;\"><span style=\"color: #000000;\">Elektrienergia ja energeetika<\/span><\/td>\n<\/tr>\n<tr>\n<td style=\"width: 13.8506%;\"><span style=\"color: #000000;\">Koolituse sihtr\u00fchm<\/span><\/td>\n<td style=\"width: 32.4148%;\">\n<ul>\n<li><span style=\"color: #000000;\">Surveseadme kasutamise j\u00e4relvaataja p\u00e4devustunnistuse omanikud;<\/span><\/li>\n<li><span style=\"color: #000000;\">Surveaeadmet\u00f6id tegeva isiku p\u00e4devustunnistuse omanikud;<\/span><\/li>\n<li><span style=\"color: #000000;\">Teised teemast huvitatud isikud.<\/span><\/li>\n<\/ul>\n<\/td>\n<\/tr>\n<tr>\n<td style=\"width: 13.8506%;\"><span style=\"color: #000000;\">\u00d5piv\u00e4ljundid<\/span><\/td>\n<td style=\"width: 32.4148%;\"><span style=\"color: #000000;\">Koolitusel osaleja tunneb kehtivat surveseadme valdkonna seadusandlust. Tunneb surveseadmete auditite liike ja nende protseduure ning p\u00f5him\u00f5tted. Oskab \u00f5igesti kasutada k\u00f5ik seaduse m\u00f5isted ja terminoloogiat.<\/span><\/p>\n<p><span style=\"color: #000000;\">Koolitusel osaleja teab n\u00f5uded surveseadmetele, surveseadme paigaldamisele, surveseadmete\u00a0 remondile ja \u00fcmberehitamisele. Tunneb n\u00f5uded surveseadmet\u00f6\u00f6dele ning surveseadme tehtavatele keevitust\u00f6\u00f6dele.<\/span><\/p>\n<p><span style=\"color: #000000;\">Koolitusel osaleja tunneb surveseadmed, teab ohutusm\u00e4rgid ja ohtusvahendid. Koolitusel osaleja tunneb surveseadmete seadmed ja nende p\u00f5him\u00f5ttelised skeemid.<\/span><\/td>\n<\/tr>\n<tr>\n<td style=\"width: 13.8506%;\"><span style=\"color: #000000;\">Hind (ilma KM-ta)<\/span><\/td>\n<td style=\"width: 32.4148%;\"><span style=\"color: #000000;\">375 euro<\/span><\/td>\n<\/tr>\n<tr>\n<td style=\"width: 13.8506%;\"><span style=\"color: #000000;\">\u00d5ppe kogumaht<\/span><\/td>\n<td style=\"width: 32.4148%;\"><span style=\"color: #000000;\">16 ak.t auditoorset t\u00f6\u00f6d (1 ak.t = 45 min)<\/span><\/td>\n<\/tr>\n<tr>\n<td style=\"width: 13.8506%;\"><span style=\"color: #000000;\">\u00d5ppe sisu<\/span><\/td>\n<td style=\"width: 32.4148%;\"><span style=\"color: #000000;\">Surveseadme valdkonna reguleerivad seadused ja rakendusaktid.\u00a0 \u00a0&#8211; 8 tundi<\/span><\/p>\n<p><span style=\"color: #000000;\">N\u00f5uded surveseadmete, surveseadme paigaldamisele ja surveseadmet\u00f6\u00f6dele. Kvaliteedikontroll keevitust\u00f6\u00f6dele. EVS 843:2016 \u201eLinnat\u00e4navad\u201c. EVS 932:2017 \u201eEhitusprojekt\u201c. Euroopa surveseadme direktiiv 2014\/68\/EU. N\u00f5uded projektidele. &#8211; 8 tundi<\/span><\/td>\n<\/tr>\n<tr>\n<td style=\"width: 13.8506%;\"><span style=\"color: #000000;\">\u00d5ppekeskkonna kirjeldus<\/span><\/td>\n<td style=\"width: 32.4148%;\"><span style=\"color: #000000;\">GKK O\u00dc koolituskeskuse \u00f5pperuumid asuvad Ehitajate tee 114 &#8211; 20 ja Kopli 96-20 Tallinn ja Jaama tn. 14 \u2013 207, J\u00f5hvi. \u00d5pperuumides on t\u00e4iskasvanute koolituseks sobilik m\u00f6\u00f6bel (\u00f5ppelauad ja toolid kuni 20-le osalejale + t\u00f6\u00f6laud ja tool lektorile). K\u00f5ik \u00f5ppeklassid on varustatud kaasaegse \u00f5ppetehnikaga: arvuti ja data-videoprojektor, teler ja markertahvel seinal. \u00d5ppeklass on varustatud gaasiseadmete n\u00e4idistega, skeemide maketidega, p\u00fcsiliidete n\u00e4idistega jne.<\/span><br \/>\n<span style=\"color: #000000;\">L\u00f5unapauside ajal pakutakse koolitusel osalejatele tasuta l\u00f5unas\u00f6\u00f6k, joogivett ning kohvi ja teed koos suhkruga, tagatud on WC kasutamine ja k\u00e4tepesu v\u00f5imalus.<\/span><br \/>\n<span style=\"color: #000000;\">K\u00f5ik meie koolitusruumid on remonditud ja vastavad t\u00f6\u00f6tervishoiu, tuleohutuse ja t\u00f6\u00f6ohutuse n\u00f5uetele. \u00d5ppeklassid on avarad ja kergesti \u00f5hutatavad.<\/span><br \/>\n<span style=\"color: #000000;\">Teooriaosa on v\u00f5imalik l\u00e4biviia veebikeskkonnas Zoom.<\/span><\/td>\n<\/tr>\n<tr>\n<td style=\"width: 13.8506%;\"><span style=\"color: #000000;\">\u00d5ppematerjalide loend<\/span><\/td>\n<td style=\"width: 32.4148%;\"><span style=\"color: #000000;\">Koolitus klassis &#8211; konspekt paberkujul.<\/span><\/p>\n<p><span style=\"color: #000000;\">Koolitus veebikeskonnas &#8211; digi\u00f5ppematerjalid saadetakse e-posti teel.<\/span><\/td>\n<\/tr>\n<tr>\n<td style=\"width: 13.8506%;\"><span style=\"color: #000000;\">Hindamismeetodid ja kriteeriumid<\/span><\/td>\n<td style=\"width: 32.4148%;\"><span style=\"color: #000000;\">\u00d5piv\u00e4ljundeid ei hinnata.<\/span><\/td>\n<\/tr>\n<tr>\n<td style=\"width: 13.8506%;\"><span style=\"color: #000000;\">V\u00e4ljastatavad dokumendid<\/span><\/td>\n<td style=\"width: 32.4148%;\"><span style=\"color: #000000;\">T\u00f5end koolitusel osalemise kohta vastavalt t\u00e4iendkoolituse standardis s\u00e4testatud n\u00f5uetele. T\u00f5endi alusel v\u00f5ib taotleda surveseadmegaasivaldkonnas p\u00e4devustunnistuse saamiseks.<\/span><\/td>\n<\/tr>\n<tr>\n<td style=\"width: 13.8506%;\"><span style=\"color: #000000;\">Koolitaja nimi ja kompetentsust tagava kvalifikatsiooni ja t\u00f6\u00f6kogemuse kirjeldus<\/span><\/td>\n<td style=\"width: 32.4148%;\"><em>Antud nimekirjast v\u00f5tavad osa kaks v\u00f5i rohkem lektorit. Gaasikasutuskoolituse O\u00dc garanteerib, et lektori asendamise t\u00f5ttu koolituse kvaliteed ei muutu.<\/em><\/p>\n<p><span style=\"color: #000000;\">Kalev Kangro- omab tehnilist k\u00f5rgharidust. On l\u00f5petanud Leningradi K\u00f5rgema Merekooli (adm. Makarovi nimelise) laevamehaaniku erialal. T\u00f6\u00f6tanud EML AS-s, AS Eesti AGA-s ja Eesti Energia AS-s erinevatel tehnilistel ametikohtadel. Hetkel t\u00f6\u00f6tab oma firmas Panther Services O\u00dc, mis tegeleb gaasiseadmete ja insener-tehniliste lahenduste m\u00fc\u00fcgiga. Omab p\u00e4devust surve- ja k\u00fcttegaasiseadmete valdkonnas. On l\u00e4binud tuleohutusspetsialistide 5.taseme koolituse ja omab \u00f5igust l\u00e4bi viia koolitusi selles valdkonnas. On 6. taseme andragoog. Staa\u017e lektorina 14 aastat.<\/span><\/p>\n<p><span style=\"color: #000000;\"> German Belov \u2013 rahvusvaheline keevituse insener. T\u00dcV Eesti O\u00dc mittepurustava kontrolli labori juhataja. Omab mittepurustava kontrolli sertifikaadid VT-3, PT-2, MT-2, UT-2. Staaz lektorina 13 aastat.<\/span><\/p>\n<p><span style=\"color: #000000;\">Sergei Povarenkov \u2013 Leningraadi Pol\u00fctehnilone instituut, soojusenergeetika eriala. Omab p\u00e4devused k\u00fcttegaasiseadmete, surveseadmete ja masina valdkonnades. Endine Viru RMT O\u00dc, Eesti Energia AS seadmete spetsialist. Omab mittepurustava kontrolli sertifikaadid VT-2, MT-2, PT-2. Staaz lektorina 14 aastat.<\/span><\/p>\n<p><span style=\"color: #000000;\">Juri Maksimov \u2013\u00a0 Jum Connect O\u00dc peaspetsialist.\u00a0 On l\u00f5petanud Tallinna Pol\u00fctehnikum, energeetika osakonna.\u00a0 Omab p\u00e4devus surveseadmete ja gaasi valdkonnades.\u00a0 Staaz lektorina 9 aastat.<\/span><\/td>\n<\/tr>\n<\/tbody>\n<\/table>\n","protected":false},"excerpt":{"rendered":"<p>&nbsp; \u00d5ppekava nimetus Surveseadme kasutamise ja surveseadmet\u00f6\u00f6de tegemise tehnilised normid \u00d5ppekavar\u00fchm Elektrienergia ja energeetika Koolituse sihtr\u00fchm Surveseadme kasutamise j\u00e4relvaataja p\u00e4devustunnistuse omanikud; Surveaeadmet\u00f6id tegeva isiku p\u00e4devustunnistuse omanikud; Teised teemast huvitatud isikud. \u00d5piv\u00e4ljundid Koolitusel osaleja tunneb&#46;&#46;&#46;<\/p>\n","protected":false},"author":1,"featured_media":0,"parent":0,"menu_order":0,"comment_status":"closed","ping_status":"closed","template":"","meta":{"footnotes":""},"class_list":["post-418","page","type-page","status-publish","hentry"],"jetpack_shortlink":"https:\/\/wp.me\/P8QdIl-6K","jetpack-related-posts":[],"jetpack_sharing_enabled":false,"_links":{"self":[{"href":"https:\/\/gkk.ee\/et\/wp-json\/wp\/v2\/pages\/418","targetHints":{"allow":["GET"]}}],"collection":[{"href":"https:\/\/gkk.ee\/et\/wp-json\/wp\/v2\/pages"}],"about":[{"href":"https:\/\/gkk.ee\/et\/wp-json\/wp\/v2\/types\/page"}],"author":[{"embeddable":true,"href":"https:\/\/gkk.ee\/et\/wp-json\/wp\/v2\/users\/1"}],"replies":[{"embeddable":true,"href":"https:\/\/gkk.ee\/et\/wp-json\/wp\/v2\/comments?post=418"}],"version-history":[{"count":33,"href":"https:\/\/gkk.ee\/et\/wp-json\/wp\/v2\/pages\/418\/revisions"}],"predecessor-version":[{"id":19515,"href":"https:\/\/gkk.ee\/et\/wp-json\/wp\/v2\/pages\/418\/revisions\/19515"}],"wp:attachment":[{"href":"https:\/\/gkk.ee\/et\/wp-json\/wp\/v2\/media?parent=418"}],"curies":[{"name":"wp","href":"https:\/\/api.w.org\/{rel}","templated":true}]}}