{"id":423,"date":"2023-08-14T22:12:45","date_gmt":"2023-08-14T19:12:45","guid":{"rendered":"http:\/\/gkk.ee\/new\/?page_id=423"},"modified":"2025-07-09T09:12:41","modified_gmt":"2025-07-09T06:12:41","slug":"soojusseadmete-kaitaja-katlaoperaator","status":"publish","type":"page","link":"https:\/\/gkk.ee\/et\/koolitus\/surveseadmealane-koolitus\/soojusseadmete-kaitaja-katlaoperaator\/","title":{"rendered":"50t_Soojusseadmete k\u00e4itaja, katlaoperaator (\u00d5SK-50)"},"content":{"rendered":"<p style=\"text-align: center;\"><span style=\"color: #1e7ce2;\"><strong>\u00a0 \u00a0 \u00a0 \u00a0 \u00a0 \u00a0 \u00a0 \u00a0 \u00a0 \u00a0<\/strong><strong> \u00a0 \u00a0 \u00a0 \u00a0 \u00a0 \u00a0 \u00a0 \u00a0 \u00a0 \u00a0\u00a0\u00a0\u00a0\u00a0\u00a0\u00a0\u00a0\u00a0\u00a0\u00a0\u00a0\u00a0\u00a0<\/strong><\/span><\/p>\n<table class=\" aligncenter\" style=\"width: 99.4916%; height: 3096px;\">\n<tbody>\n<tr style=\"height: 24px;\">\n<td style=\"width: 161px; height: 24px;\"><span style=\"color: #000000;\">\u00d5ppekava nimetus<\/span><\/td>\n<td style=\"width: 471px; height: 24px;\"><span style=\"color: #000000;\">Soojusseadmete k\u00e4itaja (katlaoperaator) \u00f5ppekava<\/span><\/td>\n<\/tr>\n<tr style=\"height: 24px;\">\n<td style=\"width: 161px; height: 24px;\"><span style=\"color: #000000;\">\u00d5ppekavar\u00fchm<\/span><\/td>\n<td style=\"width: 471px; height: 24px;\">Elektrienergia ja energeetika<\/td>\n<\/tr>\n<tr style=\"height: 128px;\">\n<td style=\"width: 161px; height: 128px;\"><span style=\"color: #000000;\">Koolituse sihtr\u00fchm<\/span><\/td>\n<td style=\"width: 471px; height: 128px;\">\n<ul>\n<li><span style=\"color: #000000;\">Isikud, kes alustab tegelema surveseadmete kasutamisega<\/span><\/li>\n<li><span style=\"color: #000000;\">Auru-, kuumavee ja vedelikukatelde kasutatav personal<\/span><\/li>\n<li><span style=\"color: #000000;\">Soojusenergeetikud<\/span><\/li>\n<li><span style=\"color: #000000;\">Teised teemast huvitatud isikud.<\/span><\/li>\n<\/ul>\n<\/td>\n<\/tr>\n<tr style=\"height: 488px;\">\n<td style=\"width: 161px; height: 488px;\"><span style=\"color: #000000;\">\u00d5piv\u00e4ljundid<\/span><\/td>\n<td style=\"width: 471px; height: 488px;\"><span style=\"color: #000000;\">Koolitusel osaleja tunneb kehtivat surveseadme valdkonna seadusandlust. Tunneb surveseadmete auditite liike ja nende protseduure ning p\u00f5him\u00f5tted. Oskab \u00f5igesti kasutada k\u00f5ik seaduse m\u00f5isted ja terminoloogiat.<\/span><\/p>\n<p><span style=\"color: #000000;\">Koolitusel osaleja teab n\u00f5uded surveseadmete kasutamisesele, t\u00f6\u00f6ohutusn\u00f5uded ja tuleohutusn\u00f5uded. \u00a0Koolitusel osaleja tunneb surveseadmed, teab ohutusm\u00e4rgid ja ohtusvahendid. Koolitusel osaleja tunneb surveseadmete seadmed ja paigaldiste p\u00f5him\u00f5ttelised skeemid. Koolitusel osaleja oskab ohutu sisse ja v\u00e4lja l\u00fclitada ja kasutada soojusseade.<\/span><\/p>\n<p><span style=\"color: #000000;\">Koolitusel osaleja tunneb veeauru omadusi ja k\u00fctusekomponente ja teab p\u00f5lemise omadusi. Koolitusel osaleja tunneb auru, kuumavee ja vedelikukatelde veere\u017eiime. Koolitusel osaleja oskab teostada soojusseadme \u00fclevaatust, anal\u00fc\u00fcsida ja likvideerida avariisid ja oskab korralada katlamaja t\u00f6\u00f6d.<\/span><\/p>\n<p><span style=\"color: #000000;\">Koolitusel osaleja saab praktilisi teadmisi katlamaja t\u00f6\u00f6tamist, katlaga ja t\u00f6\u00f6korraldusega.<\/span><\/td>\n<\/tr>\n<tr style=\"height: 24px;\">\n<td style=\"width: 161px; height: 24px;\"><span style=\"color: #000000;\">Hind (k\u00e4ibemaksuta)<\/span><\/td>\n<td style=\"width: 471px; height: 24px;\"><span style=\"color: #000000;\">795 euro<\/span><\/td>\n<\/tr>\n<tr style=\"height: 24px;\">\n<td style=\"width: 161px; height: 24px;\"><span style=\"color: #000000;\">\u00d5ppe kogumaht<\/span><\/td>\n<td style=\"width: 471px; height: 24px;\"><span style=\"color: #000000;\">50 ak.t auditoorset t\u00f6\u00f6d (1 ak.t = 45 min)<\/span><\/td>\n<\/tr>\n<tr style=\"height: 480px;\">\n<td style=\"width: 161px; height: 480px;\"><span style=\"color: #000000;\">\u00d5ppe sisu<\/span><\/td>\n<td style=\"width: 471px; height: 480px;\" width=\"472\"><span style=\"color: #000000;\">1. Surveseadme valdkonna reguleerivad seadused ja rakendusaktid.\u00a0 &#8211; 10 tundi<\/span><\/p>\n<p><span style=\"color: #000000;\">2.N\u00f5uded surveseadmete, surveseadme paigaldamisele ja surveseadmet\u00f6\u00f6dele.<\/span><br \/>\n<span style=\"color: #000000;\">Surveseadmed, reguleerseadmed, kaitseklapid, sulgeseadmed nende elemendid ja paigutus.10 tundi<\/span><\/p>\n<p><span style=\"color: #000000;\">3.Katlade p\u00f5him\u00f5ttelised skeemid. \u00a0\u00a0\u00a0\u00a0\u00a0\u00a0\u00a0\u00a0\u00a0\u00a0\u00a0\u00a0\u00a0\u00a0\u00a0\u00a0\u00a0\u00a0\u00a0\u00a0\u00a0\u00a0\u00a0\u00a0\u00a0\u00a0\u00a0\u00a0\u00a0\u00a0\u00a0\u00a0\u00a0\u00a0\u00a0\u00a0\u00a0\u00a0\u00a0\u00a0\u00a0\u00a0\u00a0\u00a0\u00a0\u00a0\u00a0 Ohutusm\u00e4rgid, ohutusvahendid. Katelde t\u00f6\u00f6tamise ja ekspluateerimise printsiibid.<\/span><br \/>\n<span style=\"color: #000000;\">T\u00f6\u00f6keskkonna ohutus, kaitsevahendid ja meetmed. \u00a0K\u00fcttuse liigid, tehnilised omadused. P\u00f5letid ja nende t\u00fc\u00fcbid. K\u00fctuste p\u00f5letamise moodused ja seadmed. Katelde t\u00f6\u00f6p\u00f5him\u00f5te. Soojustehnika ja soojusvahetuse alused.\u00a0 10 tundi<\/span><\/p>\n<p><span style=\"color: #000000;\">4. Katla veere\u017eiim ja sadestised katlas. Kuumavee-,auru ja vedelikukatelde toitevee ettevalmistus. <\/span><span style=\"color: #000000;\">Katla ettevalmistamine vedel- ja tahkek\u00fctusel t\u00f6\u00f6tamiseks. Gaasipaigaldise skeem, gaasireguleerimispunkt, tarviti gaasivarustuse p\u00f5him\u00f5tteline skeem. 10 tundi<\/span><\/p>\n<p><span style=\"color: #000000;\">5.M\u00f5\u00f5tetehnika. Katelde avariid ja nende likvideerimine.\u00a0 Dokumentatsiooni haldamine. 10 tundi<\/span><\/td>\n<\/tr>\n<tr style=\"height: 424px;\">\n<td style=\"width: 161px; height: 424px;\"><span style=\"color: #000000;\">\u00d5ppekeskkonna kirjeldus<\/span><\/td>\n<td style=\"width: 471px; height: 424px;\"><span style=\"color: #000000;\">GKK O\u00dc koolituskeskuse \u00f5pperuumid asuvad Ehitajate tee 114 \u2013 20 ja Kopli 96-20 Tallinn ja Jaama tn. 14 \u2013 207, J\u00f5hvi. \u00d5pperuumides on t\u00e4iskasvanute koolituseks sobilik m\u00f6\u00f6bel (\u00f5ppelauad ja toolid kuni 20-le osalejale + t\u00f6\u00f6laud ja tool lektorile). K\u00f5ik \u00f5ppeklassid on varustatud kaasaegse \u00f5ppetehnikaga: arvuti ja data-videoprojektor, teler ja markertahvel seinal. \u00d5ppeklass on varustatud gaasiseadmete n\u00e4idistega, skeemide maketidega, p\u00fcsiliidete n\u00e4idistega jne.<\/span><br \/>\n<span style=\"color: #000000;\">L\u00f5unapauside ajal pakutakse koolitusel osalejatele tasuta l\u00f5unas\u00f6\u00f6k, joogivett ning kohvi ja teed koos suhkruga, tagatud on WC kasutamine ja k\u00e4tepesu v\u00f5imalus.<\/span><span style=\"color: #000000;\">K\u00f5ik meie koolitusruumid on remonditud ja vastavad t\u00f6\u00f6tervishoiu, tuleohutuse ja t\u00f6\u00f6ohutuse n\u00f5uetele. \u00d5ppeklassid on avarad ja kergesti \u00f5hutatavad.<\/span><span style=\"color: #000000;\">Teooriaosa on v\u00f5imalik l\u00e4biviia veebikeskkonnas Zoom.<\/span><\/td>\n<\/tr>\n<tr style=\"height: 104px;\">\n<td style=\"width: 161px; height: 104px;\"><span style=\"color: #000000;\">\u00d5ppematerjalide loend<\/span><\/td>\n<td style=\"width: 471px; height: 104px;\"><span style=\"color: #000000;\">Koolitus klassis \u2013 konspekt paberkujul.<\/span><span style=\"color: #000000;\">Koolitus veebikeskonnas \u2013 digi\u00f5ppematerjalid saadetakse e-posti teel.<\/span><\/td>\n<\/tr>\n<tr style=\"height: 152px;\">\n<td style=\"width: 161px; height: 152px;\"><span style=\"color: #000000;\">Hindamismeetodid ja kriteeriumid<\/span><\/td>\n<td style=\"width: 471px; height: 152px;\"><span style=\"color: #000000;\">\u00d5piv\u00e4ljundeid hinnatakse. Koolituse l\u00f5petamise eelduseks on osalemine 100% auditoorsetes tundides ning on sooritatud eksam. \u00d5piv\u00e4ljundite kontroll toimub kirjaliku eksamiga. Eksam on sooritatud positiivsele tulemusele, kui kirjaliku eksami k\u00fcsimustele on \u00f5igesti vastatud v\u00e4hemalt 75% ulatuses. <\/span><\/td>\n<\/tr>\n<tr style=\"height: 96px;\">\n<td style=\"width: 161px; height: 96px;\"><span style=\"color: #000000;\">V\u00e4ljastatavad dokumendid<\/span><\/td>\n<td style=\"width: 471px; height: 96px;\"><span style=\"color: #000000;\">\u00d5piv\u00e4ljundid omandanud ning hindamise l\u00e4binud koolitatavale v\u00e4ljastatakse tunnistus. Hindamisel mitteosalenud v\u00f5i hindamist mittel\u00e4binud koolitatavale v\u00e4ljastatakse t\u00f5end koolitusel osaletud mahu ja l\u00e4bitud teemade kohta.<\/span><\/td>\n<\/tr>\n<tr style=\"height: 1008px;\">\n<td style=\"width: 161px; height: 1008px;\"><span style=\"color: #000000;\">Koolitaja nimi ja kompetentsust tagava kvalifikatsiooni ja t\u00f6\u00f6kogemuse kirjeldus<\/span><\/td>\n<td style=\"width: 471px; height: 1008px;\"><em>Antud nimekirjast v\u00f5tavad osa kaks v\u00f5i rohkem lektorit. Gaasikasutuskoolituse O\u00dc garanteerib, et lektori asendamise t\u00f5ttu koolituse kvaliteed ei muutu.<\/em><\/p>\n<p><span style=\"color: #000000;\">Kalev Kangro- omab tehnilist k\u00f5rgharidust. On l\u00f5petanud Leningradi K\u00f5rgema Merekooli (adm. Makarovi nimelise) laevamehaaniku erialal. T\u00f6\u00f6tanud EML AS-s, AS Eesti AGA-s ja Eesti Energia AS-s erinevatel tehnilistel ametikohtadel. Hetkel t\u00f6\u00f6tab oma firmas Panther Services O\u00dc, mis tegeleb gaasiseadmete ja insener-tehniliste lahenduste m\u00fc\u00fcgiga. Omab p\u00e4devust surve- ja k\u00fcttegaasiseadmete valdkonnas. On l\u00e4binud tuleohutusspetsialistide 5.taseme koolituse ja omab \u00f5igust l\u00e4bi viia koolitusi selles valdkonnas. On 6. taseme andragoog. Staa\u017e lektorina 14 aastat.<\/span><\/p>\n<p><span style=\"color: #000000;\"> German Belov \u2013 rahvusvaheline keevituse insener. T\u00dcV Eesti O\u00dc mittepurustava kontrolli labori juhataja. Omab mittepurustava kontrolli sertifikaadid VT-3, PT-2, MT-2, UT-2. Staaz lektorina 13 aastat.<\/span><\/p>\n<p><span style=\"color: #000000;\">Sergei Povarenkov \u2013 Leningraadi Pol\u00fctehnilone instituut, soojusenergeetika eriala. Omab p\u00e4devused k\u00fcttegaasiseadmete, surveseadmete ja masina valdkonnades. Endine Viru RMT O\u00dc, Eesti Energia AS seadmete spetsialist. Omab mittepurustava kontrolli sertifikaadid VT-2, MT-2, PT-2. Staaz lektorina 14 aastat.<\/span><\/p>\n<p><span style=\"color: #000000;\">Juri Maksimov \u2013\u00a0 Jum Connect O\u00dc peaspetsialist.\u00a0 On l\u00f5petanud Tallinna Pol\u00fctehnikum, energeetika osakonna.\u00a0 Omab p\u00e4devus surveseadmete ja gaasi valdkonnades.\u00a0 Staaz lektorina 9 aastat.<\/span><\/p>\n<p>&nbsp;<\/td>\n<\/tr>\n<\/tbody>\n<\/table>\n","protected":false},"excerpt":{"rendered":"<p>\u00a0 \u00a0 \u00a0 \u00a0 \u00a0 \u00a0 \u00a0 \u00a0 \u00a0 \u00a0 \u00a0 \u00a0 \u00a0 \u00a0 \u00a0 \u00a0 \u00a0 \u00a0 \u00a0 \u00a0\u00a0\u00a0\u00a0\u00a0\u00a0\u00a0\u00a0\u00a0\u00a0\u00a0\u00a0\u00a0\u00a0 \u00d5ppekava nimetus Soojusseadmete k\u00e4itaja (katlaoperaator) \u00f5ppekava \u00d5ppekavar\u00fchm Elektrienergia ja energeetika Koolituse sihtr\u00fchm Isikud, kes&#46;&#46;&#46;<\/p>\n","protected":false},"author":1,"featured_media":0,"parent":414,"menu_order":0,"comment_status":"closed","ping_status":"closed","template":"","meta":{"footnotes":""},"class_list":["post-423","page","type-page","status-publish","hentry"],"jetpack_shortlink":"https:\/\/wp.me\/P8QdIl-6P","jetpack-related-posts":[],"jetpack_sharing_enabled":false,"_links":{"self":[{"href":"https:\/\/gkk.ee\/et\/wp-json\/wp\/v2\/pages\/423","targetHints":{"allow":["GET"]}}],"collection":[{"href":"https:\/\/gkk.ee\/et\/wp-json\/wp\/v2\/pages"}],"about":[{"href":"https:\/\/gkk.ee\/et\/wp-json\/wp\/v2\/types\/page"}],"author":[{"embeddable":true,"href":"https:\/\/gkk.ee\/et\/wp-json\/wp\/v2\/users\/1"}],"replies":[{"embeddable":true,"href":"https:\/\/gkk.ee\/et\/wp-json\/wp\/v2\/comments?post=423"}],"version-history":[{"count":50,"href":"https:\/\/gkk.ee\/et\/wp-json\/wp\/v2\/pages\/423\/revisions"}],"predecessor-version":[{"id":19517,"href":"https:\/\/gkk.ee\/et\/wp-json\/wp\/v2\/pages\/423\/revisions\/19517"}],"up":[{"embeddable":true,"href":"https:\/\/gkk.ee\/et\/wp-json\/wp\/v2\/pages\/414"}],"wp:attachment":[{"href":"https:\/\/gkk.ee\/et\/wp-json\/wp\/v2\/media?parent=423"}],"curies":[{"name":"wp","href":"https:\/\/api.w.org\/{rel}","templated":true}]}}