{"id":439,"date":"2023-08-14T22:12:44","date_gmt":"2023-08-14T19:12:44","guid":{"rendered":"http:\/\/gkk.ee\/new\/?page_id=439"},"modified":"2025-08-06T16:08:18","modified_gmt":"2025-08-06T13:08:18","slug":"masinist-kraanajuht","status":"publish","type":"page","link":"https:\/\/gkk.ee\/et\/masinist-kraanajuht\/","title":{"rendered":"26t_Masina k\u00e4itaja (kraanajuht, telferist-troppija)_\u00d5MK-26"},"content":{"rendered":"<table class=\" aligncenter\" style=\"width: 100%; background-color: #f7f7f7;\" cellpadding=\"0\">\n<tbody>\n<tr>\n<td style=\"width: 29.3526%;\"><span style=\"color: #000000;\">\u00d5ppekava nimetus<\/span><\/td>\n<td style=\"width: 69.3974%;\"><span style=\"color: #000000;\">Masina k\u00e4itaja (kraanajuht, telferist-troppija)<\/span><\/td>\n<\/tr>\n<tr>\n<td style=\"width: 29.3526%;\"><span style=\"color: #000000;\">\u00d5ppekavar\u00fchm<\/span><\/td>\n<td style=\"width: 69.3974%;\"><span style=\"color: #000000;\">Mehaanika ja metallit\u00f6\u00f6<\/span><\/td>\n<\/tr>\n<tr>\n<td style=\"width: 29.3526%;\"><span style=\"color: #000000;\">Koolituse sihtr\u00fchm<\/span><\/td>\n<td style=\"width: 69.3974%;\">\n<ul>\n<li><span style=\"color: #000000;\">Masina k\u00e4itaja (kraanajuht, telferist-troppija) tunnistuse omanikud<\/span><\/li>\n<li><span style=\"color: #000000;\">Isikud, kes alustab tegelema masina kasutamisega<\/span><\/li>\n<li><span style=\"color: #000000;\">Teised teemast huvitatud isikud<\/span><\/li>\n<\/ul>\n<\/td>\n<\/tr>\n<tr>\n<td style=\"width: 29.3526%;\" width=\"180\">&nbsp;<\/p>\n<p><span style=\"color: #000000;\">\u00d5piv\u00e4ljundid<\/span><\/td>\n<td style=\"width: 69.3974%;\" width=\"472\"><span style=\"color: #000000;\">Koolitusel osaleja tunneb kehtivat masina valdkonna seadusandlust. Tunneb masinate auditite liike ja nende protseduure ning p\u00f5him\u00f5tted. Oskab \u00f5igesti kasutada k\u00f5ik seaduse m\u00f5isted ja terminoloogiat.<\/span><\/p>\n<p><span style=\"color: #000000;\">Koolitusel osaleja teab ohutuse p\u00f5hin\u00f5uded masinate kasutamisel ja t\u00f5stet\u00f6\u00f6de teostamisel.<\/span><\/p>\n<p><span style=\"color: #000000;\">Koolitusel osaleja tunneb masinad, teab ohutusm\u00e4rgid ja ohtusvahendid. Koolitusel osaleja tunneb masina seadmed ja nende p\u00f5him\u00f5ttelised skeemid.<\/span><\/td>\n<\/tr>\n<tr>\n<td style=\"width: 29.3526%;\" width=\"180\"><span style=\"color: #000000;\">Hind (ilma KM-ta)<\/span><\/td>\n<td style=\"width: 69.3974%;\" width=\"472\"><span style=\"color: #000000;\">575 euro<\/span><\/td>\n<\/tr>\n<tr>\n<td style=\"width: 29.3526%;\" width=\"180\"><span style=\"color: #000000;\">\u00d5ppe kogumaht<\/span><\/td>\n<td style=\"width: 69.3974%;\" width=\"472\"><span style=\"color: #000000;\">26 ak.t auditoorset t\u00f6\u00f6d (1 ak.t = 45 min)<\/span><\/td>\n<\/tr>\n<tr>\n<td style=\"width: 29.3526%;\" width=\"180\">&nbsp;<\/p>\n<p><span style=\"color: #000000;\">\u00d5ppe sisu<\/span><\/td>\n<td style=\"width: 69.3974%;\" width=\"472\"><span style=\"color: #000000;\">Masina valdkonna reguleerivad seadused ja rakendusaktid. &#8211; 8 tundi<\/span><\/p>\n<p><span style=\"color: #000000;\">T\u00f5stet\u00f6\u00f6de teostamine kraanade abil. Kraanadega t\u00f6\u00f6de teostamise kord ja ohutusmeetmed. Masina ohutu kasutusn\u00f5uded personalile. &#8211; 8 tundi<\/span><\/p>\n<p><span style=\"color: #000000;\">Masinad, masinaseadmed nende elemendid ja paigutus ning masina rikete p\u00f5hjused. Masina kasutamine ja hooldamine.\u00a0 \u00a0Masina, masinaseadme paigaldise skeemid. \u00a0Kraanade t\u00fc\u00fcbid ja kasutusn\u00f5uded. Lastide haarde abivahendid. Ohutusm\u00e4rgid, ohutusvahendid.-10 tundi<\/span><\/td>\n<\/tr>\n<tr>\n<td style=\"width: 29.3526%;\" width=\"180\"><span style=\"color: #000000;\">\u00d5ppekeskkonna kirjeldus<\/span><\/td>\n<td style=\"width: 69.3974%;\" width=\"472\"><span style=\"color: #000000;\">GKK O\u00dc koolituskeskuse \u00f5pperuumid asuvad Ehitajate tee 114 &#8211; 20 ja Kopli 96-20 Tallinn ja Jaama tn. 14 \u2013 207, J\u00f5hvi. \u00d5pperuumides on t\u00e4iskasvanute koolituseks sobilik m\u00f6\u00f6bel (\u00f5ppelauad ja toolid kuni 20-le osalejale + t\u00f6\u00f6laud ja tool lektorile). K\u00f5ik \u00f5ppeklassid on varustatud kaasaegse \u00f5ppetehnikaga: arvuti ja data-videoprojektor, teler ja markertahvel seinal. \u00d5ppeklass on varustatud gaasiseadmete n\u00e4idistega, skeemide maketidega, p\u00fcsiliidete n\u00e4idistega jne.<\/span><br \/>\n<span style=\"color: #000000;\">L\u00f5unapauside ajal pakutakse koolitusel osalejatele tasuta l\u00f5unas\u00f6\u00f6k, joogivett ning kohvi ja teed koos suhkruga, tagatud on WC kasutamine ja k\u00e4tepesu v\u00f5imalus.<\/span><br \/>\n<span style=\"color: #000000;\">K\u00f5ik meie koolitusruumid on remonditud ja vastavad t\u00f6\u00f6tervishoiu, tuleohutuse ja t\u00f6\u00f6ohutuse n\u00f5uetele. \u00d5ppeklassid on avarad ja kergesti \u00f5hutatavad.<\/span><br \/>\n<span style=\"color: #000000;\">Teooriaosa on v\u00f5imalik l\u00e4biviia veebikeskkonnas Zoom.<\/span><\/td>\n<\/tr>\n<tr>\n<td style=\"width: 29.3526%;\" width=\"180\"><span style=\"color: #000000;\">\u00d5ppematerjalide loend<\/span><\/td>\n<td style=\"width: 69.3974%;\" width=\"472\"><span style=\"color: #000000;\">Koolitus klassis &#8211; konspekt paberkujul.<\/span><br \/>\n<span style=\"color: #000000;\">Koolitus veebikeskonnas &#8211; digi\u00f5ppematerjalid saadetakse e-posti teel.<\/span><\/td>\n<\/tr>\n<tr class=\"alt\">\n<td style=\"width: 29.3526%;\" width=\"180\">Hindamismeetodid ja kriteeriumid<\/td>\n<td style=\"width: 69.3974%;\" width=\"472\"><span style=\"color: #000000;\">\u00d5piv\u00e4ljundeid hinnatakse. Koolituse l\u00f5petamise eelduseks on osalemine\u00a0 100% auditoorsetes tundides ning on sooritatud eksam.\u00a0 \u00d5piv\u00e4ljundite kontroll toimub kirjaliku eksamiga. Eksam on sooritatud positiivsele tulemusele, kui kirjaliku eksami k\u00fcsimustele on \u00f5igesti vastatud v\u00e4hemalt 75% ulatuses.\u00a0<\/span><\/td>\n<\/tr>\n<tr>\n<td style=\"width: 29.3526%;\" width=\"180\"><span style=\"color: #000000;\">V\u00e4ljastatavad dokumendid<\/span><\/td>\n<td style=\"width: 69.3974%;\" width=\"472\"><span style=\"color: #000000;\">\u00d5piv\u00e4ljundid omandanud ning hindamise l\u00e4binud koolitatavale v\u00e4ljastatakse tunnistus. Hindamisel mitteosalenud v\u00f5i hindamist mittel\u00e4binud koolitatavale v\u00e4ljastatakse t\u00f5end koolitusel osaletud mahu ja l\u00e4bitud teemade kohta.<\/span><\/td>\n<\/tr>\n<tr>\n<td style=\"width: 29.3526%;\" width=\"180\"><span style=\"color: #000000;\">Koolitaja nimi ja kompetentsust tagava kvalifikatsiooni ja t\u00f6\u00f6kogemuse kirjeldus<\/span><\/td>\n<td style=\"width: 69.3974%;\" width=\"472\"><span style=\"color: #000000;\"><em>Antud nimekirjast v\u00f5tavad osa kaks v\u00f5i rohkem lektorit. Gaasikasutuskoolituse O\u00dc garanteerib, et lektori asendamise t\u00f5ttu koolituse kvaliteed ei muutu.<\/em><\/span><\/p>\n<p><span style=\"color: #000000;\">Anatoli Jermak &#8211;\u00a0 Eesti \u00a0Ettev\u00f5tlusk\u00f5rgkool \u00a0Mainor \u00e4rijuhtimine eriala ja Tallinna Tehnika\u00fclikooli \u00a0Virumaa Kolled\u017e masinaehituse tehnoloogia eriala. Omab p\u00e4devused k\u00fcttegaasiseadmete, surveseadmete ja masina valdkonnades. Endine Klarias Compani O\u00dc t\u00f5stet\u00f6\u00f6de spetsialist. Omab mittepurustava kontrolli sertifikaadi VT-2. Staaz lektorina 10 aastat.<\/span><\/p>\n<p><span style=\"color: #000000;\">German Belov \u2013 rahvusvaheline keevituse insener. T\u00dcV Eesti O\u00dc mittepurustava kontrolli labori juhataja. Omab mittepurustava kontrolli sertifikaadid VT-3, PT-2, MT-2, UT-2.Staa\u017e lektorina 13 aastat.<strong>\u00a0<\/strong><\/span><\/p>\n<p><span style=\"color: #000000;\">Sergei Povarenkov \u2013 Leningraadi Pol\u00fctehnilone instituut, soojusenergeetika eriala. Omab p\u00e4devused k\u00fcttegaasiseadmete, surveseadmete ja masina valdkonnades. Endine Viru RMT O\u00dc, Eesti Energia AS seadmete spetsialist. Omab mittepurustava kontrolli sertifikaadid VT-2, MT-2, PT-2. Staaz lektorina 14 aastat.<\/span><\/p>\n<p><span style=\"color: #000000;\">Juri Maksimov \u2013\u00a0 Jum Connect O\u00dc peaspetsialist.\u00a0 On l\u00f5petanud Tallinna Pol\u00fctehnikum, energeetika osakonna.\u00a0 Omab p\u00e4devus surveseadmete ja gaasi valdkonnades.\u00a0 Staaz lektorina 9 aastat.<\/span><\/p>\n<p>&nbsp;<\/td>\n<\/tr>\n<\/tbody>\n<\/table>\n<p>&nbsp;<\/p>\n","protected":false},"excerpt":{"rendered":"<p>\u00d5ppekava nimetus Masina k\u00e4itaja (kraanajuht, telferist-troppija) \u00d5ppekavar\u00fchm Mehaanika ja metallit\u00f6\u00f6 Koolituse sihtr\u00fchm Masina k\u00e4itaja (kraanajuht, telferist-troppija) tunnistuse omanikud Isikud, kes alustab tegelema masina kasutamisega Teised teemast huvitatud isikud &nbsp; \u00d5piv\u00e4ljundid Koolitusel osaleja tunneb kehtivat&#46;&#46;&#46;<\/p>\n","protected":false},"author":1,"featured_media":0,"parent":0,"menu_order":0,"comment_status":"closed","ping_status":"closed","template":"","meta":{"footnotes":""},"class_list":["post-439","page","type-page","status-publish","hentry"],"jetpack_shortlink":"https:\/\/wp.me\/P8QdIl-75","jetpack-related-posts":[],"jetpack_sharing_enabled":false,"_links":{"self":[{"href":"https:\/\/gkk.ee\/et\/wp-json\/wp\/v2\/pages\/439","targetHints":{"allow":["GET"]}}],"collection":[{"href":"https:\/\/gkk.ee\/et\/wp-json\/wp\/v2\/pages"}],"about":[{"href":"https:\/\/gkk.ee\/et\/wp-json\/wp\/v2\/types\/page"}],"author":[{"embeddable":true,"href":"https:\/\/gkk.ee\/et\/wp-json\/wp\/v2\/users\/1"}],"replies":[{"embeddable":true,"href":"https:\/\/gkk.ee\/et\/wp-json\/wp\/v2\/comments?post=439"}],"version-history":[{"count":35,"href":"https:\/\/gkk.ee\/et\/wp-json\/wp\/v2\/pages\/439\/revisions"}],"predecessor-version":[{"id":19564,"href":"https:\/\/gkk.ee\/et\/wp-json\/wp\/v2\/pages\/439\/revisions\/19564"}],"wp:attachment":[{"href":"https:\/\/gkk.ee\/et\/wp-json\/wp\/v2\/media?parent=439"}],"curies":[{"name":"wp","href":"https:\/\/api.w.org\/{rel}","templated":true}]}}