{"id":443,"date":"2023-08-14T22:12:44","date_gmt":"2023-08-14T19:12:44","guid":{"rendered":"http:\/\/gkk.ee\/new\/?page_id=443"},"modified":"2025-08-06T16:04:34","modified_gmt":"2025-08-06T13:04:34","slug":"visuaalne-mittepurustav-kontroll","status":"publish","type":"page","link":"https:\/\/gkk.ee\/et\/visuaalne-mittepurustav-kontroll\/","title":{"rendered":"50t_Visuaalne mittepurustav kontroll, VT-tase 2_\u00d5PVT-50"},"content":{"rendered":"<table class=\" alignleft\" style=\"background-color: #f7f7f7; width: 100%; height: 1520px;\">\n<tbody>\n<tr style=\"height: 24px;\">\n<td style=\"width: 13.3285%; height: 24px;\" width=\"180\"><span style=\"color: #000000;\">\u00d5ppekava nimetus<\/span><\/td>\n<td style=\"width: 34.7414%; height: 24px;\" width=\"472\"><span style=\"color: #000000;\">Visuaalne mittepurustav kontroll, VT- tase 2\u00a0<\/span><\/td>\n<\/tr>\n<tr style=\"height: 24px;\">\n<td style=\"width: 13.3285%; height: 24px;\" width=\"180\"><span style=\"color: #000000;\">\u00d5ppekavar\u00fchm<\/span><\/td>\n<td style=\"width: 34.7414%; height: 24px;\" width=\"472\"><span style=\"color: #000000;\">Mehaanika ja metallit\u00f6\u00f6<\/span><\/td>\n<\/tr>\n<tr style=\"height: 104px;\">\n<td style=\"width: 13.3285%; height: 104px;\" width=\"180\"><span style=\"color: #000000;\">Koolituse sihtr\u00fchm<\/span><\/p>\n<p>&nbsp;<\/td>\n<td style=\"width: 34.7414%; height: 104px;\" width=\"472\">\n<ul>\n<li><span style=\"color: #000000;\">Mittepurustava kontrolli valdkonnas t\u00f6\u00f6tavad spetsialistid<\/span><\/li>\n<li><span style=\"color: #000000;\">Gaasi, &#8211; surveseadme &#8211; ja masinat\u00f6id tegeva isiku p\u00e4devustunnistuse omanikud<\/span><\/li>\n<li><span style=\"color: #000000;\">Keevitustehnika ja kvaliteedikontrolli personal<\/span><\/li>\n<\/ul>\n<\/td>\n<\/tr>\n<tr style=\"height: 48px;\">\n<td style=\"width: 13.3285%; height: 48px;\" width=\"180\"><span style=\"color: #000000;\">\u00d5piv\u00e4ljundid<\/span><\/td>\n<td style=\"width: 34.7414%; height: 48px;\" width=\"472\">\n<div align=\"justify\"><span style=\"color: #000000;\">Koolitusel osaleja tunneb k\u00f5ik keevitus\u00f5mbluste defekte, teab ja oskab kasutada vastava meetodi standarte ja normatiivseid dokumente, oskab vormistada \u00f5mbluse kontrolli protokolli.\u00a0<\/span><\/div>\n<\/td>\n<\/tr>\n<tr>\n<td style=\"width: 13.3285%;\"><span style=\"color: #000000;\">Hind (ilma KM-ta)<\/span><\/td>\n<td style=\"width: 34.7414%;\">\n<div align=\"justify\"><span style=\"color: #000000;\">1350 eur<\/span><\/div>\n<\/td>\n<\/tr>\n<tr>\n<td style=\"width: 13.3285%;\"><span style=\"color: #000000;\">\u00d5ppe kogumaht<\/span><\/td>\n<td style=\"width: 34.7414%;\">\n<div align=\"justify\"><span style=\"color: #000000;\">40 t auditoorset t\u00f6\u00f6d, 10 t iseseisev t\u00f6\u00f6 (1 ak.t = 45 min)<\/span><\/div>\n<\/td>\n<\/tr>\n<tr style=\"height: 552px;\">\n<td style=\"width: 13.3285%; height: 552px;\" width=\"180\"><span style=\"color: #000000;\">\u00d5ppe sisu<\/span><\/td>\n<td style=\"width: 34.7414%; height: 552px;\" width=\"472\">\n<div align=\"justify\">\n<p style=\"text-align: left;\"><span style=\"color: #000000;\">\u00d5ppekava ja \u00f5ppetingimused vastavad CEN ISO\/TS 25107 ja CEN ISO\/TS 25108 n\u00f5uetele.<\/span><\/p>\n<p style=\"text-align: left;\"><span style=\"color: #000000;\">1. Tutvumine standardite n\u00f5uetega:<\/span><\/p>\n<p style=\"text-align: left;\"><span style=\"color: #000000;\">EN ISO 9712, EN 13018, EN ISO 17637, ISO 17635, EN ISO 5817, EN ISO 10042, EN ISO 6520-1, EN 1330-10, EN 13927, ISO 11971 &#8211; 5 tundi<\/span><\/p>\n<p style=\"text-align: left;\"><span style=\"color: #000000;\">2. Visuaalse m\u00f5\u00f5tmise kontroll: m\u00f5isted, defektide avastamine, abivahendid ja seadmed, keevitamise \u00fchenduse defektide t\u00fc\u00fcbid, hindamine, \u0161ablooniga ja teiste m\u00f5\u00f5tevahenditega t\u00f6\u00f6tamise p\u00f5him\u00f5te. &#8211; 5 tundi<\/span><\/p>\n<p style=\"text-align: left;\"><span style=\"color: #000000;\">3. Kujuvalude defektid ja survet\u00f6\u00f6tluste defektid, paigaldamine k\u00f5rvalekalded keevisliidetes, defektide informatsioon tingitud tootmistehnoloogiaga. Valgustuse n\u00f5uded. K\u00e4itlemise protseduur, tehniline \u00fclesanne, instruktsioon, protokoll. &#8211; 4 tundi<\/span><\/p>\n<p style=\"text-align: left;\"><span style=\"color: #000000;\">4. Optika. Silma optilised omadused. Valgustehnika. Optilised s\u00fcsteemid. Lineaarse ja nurgelise m\u00f5\u00f5tmise alused. &#8211; 4 tundi<\/span><\/p>\n<p style=\"text-align: left;\"><span style=\"color: #000000;\">5. Metallurgia ja kuumt\u00f6\u00f6tlemise alused. &#8211; 2 tundi<\/span><\/p>\n<p style=\"text-align: left;\"><span style=\"color: #000000;\">6. Dokumentatsioonide vormistamise n\u00f5uded (instruktsioonid, protokollid) &#8211; 4 tundi<\/span><\/p>\n<p style=\"text-align: left;\"><span style=\"color: #000000;\">7. Praktiline osa:<\/span><\/p>\n<p style=\"text-align: left;\"><span style=\"color: #000000;\">&#8211; T\u00f6\u00f6 endoskoobi abil, \u0161abloonidega ja teiste m\u00f5\u00f5tmise seadmetega n\u00e4idisel &#8211; 2 tundi;<\/span><\/p>\n<p style=\"text-align: left;\"><span style=\"color: #000000;\">&#8211; Otsese visuaalse kontrolli l\u00e4biviimine n\u00e4idisel, kontrolli tulemuste vormistamine, protokolli koostamine, instruktsiooni koostamine, hindamine. &#8211; 14 tundi<\/span><\/p>\n<\/div>\n<\/td>\n<\/tr>\n<tr style=\"height: 296px;\">\n<td style=\"width: 13.3285%; height: 296px;\" width=\"180\"><span style=\"color: #000000;\">\u00d5ppekeskkonna kirjeldus<\/span><\/td>\n<td style=\"width: 34.7414%; height: 296px;\" width=\"472\">\n<div align=\"justify\">\n<p style=\"text-align: left;\"><span style=\"color: #000000;\">GKK O\u00dc koolituskeskuse \u00f5pperuumid asuvad Ehitajate tee 114 \u2013 20 ja Kopli 96-20 Tallinn ja Jaama tn. 14 \u2013 207, J\u00f5hvi. \u00d5pperuumides on t\u00e4iskasvanute koolituseks sobilik m\u00f6\u00f6bel (\u00f5ppelauad ja toolid kuni 20-le osalejale + t\u00f6\u00f6laud ja tool lektorile). K\u00f5ik \u00f5ppeklassid on varustatud kaasaegse \u00f5ppetehnikaga: arvuti ja data-videoprojektor, teler ja markertahvel seinal. \u00d5ppeklass on varustatud gaasiseadmete n\u00e4idistega, skeemide maketidega, p\u00fcsiliidete n\u00e4idistega jne.<\/span><\/p>\n<p style=\"text-align: left;\"><span style=\"color: #000000;\">L\u00f5unapauside ajal pakutakse koolitusel osalejatele tasuta l\u00f5unas\u00f6\u00f6k, joogivett ning kohvi ja teed koos suhkruga, tagatud on WC kasutamine ja k\u00e4tepesu v\u00f5imalus.<\/span><\/p>\n<p style=\"text-align: left;\"><span style=\"color: #000000;\">K\u00f5ik meie koolitusruumid on remonditud ja vastavad t\u00f6\u00f6tervishoiu, tuleohutuse ja t\u00f6\u00f6ohutuse n\u00f5uetele. \u00d5ppeklassid on avarad ja kergesti \u00f5hutatavad.<\/span><\/p>\n<p style=\"text-align: left;\"><span style=\"color: #000000;\">Teooriaosa on v\u00f5imalik l\u00e4biviia veebikeskkonnas Zoom.<\/span><\/p>\n<\/div>\n<\/td>\n<\/tr>\n<tr style=\"height: 48px;\">\n<td style=\"width: 13.3285%; height: 48px;\" width=\"180\"><span style=\"color: #000000;\">\u00d5p<\/span><span style=\"color: #000000;\">pematerjalide loend<\/span><\/td>\n<td style=\"width: 34.7414%; height: 48px;\" width=\"472\"><span style=\"color: #000000;\">Koolitus klassis \u2013 konspekt ja standardid paberkujul, keevitus\u00f5mbluse n\u00e4idised, m\u00f5\u00f5teristad, \u0161abloonid, endoskoop.<br \/>\nKoolitus veebikeskonnas \u2013 digi\u00f5ppematerjalid ja standarte saadetakse e-posti teel.<\/span><\/td>\n<\/tr>\n<tr style=\"height: 72px;\">\n<td style=\"width: 13.3285%; height: 72px;\" width=\"180\"><span style=\"color: #000000;\">Hindamismeetodid<\/span><span style=\"color: #000000;\"> ja kriteeriumid<\/span><\/td>\n<td style=\"width: 34.7414%; height: 72px;\" width=\"472\"><span style=\"color: #000000;\">\u00d5piv\u00e4ljundeid hinnatakse. Koolituse l\u00f5petamise eelduseks on osalemine 100% auditoorsetes tundides ning on sooritatud eksam. \u00d5piv\u00e4ljundite kontroll toimub kirjaliku eksamiga. Eksam on sooritatud positiivsele tulemusele, kui kirjaliku eksami k\u00fcsimustele on \u00f5igesti vastatud v\u00e4hemalt 75% ulatuses.<\/span><\/td>\n<\/tr>\n<tr style=\"height: 48px;\">\n<td style=\"width: 13.3285%; height: 48px;\" width=\"180\"><span style=\"color: #000000;\">V\u00e4ljastatavad<\/span><span style=\"color: #000000;\"> dokumendid<\/span><\/td>\n<td style=\"width: 34.7414%; height: 48px;\" width=\"472\"><span style=\"color: #000000;\">\u00d5piv\u00e4ljundid omandanud ning hindamise l\u00e4binud koolitatavale v\u00e4ljastatakse tunnistus. Hindamisel mitteosalenud v\u00f5i hindamist mittel\u00e4binud koolitatavale v\u00e4ljastatakse t\u00f5end koolitusel osaletud mahu ja l\u00e4bitud teemade kohta.<\/span><\/td>\n<\/tr>\n<tr style=\"height: 256px;\">\n<td style=\"width: 13.3285%; height: 256px;\" width=\"180\"><span style=\"color: #000000;\">Koolitaja nimi ja kompetentsust tagava kvalifikatsiooni ja t\u00f6\u00f6kogemuse kirjeldus<\/span><\/td>\n<td style=\"width: 34.7414%; height: 256px;\" width=\"472\">\n<div align=\"justify\">\n<p style=\"text-align: left;\"><span style=\"color: #000000;\">Sergei Povarenkov \u2013 Leningraadi Pol\u00fctehnilone instituut, soojusenergeetika eriala. Omab p\u00e4devused gaasi, surveseadmete ja masina valdkonnades. Endine Viru RMT O\u00dc, Eesti Energia AS seadmete spetsialist. Omab mittepurustava kontrolli sertifikaadid VT-2, MT-2, PT-2. Staaz lektorina 14 aastat.<\/span><\/p>\n<p style=\"text-align: left;\"><span style=\"color: #000000;\">German Belov \u2013 rahvusvaheline keevituse insener. T\u00dcV Eesti O\u00dc mittepurustava kontrolli labori juhataja. Omab mittepurustava kontrolli sertifikaadid VT-3, PT-2, MT-2, UT-2. Staaz lektorina 13 aastat.<\/span><\/p>\n<p style=\"text-align: left;\"><span style=\"color: #000000;\">Dmitri Androsjuk \u2013 gaasi-, surveseadme ja mittepurustava kontrolli \u00f5ppej\u00f5ud ja spetsialist. On l\u00f5petanud Tallinna Tehnika \u00dclikooli. Soojusenergeetik.\u00a0 Omab mittepurustava kontrolli sertifikaadid VT-3, MT-3, PT-3, RT-3, UT-3. Praegu on \u00a0Gaasikasutuskoolituse O\u00dc tegevjuht ja sertifitseerimise eest vastutav isik. Staaz lektorina 10 aastat.<\/span><\/p>\n<\/div>\n<\/td>\n<\/tr>\n<\/tbody>\n<\/table>\n<p style=\"text-align: left;\">\n","protected":false},"excerpt":{"rendered":"<p>\u00d5ppekava nimetus Visuaalne mittepurustav kontroll, VT- tase 2\u00a0 \u00d5ppekavar\u00fchm Mehaanika ja metallit\u00f6\u00f6 Koolituse sihtr\u00fchm &nbsp; Mittepurustava kontrolli valdkonnas t\u00f6\u00f6tavad spetsialistid Gaasi, &#8211; surveseadme &#8211; ja masinat\u00f6id tegeva isiku p\u00e4devustunnistuse omanikud Keevitustehnika ja kvaliteedikontrolli personal&#46;&#46;&#46;<\/p>\n","protected":false},"author":1,"featured_media":0,"parent":0,"menu_order":0,"comment_status":"closed","ping_status":"closed","template":"","meta":{"footnotes":""},"class_list":["post-443","page","type-page","status-publish","hentry"],"jetpack_shortlink":"https:\/\/wp.me\/P8QdIl-79","jetpack-related-posts":[],"jetpack_sharing_enabled":false,"_links":{"self":[{"href":"https:\/\/gkk.ee\/et\/wp-json\/wp\/v2\/pages\/443","targetHints":{"allow":["GET"]}}],"collection":[{"href":"https:\/\/gkk.ee\/et\/wp-json\/wp\/v2\/pages"}],"about":[{"href":"https:\/\/gkk.ee\/et\/wp-json\/wp\/v2\/types\/page"}],"author":[{"embeddable":true,"href":"https:\/\/gkk.ee\/et\/wp-json\/wp\/v2\/users\/1"}],"replies":[{"embeddable":true,"href":"https:\/\/gkk.ee\/et\/wp-json\/wp\/v2\/comments?post=443"}],"version-history":[{"count":60,"href":"https:\/\/gkk.ee\/et\/wp-json\/wp\/v2\/pages\/443\/revisions"}],"predecessor-version":[{"id":19561,"href":"https:\/\/gkk.ee\/et\/wp-json\/wp\/v2\/pages\/443\/revisions\/19561"}],"wp:attachment":[{"href":"https:\/\/gkk.ee\/et\/wp-json\/wp\/v2\/media?parent=443"}],"curies":[{"name":"wp","href":"https:\/\/api.w.org\/{rel}","templated":true}]}}