{"id":476,"date":"2023-08-14T22:12:45","date_gmt":"2023-08-14T19:12:45","guid":{"rendered":"http:\/\/gkk.ee\/new\/?page_id=476"},"modified":"2025-04-03T16:06:47","modified_gmt":"2025-04-03T13:06:47","slug":"tuletoode-tuleohutuse-nouded","status":"publish","type":"page","link":"https:\/\/gkk.ee\/et\/koolitus\/teised-koolitused\/tuletoode-tuleohutuse-nouded\/","title":{"rendered":"8t_Tulet\u00f6\u00f6de tuleohutuse n\u00f5uded_\u00d5MTT-8"},"content":{"rendered":"<p style=\"text-align: center;\"><span style=\"font-size: 10pt;\"><strong>\u00a0 \u00a0 \u00a0 \u00a0 \u00a0 \u00a0 \u00a0 \u00a0 \u00a0 \u00a0 \u00a0 \u00a0 \u00a0 \u00a0 \u00a0 \u00a0 \u00a0 \u00a0 \u00a0 \u00a0 \u00a0 \u00a0 \u00a0 \u00a0 \u00a0 \u00a0 \u00a0 \u00a0 \u00a0 \u00a0 \u00a0<\/strong><\/span><\/p>\n<table class=\" aligncenter\" style=\"border-color: #f7f7f7; background-color: #f7f7f7; width: 100%; height: 960px;\">\n<tbody>\n<tr style=\"height: 24px;\">\n<td style=\"width: 13.2705%; height: 24px;\" width=\"180\"><span style=\"color: #000000;\">\u00d5ppekava nimetus<\/span><\/td>\n<td style=\"width: 34.5903%; height: 24px;\" width=\"472\"><span style=\"color: #000000;\">Tulet\u00f6\u00f6de tuleohutuse n\u00f5uded<\/span><\/td>\n<\/tr>\n<tr style=\"height: 24px;\">\n<td style=\"width: 13.2705%; height: 24px;\" width=\"180\"><span style=\"color: #000000;\">\u00d5ppekavar\u00fchm<\/span><\/td>\n<td style=\"width: 34.5903%; height: 24px;\" width=\"472\"><span style=\"color: #000000;\">T\u00f6\u00f6tervishoid ja -kaitse<\/span><\/td>\n<\/tr>\n<tr style=\"height: 104px;\">\n<td style=\"width: 13.2705%; height: 104px;\" width=\"180\"><span style=\"color: #000000;\">Koolituse sihtr\u00fchm<\/span><\/td>\n<td style=\"width: 34.5903%; height: 104px;\" width=\"472\">\n<ul>\n<li><span style=\"color: #000000;\">Ettev\u00f5tte tuleohutuse enesekontrolli ja evakuatsiooni eest vastutavad isikud<\/span><\/li>\n<li><span style=\"color: #000000;\">Tuleohutusvolinikud ja -spetsialistid<\/span><\/li>\n<li><span style=\"color: #000000;\">Seadmet\u00f6\u00f6de vastutavad ja vahetult tegevat isikud<\/span><\/li>\n<\/ul>\n<\/td>\n<\/tr>\n<tr style=\"height: 48px;\">\n<td style=\"width: 13.2705%; height: 48px;\" width=\"180\"><span style=\"color: #000000;\">\u00d5piv\u00e4ljundid<\/span><\/td>\n<td style=\"width: 34.5903%; height: 48px;\" width=\"472\"><span style=\"color: #000000;\">Koolitusel osaleja\u00a0 tunneb tuleohutuse valdkonnas kehtivat seadusandlust ja tulet\u00f6\u00f6de l\u00e4biviimise n\u00f5udeid. Koolitusel osaleja oskab praktilitselt kasutada tulekustutusvahendid.<\/span><\/td>\n<\/tr>\n<tr style=\"height: 24px;\">\n<td style=\"width: 13.2705%; height: 24px;\" width=\"180\"><span style=\"color: #000000;\">Hind (ilma KM-ta)<\/span><\/td>\n<td style=\"width: 34.5903%; height: 24px;\" width=\"472\"><span style=\"color: #000000;\">195 euro<\/span><\/td>\n<\/tr>\n<tr style=\"height: 24px;\">\n<td style=\"width: 13.2705%; height: 24px;\" width=\"180\"><span style=\"color: #000000;\">\u00d5ppe kogumaht<\/span><\/td>\n<td style=\"width: 34.5903%; height: 24px;\" width=\"472\"><span style=\"color: #000000;\">8 ak. tundi,\u00a0 millest 6ak. tundi auditoorne t\u00f6\u00f6, 2 ak.tundi praktika koolikeskonnas (1 ak.t = 45min).<br \/>\n<\/span><\/td>\n<\/tr>\n<tr style=\"height: 208px;\">\n<td style=\"width: 13.2705%; height: 208px;\" width=\"180\"><span style=\"color: #000000;\">\u00d5ppe sisu<\/span><\/td>\n<td style=\"width: 34.5903%; height: 208px;\" width=\"472\"><span style=\"color: #000000;\">1.\u00a0 Tuleohutuse seadus. <\/span><span style=\"color: #000000;\">Tuleohutuse tagamise kohustused. Vastutusala. <\/span><span style=\"color: #000000;\">Tuleohutuse n\u00f5uded, mida esitatakse ehitistele ja nende osadele. <\/span><span style=\"color: #000000;\">Evakuatsioonin\u00f5uded. <\/span><span style=\"color: #000000;\">Tulet\u00f6\u00f6de m\u00f5iste ja \u00fcldn\u00f5uded. <\/span><span style=\"color: #000000;\">Tulekustutusvahendid ja ohutusm\u00e4rgid. &#8211; 3 ak.t<\/span><\/p>\n<p><span style=\"color: #000000;\">2. Tulet\u00f6\u00f6 tegemisele esitavad n\u00f5uded. <\/span><span style=\"color: #000000;\">Tulet\u00f6\u00f6 koha n\u00f5uded. <\/span><span style=\"color: #000000;\">Tulet\u00f6\u00f6de liigid ja t\u00f6\u00f6de teostamise ohud. <\/span><span style=\"color: #000000;\">Tulet\u00f6\u00f6de korraldamise ja j\u00e4relevalve n\u00f5uded ja nende vormistamine. Tulekustuttusvahendid tulet\u00f6\u00f6 kohas.\u00a0<\/span><span style=\"color: #000000;\">Tulekustutite valik ja nende paigaldamine objektil.\u00a0\u00a0\u00a0\u00a0\u00a0 Tulekustutite heas seisukorras hoolduse garantii tagamine. &#8211; 3 ak.t<br \/>\n<\/span><\/p>\n<p><span style=\"color: #000000;\">3. Praktilise kustutusharjutuse korraldamine. Praktiline t\u00f6\u00f6 tulekustutiga<\/span><span style=\"color: #000000;\">. &#8211; 2 ak.t<\/span><\/td>\n<\/tr>\n<tr style=\"height: 192px;\">\n<td style=\"width: 13.2705%; height: 192px;\" width=\"180\"><span style=\"color: #000000;\">\u00d5ppekeskkonna kirjeldus<\/span><\/td>\n<td style=\"width: 34.5903%; height: 192px;\" width=\"472\"><span style=\"color: #000000;\">GKK O\u00dc koolituskeskuse \u00f5pperuumid asuvad Ehitajate tee 114 \u2013 20 ja Kopli 96-20 Tallinn ja Jaama tn. 14 \u2013 207, J\u00f5hvi. \u00d5pperuumides on t\u00e4iskasvanute koolituseks sobilik m\u00f6\u00f6bel (\u00f5ppelauad ja toolid kuni 20-le osalejale + t\u00f6\u00f6laud ja tool lektorile). K\u00f5ik \u00f5ppeklassid on varustatud kaasaegse \u00f5ppetehnikaga: arvuti ja data-videoprojektor, teler ja markertahvel seinal. \u00d5ppeklass on varustatud gaasiseadmete n\u00e4idistega, skeemide maketidega, p\u00fcsiliidete n\u00e4idistega jne.<\/span><br \/>\n<span style=\"color: #000000;\">L\u00f5unapauside ajal pakutakse koolitusel osalejatele tasuta l\u00f5unas\u00f6\u00f6k, joogivett ning kohvi ja teed koos suhkruga, tagatud on WC kasutamine ja k\u00e4tepesu v\u00f5imalus.<\/span><br \/>\n<span style=\"color: #000000;\">K\u00f5ik meie koolitusruumid on remonditud ja vastavad t\u00f6\u00f6tervishoiu, tuleohutuse ja t\u00f6\u00f6ohutuse n\u00f5uetele. \u00d5ppeklassid on avarad ja kergesti \u00f5hutatavad.<\/span><\/td>\n<\/tr>\n<tr style=\"height: 24px;\">\n<td style=\"width: 13.2705%; height: 24px;\" width=\"180\"><span style=\"color: #000000;\">\u00d5ppematerjalide loend<\/span><\/td>\n<td style=\"width: 34.5903%; height: 24px;\" width=\"472\"><span style=\"color: #000000;\">Koolituse konspekt paberkujul, tulekustutusvahendid<br \/>\n<\/span><\/td>\n<\/tr>\n<tr style=\"height: 72px;\">\n<td style=\"width: 13.2705%; height: 72px;\" width=\"180\"><span style=\"color: #000000;\">Hindamismeetodid ja kriteeriumid<\/span><\/td>\n<td style=\"width: 34.5903%; height: 72px;\" width=\"472\"><span style=\"color: #000000;\">\u00d5piv\u00e4ljundeid hinnatakse. Koolituse l\u00f5petamise eelduseks on osalemine 100% auditoorsetes tundides ning on sooritatud eksam. \u00d5piv\u00e4ljundite kontroll toimub kirjaliku eksamiga. Eksam on sooritatud positiivsele tulemusele, kui kirjaliku eksami k\u00fcsimustele on \u00f5igesti vastatud v\u00e4hemalt 75% ulatuses.<\/span><\/td>\n<\/tr>\n<tr style=\"height: 120px;\">\n<td style=\"width: 13.2705%; height: 120px;\" width=\"180\"><span style=\"color: #000000;\">V\u00e4ljastatavad dokumendid<\/span><\/td>\n<td style=\"width: 34.5903%; height: 120px;\" width=\"472\"><span style=\"color: #000000;\">\u00d5piv\u00e4ljundid omandanud ning hindamise l\u00e4binud koolitatavale v\u00e4ljastatakse tunnistus. Hindamisel mitteosalenud v\u00f5i hindamist mittel\u00e4binud koolitatavale v\u00e4ljastatakse t\u00f5end koolitusel osaletud mahu ja l\u00e4bitud teemade kohta.<\/span><\/p>\n<p><span style=\"color: #000000;\">Tunnistus \u00a0koolitusel osalemise kohta vastavalt t\u00e4iendkoolituse standardis s\u00e4testatud n\u00f5uetele. Tunnistus kehtib 5 aastat.<br \/>\n<\/span><\/td>\n<\/tr>\n<tr style=\"height: 96px;\">\n<td style=\"width: 13.2705%; height: 96px;\" width=\"180\"><span style=\"color: #000000;\">Koolitaja nimi ja kompetentsust tagava kvalifikatsiooni ja t\u00f6\u00f6kogemuse kirjeldus<\/span><\/td>\n<td style=\"width: 34.5903%; height: 96px;\" width=\"472\"><span style=\"color: #000000;\">Kalev Kangro- omab tehnilist k\u00f5rgharidust. On L\u00f5petanud Leningradi K\u00f5rgema Merekooli (adm. Makarovi nimelise) laevamehaaniku erialal. T\u00f6\u00f6tanud EML AS-s, AS Eesti AGA-s ja Eesti Energia AS-s erinevatel tehnilistel ametikohtadel. Hetkel t\u00f6\u00f6tab oma firmas Panther Services O\u00dc, mis tegeleb gaasiseadmete ja insener-tehniliste lahenduste m\u00fc\u00fcgiga. Omab p\u00e4devust surve- ja k\u00fcttegaasiseadmete valdkonnas. On l\u00e4binud tuleohutusspetsialistide 5.tase koolituse ja omab \u00f5igust l\u00e4bi viia koolitusi selles valdkonnas.\u00a0 Staa\u017e lektorina 10 aastat.<\/span><\/td>\n<\/tr>\n<\/tbody>\n<\/table>\n","protected":false},"excerpt":{"rendered":"<p>\u00a0 \u00a0 \u00a0 \u00a0 \u00a0 \u00a0 \u00a0 \u00a0 \u00a0 \u00a0 \u00a0 \u00a0 \u00a0 \u00a0 \u00a0 \u00a0 \u00a0 \u00a0 \u00a0 \u00a0 \u00a0 \u00a0 \u00a0 \u00a0 \u00a0 \u00a0 \u00a0 \u00a0 \u00a0 \u00a0 \u00a0 \u00d5ppekava nimetus Tulet\u00f6\u00f6de&#46;&#46;&#46;<\/p>\n","protected":false},"author":1,"featured_media":0,"parent":445,"menu_order":0,"comment_status":"closed","ping_status":"closed","template":"","meta":{"footnotes":""},"class_list":["post-476","page","type-page","status-publish","hentry"],"jetpack_shortlink":"https:\/\/wp.me\/P8QdIl-7G","jetpack-related-posts":[],"jetpack_sharing_enabled":false,"_links":{"self":[{"href":"https:\/\/gkk.ee\/et\/wp-json\/wp\/v2\/pages\/476","targetHints":{"allow":["GET"]}}],"collection":[{"href":"https:\/\/gkk.ee\/et\/wp-json\/wp\/v2\/pages"}],"about":[{"href":"https:\/\/gkk.ee\/et\/wp-json\/wp\/v2\/types\/page"}],"author":[{"embeddable":true,"href":"https:\/\/gkk.ee\/et\/wp-json\/wp\/v2\/users\/1"}],"replies":[{"embeddable":true,"href":"https:\/\/gkk.ee\/et\/wp-json\/wp\/v2\/comments?post=476"}],"version-history":[{"count":45,"href":"https:\/\/gkk.ee\/et\/wp-json\/wp\/v2\/pages\/476\/revisions"}],"predecessor-version":[{"id":19339,"href":"https:\/\/gkk.ee\/et\/wp-json\/wp\/v2\/pages\/476\/revisions\/19339"}],"up":[{"embeddable":true,"href":"https:\/\/gkk.ee\/et\/wp-json\/wp\/v2\/pages\/445"}],"wp:attachment":[{"href":"https:\/\/gkk.ee\/et\/wp-json\/wp\/v2\/media?parent=476"}],"curies":[{"name":"wp","href":"https:\/\/api.w.org\/{rel}","templated":true}]}}