{"id":519,"date":"2023-08-14T22:12:44","date_gmt":"2023-08-14T19:12:44","guid":{"rendered":"http:\/\/gkk.ee\/new\/?page_id=519"},"modified":"2024-10-01T08:55:14","modified_gmt":"2024-10-01T05:55:14","slug":"oigusaktid","status":"publish","type":"page","link":"https:\/\/gkk.ee\/et\/koolitus\/oigusaktid\/","title":{"rendered":"\u00d5igusaktid"},"content":{"rendered":"<p><img data-recalc-dims=\"1\" fetchpriority=\"high\" decoding=\"async\" data-attachment-id=\"819\" data-permalink=\"https:\/\/gkk.ee\/et\/6t-taiendkoolitus\/logo-2\/\" data-orig-file=\"https:\/\/i0.wp.com\/gkk.ee\/et\/wp-content\/uploads\/2018\/01\/logo-2.jpg?fit=1310%2C169&amp;ssl=1\" data-orig-size=\"1310,169\" data-comments-opened=\"1\" data-image-meta=\"{&quot;aperture&quot;:&quot;0&quot;,&quot;credit&quot;:&quot;&quot;,&quot;camera&quot;:&quot;&quot;,&quot;caption&quot;:&quot;&quot;,&quot;created_timestamp&quot;:&quot;0&quot;,&quot;copyright&quot;:&quot;&quot;,&quot;focal_length&quot;:&quot;0&quot;,&quot;iso&quot;:&quot;0&quot;,&quot;shutter_speed&quot;:&quot;0&quot;,&quot;title&quot;:&quot;&quot;,&quot;orientation&quot;:&quot;0&quot;}\" data-image-title=\"logo 2\" data-image-description=\"\" data-image-caption=\"\" data-medium-file=\"https:\/\/i0.wp.com\/gkk.ee\/et\/wp-content\/uploads\/2018\/01\/logo-2.jpg?fit=300%2C39&amp;ssl=1\" data-large-file=\"https:\/\/i0.wp.com\/gkk.ee\/et\/wp-content\/uploads\/2018\/01\/logo-2.jpg?fit=1024%2C132&amp;ssl=1\" class=\"aligncenter wp-image-819\" src=\"https:\/\/i0.wp.com\/gkk.ee\/new\/wp-content\/uploads\/2018\/01\/logo-2.jpg?resize=640%2C83\" alt=\"\" width=\"640\" height=\"83\" srcset=\"https:\/\/i0.wp.com\/gkk.ee\/et\/wp-content\/uploads\/2018\/01\/logo-2.jpg?w=1310&amp;ssl=1 1310w, https:\/\/i0.wp.com\/gkk.ee\/et\/wp-content\/uploads\/2018\/01\/logo-2.jpg?resize=300%2C39&amp;ssl=1 300w, https:\/\/i0.wp.com\/gkk.ee\/et\/wp-content\/uploads\/2018\/01\/logo-2.jpg?resize=768%2C99&amp;ssl=1 768w, https:\/\/i0.wp.com\/gkk.ee\/et\/wp-content\/uploads\/2018\/01\/logo-2.jpg?resize=1024%2C132&amp;ssl=1 1024w, https:\/\/i0.wp.com\/gkk.ee\/et\/wp-content\/uploads\/2018\/01\/logo-2.jpg?resize=100%2C13&amp;ssl=1 100w, https:\/\/i0.wp.com\/gkk.ee\/et\/wp-content\/uploads\/2018\/01\/logo-2.jpg?resize=150%2C19&amp;ssl=1 150w, https:\/\/i0.wp.com\/gkk.ee\/et\/wp-content\/uploads\/2018\/01\/logo-2.jpg?resize=200%2C26&amp;ssl=1 200w, https:\/\/i0.wp.com\/gkk.ee\/et\/wp-content\/uploads\/2018\/01\/logo-2.jpg?resize=450%2C58&amp;ssl=1 450w, https:\/\/i0.wp.com\/gkk.ee\/et\/wp-content\/uploads\/2018\/01\/logo-2.jpg?resize=600%2C77&amp;ssl=1 600w, https:\/\/i0.wp.com\/gkk.ee\/et\/wp-content\/uploads\/2018\/01\/logo-2.jpg?resize=900%2C116&amp;ssl=1 900w\" sizes=\"(max-width: 640px) 100vw, 640px\" \/><\/p>\n<table class=\" aligncenter\" style=\"width: 100%; background-color: #f7f7f7; height: 167px;\">\n<tbody>\n<tr style=\"height: 16px;\">\n<td style=\"width: 727px; height: 16px; text-align: left; vertical-align: middle;\"><span style=\"font-size: 12pt;\"><strong><a href=\"https:\/\/www.riigiteataja.ee\/akt\/130042024011\">Seadme ohutuse seadus<\/a> (kehtib alates 01.07.2015)<\/strong><\/span><\/td>\n<td style=\"width: 118px; height: 16px;\"><img data-recalc-dims=\"1\" decoding=\"async\" data-attachment-id=\"1061\" data-permalink=\"https:\/\/gkk.ee\/et\/koolitus\/oigusaktid\/riigiteataja\/\" data-orig-file=\"https:\/\/i0.wp.com\/gkk.ee\/et\/wp-content\/uploads\/2018\/01\/riigiteataja.jpg?fit=213%2C58&amp;ssl=1\" data-orig-size=\"213,58\" data-comments-opened=\"1\" data-image-meta=\"{&quot;aperture&quot;:&quot;0&quot;,&quot;credit&quot;:&quot;&quot;,&quot;camera&quot;:&quot;&quot;,&quot;caption&quot;:&quot;&quot;,&quot;created_timestamp&quot;:&quot;0&quot;,&quot;copyright&quot;:&quot;&quot;,&quot;focal_length&quot;:&quot;0&quot;,&quot;iso&quot;:&quot;0&quot;,&quot;shutter_speed&quot;:&quot;0&quot;,&quot;title&quot;:&quot;&quot;,&quot;orientation&quot;:&quot;0&quot;}\" data-image-title=\"riigiteataja\" data-image-description=\"\" data-image-caption=\"\" data-medium-file=\"https:\/\/i0.wp.com\/gkk.ee\/et\/wp-content\/uploads\/2018\/01\/riigiteataja.jpg?fit=213%2C58&amp;ssl=1\" data-large-file=\"https:\/\/i0.wp.com\/gkk.ee\/et\/wp-content\/uploads\/2018\/01\/riigiteataja.jpg?fit=213%2C58&amp;ssl=1\" class=\"size-full wp-image-1061 aligncenter\" src=\"https:\/\/i0.wp.com\/gkk.ee\/new\/wp-content\/uploads\/2018\/01\/riigiteataja.jpg?resize=213%2C58\" alt=\"\" width=\"213\" height=\"58\" srcset=\"https:\/\/i0.wp.com\/gkk.ee\/et\/wp-content\/uploads\/2018\/01\/riigiteataja.jpg?w=213&amp;ssl=1 213w, https:\/\/i0.wp.com\/gkk.ee\/et\/wp-content\/uploads\/2018\/01\/riigiteataja.jpg?resize=100%2C27&amp;ssl=1 100w, https:\/\/i0.wp.com\/gkk.ee\/et\/wp-content\/uploads\/2018\/01\/riigiteataja.jpg?resize=150%2C41&amp;ssl=1 150w, https:\/\/i0.wp.com\/gkk.ee\/et\/wp-content\/uploads\/2018\/01\/riigiteataja.jpg?resize=200%2C54&amp;ssl=1 200w\" sizes=\"(max-width: 213px) 100vw, 213px\" \/><\/td>\n<\/tr>\n<tr style=\"height: 18px;\">\n<td style=\"width: 727px; height: 18px; text-align: left; vertical-align: middle;\"><span style=\"font-size: 12pt;\"><strong><a href=\"https:\/\/www.riigiteataja.ee\/akt\/105012024012\">Seadme vahetu kasutaja, kasutamise j\u00e4relevaataja, seadmet\u00f6\u00f6d ja auditit tegeva isiku kompetentsusele ja selle t\u00f5endamisele ning sertifitseerimisskeemile esitatavad n\u00f5uded<\/a><\/strong><\/span><\/td>\n<td style=\"width: 118px; height: 18px;\"><img data-recalc-dims=\"1\" decoding=\"async\" data-attachment-id=\"1061\" data-permalink=\"https:\/\/gkk.ee\/et\/koolitus\/oigusaktid\/riigiteataja\/\" data-orig-file=\"https:\/\/i0.wp.com\/gkk.ee\/et\/wp-content\/uploads\/2018\/01\/riigiteataja.jpg?fit=213%2C58&amp;ssl=1\" data-orig-size=\"213,58\" data-comments-opened=\"1\" data-image-meta=\"{&quot;aperture&quot;:&quot;0&quot;,&quot;credit&quot;:&quot;&quot;,&quot;camera&quot;:&quot;&quot;,&quot;caption&quot;:&quot;&quot;,&quot;created_timestamp&quot;:&quot;0&quot;,&quot;copyright&quot;:&quot;&quot;,&quot;focal_length&quot;:&quot;0&quot;,&quot;iso&quot;:&quot;0&quot;,&quot;shutter_speed&quot;:&quot;0&quot;,&quot;title&quot;:&quot;&quot;,&quot;orientation&quot;:&quot;0&quot;}\" data-image-title=\"riigiteataja\" data-image-description=\"\" data-image-caption=\"\" data-medium-file=\"https:\/\/i0.wp.com\/gkk.ee\/et\/wp-content\/uploads\/2018\/01\/riigiteataja.jpg?fit=213%2C58&amp;ssl=1\" data-large-file=\"https:\/\/i0.wp.com\/gkk.ee\/et\/wp-content\/uploads\/2018\/01\/riigiteataja.jpg?fit=213%2C58&amp;ssl=1\" class=\"wp-image-1061 size-full aligncenter\" src=\"https:\/\/i0.wp.com\/gkk.ee\/new\/wp-content\/uploads\/2018\/01\/riigiteataja.jpg?resize=213%2C58\" alt=\"\" width=\"213\" height=\"58\" srcset=\"https:\/\/i0.wp.com\/gkk.ee\/et\/wp-content\/uploads\/2018\/01\/riigiteataja.jpg?w=213&amp;ssl=1 213w, https:\/\/i0.wp.com\/gkk.ee\/et\/wp-content\/uploads\/2018\/01\/riigiteataja.jpg?resize=100%2C27&amp;ssl=1 100w, https:\/\/i0.wp.com\/gkk.ee\/et\/wp-content\/uploads\/2018\/01\/riigiteataja.jpg?resize=150%2C41&amp;ssl=1 150w, https:\/\/i0.wp.com\/gkk.ee\/et\/wp-content\/uploads\/2018\/01\/riigiteataja.jpg?resize=200%2C54&amp;ssl=1 200w\" sizes=\"(max-width: 213px) 100vw, 213px\" \/><\/td>\n<\/tr>\n<tr style=\"height: 16px;\">\n<td style=\"width: 727px; height: 16px; text-align: left; vertical-align: middle;\"><span style=\"font-size: 12pt;\"><strong><a href=\"https:\/\/www.riigiteataja.ee\/akt\/125012022003\">Auditi kohustusega seadmed ja n\u00f5uded auditile ning auditi tulemuste esitamisele<\/a><\/strong><\/span><\/td>\n<td style=\"width: 118px; height: 16px;\"><img data-recalc-dims=\"1\" decoding=\"async\" data-attachment-id=\"1061\" data-permalink=\"https:\/\/gkk.ee\/et\/koolitus\/oigusaktid\/riigiteataja\/\" data-orig-file=\"https:\/\/i0.wp.com\/gkk.ee\/et\/wp-content\/uploads\/2018\/01\/riigiteataja.jpg?fit=213%2C58&amp;ssl=1\" data-orig-size=\"213,58\" data-comments-opened=\"1\" data-image-meta=\"{&quot;aperture&quot;:&quot;0&quot;,&quot;credit&quot;:&quot;&quot;,&quot;camera&quot;:&quot;&quot;,&quot;caption&quot;:&quot;&quot;,&quot;created_timestamp&quot;:&quot;0&quot;,&quot;copyright&quot;:&quot;&quot;,&quot;focal_length&quot;:&quot;0&quot;,&quot;iso&quot;:&quot;0&quot;,&quot;shutter_speed&quot;:&quot;0&quot;,&quot;title&quot;:&quot;&quot;,&quot;orientation&quot;:&quot;0&quot;}\" data-image-title=\"riigiteataja\" data-image-description=\"\" data-image-caption=\"\" data-medium-file=\"https:\/\/i0.wp.com\/gkk.ee\/et\/wp-content\/uploads\/2018\/01\/riigiteataja.jpg?fit=213%2C58&amp;ssl=1\" data-large-file=\"https:\/\/i0.wp.com\/gkk.ee\/et\/wp-content\/uploads\/2018\/01\/riigiteataja.jpg?fit=213%2C58&amp;ssl=1\" class=\"size-full wp-image-1061 aligncenter\" src=\"https:\/\/i0.wp.com\/gkk.ee\/new\/wp-content\/uploads\/2018\/01\/riigiteataja.jpg?resize=213%2C58\" alt=\"\" width=\"213\" height=\"58\" srcset=\"https:\/\/i0.wp.com\/gkk.ee\/et\/wp-content\/uploads\/2018\/01\/riigiteataja.jpg?w=213&amp;ssl=1 213w, https:\/\/i0.wp.com\/gkk.ee\/et\/wp-content\/uploads\/2018\/01\/riigiteataja.jpg?resize=100%2C27&amp;ssl=1 100w, https:\/\/i0.wp.com\/gkk.ee\/et\/wp-content\/uploads\/2018\/01\/riigiteataja.jpg?resize=150%2C41&amp;ssl=1 150w, https:\/\/i0.wp.com\/gkk.ee\/et\/wp-content\/uploads\/2018\/01\/riigiteataja.jpg?resize=200%2C54&amp;ssl=1 200w\" sizes=\"(max-width: 213px) 100vw, 213px\" \/><\/td>\n<\/tr>\n<tr style=\"height: 13px;\">\n<td style=\"width: 727px; height: 13px; text-align: left; vertical-align: middle;\"><span style=\"font-size: 12pt;\"><strong><a href=\"https:\/\/www.riigiteataja.ee\/akt\/125012022004\">K\u00fcttegaasi kasutavale gaasipaigaldisele, selle ehitamisele ja gaasiseadme paigaldamisele ning gaasiballooni ladustamisele ja gaasianuma t\u00e4itmisele esitatavad n\u00f5uded<\/a><\/strong><\/span><\/td>\n<td style=\"width: 118px; height: 13px;\"><img data-recalc-dims=\"1\" decoding=\"async\" data-attachment-id=\"1061\" data-permalink=\"https:\/\/gkk.ee\/et\/koolitus\/oigusaktid\/riigiteataja\/\" data-orig-file=\"https:\/\/i0.wp.com\/gkk.ee\/et\/wp-content\/uploads\/2018\/01\/riigiteataja.jpg?fit=213%2C58&amp;ssl=1\" data-orig-size=\"213,58\" data-comments-opened=\"1\" data-image-meta=\"{&quot;aperture&quot;:&quot;0&quot;,&quot;credit&quot;:&quot;&quot;,&quot;camera&quot;:&quot;&quot;,&quot;caption&quot;:&quot;&quot;,&quot;created_timestamp&quot;:&quot;0&quot;,&quot;copyright&quot;:&quot;&quot;,&quot;focal_length&quot;:&quot;0&quot;,&quot;iso&quot;:&quot;0&quot;,&quot;shutter_speed&quot;:&quot;0&quot;,&quot;title&quot;:&quot;&quot;,&quot;orientation&quot;:&quot;0&quot;}\" data-image-title=\"riigiteataja\" data-image-description=\"\" data-image-caption=\"\" data-medium-file=\"https:\/\/i0.wp.com\/gkk.ee\/et\/wp-content\/uploads\/2018\/01\/riigiteataja.jpg?fit=213%2C58&amp;ssl=1\" data-large-file=\"https:\/\/i0.wp.com\/gkk.ee\/et\/wp-content\/uploads\/2018\/01\/riigiteataja.jpg?fit=213%2C58&amp;ssl=1\" class=\"size-full wp-image-1061 aligncenter\" src=\"https:\/\/i0.wp.com\/gkk.ee\/new\/wp-content\/uploads\/2018\/01\/riigiteataja.jpg?resize=213%2C58\" alt=\"\" width=\"213\" height=\"58\" srcset=\"https:\/\/i0.wp.com\/gkk.ee\/et\/wp-content\/uploads\/2018\/01\/riigiteataja.jpg?w=213&amp;ssl=1 213w, https:\/\/i0.wp.com\/gkk.ee\/et\/wp-content\/uploads\/2018\/01\/riigiteataja.jpg?resize=100%2C27&amp;ssl=1 100w, https:\/\/i0.wp.com\/gkk.ee\/et\/wp-content\/uploads\/2018\/01\/riigiteataja.jpg?resize=150%2C41&amp;ssl=1 150w, https:\/\/i0.wp.com\/gkk.ee\/et\/wp-content\/uploads\/2018\/01\/riigiteataja.jpg?resize=200%2C54&amp;ssl=1 200w\" sizes=\"(max-width: 213px) 100vw, 213px\" \/><\/td>\n<\/tr>\n<tr style=\"height: 12px;\">\n<td style=\"width: 727px; height: 12px; text-align: left; vertical-align: middle;\"><span style=\"font-size: 12pt;\"><strong><a href=\"https:\/\/www.riigiteataja.ee\/akt\/105012024015\"><strong>Tarbijakaitse ja Tehnilise J\u00e4relevalve Ameti j\u00e4relevalve infos\u00fcsteemi p\u00f5him\u00e4\u00e4rus <\/strong><\/a><\/strong><\/span><\/td>\n<td style=\"width: 118px; height: 12px;\"><img data-recalc-dims=\"1\" decoding=\"async\" data-attachment-id=\"1061\" data-permalink=\"https:\/\/gkk.ee\/et\/koolitus\/oigusaktid\/riigiteataja\/\" data-orig-file=\"https:\/\/i0.wp.com\/gkk.ee\/et\/wp-content\/uploads\/2018\/01\/riigiteataja.jpg?fit=213%2C58&amp;ssl=1\" data-orig-size=\"213,58\" data-comments-opened=\"1\" data-image-meta=\"{&quot;aperture&quot;:&quot;0&quot;,&quot;credit&quot;:&quot;&quot;,&quot;camera&quot;:&quot;&quot;,&quot;caption&quot;:&quot;&quot;,&quot;created_timestamp&quot;:&quot;0&quot;,&quot;copyright&quot;:&quot;&quot;,&quot;focal_length&quot;:&quot;0&quot;,&quot;iso&quot;:&quot;0&quot;,&quot;shutter_speed&quot;:&quot;0&quot;,&quot;title&quot;:&quot;&quot;,&quot;orientation&quot;:&quot;0&quot;}\" data-image-title=\"riigiteataja\" data-image-description=\"\" data-image-caption=\"\" data-medium-file=\"https:\/\/i0.wp.com\/gkk.ee\/et\/wp-content\/uploads\/2018\/01\/riigiteataja.jpg?fit=213%2C58&amp;ssl=1\" data-large-file=\"https:\/\/i0.wp.com\/gkk.ee\/et\/wp-content\/uploads\/2018\/01\/riigiteataja.jpg?fit=213%2C58&amp;ssl=1\" class=\"size-full wp-image-1061 aligncenter\" src=\"https:\/\/i0.wp.com\/gkk.ee\/new\/wp-content\/uploads\/2018\/01\/riigiteataja.jpg?resize=213%2C58\" alt=\"\" width=\"213\" height=\"58\" srcset=\"https:\/\/i0.wp.com\/gkk.ee\/et\/wp-content\/uploads\/2018\/01\/riigiteataja.jpg?w=213&amp;ssl=1 213w, https:\/\/i0.wp.com\/gkk.ee\/et\/wp-content\/uploads\/2018\/01\/riigiteataja.jpg?resize=100%2C27&amp;ssl=1 100w, https:\/\/i0.wp.com\/gkk.ee\/et\/wp-content\/uploads\/2018\/01\/riigiteataja.jpg?resize=150%2C41&amp;ssl=1 150w, https:\/\/i0.wp.com\/gkk.ee\/et\/wp-content\/uploads\/2018\/01\/riigiteataja.jpg?resize=200%2C54&amp;ssl=1 200w\" sizes=\"(max-width: 213px) 100vw, 213px\" \/><\/td>\n<\/tr>\n<tr style=\"height: 18px;\">\n<td style=\"width: 727px; height: 18px; text-align: left; vertical-align: middle;\"><span style=\"font-size: 12pt;\"><span style=\"font-size: 12pt;\"><strong><a href=\"https:\/\/www.riigiteataja.ee\/akt\/111062024006\">Ehitusseadustik\u00a0<\/a><\/strong><\/span><\/span><span style=\"font-size: 12pt;\"><strong>(kehtib alates 01.07.2015)<\/strong><\/span><\/td>\n<td style=\"width: 118px; height: 18px;\"><img data-recalc-dims=\"1\" decoding=\"async\" data-attachment-id=\"1061\" data-permalink=\"https:\/\/gkk.ee\/et\/koolitus\/oigusaktid\/riigiteataja\/\" data-orig-file=\"https:\/\/i0.wp.com\/gkk.ee\/et\/wp-content\/uploads\/2018\/01\/riigiteataja.jpg?fit=213%2C58&amp;ssl=1\" data-orig-size=\"213,58\" data-comments-opened=\"1\" data-image-meta=\"{&quot;aperture&quot;:&quot;0&quot;,&quot;credit&quot;:&quot;&quot;,&quot;camera&quot;:&quot;&quot;,&quot;caption&quot;:&quot;&quot;,&quot;created_timestamp&quot;:&quot;0&quot;,&quot;copyright&quot;:&quot;&quot;,&quot;focal_length&quot;:&quot;0&quot;,&quot;iso&quot;:&quot;0&quot;,&quot;shutter_speed&quot;:&quot;0&quot;,&quot;title&quot;:&quot;&quot;,&quot;orientation&quot;:&quot;0&quot;}\" data-image-title=\"riigiteataja\" data-image-description=\"\" data-image-caption=\"\" data-medium-file=\"https:\/\/i0.wp.com\/gkk.ee\/et\/wp-content\/uploads\/2018\/01\/riigiteataja.jpg?fit=213%2C58&amp;ssl=1\" data-large-file=\"https:\/\/i0.wp.com\/gkk.ee\/et\/wp-content\/uploads\/2018\/01\/riigiteataja.jpg?fit=213%2C58&amp;ssl=1\" class=\"size-full wp-image-1061 aligncenter\" src=\"https:\/\/i0.wp.com\/gkk.ee\/new\/wp-content\/uploads\/2018\/01\/riigiteataja.jpg?resize=213%2C58\" alt=\"\" width=\"213\" height=\"58\" srcset=\"https:\/\/i0.wp.com\/gkk.ee\/et\/wp-content\/uploads\/2018\/01\/riigiteataja.jpg?w=213&amp;ssl=1 213w, https:\/\/i0.wp.com\/gkk.ee\/et\/wp-content\/uploads\/2018\/01\/riigiteataja.jpg?resize=100%2C27&amp;ssl=1 100w, https:\/\/i0.wp.com\/gkk.ee\/et\/wp-content\/uploads\/2018\/01\/riigiteataja.jpg?resize=150%2C41&amp;ssl=1 150w, https:\/\/i0.wp.com\/gkk.ee\/et\/wp-content\/uploads\/2018\/01\/riigiteataja.jpg?resize=200%2C54&amp;ssl=1 200w\" sizes=\"(max-width: 213px) 100vw, 213px\" \/><\/td>\n<\/tr>\n<tr style=\"height: 14px;\">\n<td style=\"width: 727px; height: 14px; text-align: left; vertical-align: middle;\"><span style=\"font-size: 12pt;\"><strong><a href=\"https:\/\/www.riigiteataja.ee\/akt\/103022022020\">Ehitise kaitsev\u00f6\u00f6ndi ulatus, kaitsev\u00f6\u00f6ndis tegutsemise kord ja kaitsev\u00f6\u00f6ndi t\u00e4histusele esitatavad n\u00f5uded<\/a><\/strong><\/span><\/td>\n<td style=\"width: 118px; height: 14px;\"><img data-recalc-dims=\"1\" loading=\"lazy\" decoding=\"async\" data-attachment-id=\"1061\" data-permalink=\"https:\/\/gkk.ee\/et\/koolitus\/oigusaktid\/riigiteataja\/\" data-orig-file=\"https:\/\/i0.wp.com\/gkk.ee\/et\/wp-content\/uploads\/2018\/01\/riigiteataja.jpg?fit=213%2C58&amp;ssl=1\" data-orig-size=\"213,58\" data-comments-opened=\"1\" data-image-meta=\"{&quot;aperture&quot;:&quot;0&quot;,&quot;credit&quot;:&quot;&quot;,&quot;camera&quot;:&quot;&quot;,&quot;caption&quot;:&quot;&quot;,&quot;created_timestamp&quot;:&quot;0&quot;,&quot;copyright&quot;:&quot;&quot;,&quot;focal_length&quot;:&quot;0&quot;,&quot;iso&quot;:&quot;0&quot;,&quot;shutter_speed&quot;:&quot;0&quot;,&quot;title&quot;:&quot;&quot;,&quot;orientation&quot;:&quot;0&quot;}\" data-image-title=\"riigiteataja\" data-image-description=\"\" data-image-caption=\"\" data-medium-file=\"https:\/\/i0.wp.com\/gkk.ee\/et\/wp-content\/uploads\/2018\/01\/riigiteataja.jpg?fit=213%2C58&amp;ssl=1\" data-large-file=\"https:\/\/i0.wp.com\/gkk.ee\/et\/wp-content\/uploads\/2018\/01\/riigiteataja.jpg?fit=213%2C58&amp;ssl=1\" class=\"aligncenter wp-image-1061 size-full\" src=\"https:\/\/i0.wp.com\/gkk.ee\/new\/wp-content\/uploads\/2018\/01\/riigiteataja.jpg?resize=213%2C58\" alt=\"\" width=\"213\" height=\"58\" srcset=\"https:\/\/i0.wp.com\/gkk.ee\/et\/wp-content\/uploads\/2018\/01\/riigiteataja.jpg?w=213&amp;ssl=1 213w, https:\/\/i0.wp.com\/gkk.ee\/et\/wp-content\/uploads\/2018\/01\/riigiteataja.jpg?resize=100%2C27&amp;ssl=1 100w, https:\/\/i0.wp.com\/gkk.ee\/et\/wp-content\/uploads\/2018\/01\/riigiteataja.jpg?resize=150%2C41&amp;ssl=1 150w, https:\/\/i0.wp.com\/gkk.ee\/et\/wp-content\/uploads\/2018\/01\/riigiteataja.jpg?resize=200%2C54&amp;ssl=1 200w\" sizes=\"(max-width: 213px) 100vw, 213px\" \/><\/td>\n<\/tr>\n<tr style=\"height: 42px;\">\n<td style=\"width: 727px; height: 42px; text-align: left; vertical-align: middle;\"><span style=\"font-size: 12pt;\"><strong><a href=\"http:\/\/eur-lex.europa.eu\/legal-content\/ET\/TXT\/PDF\/?uri=CELEX:32014L0068&amp;from=EN\">Surveseadme euroopa direktiiv 2014\/68\/EU<\/a><\/strong><\/span><\/td>\n<td style=\"width: 118px; height: 42px;\"><img data-recalc-dims=\"1\" loading=\"lazy\" decoding=\"async\" data-attachment-id=\"1060\" data-permalink=\"https:\/\/gkk.ee\/et\/koolitus\/oigusaktid\/euroopa-liit\/\" data-orig-file=\"https:\/\/i0.wp.com\/gkk.ee\/et\/wp-content\/uploads\/2018\/01\/euroopa-liit.jpg?fit=190%2C166&amp;ssl=1\" data-orig-size=\"190,166\" data-comments-opened=\"1\" data-image-meta=\"{&quot;aperture&quot;:&quot;0&quot;,&quot;credit&quot;:&quot;&quot;,&quot;camera&quot;:&quot;&quot;,&quot;caption&quot;:&quot;&quot;,&quot;created_timestamp&quot;:&quot;0&quot;,&quot;copyright&quot;:&quot;&quot;,&quot;focal_length&quot;:&quot;0&quot;,&quot;iso&quot;:&quot;0&quot;,&quot;shutter_speed&quot;:&quot;0&quot;,&quot;title&quot;:&quot;&quot;,&quot;orientation&quot;:&quot;0&quot;}\" data-image-title=\"euroopa liit\" data-image-description=\"\" data-image-caption=\"\" data-medium-file=\"https:\/\/i0.wp.com\/gkk.ee\/et\/wp-content\/uploads\/2018\/01\/euroopa-liit.jpg?fit=190%2C166&amp;ssl=1\" data-large-file=\"https:\/\/i0.wp.com\/gkk.ee\/et\/wp-content\/uploads\/2018\/01\/euroopa-liit.jpg?fit=190%2C166&amp;ssl=1\" class=\"aligncenter wp-image-1060\" src=\"https:\/\/i0.wp.com\/gkk.ee\/new\/wp-content\/uploads\/2018\/01\/euroopa-liit.jpg?resize=80%2C70\" alt=\"\" width=\"80\" height=\"70\" srcset=\"https:\/\/i0.wp.com\/gkk.ee\/et\/wp-content\/uploads\/2018\/01\/euroopa-liit.jpg?w=190&amp;ssl=1 190w, https:\/\/i0.wp.com\/gkk.ee\/et\/wp-content\/uploads\/2018\/01\/euroopa-liit.jpg?resize=100%2C87&amp;ssl=1 100w, https:\/\/i0.wp.com\/gkk.ee\/et\/wp-content\/uploads\/2018\/01\/euroopa-liit.jpg?resize=150%2C131&amp;ssl=1 150w\" sizes=\"(max-width: 80px) 100vw, 80px\" \/><\/td>\n<\/tr>\n<tr style=\"height: 12px;\">\n<td style=\"width: 727px; height: 12px; text-align: left; vertical-align: middle;\"><span style=\"font-size: 12pt;\"><strong><a href=\"http:\/\/eur-lex.europa.eu\/legal-content\/ET\/TXT\/PDF\/?uri=CELEX:32016R0426&amp;qid=1516019637761&amp;from=EN\">Gaasipaigaldise euroopa direktiiv 2016\/426\/EL<\/a><\/strong><\/span><\/td>\n<td style=\"width: 118px; height: 12px;\"><img data-recalc-dims=\"1\" loading=\"lazy\" decoding=\"async\" data-attachment-id=\"1060\" data-permalink=\"https:\/\/gkk.ee\/et\/koolitus\/oigusaktid\/euroopa-liit\/\" data-orig-file=\"https:\/\/i0.wp.com\/gkk.ee\/et\/wp-content\/uploads\/2018\/01\/euroopa-liit.jpg?fit=190%2C166&amp;ssl=1\" data-orig-size=\"190,166\" data-comments-opened=\"1\" data-image-meta=\"{&quot;aperture&quot;:&quot;0&quot;,&quot;credit&quot;:&quot;&quot;,&quot;camera&quot;:&quot;&quot;,&quot;caption&quot;:&quot;&quot;,&quot;created_timestamp&quot;:&quot;0&quot;,&quot;copyright&quot;:&quot;&quot;,&quot;focal_length&quot;:&quot;0&quot;,&quot;iso&quot;:&quot;0&quot;,&quot;shutter_speed&quot;:&quot;0&quot;,&quot;title&quot;:&quot;&quot;,&quot;orientation&quot;:&quot;0&quot;}\" data-image-title=\"euroopa liit\" data-image-description=\"\" data-image-caption=\"\" data-medium-file=\"https:\/\/i0.wp.com\/gkk.ee\/et\/wp-content\/uploads\/2018\/01\/euroopa-liit.jpg?fit=190%2C166&amp;ssl=1\" data-large-file=\"https:\/\/i0.wp.com\/gkk.ee\/et\/wp-content\/uploads\/2018\/01\/euroopa-liit.jpg?fit=190%2C166&amp;ssl=1\" class=\"aligncenter wp-image-1060\" src=\"https:\/\/i0.wp.com\/gkk.ee\/new\/wp-content\/uploads\/2018\/01\/euroopa-liit.jpg?resize=80%2C70\" alt=\"\" width=\"80\" height=\"70\" srcset=\"https:\/\/i0.wp.com\/gkk.ee\/et\/wp-content\/uploads\/2018\/01\/euroopa-liit.jpg?w=190&amp;ssl=1 190w, https:\/\/i0.wp.com\/gkk.ee\/et\/wp-content\/uploads\/2018\/01\/euroopa-liit.jpg?resize=100%2C87&amp;ssl=1 100w, https:\/\/i0.wp.com\/gkk.ee\/et\/wp-content\/uploads\/2018\/01\/euroopa-liit.jpg?resize=150%2C131&amp;ssl=1 150w\" sizes=\"(max-width: 80px) 100vw, 80px\" \/><\/td>\n<\/tr>\n<tr style=\"height: 6px;\">\n<td style=\"width: 727px; height: 6px; text-align: left; vertical-align: middle;\"><span style=\"font-size: 12pt;\"><strong><a href=\"http:\/\/eur-lex.europa.eu\/legal-content\/ET\/TXT\/PDF\/?uri=CELEX:32006L0042&amp;qid=1516019812840&amp;from=EN\">Masina euroopa direktiiv 2006\/42\/EU<\/a><\/strong><\/span><\/td>\n<td style=\"width: 118px; height: 6px;\"><img data-recalc-dims=\"1\" loading=\"lazy\" decoding=\"async\" data-attachment-id=\"1060\" data-permalink=\"https:\/\/gkk.ee\/et\/koolitus\/oigusaktid\/euroopa-liit\/\" data-orig-file=\"https:\/\/i0.wp.com\/gkk.ee\/et\/wp-content\/uploads\/2018\/01\/euroopa-liit.jpg?fit=190%2C166&amp;ssl=1\" data-orig-size=\"190,166\" data-comments-opened=\"1\" data-image-meta=\"{&quot;aperture&quot;:&quot;0&quot;,&quot;credit&quot;:&quot;&quot;,&quot;camera&quot;:&quot;&quot;,&quot;caption&quot;:&quot;&quot;,&quot;created_timestamp&quot;:&quot;0&quot;,&quot;copyright&quot;:&quot;&quot;,&quot;focal_length&quot;:&quot;0&quot;,&quot;iso&quot;:&quot;0&quot;,&quot;shutter_speed&quot;:&quot;0&quot;,&quot;title&quot;:&quot;&quot;,&quot;orientation&quot;:&quot;0&quot;}\" data-image-title=\"euroopa liit\" data-image-description=\"\" data-image-caption=\"\" data-medium-file=\"https:\/\/i0.wp.com\/gkk.ee\/et\/wp-content\/uploads\/2018\/01\/euroopa-liit.jpg?fit=190%2C166&amp;ssl=1\" data-large-file=\"https:\/\/i0.wp.com\/gkk.ee\/et\/wp-content\/uploads\/2018\/01\/euroopa-liit.jpg?fit=190%2C166&amp;ssl=1\" class=\"aligncenter wp-image-1060\" src=\"https:\/\/i0.wp.com\/gkk.ee\/new\/wp-content\/uploads\/2018\/01\/euroopa-liit.jpg?resize=80%2C70\" alt=\"\" width=\"80\" height=\"70\" srcset=\"https:\/\/i0.wp.com\/gkk.ee\/et\/wp-content\/uploads\/2018\/01\/euroopa-liit.jpg?w=190&amp;ssl=1 190w, https:\/\/i0.wp.com\/gkk.ee\/et\/wp-content\/uploads\/2018\/01\/euroopa-liit.jpg?resize=100%2C87&amp;ssl=1 100w, https:\/\/i0.wp.com\/gkk.ee\/et\/wp-content\/uploads\/2018\/01\/euroopa-liit.jpg?resize=150%2C131&amp;ssl=1 150w\" sizes=\"(max-width: 80px) 100vw, 80px\" \/><\/td>\n<\/tr>\n<\/tbody>\n<\/table>\n","protected":false},"excerpt":{"rendered":"<p>Seadme ohutuse seadus (kehtib alates 01.07.2015) Seadme vahetu kasutaja, kasutamise j\u00e4relevaataja, seadmet\u00f6\u00f6d ja auditit tegeva isiku kompetentsusele ja selle t\u00f5endamisele ning sertifitseerimisskeemile esitatavad n\u00f5uded Auditi kohustusega seadmed ja n\u00f5uded auditile ning auditi tulemuste esitamisele&#46;&#46;&#46;<\/p>\n","protected":false},"author":1,"featured_media":0,"parent":388,"menu_order":0,"comment_status":"closed","ping_status":"closed","template":"","meta":{"footnotes":""},"class_list":["post-519","page","type-page","status-publish","hentry"],"jetpack_shortlink":"https:\/\/wp.me\/P8QdIl-8n","jetpack-related-posts":[],"jetpack_sharing_enabled":false,"_links":{"self":[{"href":"https:\/\/gkk.ee\/et\/wp-json\/wp\/v2\/pages\/519","targetHints":{"allow":["GET"]}}],"collection":[{"href":"https:\/\/gkk.ee\/et\/wp-json\/wp\/v2\/pages"}],"about":[{"href":"https:\/\/gkk.ee\/et\/wp-json\/wp\/v2\/types\/page"}],"author":[{"embeddable":true,"href":"https:\/\/gkk.ee\/et\/wp-json\/wp\/v2\/users\/1"}],"replies":[{"embeddable":true,"href":"https:\/\/gkk.ee\/et\/wp-json\/wp\/v2\/comments?post=519"}],"version-history":[{"count":37,"href":"https:\/\/gkk.ee\/et\/wp-json\/wp\/v2\/pages\/519\/revisions"}],"predecessor-version":[{"id":19045,"href":"https:\/\/gkk.ee\/et\/wp-json\/wp\/v2\/pages\/519\/revisions\/19045"}],"up":[{"embeddable":true,"href":"https:\/\/gkk.ee\/et\/wp-json\/wp\/v2\/pages\/388"}],"wp:attachment":[{"href":"https:\/\/gkk.ee\/et\/wp-json\/wp\/v2\/media?parent=519"}],"curies":[{"name":"wp","href":"https:\/\/api.w.org\/{rel}","templated":true}]}}