{"id":524,"date":"2023-08-14T22:12:43","date_gmt":"2023-08-14T19:12:43","guid":{"rendered":"http:\/\/gkk.ee\/new\/?page_id=524"},"modified":"2025-08-06T15:50:08","modified_gmt":"2025-08-06T12:50:08","slug":"firma-tutvustus","status":"publish","type":"page","link":"https:\/\/gkk.ee\/et\/firma-tutvustus\/","title":{"rendered":"Firma tutvustus"},"content":{"rendered":"<p>&nbsp;<\/p>\n<table class=\" aligncenter\" style=\"background-color: #f7f7f7; border-color: #f7f7f7; width: 100%;\">\n<tbody>\n<tr>\n<td><span style=\"color: #1e7ce2;\"><strong>Tutvustus Gaasikasutuskoolitusega !<\/strong><\/span><\/p>\n<div align=\"justify\">\n<p><span style=\"color: #000000;\">Gaasikasutuskoolituse O\u00dc on 1998. aastal loodud koolitusettev\u00f5te ning alates 2003.aastast samuti isikute sertifitseerimisasutus.<\/span><\/p>\n<p><span style=\"color: #000000;\">Gaasikasutuskoolituse O\u00dc, kui isiku n\u00f5uetele vastavuse hindaja ja t\u00f5endaja tegutseb vastavalt standardis EVS-EN ISO\/IEC 17024:2012 esitatud isikute sertifitseerimisasutuste toimimise \u00fcldkriteeriumitele.<\/span><\/p>\n<p><span style=\"color: #000000;\">Teostame j\u00e4rgnevate isikute sertifitseerimist:<\/span><\/p>\n<p><span style=\"color: #000000;\">&#8211; surveseadme-, gaasi- v\u00f5i masinat\u00f6id tegevad isikud;<\/span><\/p>\n<p><span style=\"color: #000000;\">&#8211; surveseadme, gaasipaigaldise v\u00f5i masina kasutamise j\u00e4relevaatajad.<\/span><\/p>\n<p><span style=\"color: #000000;\">Gaasikasutuskoolituse O\u00dc korraldab t\u00e4ienduskoolitust tehnikavaldkonnas (gaasi, surveseadme ja masina valdkonnas) vastavalt Seadme ohutuse seadusele. \u00d5ppekeeled on eesti ja vene keel, \u00f5ppeklassid asuvad Tallinnas ja Ida-Virumaal.<\/span><\/p>\n<p><span style=\"color: #000000;\">Gaasikasutuskoolituse O\u00dc koolitajate ja administratiivne meeskond on saanud klientidelt suurep\u00e4rast tagasisidet. Vastavalt\u00a0 2016 aasta tulemustele Gaasikasutuskoolituse O\u00dc v\u00f5tis 4 koha 20-st ettev\u00f5ttest, kes tegelevad t\u00e4ienduskoolitusega.<\/span><\/p>\n<p><span style=\"color: #000000;\">Ettev\u00f5te pakub veel mittepurustava kontrolli koolitust ja sertifitseerimist koos rahvusvahelise sertifikaadi saamise v\u00f5imalusega meie koost\u00f6\u00f6partnerilt The Bulgarian NDT society-lt.<\/span><\/p>\n<p><span style=\"color: #000000;\">Alates 2016 Gaasikasutuskoolituse O\u00dc on kvalifitseeritud Eesti T\u00f6\u00f6tukassa koolituskaardi partneriks t\u00e4ienduskoolituse ja personali sertifitseerimise osas.<\/span><\/p>\n<p><span style=\"color: #000000;\">Samuti Gaasikasutuskoolituse O\u00dc on Eesti Gaasiliidu liige.<\/span><\/p>\n<p><span style=\"color: #000000;\">Oma tegevuses kasutab Gaasikasutuskoolituse O\u00dc 25 kvalifitseeritud \u00f5ppej\u00f5udu, kelle seas on palju uusi noori spetsialiste ning 6.taseme andragoogid (Kalev Kangro, Dmitri Androsjuk ja Anaida Ussova). Hetkel ettev\u00f5tte koolitas ja serifitseeris rohkem kui 7000 inimest.<\/span><\/p>\n<p><span style=\"color: #000000;\">Soovime olla meie klientidele kindlaks ning pikaajaliseks partneriks. Meie klientideks on nii avaliku sektori organisatsioonid kui \u00e4riettev\u00f5tted, samuti \u00fcksikisikud Eestist, L\u00e4tist, Venemaalt, Soomest ja Poolast.<\/span><\/p>\n<\/div>\n<p style=\"text-align: right;\"><span style=\"color: #1e7ce2;\"><strong> \u00a0TULGE \u00d5PPIMA !<\/strong><\/span><\/p>\n<\/td>\n<\/tr>\n<\/tbody>\n<\/table>\n","protected":false},"excerpt":{"rendered":"<p>&nbsp; Tutvustus Gaasikasutuskoolitusega ! Gaasikasutuskoolituse O\u00dc on 1998. aastal loodud koolitusettev\u00f5te ning alates 2003.aastast samuti isikute sertifitseerimisasutus. Gaasikasutuskoolituse O\u00dc, kui isiku n\u00f5uetele vastavuse hindaja ja t\u00f5endaja tegutseb vastavalt standardis EVS-EN ISO\/IEC 17024:2012 esitatud isikute&#46;&#46;&#46;<\/p>\n","protected":false},"author":1,"featured_media":0,"parent":0,"menu_order":0,"comment_status":"closed","ping_status":"closed","template":"","meta":{"footnotes":""},"class_list":["post-524","page","type-page","status-publish","hentry"],"jetpack_shortlink":"https:\/\/wp.me\/P8QdIl-8s","jetpack-related-posts":[],"jetpack_sharing_enabled":true,"_links":{"self":[{"href":"https:\/\/gkk.ee\/et\/wp-json\/wp\/v2\/pages\/524","targetHints":{"allow":["GET"]}}],"collection":[{"href":"https:\/\/gkk.ee\/et\/wp-json\/wp\/v2\/pages"}],"about":[{"href":"https:\/\/gkk.ee\/et\/wp-json\/wp\/v2\/types\/page"}],"author":[{"embeddable":true,"href":"https:\/\/gkk.ee\/et\/wp-json\/wp\/v2\/users\/1"}],"replies":[{"embeddable":true,"href":"https:\/\/gkk.ee\/et\/wp-json\/wp\/v2\/comments?post=524"}],"version-history":[{"count":16,"href":"https:\/\/gkk.ee\/et\/wp-json\/wp\/v2\/pages\/524\/revisions"}],"predecessor-version":[{"id":19498,"href":"https:\/\/gkk.ee\/et\/wp-json\/wp\/v2\/pages\/524\/revisions\/19498"}],"wp:attachment":[{"href":"https:\/\/gkk.ee\/et\/wp-json\/wp\/v2\/media?parent=524"}],"curies":[{"name":"wp","href":"https:\/\/api.w.org\/{rel}","templated":true}]}}