{"id":5640,"date":"2023-08-14T22:12:43","date_gmt":"2023-08-14T19:12:43","guid":{"rendered":"http:\/\/gkk.ee\/et\/?page_id=5640"},"modified":"2025-04-03T15:52:57","modified_gmt":"2025-04-03T12:52:57","slug":"erikoolitus-masina-ja-surveseadmetood-tegev-isik-os-93m","status":"publish","type":"page","link":"https:\/\/gkk.ee\/et\/erikoolitus-masina-ja-surveseadmetood-tegev-isik-os-93m\/","title":{"rendered":"92t_Erikoolitus: Masina- ja surveseadmet\u00f6\u00f6de teostamine_\u00d5M-26+\u00d5S-26+\u00d5VT-50"},"content":{"rendered":"<p><span style=\"color: #000000;\">\u00a0<\/span><\/p>\n<table style=\"width: 100%; height: 3144px;\">\n<tbody>\n<tr style=\"height: 24px;\">\n<td style=\"height: 24px;\" width=\"180\"><span style=\"color: #000000;\">\u00d5ppekava nimetus<\/span><\/td>\n<td style=\"height: 24px;\" width=\"472\"><span style=\"color: #000000;\">Masina- ja surveseadmet\u00f6\u00f6d teostamine<\/span><\/td>\n<\/tr>\n<tr style=\"height: 96px;\">\n<td style=\"height: 96px;\" width=\"180\"><span style=\"color: #000000;\">\u00d5ppekavar\u00fchm<\/span><\/td>\n<td style=\"height: 96px;\" width=\"472\"><span style=\"color: #000000;\">Mehaanika ja metallit\u00f6\u00f6<\/span><\/p>\n<p>&nbsp;<\/td>\n<\/tr>\n<tr style=\"height: 104px;\">\n<td style=\"height: 104px;\" width=\"180\"><span style=\"color: #000000;\">Koolituse sihtr\u00fchm<\/span><\/td>\n<td style=\"height: 104px;\" width=\"472\">\n<ul>\n<li><span style=\"color: #000000;\">Isikud, kes alustab tegelema masinat\u00f6\u00f6dega;<\/span><\/li>\n<li><span style=\"color: #000000;\">Isikud, kes alustab tegelema surveseadmet\u00f6\u00f6dega.<\/span><\/li>\n<li><span style=\"color: #000000;\">Isikud, kes soovivad minna edasi kvalifikatsioonieksamitele.<\/span><\/li>\n<\/ul>\n<\/td>\n<\/tr>\n<tr style=\"height: 592px;\">\n<td style=\"height: 592px;\" width=\"180\"><span style=\"color: #000000;\">\u00d5piv\u00e4ljundid<\/span><\/td>\n<td style=\"height: 592px;\" width=\"472\"><span style=\"color: #000000;\">Koolitus sisaldab kolm plokki:<\/span><\/p>\n<p><span style=\"color: #000000;\">1. plokk.\u00a0<\/span><span style=\"color: #000000;\">Koolitusel osaleja tunneb kehtivat masina valdkonna seadusandlust. Tunneb masinate auditite liike ja nende protseduure ning p\u00f5him\u00f5tted. Oskab \u00f5igesti kasutada k\u00f5ik seaduse m\u00f5isted ja terminoloogiat.<\/span><\/p>\n<p><span style=\"color: #000000;\">Koolitusel osaleja teab ohutuse p\u00f5hin\u00f5uded masinate kasutamisel. Koolitusel osaleja teab n\u00f5uded masina paigaldamisele, remondimisele, \u00fcmberehitamisele ja projekteerimisele. Tunneb n\u00f5uded\u00a0 masinal tehtavatele keevitust\u00f6\u00f6dele.<\/span><\/p>\n<p><span style=\"color: #000000;\">Koolitusel osaleja tunneb masinad, teab ohutusm\u00e4rgid ja ohtusvahendid. Koolitusel osaleja tunneb masina seadmed ja nende p\u00f5him\u00f5ttelised skeemid.<\/span><\/p>\n<p><span style=\"color: #000000;\">2. plokk. Koolitusel osaleja tunneb kehtivat surveseadme valdkonna seadusandlust. Tunneb surveseadmete auditite liike ja nende protseduure ning p\u00f5him\u00f5tted. Oskab \u00f5igesti kasutada k\u00f5ik seaduse m\u00f5isted ja terminoloogiat.<\/span><\/p>\n<p><span style=\"color: #000000;\">Koolitusel osaleja teab n\u00f5uded surveseadmetele, surveseadme paigaldamisele, surveseadmete\u00a0 remondile ja \u00fcmberehitamisele. Tunneb n\u00f5uded surveseadmet\u00f6\u00f6dele ning surveseadme tehtavatele keevitust\u00f6\u00f6dele.<\/span><\/p>\n<p><span style=\"color: #000000;\">Koolitusel osaleja tunneb surveseadmed, teab ohutusm\u00e4rgid ja ohtusvahendid. Koolitusel osaleja tunneb surveseadmete seadmed ja nende p\u00f5him\u00f5ttelised skeemid.<\/span><\/p>\n<p><span style=\"color: #000000;\">3.plokk. Koolitusel osaleja tunneb k\u00f5ik keevitus\u00f5mbluste defekte, teab ja oskab kasutada vastava meetodi standarte ja normatiivseid dokumente, oskab vormistada \u00f5mbluse kontrolli protokolli. Koolitusel osaleja on valmis ja omab \u00f5igust osaleda VT tase 2 p\u00e4devuseksamil vastavalt standardile EN ISO 9712 ja 2014\/68\/EU<\/span><\/p>\n<p><span style=\"color: #000000;\">Koolituse l\u00e4bimiseks on vajalik k\u00f5ikide plokkide l\u00e4bimine, ehkki<\/span><br \/>\n<span style=\"color: #000000;\">nende l\u00e4bimise j\u00e4rjekord ei ole oluline. On v\u00f5imalik l\u00e4bida \u00fckshaaval 1, 2 v\u00f5i 3 plokki vastavalt eraldi koostatud \u00f5ppekavale.<\/span><\/td>\n<\/tr>\n<tr style=\"height: 24px;\">\n<td style=\"height: 24px;\" width=\"180\"><span style=\"color: #000000;\">Hind (KM-ga)<\/span><\/td>\n<td style=\"height: 24px;\" width=\"472\"><span style=\"color: #000000;\">2500 euro<\/span><\/td>\n<\/tr>\n<tr style=\"height: 24px;\">\n<td style=\"height: 24px;\" width=\"180\"><span style=\"color: #000000;\">\u00d5ppe kogumaht<\/span><\/td>\n<td style=\"height: 24px;\" width=\"472\"><span style=\"color: #000000;\">92t auditoorset t\u00f6\u00f6d (+ 10 t iseseisev t\u00f6\u00f6).<\/span><\/td>\n<\/tr>\n<tr style=\"height: 1080px;\">\n<td style=\"height: 1080px;\" width=\"180\"><span style=\"color: #000000;\">\u00d5ppe sisu<\/span><\/td>\n<td style=\"height: 1080px;\" width=\"472\"><span style=\"color: #000000;\">1 plokk \u2013 Masina kasutamise ja masinat\u00f6\u00f6de tegemise tehnilised normid. \u2013 26 tundi<\/span><\/p>\n<p><span style=\"color: #000000;\">1.1.Masina valdkonna reguleerivad seadused ja rakendusaktid. 8 tundi<\/span><\/p>\n<p><span style=\"color: #000000;\">1.2.N\u00f5uded masinatele, masina paigaldamisele, remontimisele ja \u00fcmberehitamisele ja t\u00f6\u00f6de projekteerimisele, masina kasutusele ning ohutuse tagamisele. N\u00f5uded masinat\u00f6\u00f6del tehtavatele keevitust\u00f6\u00f6dele. Euroopa masina direktiiv 2006\/42\/E\u00dc.\u00a0 8 tundi<\/span><\/p>\n<p><span style=\"color: #000000;\">1.3.Masinad, masinaseadmed nende elemendid ja paigutus. Masina, masinaseadme paigaldise skeemid. Ohutusm\u00e4rgid, ohutusvahendid. Kraanade t\u00fc\u00fcbid ja kasutusn\u00f5uded. Lastide haarde abivahendid. T\u00f5stet\u00f6\u00f6de teostamine kraanade abil. Kraanadega t\u00f6\u00f6de teostamise kord ja ohutusmeetmed. 10 tundi<\/span><\/p>\n<p><span style=\"color: #000000;\">2. plokk. Surveseadme kasutamise ja surveseadmet\u00f6\u00f6de tegemise tehnilised normid. \u2013 26 tundi<\/span><\/p>\n<p><span style=\"color: #000000;\">2.1.Surveseadme valdkonna reguleerivad seadused ja rakendusaktid. 8 tundi<\/span><\/p>\n<p><span style=\"color: #000000;\">2.2.N\u00f5uded surveseadmete, surveseadme paigaldamisele ja surveseadmet\u00f6\u00f6dele. Kvaliteedikontroll keevitust\u00f6\u00f6dele. EVS 843:2016 \u201eLinnat\u00e4navad\u201c. EVS 932:2017 \u201eEhitusprojekt\u201c. Euroopa surveseadme direktiiv 2014\/68\/EU. Surveseadmed, reguleerseadmed, kaitseklapid, sulgeseadmed nende elemendid ja paigutus. Katlade p\u00f5him\u00f5ttelised skeemid. Ohutusm\u00e4rgid, ohutusvahendid. 8 tundi<\/span><\/p>\n<p><span style=\"color: #000000;\">2.3.N\u00f5uded projektidele. Katelde ehitus. T\u00f6\u00f6tamise ja ekspluateerimise printsiibid. Surveanumad ja nende skeemid. N\u00f5uded ohtliku vedeliku paikse mahuti valmistamisele. 10 tundi<\/span><\/p>\n<p><span style=\"color: #000000;\">3 plokk \u2013 Visuaalne mittepurustav kontroll, VT- tase 2 \u2013 40 tundi\u00a0 (+ 10 t iseseisev t\u00f6\u00f6)<\/span><\/p>\n<p><span style=\"color: #000000;\">3.1.Tutvumine standardite n\u00f5uetega:<\/span><\/p>\n<p><span style=\"color: #000000;\">EN ISO 9712, EN 13018, EN ISO 1763, ISO 17635, EN ISO 5817, EN ISO 10042, EN ISO 6520-1, EN 1330-10, EN 13927, ISO 11971 &#8211; 5 tundi<\/span><\/p>\n<p><span style=\"color: #000000;\">3.2. Visuaalse m\u00f5\u00f5tmise kontroll: m\u00f5isted, defektide avastamine, abivahendid ja seadmed, keevitamise \u00fchenduse defektide t\u00fc\u00fcbid, hindamine, \u0161ablooniga ja teiste m\u00f5\u00f5tevahenditega t\u00f6\u00f6tamise p\u00f5him\u00f5te.- 5 tundi<\/span><\/p>\n<p><span style=\"color: #000000;\">3.3. Kujuvalude defektid ja survet\u00f6\u00f6tluste defektid, paigaldamine k\u00f5rvalekalded keevisliidetes, defektide informatsioon tingitud tootmistehnoloogiaga. Valgustuse n\u00f5uded. K\u00e4itlemise protseduur, tehniline \u00fclesanne, instruktsioon, protokoll. &#8211; 4 tundi<\/span><\/p>\n<p><span style=\"color: #000000;\">3.4. Optika. Silma optilised omadused. Valgustehnika. Optilised s\u00fcsteemid. Lineaarse ja nurgelise m\u00f5\u00f5tmise alused. &#8211; 4 tundi<\/span><\/p>\n<p><span style=\"color: #000000;\">3.5. Metallurgia ja kuumt\u00f6\u00f6tlemise alused. &#8211; 2 tundi<\/span><\/p>\n<p><span style=\"color: #000000;\">3.6. Dokumentatsioonide vormistamise n\u00f5uded (instruktsioonid, protokollid)- 4 tundi<\/span><\/p>\n<p><span style=\"color: #000000;\">3.7. Praktiline osa:<\/span><\/p>\n<p><span style=\"color: #000000;\">\u2013 T\u00f6\u00f6 endoskoobi abil, \u0161abloonidega ja teiste m\u00f5\u00f5tmise seadmetega n\u00e4idisel &#8211; 2 tundi;<\/span><\/p>\n<p><span style=\"color: #000000;\">\u2013 Otsese visuaalse kontrolli l\u00e4biviimine n\u00e4idisel, kontrolli tulemuste vormistamine, protokolli koostamine, instruktsiooni koostamine, hindamine &#8211; 14 tundi.<\/span><\/p>\n<p><span style=\"color: #000000;\">Koolituse l\u00e4bimiseks on vajalik k\u00f5ikide plokkide l\u00e4bimine, ehkki<\/span><br \/>\n<span style=\"color: #000000;\">nende l\u00e4bimise j\u00e4rjekord ei ole oluline. On v\u00f5imalik l\u00e4bida \u00fckshaaval 1, 2 v\u00f5i 3 plokki vastavalt eraldi koostatud \u00f5ppekavale.<\/span><\/td>\n<\/tr>\n<tr style=\"height: 296px;\">\n<td style=\"height: 296px;\" width=\"180\"><span style=\"color: #000000;\">\u00d5ppekeskkonna kirjeldus<\/span><\/td>\n<td style=\"height: 296px;\" width=\"472\"><span style=\"color: #000000;\">GKK O\u00dc koolituskeskuse \u00f5pperuumid asuvad Tallinn, Ehitajate tee 114-20, korpus A, tuba 403 ja J\u00f5hvi linn, Jaama tn. 14 \u2013 207. \u00d5pperuumides on t\u00e4iskasvanute koolituseks sobilik m\u00f6\u00f6bel (\u00f5ppelauad ja toolid kuni 20-le osalejale + t\u00f6\u00f6laud ja tool lektorile). K\u00f5ik \u00f5ppeklassid on varustatud kaasaegse \u00f5ppetehnikaga: arvuti ja data-videoprojektor ja markertahvel seinal. \u00d5ppeklass on varustatud surveseadme n\u00e4idisega, skeemide maketidega, p\u00fcsiliidete n\u00e4idisega jne.<\/span><\/p>\n<p><span style=\"color: #000000;\">L\u00f5unapauside ajal koolitusel osalejatele pakutakse l\u00f5unas\u00f6\u00f6k, joogivett ning kohvi ja teed koos suhkruga, tagatud on WC kasutamine ja k\u00e4tepesu v\u00f5imalus.<\/span><\/p>\n<p><span style=\"color: #000000;\">K\u00f5ik meie koolitusruumid on remonditud ja vastavad t\u00f6\u00f6tervishoiu, tuleohutuse ja t\u00f6\u00f6ohutuse n\u00f5uetele.\u00d5ppeklassid on avarad ja kergesti \u00f5hutatavad.<\/span><\/p>\n<p>&nbsp;<\/td>\n<\/tr>\n<tr style=\"height: 96px;\">\n<td style=\"height: 96px;\" width=\"180\"><span style=\"color: #000000;\">\u00d5ppematerjalide loend<\/span><\/td>\n<td style=\"height: 96px;\" width=\"472\"><span style=\"color: #000000;\">Koolituse konspekt paberkujul<\/span><\/p>\n<p>&nbsp;<\/td>\n<\/tr>\n<tr style=\"height: 96px;\">\n<td style=\"height: 96px;\" width=\"180\"><span style=\"color: #000000;\">Hindamismeetodid ja kriteeriumid<\/span><\/td>\n<td style=\"height: 96px;\" width=\"472\"><span style=\"color: #000000;\">Masinat\u00f6\u00f6d tegeva isiku p\u00e4devuseksam<\/span><\/p>\n<p><span style=\"color: #000000;\">Surveseadme t\u00f6\u00f6d tegeva isiku p\u00e4devuseksam<\/span><\/td>\n<\/tr>\n<tr style=\"height: 96px;\">\n<td style=\"height: 96px;\" width=\"180\"><span style=\"color: #000000;\">V\u00e4ljastatavad dokumendid<\/span><\/td>\n<td style=\"height: 96px;\" width=\"472\"><span style=\"color: #000000;\">Masinat\u00f6\u00f6d tegeva isiku p\u00e4devustunnistus<\/span><\/p>\n<p><span style=\"color: #000000;\">Surveseadme t\u00f6\u00f6d tegeva isiku p\u00e4devustunnistus<\/span><\/td>\n<\/tr>\n<tr style=\"height: 616px;\">\n<td style=\"height: 616px;\" width=\"180\"><span style=\"color: #000000;\">Koolitaja nimi ja kompetentsust tagava kvalifikatsiooni ja t\u00f6\u00f6kogemuse kirjeldus<\/span><\/td>\n<td style=\"height: 616px;\" width=\"472\"><span style=\"color: #000000;\"><em>Antud nimekirjast v\u00f5tavad osa kaks v\u00f5i rohkem lektorit. Gaasikasutuskoolituse O\u00dc garanteerib, et lektori asendamise t\u00f5ttu koolituse kvaliteed ei muutu.<\/em><\/span><\/p>\n<p><span style=\"color: #000000;\">German Belov \u2013 rahvusvaheline keevituse insener. T\u00dcV Eesti O\u00dc mittepurustava kontrolli labori juhataja. Omab mittepurustava kontrolli sertifikaadid VT-3, PT-2, MT-2, UT-2. Staaz lektorina 13 aastat.<\/span><\/p>\n<p><span style=\"color: #000000;\">Sergei Povarenkov \u2013 Leningraadi Pol\u00fctehnilone instituut, soojusenergeetika eriala. Omab p\u00e4devused gaasi, surveseadmete ja masina valdkonnades. Endine Viru RMT O\u00dc, Eesti Energia AS seadmete spetsialist. Omab mittepurustava kontrolli sertifikaadid VT-2, MT-2, PT-2. Staaz lektorina 14 aastat.<\/span><\/p>\n<p><span style=\"color: #000000;\">Juri Maksimov \u2013\u00a0 Jum Connect O\u00dc peaspetsialist.\u00a0 On l\u00f5petanud Tallinna Pol\u00fctehnikum, energeetika osakonna.\u00a0 Omab p\u00e4devus surveseadmete ja gaasi valdkonnades.\u00a0 Staaz lektorina 9 aastat.<\/span><\/p>\n<p><span style=\"color: #000000;\">Kalev Kangro- omab tehnilist k\u00f5rgharidust. On L\u00f5petanud Leningradi K\u00f5rgema Merekooli (adm. Makarovi nimelise) laevamehaaniku erialal. T\u00f6\u00f6tanud EML AS-s, AS Eesti AGA-s ja Eesti Energia AS-s erinevatel tehnilistel ametikohtadel. Hetkel t\u00f6\u00f6tab oma firmas Panther Services O\u00dc, mis tegeleb gaasiseadmete ja insener-tehniliste lahenduste m\u00fc\u00fcgiga. Omab p\u00e4devust surve- ja k\u00fcttegaasiseadmete valdkonnas. On l\u00e4binud tuleohutusspetsialistide 5.tase koolituse ja omab \u00f5igust l\u00e4bi viia koolitusi selles valdkonnas. Staa\u017e lektorina 14 aastat.<\/span><\/p>\n<p><span style=\"color: #000000;\">Anatoli Jermak \u2013\u00a0 Eesti \u00a0Ettev\u00f5tlusk\u00f5rgkool \u00a0Mainor \u00e4rijuhtimine eriala ja Tallinna Tehnika\u00fclikooli \u00a0Virumaa Kolled\u017e masinaehituse tehnoloogia eriala. Omab p\u00e4devused k\u00fcttegaasiseadmete, surveseadmete ja masina valdkonnades. Endine Klarias Compani O\u00dc t\u00f5stet\u00f6\u00f6de spetsialist. Omab mittepurustava kontrolli sertifikaadi VT-2. Staaz lektorina 10 aastat.<\/span><\/p>\n<p>&nbsp;<\/p>\n<p><span style=\"color: #000000;\">.<\/span><\/p>\n<p>&nbsp;<\/td>\n<\/tr>\n<\/tbody>\n<\/table>\n","protected":false},"excerpt":{"rendered":"<p>\u00a0 \u00d5ppekava nimetus Masina- ja surveseadmet\u00f6\u00f6d teostamine \u00d5ppekavar\u00fchm Mehaanika ja metallit\u00f6\u00f6 &nbsp; Koolituse sihtr\u00fchm Isikud, kes alustab tegelema masinat\u00f6\u00f6dega; Isikud, kes alustab tegelema surveseadmet\u00f6\u00f6dega. Isikud, kes soovivad minna edasi kvalifikatsioonieksamitele. \u00d5piv\u00e4ljundid Koolitus sisaldab kolm&#46;&#46;&#46;<\/p>\n","protected":false},"author":2,"featured_media":0,"parent":0,"menu_order":0,"comment_status":"closed","ping_status":"closed","template":"","meta":{"footnotes":""},"class_list":["post-5640","page","type-page","status-publish","hentry"],"jetpack_shortlink":"https:\/\/wp.me\/P8QdIl-1sY","jetpack-related-posts":[],"jetpack_sharing_enabled":true,"_links":{"self":[{"href":"https:\/\/gkk.ee\/et\/wp-json\/wp\/v2\/pages\/5640","targetHints":{"allow":["GET"]}}],"collection":[{"href":"https:\/\/gkk.ee\/et\/wp-json\/wp\/v2\/pages"}],"about":[{"href":"https:\/\/gkk.ee\/et\/wp-json\/wp\/v2\/types\/page"}],"author":[{"embeddable":true,"href":"https:\/\/gkk.ee\/et\/wp-json\/wp\/v2\/users\/2"}],"replies":[{"embeddable":true,"href":"https:\/\/gkk.ee\/et\/wp-json\/wp\/v2\/comments?post=5640"}],"version-history":[{"count":26,"href":"https:\/\/gkk.ee\/et\/wp-json\/wp\/v2\/pages\/5640\/revisions"}],"predecessor-version":[{"id":19330,"href":"https:\/\/gkk.ee\/et\/wp-json\/wp\/v2\/pages\/5640\/revisions\/19330"}],"wp:attachment":[{"href":"https:\/\/gkk.ee\/et\/wp-json\/wp\/v2\/media?parent=5640"}],"curies":[{"name":"wp","href":"https:\/\/api.w.org\/{rel}","templated":true}]}}