{"id":5747,"date":"2023-08-14T22:12:45","date_gmt":"2023-08-14T19:12:45","guid":{"rendered":"http:\/\/gkk.ee\/et\/?page_id=5747"},"modified":"2023-08-14T22:12:45","modified_gmt":"2023-08-14T19:12:45","slug":"__trashed-2","status":"publish","type":"page","link":"https:\/\/gkk.ee\/et\/__trashed-2\/","title":{"rendered":"K\u00fcttegaasipaigaldise kasutamise ja gaasit\u00f6\u00f6de tegemise tehnilised normid (eesti keeles)"},"content":{"rendered":"<p><a href=\"https:\/\/gkk.ee\/et\/koolitusele-registreerimine\/\">Registreeri<\/a><\/p>\n<p>P\u00e4rast koolitusele registreerimist v\u00f5etakse Teiega \u00fchendust ja saadetakse kursuse teade ajakavaga<\/p>\n<p><a href=\"https:\/\/gkk.ee\/et\/koolitus\/gaasialane-koolitus\/24t-taiendkoolitus\/\">\u00d5ppekava<\/a><\/p>\n","protected":false},"excerpt":{"rendered":"<p>Registreeri P\u00e4rast koolitusele registreerimist v\u00f5etakse Teiega \u00fchendust ja saadetakse kursuse teade ajakavaga \u00d5ppekava<\/p>\n","protected":false},"author":5,"featured_media":0,"parent":0,"menu_order":0,"comment_status":"closed","ping_status":"closed","template":"","meta":{"footnotes":""},"class_list":["post-5747","page","type-page","status-publish","hentry"],"jetpack_shortlink":"https:\/\/wp.me\/P8QdIl-1uH","jetpack-related-posts":[],"jetpack_sharing_enabled":true,"_links":{"self":[{"href":"https:\/\/gkk.ee\/et\/wp-json\/wp\/v2\/pages\/5747","targetHints":{"allow":["GET"]}}],"collection":[{"href":"https:\/\/gkk.ee\/et\/wp-json\/wp\/v2\/pages"}],"about":[{"href":"https:\/\/gkk.ee\/et\/wp-json\/wp\/v2\/types\/page"}],"author":[{"embeddable":true,"href":"https:\/\/gkk.ee\/et\/wp-json\/wp\/v2\/users\/5"}],"replies":[{"embeddable":true,"href":"https:\/\/gkk.ee\/et\/wp-json\/wp\/v2\/comments?post=5747"}],"version-history":[{"count":1,"href":"https:\/\/gkk.ee\/et\/wp-json\/wp\/v2\/pages\/5747\/revisions"}],"predecessor-version":[{"id":18556,"href":"https:\/\/gkk.ee\/et\/wp-json\/wp\/v2\/pages\/5747\/revisions\/18556"}],"wp:attachment":[{"href":"https:\/\/gkk.ee\/et\/wp-json\/wp\/v2\/media?parent=5747"}],"curies":[{"name":"wp","href":"https:\/\/api.w.org\/{rel}","templated":true}]}}