{"id":727,"date":"2023-08-14T22:12:45","date_gmt":"2023-08-14T19:12:45","guid":{"rendered":"http:\/\/gkk.ee\/new\/?page_id=727"},"modified":"2023-08-14T22:12:45","modified_gmt":"2023-08-14T19:12:45","slug":"konfidentsiaalsuse-tagamine","status":"publish","type":"page","link":"https:\/\/gkk.ee\/et\/personali-sertifitseerimine\/avalik-informatsioon-taotlejatele\/konfidentsiaalsuse-tagamine\/","title":{"rendered":"Konfidentsiaalsuse tagamine"},"content":{"rendered":"<p style=\"text-align: center;\"><a href=\"http:\/\/gkk.ee\/new\/?attachment_id=819\" rel=\"attachment wp-att-819\"><img data-recalc-dims=\"1\" fetchpriority=\"high\" decoding=\"async\" data-attachment-id=\"819\" data-permalink=\"https:\/\/gkk.ee\/et\/6t-taiendkoolitus\/logo-2\/\" data-orig-file=\"https:\/\/i0.wp.com\/gkk.ee\/et\/wp-content\/uploads\/2018\/01\/logo-2.jpg?fit=1310%2C169&amp;ssl=1\" data-orig-size=\"1310,169\" data-comments-opened=\"1\" data-image-meta=\"{&quot;aperture&quot;:&quot;0&quot;,&quot;credit&quot;:&quot;&quot;,&quot;camera&quot;:&quot;&quot;,&quot;caption&quot;:&quot;&quot;,&quot;created_timestamp&quot;:&quot;0&quot;,&quot;copyright&quot;:&quot;&quot;,&quot;focal_length&quot;:&quot;0&quot;,&quot;iso&quot;:&quot;0&quot;,&quot;shutter_speed&quot;:&quot;0&quot;,&quot;title&quot;:&quot;&quot;,&quot;orientation&quot;:&quot;0&quot;}\" data-image-title=\"logo 2\" data-image-description=\"\" data-image-caption=\"\" data-medium-file=\"https:\/\/i0.wp.com\/gkk.ee\/et\/wp-content\/uploads\/2018\/01\/logo-2.jpg?fit=300%2C39&amp;ssl=1\" data-large-file=\"https:\/\/i0.wp.com\/gkk.ee\/et\/wp-content\/uploads\/2018\/01\/logo-2.jpg?fit=1024%2C132&amp;ssl=1\" class=\"aligncenter wp-image-819\" src=\"https:\/\/i0.wp.com\/gkk.ee\/new\/wp-content\/uploads\/2018\/01\/logo-2.jpg?resize=640%2C83\" alt=\"\" width=\"640\" height=\"83\" srcset=\"https:\/\/i0.wp.com\/gkk.ee\/et\/wp-content\/uploads\/2018\/01\/logo-2.jpg?w=1310&amp;ssl=1 1310w, https:\/\/i0.wp.com\/gkk.ee\/et\/wp-content\/uploads\/2018\/01\/logo-2.jpg?resize=300%2C39&amp;ssl=1 300w, https:\/\/i0.wp.com\/gkk.ee\/et\/wp-content\/uploads\/2018\/01\/logo-2.jpg?resize=768%2C99&amp;ssl=1 768w, https:\/\/i0.wp.com\/gkk.ee\/et\/wp-content\/uploads\/2018\/01\/logo-2.jpg?resize=1024%2C132&amp;ssl=1 1024w, https:\/\/i0.wp.com\/gkk.ee\/et\/wp-content\/uploads\/2018\/01\/logo-2.jpg?resize=100%2C13&amp;ssl=1 100w, https:\/\/i0.wp.com\/gkk.ee\/et\/wp-content\/uploads\/2018\/01\/logo-2.jpg?resize=150%2C19&amp;ssl=1 150w, https:\/\/i0.wp.com\/gkk.ee\/et\/wp-content\/uploads\/2018\/01\/logo-2.jpg?resize=200%2C26&amp;ssl=1 200w, https:\/\/i0.wp.com\/gkk.ee\/et\/wp-content\/uploads\/2018\/01\/logo-2.jpg?resize=450%2C58&amp;ssl=1 450w, https:\/\/i0.wp.com\/gkk.ee\/et\/wp-content\/uploads\/2018\/01\/logo-2.jpg?resize=600%2C77&amp;ssl=1 600w, https:\/\/i0.wp.com\/gkk.ee\/et\/wp-content\/uploads\/2018\/01\/logo-2.jpg?resize=900%2C116&amp;ssl=1 900w\" sizes=\"(max-width: 640px) 100vw, 640px\" \/><\/a><\/p>\n<p style=\"text-align: center;\"><span style=\"color: #1e7ce2;\"><strong>Konfidentsiaalsuse tagamise deklaratsioon<\/strong><\/span><\/p>\n<table class=\" aligncenter\" style=\"width:100%; background-color: #f7f7f7;\">\n<tbody>\n<tr>\n<td><span style=\"color: #000000;\">K\u00f5ik p\u00e4devuseksami materjalid on rangelt konfidentsiaalsed.<\/span><\/p>\n<p><span style=\"color: #000000;\">Need ei kuulu avalikustamisele ja asuvad k\u00f5rvalistele isikutele k\u00e4ttesaamatus kohas.<\/span><\/p>\n<p><span style=\"color: #000000;\">K\u00f5ik p\u00e4devuseksami materjalid on kaitstud ja neid kasutatakse sertifitseerimisega seotud p\u00e4devuseksamil.<\/span><\/p>\n<p><span style=\"color: #000000;\">Materjalide kasutamine teistel eesm\u00e4rkidel (kopeerimine, levitamine, publikatsioon) on lubatud ainult tulenevalt \u00f5igusaktidest ja taotleja, kandidaadi ja sertifitseeritud isiku kirjalikul loal.<\/span><\/p>\n<p><span style=\"color: #000000;\">Sertifitseerimisprotsessis osalev personal hoiab konfidentsiaalsena informatsiooni, mille nad on saanud taotlejalt, kandidaadilt ja sertifitseeritud isikult ja mitte seda avaldama kolmandatele isikutele.<\/span><\/p>\n<p><span style=\"color: #000000;\">P\u00e4devuseksamil osalev personal allkirjastab konfidentsiaalsuse lepingu iga p\u00e4devuseksami eel ja kohustub s\u00e4ilitama eksamimaterjalide konfidentsiaalsust ja tagama eksamimaterjalide kaitstust.<\/span><\/p>\n<p><span style=\"color: #000000;\">P\u00e4devuseksami materjalide konfidentsiaalsus on tagatud nii p\u00f5hipersonali, kui ka v\u00e4ljast tellitavate ekspertide ja eksamineerijate poolt.<\/span><\/p>\n<p><span style=\"color: #000000;\">P\u00e4devuseksami materjalid on kehtivad 5 aastat ja neid s\u00e4ilitatakse peale t\u00e4htaja m\u00f6\u00f6dumist 10 aastat.<\/span><\/td>\n<\/tr>\n<\/tbody>\n<\/table>\n","protected":false},"excerpt":{"rendered":"<p>Konfidentsiaalsuse tagamise deklaratsioon K\u00f5ik p\u00e4devuseksami materjalid on rangelt konfidentsiaalsed. Need ei kuulu avalikustamisele ja asuvad k\u00f5rvalistele isikutele k\u00e4ttesaamatus kohas. K\u00f5ik p\u00e4devuseksami materjalid on kaitstud ja neid kasutatakse sertifitseerimisega seotud p\u00e4devuseksamil. Materjalide kasutamine teistel eesm\u00e4rkidel&#46;&#46;&#46;<\/p>\n","protected":false},"author":1,"featured_media":0,"parent":675,"menu_order":0,"comment_status":"closed","ping_status":"closed","template":"","meta":{"footnotes":""},"class_list":["post-727","page","type-page","status-publish","hentry"],"jetpack_shortlink":"https:\/\/wp.me\/P8QdIl-bJ","jetpack-related-posts":[],"jetpack_sharing_enabled":false,"_links":{"self":[{"href":"https:\/\/gkk.ee\/et\/wp-json\/wp\/v2\/pages\/727","targetHints":{"allow":["GET"]}}],"collection":[{"href":"https:\/\/gkk.ee\/et\/wp-json\/wp\/v2\/pages"}],"about":[{"href":"https:\/\/gkk.ee\/et\/wp-json\/wp\/v2\/types\/page"}],"author":[{"embeddable":true,"href":"https:\/\/gkk.ee\/et\/wp-json\/wp\/v2\/users\/1"}],"replies":[{"embeddable":true,"href":"https:\/\/gkk.ee\/et\/wp-json\/wp\/v2\/comments?post=727"}],"version-history":[{"count":38,"href":"https:\/\/gkk.ee\/et\/wp-json\/wp\/v2\/pages\/727\/revisions"}],"predecessor-version":[{"id":3549,"href":"https:\/\/gkk.ee\/et\/wp-json\/wp\/v2\/pages\/727\/revisions\/3549"}],"up":[{"embeddable":true,"href":"https:\/\/gkk.ee\/et\/wp-json\/wp\/v2\/pages\/675"}],"wp:attachment":[{"href":"https:\/\/gkk.ee\/et\/wp-json\/wp\/v2\/media?parent=727"}],"curies":[{"name":"wp","href":"https:\/\/api.w.org\/{rel}","templated":true}]}}