{"id":729,"date":"2023-08-14T22:12:45","date_gmt":"2023-08-14T19:12:45","guid":{"rendered":"http:\/\/gkk.ee\/new\/?page_id=729"},"modified":"2023-08-14T22:12:45","modified_gmt":"2023-08-14T19:12:45","slug":"erapooletuse-poliitika","status":"publish","type":"page","link":"https:\/\/gkk.ee\/et\/personali-sertifitseerimine\/avalik-informatsioon-taotlejatele\/erapooletuse-poliitika\/","title":{"rendered":"Erapooletuse poliitika"},"content":{"rendered":"<p><a href=\"http:\/\/gkk.ee\/new\/?attachment_id=819\" rel=\"attachment wp-att-819\"><img data-recalc-dims=\"1\" fetchpriority=\"high\" decoding=\"async\" data-attachment-id=\"819\" data-permalink=\"https:\/\/gkk.ee\/et\/6t-taiendkoolitus\/logo-2\/\" data-orig-file=\"https:\/\/i0.wp.com\/gkk.ee\/et\/wp-content\/uploads\/2018\/01\/logo-2.jpg?fit=1310%2C169&amp;ssl=1\" data-orig-size=\"1310,169\" data-comments-opened=\"1\" data-image-meta=\"{&quot;aperture&quot;:&quot;0&quot;,&quot;credit&quot;:&quot;&quot;,&quot;camera&quot;:&quot;&quot;,&quot;caption&quot;:&quot;&quot;,&quot;created_timestamp&quot;:&quot;0&quot;,&quot;copyright&quot;:&quot;&quot;,&quot;focal_length&quot;:&quot;0&quot;,&quot;iso&quot;:&quot;0&quot;,&quot;shutter_speed&quot;:&quot;0&quot;,&quot;title&quot;:&quot;&quot;,&quot;orientation&quot;:&quot;0&quot;}\" data-image-title=\"logo 2\" data-image-description=\"\" data-image-caption=\"\" data-medium-file=\"https:\/\/i0.wp.com\/gkk.ee\/et\/wp-content\/uploads\/2018\/01\/logo-2.jpg?fit=300%2C39&amp;ssl=1\" data-large-file=\"https:\/\/i0.wp.com\/gkk.ee\/et\/wp-content\/uploads\/2018\/01\/logo-2.jpg?fit=1024%2C132&amp;ssl=1\" class=\"aligncenter wp-image-819\" src=\"https:\/\/i0.wp.com\/gkk.ee\/new\/wp-content\/uploads\/2018\/01\/logo-2.jpg?resize=640%2C83\" alt=\"\" width=\"640\" height=\"83\" srcset=\"https:\/\/i0.wp.com\/gkk.ee\/et\/wp-content\/uploads\/2018\/01\/logo-2.jpg?w=1310&amp;ssl=1 1310w, https:\/\/i0.wp.com\/gkk.ee\/et\/wp-content\/uploads\/2018\/01\/logo-2.jpg?resize=300%2C39&amp;ssl=1 300w, https:\/\/i0.wp.com\/gkk.ee\/et\/wp-content\/uploads\/2018\/01\/logo-2.jpg?resize=768%2C99&amp;ssl=1 768w, https:\/\/i0.wp.com\/gkk.ee\/et\/wp-content\/uploads\/2018\/01\/logo-2.jpg?resize=1024%2C132&amp;ssl=1 1024w, https:\/\/i0.wp.com\/gkk.ee\/et\/wp-content\/uploads\/2018\/01\/logo-2.jpg?resize=100%2C13&amp;ssl=1 100w, https:\/\/i0.wp.com\/gkk.ee\/et\/wp-content\/uploads\/2018\/01\/logo-2.jpg?resize=150%2C19&amp;ssl=1 150w, https:\/\/i0.wp.com\/gkk.ee\/et\/wp-content\/uploads\/2018\/01\/logo-2.jpg?resize=200%2C26&amp;ssl=1 200w, https:\/\/i0.wp.com\/gkk.ee\/et\/wp-content\/uploads\/2018\/01\/logo-2.jpg?resize=450%2C58&amp;ssl=1 450w, https:\/\/i0.wp.com\/gkk.ee\/et\/wp-content\/uploads\/2018\/01\/logo-2.jpg?resize=600%2C77&amp;ssl=1 600w, https:\/\/i0.wp.com\/gkk.ee\/et\/wp-content\/uploads\/2018\/01\/logo-2.jpg?resize=900%2C116&amp;ssl=1 900w\" sizes=\"(max-width: 640px) 100vw, 640px\" \/><\/a><\/p>\n<p style=\"text-align: center;\"><span style=\"color: #1e7ce2;\"><strong>Erapooletuse tagamise poliitika<\/strong><\/span><\/p>\n<table class=\" aligncenter\" style=\"background-color: #f7f7f7; width:100%;\">\n<tbody>\n<tr>\n<td><span style=\"color: #000000;\">GKK O\u00dc tegutseb taotlejate, kandidaatide ja sertifitseeritud isikute suhtes erapooletult ning garanteerib sertifitseerimise objektiivset ja erapooletut hindamist.<\/span><\/p>\n<p><span style=\"color: #000000;\">GKK O\u00dc oma tegevuses k\u00e4sitleb koolitust ja personali sertifitseerimist \u00fcksteisest lahus. P\u00e4devuseksami komisjon moodustatakse sertifitseerimise personali liikmetest, kes ei ole eelnevalt koolitanud neid taotlejaid, kandidaate ja sertifitseeritavaid isikuid, kes osalevad p\u00e4devuseksamil.<\/span><\/p>\n<p><span style=\"color: #000000;\">P\u00e4devuseksami komisjoni m\u00e4\u00e4rab oma k\u00e4skkirjaga GKK O\u00dc sertifitseerimise eest vastutav isik.<\/span><\/p>\n<p><span style=\"color: #000000;\">GKK O\u00dc juhatuse liige n\u00f5uab sertifitseerimise personalilt (nii sise kui ka v\u00e4lis) k\u00f5ikide neile teada olevate situatsioonide avalikustamist, millised v\u00f5ivad endast kujutada huvide konflikti neile ja GKK O\u00dc-le.<\/span><\/p>\n<p><span style=\"color: #000000;\">Kogu sertifitseerimispersonal (nii sise kui ka v\u00e4lis), kes v\u00f5ivad m\u00f5jutada sertifitseerimise tegevust, tegutsevad erapooletult ja ei luba kommerts-, finants,- v\u00f5i muud survet kompromiteerimaks erapooletust. Oma erapooletuse t\u00f5estamiseks allkirjastavad k\u00f5ik p\u00e4devuseksami komisjoni liikmed iga p\u00e4devuseksami eel sertifitseerimise konfidentsiaalsuse ja erapooletuse lepingu.<\/span><\/p>\n<p><span style=\"color: #000000;\">GKK O\u00dc sertifitseerimise eest vastutav isik teeb sertifitseerimise otsuse, kui erapooletu isik, kes ei ole sertifitseeritavaid koolitanud ega sertifitseerinud.<\/span><\/p>\n<p><span style=\"color: #000000;\">Sertifitseerimisotsuses fikseeritakse sertifitseeritud isiku nimi ja perekonnanimi, isikukood, eksamil kogutud punktisumma ja v\u00e4ljastatud p\u00e4devustunnistuse number. Sertifitseerimisotsusele kirjutab all sertifitseerimise otsuse tegija.<\/span><\/p>\n<p><span style=\"color: #000000;\">Huvide konflikt on situatsioon, mis v\u00f5ib m\u00f5jutada sertifitseerimispersonali erapooletust kandidaadi, sertifitseeritud isiku ja taotleja kompetensuse hindamisel sertifitseerimise protsessis. Et \u00e4ra hoida huvide konflikti: ei tohi sertifitseerimispersonal koolitada ja osaleda mistahes sertifitseeritavate isikute tegevuses.<\/span><\/p>\n<p><span style=\"color: #000000;\">Ei tohi saada finantskompensatsiooni ettev\u00f5tetelt ja asutuselt, kus sertifitseeritavad t\u00f6\u00f6tavad. Sertifitseerimispersonali iga liige on kohustatud teatama kirjalikult potensiaalsest v\u00f5i olemasolevast huvide konfliktist GKK O\u00dc juhtkonnale.<\/span><\/p>\n<p><span style=\"color: #000000;\">GKK O\u00dc juhtkond, kasutades antud teavet, otsustab, kas nimetatud situatsioon on huvide konflikt ja v\u00f5tma vastu selle lahendamise otsuse.<\/span><\/td>\n<\/tr>\n<\/tbody>\n<\/table>\n","protected":false},"excerpt":{"rendered":"<p>Erapooletuse tagamise poliitika GKK O\u00dc tegutseb taotlejate, kandidaatide ja sertifitseeritud isikute suhtes erapooletult ning garanteerib sertifitseerimise objektiivset ja erapooletut hindamist. GKK O\u00dc oma tegevuses k\u00e4sitleb koolitust ja personali sertifitseerimist \u00fcksteisest lahus. P\u00e4devuseksami komisjon moodustatakse&#46;&#46;&#46;<\/p>\n","protected":false},"author":1,"featured_media":0,"parent":675,"menu_order":0,"comment_status":"closed","ping_status":"closed","template":"","meta":{"footnotes":""},"class_list":["post-729","page","type-page","status-publish","hentry"],"jetpack_shortlink":"https:\/\/wp.me\/P8QdIl-bL","jetpack-related-posts":[],"jetpack_sharing_enabled":false,"_links":{"self":[{"href":"https:\/\/gkk.ee\/et\/wp-json\/wp\/v2\/pages\/729","targetHints":{"allow":["GET"]}}],"collection":[{"href":"https:\/\/gkk.ee\/et\/wp-json\/wp\/v2\/pages"}],"about":[{"href":"https:\/\/gkk.ee\/et\/wp-json\/wp\/v2\/types\/page"}],"author":[{"embeddable":true,"href":"https:\/\/gkk.ee\/et\/wp-json\/wp\/v2\/users\/1"}],"replies":[{"embeddable":true,"href":"https:\/\/gkk.ee\/et\/wp-json\/wp\/v2\/comments?post=729"}],"version-history":[{"count":7,"href":"https:\/\/gkk.ee\/et\/wp-json\/wp\/v2\/pages\/729\/revisions"}],"predecessor-version":[{"id":3548,"href":"https:\/\/gkk.ee\/et\/wp-json\/wp\/v2\/pages\/729\/revisions\/3548"}],"up":[{"embeddable":true,"href":"https:\/\/gkk.ee\/et\/wp-json\/wp\/v2\/pages\/675"}],"wp:attachment":[{"href":"https:\/\/gkk.ee\/et\/wp-json\/wp\/v2\/media?parent=729"}],"curies":[{"name":"wp","href":"https:\/\/api.w.org\/{rel}","templated":true}]}}