{"id":731,"date":"2023-08-14T22:12:45","date_gmt":"2023-08-14T19:12:45","guid":{"rendered":"http:\/\/gkk.ee\/new\/?page_id=731"},"modified":"2023-08-14T22:12:45","modified_gmt":"2023-08-14T19:12:45","slug":"sertifitseerimise-protseduurid","status":"publish","type":"page","link":"https:\/\/gkk.ee\/et\/personali-sertifitseerimine\/avalik-informatsioon-taotlejatele\/sertifitseerimise-protseduurid\/","title":{"rendered":"Sertifitseerimise protseduurid"},"content":{"rendered":"<h1 style=\"text-align: center;\"><a href=\"http:\/\/gkk.ee\/new\/?attachment_id=819\" rel=\"attachment wp-att-819\"><img data-recalc-dims=\"1\" fetchpriority=\"high\" decoding=\"async\" data-attachment-id=\"819\" data-permalink=\"https:\/\/gkk.ee\/et\/6t-taiendkoolitus\/logo-2\/\" data-orig-file=\"https:\/\/i0.wp.com\/gkk.ee\/et\/wp-content\/uploads\/2018\/01\/logo-2.jpg?fit=1310%2C169&amp;ssl=1\" data-orig-size=\"1310,169\" data-comments-opened=\"1\" data-image-meta=\"{&quot;aperture&quot;:&quot;0&quot;,&quot;credit&quot;:&quot;&quot;,&quot;camera&quot;:&quot;&quot;,&quot;caption&quot;:&quot;&quot;,&quot;created_timestamp&quot;:&quot;0&quot;,&quot;copyright&quot;:&quot;&quot;,&quot;focal_length&quot;:&quot;0&quot;,&quot;iso&quot;:&quot;0&quot;,&quot;shutter_speed&quot;:&quot;0&quot;,&quot;title&quot;:&quot;&quot;,&quot;orientation&quot;:&quot;0&quot;}\" data-image-title=\"logo 2\" data-image-description=\"\" data-image-caption=\"\" data-large-file=\"https:\/\/i0.wp.com\/gkk.ee\/et\/wp-content\/uploads\/2018\/01\/logo-2.jpg?fit=1024%2C132&amp;ssl=1\" class=\"aligncenter wp-image-819\" src=\"https:\/\/i0.wp.com\/gkk.ee\/new\/wp-content\/uploads\/2018\/01\/logo-2.jpg?resize=640%2C83\" alt=\"\" width=\"640\" height=\"83\" srcset=\"https:\/\/i0.wp.com\/gkk.ee\/et\/wp-content\/uploads\/2018\/01\/logo-2.jpg?w=1310&amp;ssl=1 1310w, https:\/\/i0.wp.com\/gkk.ee\/et\/wp-content\/uploads\/2018\/01\/logo-2.jpg?resize=300%2C39&amp;ssl=1 300w, https:\/\/i0.wp.com\/gkk.ee\/et\/wp-content\/uploads\/2018\/01\/logo-2.jpg?resize=768%2C99&amp;ssl=1 768w, https:\/\/i0.wp.com\/gkk.ee\/et\/wp-content\/uploads\/2018\/01\/logo-2.jpg?resize=1024%2C132&amp;ssl=1 1024w, https:\/\/i0.wp.com\/gkk.ee\/et\/wp-content\/uploads\/2018\/01\/logo-2.jpg?resize=100%2C13&amp;ssl=1 100w, https:\/\/i0.wp.com\/gkk.ee\/et\/wp-content\/uploads\/2018\/01\/logo-2.jpg?resize=150%2C19&amp;ssl=1 150w, https:\/\/i0.wp.com\/gkk.ee\/et\/wp-content\/uploads\/2018\/01\/logo-2.jpg?resize=200%2C26&amp;ssl=1 200w, https:\/\/i0.wp.com\/gkk.ee\/et\/wp-content\/uploads\/2018\/01\/logo-2.jpg?resize=450%2C58&amp;ssl=1 450w, https:\/\/i0.wp.com\/gkk.ee\/et\/wp-content\/uploads\/2018\/01\/logo-2.jpg?resize=600%2C77&amp;ssl=1 600w, https:\/\/i0.wp.com\/gkk.ee\/et\/wp-content\/uploads\/2018\/01\/logo-2.jpg?resize=900%2C116&amp;ssl=1 900w\" sizes=\"(max-width: 640px) 100vw, 640px\" \/><\/a><span style=\"font-size: 12pt; color: #1e7ce2; font-family: arial, helvetica, sans-serif;\"><strong>Isikute sertifitseerimise protseduurid<\/strong><\/span><\/h1>\n<table class=\" aligncenter\" style=\"background-color: #f7f7f7; width: 100%;\">\n<tbody>\n<tr>\n<td><span style=\"color: #000000;\"><strong>Isikute sertifitseerimine toimub GKK O\u00dc juhtimiss\u00fcsteemi k\u00e4siraamatus kinnitatud sertifitseerimisskeemide alusel.<\/strong><\/span><\/p>\n<p style=\"text-align: left;\"><span style=\"color: #000000;\"><strong>Protseduurid sertifitseerimiseks:<\/strong><\/span><\/p>\n<ul style=\"text-align: left;\">\n<li><span style=\"color: #000000;\">taotluse esitamine koos t\u00f5endusdokumentidega<\/span><\/li>\n<li><span style=\"color: #000000;\">taotluse t\u00e4itmise \u00f5igsuse kontrollimine ja esitatud dokumendides olemasoleva informatsiooni piisavus<\/span><\/li>\n<li><span style=\"color: #000000;\">taotlused peavad olema ilma parandusteta<\/span><\/li>\n<li><span style=\"color: #000000;\">taotlusi ei tohi parandada ka korrektuurpliiatsiga<\/span><\/li>\n<li><span style=\"color: #000000;\">taotlus peab olema allkirjastatud, dateeritud<\/span><\/li>\n<li><span style=\"color: #000000;\">peale taotluse ja dokumendide kontrollimist vastuv\u00f5tja poolt, teavitatakse p\u00e4devuseksami toimumise aeg ja koht<\/span><\/li>\n<li><span style=\"color: #000000;\">p\u00e4devuseksamile ilmumisel peab olema kaasas isikut t\u00f5endav dokument<\/span><\/li>\n<li><span style=\"color: #000000;\">p\u00e4devuseksam on kirjalik<\/span><\/li>\n<li><span style=\"color: #000000;\">taotlejale koostatakse eksamik\u00fcsimustik vastavalt taotluses esitatud ulatusele<\/span><\/li>\n<li><span style=\"color: #000000;\">p\u00e4devuseksami pikkus on 90 minutit<\/span><\/li>\n<li><span style=\"color: #000000;\">p\u00e4devuseksami tulemused fikseeritakse eksamiprotokollis<\/span><\/li>\n<li><span style=\"color: #000000;\">saavutatud tulemuste p\u00f5hjal teeb sertifitseerimisotsuse erapooletu, sertifitseerimise eest vastutav isik<\/span><\/li>\n<li><span style=\"color: #000000;\">p\u00e4devustunnistuse vormistamine<\/span><\/li>\n<li><span style=\"color: #000000;\">p\u00e4devustunnistuse k\u00e4tte saamisel allkirjastab sertifitseeritud isik p\u00e4devustunnistuse kasutamise lepingu<\/span><\/li>\n<li><span style=\"color: #000000;\">p\u00e4devuseksami tulemused tantakse statistiliste andmete registrisse hinnangu andmiseks sertifitseeritud isikute sertifitseerimise v\u00f5rdsuse anal\u00fc\u00fcsile.<\/span><\/li>\n<\/ul>\n<p style=\"text-align: left;\"><span style=\"color: #000000;\">\u00a0<strong>Isikute sertifitseerimise protseduurid elektroonilisel teel:<\/strong><\/span><\/p>\n<p style=\"text-align: left;\"><span style=\"color: #000000;\">Isikute sertifitseerimine toimub GKK O\u00dc juhtimiss\u00fcsteemi k\u00e4siraamatus kinnitatud sertifitseerimisskeemide alusel.<\/span><br \/>\n<span style=\"color: #000000;\">Protseduurid sertifitseerimiseks:<\/span><\/p>\n<ul>\n<li style=\"text-align: left;\"><span style=\"color: #000000;\">digitaalselt allkirjastatud taotluse esitamine koos t\u00f5endusdokumentidega;<\/span><\/li>\n<li style=\"text-align: left;\"><span style=\"color: #000000;\">taotluse t\u00e4itmise \u00f5igsuse ja esitatud dokumentide olemasoleva informatsiooni piisavuse kontrollimine p\u00e4devuseksami korraldaja poolt;<\/span><\/li>\n<li style=\"text-align: left;\"><span style=\"color: #000000;\">peale taotluse ja dokumentide kontrollimist, teavitatakse p\u00e4devuseksami toimumise aeg ja saadetakse taotleja e-mailile juhend ZOOM-i keskkonna paigaldamiseks;<\/span><\/li>\n<li style=\"text-align: left;\"><span style=\"color: #000000;\">p\u00e4devuseksam on suuline ja toimub individuaalselt;<\/span><\/li>\n<li style=\"text-align: left;\"><span style=\"color: #000000;\">p\u00e4devuseksamile ilmumisel taotlejal peab olema l\u00fclitatud sisse veebikaamera. Taotleja isikut t\u00f5endav dokument peab olema demonstreeritud ja loetav eksamikomisjonile. P\u00e4devuseksami komisjon kinnitab taotleja vastavust dokumendile;<\/span><\/li>\n<li style=\"text-align: left;\"><span style=\"color: #000000;\">taotlejale koostatakse eksamik\u00fcsimustik vastavalt taotluses esitatud ulatusele. Eksamikomisjoni juhataja loeb k\u00fcsimus taotlejale vastavalt koostatud eksamik\u00fcsimustikule ja annab aega vastuseks. Juhul, kui eksamik\u00fcsimustikus on k\u00fcsimused pildi kirjeldamisega, siis eksamikomisjoni juhataja demonstreerib arvutil pildi ja taotleja kirjeldab;<\/span><\/li>\n<li style=\"text-align: left;\"><span style=\"color: #000000;\">p\u00e4devuseksami kestus on 90 minutit. Igale k\u00fcsimusele vastus on mitte rohkem kui 2 minutit;<\/span><\/li>\n<li style=\"text-align: left;\"><span style=\"color: #000000;\">taotleja vastused fikseeritakse eksamik\u00fcsimustikus p\u00e4devuseksami komisjoni korraldajana ja vastus suuliselt kinnitatakse taotleja poolt;<\/span><\/li>\n<li style=\"text-align: left;\"><span style=\"color: #000000;\">p\u00e4devuseksami l\u00f5pus p\u00e4devuseksami tulemused fikseeritakse eksamiprotokollis;<\/span><\/li>\n<li style=\"text-align: left;\"><span style=\"color: #000000;\">saavutatud tulemuste p\u00f5hjal teeb sertifitseerimisotsuse erapooletu, sertifitseerimise eest vastutav isik;<\/span><\/li>\n<li style=\"text-align: left;\"><span style=\"color: #000000;\">p\u00e4devustunnistuse vormistamine;<\/span><\/li>\n<li style=\"text-align: left;\"><span style=\"color: #000000;\">p\u00e4devustunnistuse k\u00e4tte saamisel allkirjastab sertifitseeritud isik p\u00e4devustunnistuse kasutamise lepingu;<\/span><\/li>\n<li style=\"text-align: left;\"><span style=\"color: #000000;\">p\u00e4devuseksami tulemused kantakse statistiliste andmete registrisse hinnangu andmiseks sertifitseeritud isikute sertifitseerimise v\u00f5rdsuse anal\u00fc\u00fcsile<\/span>.<\/li>\n<\/ul>\n<\/td>\n<\/tr>\n<\/tbody>\n<\/table>\n","protected":false},"excerpt":{"rendered":"<p>Isikute sertifitseerimise protseduurid Isikute sertifitseerimine toimub GKK O\u00dc juhtimiss\u00fcsteemi k\u00e4siraamatus kinnitatud sertifitseerimisskeemide alusel. Protseduurid sertifitseerimiseks: taotluse esitamine koos t\u00f5endusdokumentidega taotluse t\u00e4itmise \u00f5igsuse kontrollimine ja esitatud dokumendides olemasoleva informatsiooni piisavus taotlused peavad olema ilma parandusteta&#46;&#46;&#46;<\/p>\n","protected":false},"author":1,"featured_media":0,"parent":675,"menu_order":0,"comment_status":"closed","ping_status":"closed","template":"","meta":{"footnotes":""},"class_list":["post-731","page","type-page","status-publish","hentry"],"jetpack_shortlink":"https:\/\/wp.me\/P8QdIl-bN","jetpack-related-posts":[],"jetpack_sharing_enabled":false,"_links":{"self":[{"href":"https:\/\/gkk.ee\/et\/wp-json\/wp\/v2\/pages\/731","targetHints":{"allow":["GET"]}}],"collection":[{"href":"https:\/\/gkk.ee\/et\/wp-json\/wp\/v2\/pages"}],"about":[{"href":"https:\/\/gkk.ee\/et\/wp-json\/wp\/v2\/types\/page"}],"author":[{"embeddable":true,"href":"https:\/\/gkk.ee\/et\/wp-json\/wp\/v2\/users\/1"}],"replies":[{"embeddable":true,"href":"https:\/\/gkk.ee\/et\/wp-json\/wp\/v2\/comments?post=731"}],"version-history":[{"count":14,"href":"https:\/\/gkk.ee\/et\/wp-json\/wp\/v2\/pages\/731\/revisions"}],"predecessor-version":[{"id":17266,"href":"https:\/\/gkk.ee\/et\/wp-json\/wp\/v2\/pages\/731\/revisions\/17266"}],"up":[{"embeddable":true,"href":"https:\/\/gkk.ee\/et\/wp-json\/wp\/v2\/pages\/675"}],"wp:attachment":[{"href":"https:\/\/gkk.ee\/et\/wp-json\/wp\/v2\/media?parent=731"}],"curies":[{"name":"wp","href":"https:\/\/api.w.org\/{rel}","templated":true}]}}