{"id":733,"date":"2023-08-14T22:12:45","date_gmt":"2023-08-14T19:12:45","guid":{"rendered":"http:\/\/gkk.ee\/new\/?page_id=733"},"modified":"2023-08-14T22:12:45","modified_gmt":"2023-08-14T19:12:45","slug":"resertifitseerimise-protseduurid","status":"publish","type":"page","link":"https:\/\/gkk.ee\/et\/personali-sertifitseerimine\/avalik-informatsioon-taotlejatele\/resertifitseerimise-protseduurid\/","title":{"rendered":"Resertifitseerimise protseduurid"},"content":{"rendered":"<p><a href=\"http:\/\/gkk.ee\/new\/?attachment_id=819\" rel=\"attachment wp-att-819\"><img data-recalc-dims=\"1\" fetchpriority=\"high\" decoding=\"async\" data-attachment-id=\"819\" data-permalink=\"https:\/\/gkk.ee\/et\/6t-taiendkoolitus\/logo-2\/\" data-orig-file=\"https:\/\/i0.wp.com\/gkk.ee\/et\/wp-content\/uploads\/2018\/01\/logo-2.jpg?fit=1310%2C169&amp;ssl=1\" data-orig-size=\"1310,169\" data-comments-opened=\"1\" data-image-meta=\"{&quot;aperture&quot;:&quot;0&quot;,&quot;credit&quot;:&quot;&quot;,&quot;camera&quot;:&quot;&quot;,&quot;caption&quot;:&quot;&quot;,&quot;created_timestamp&quot;:&quot;0&quot;,&quot;copyright&quot;:&quot;&quot;,&quot;focal_length&quot;:&quot;0&quot;,&quot;iso&quot;:&quot;0&quot;,&quot;shutter_speed&quot;:&quot;0&quot;,&quot;title&quot;:&quot;&quot;,&quot;orientation&quot;:&quot;0&quot;}\" data-image-title=\"logo 2\" data-image-description=\"\" data-image-caption=\"\" data-medium-file=\"https:\/\/i0.wp.com\/gkk.ee\/et\/wp-content\/uploads\/2018\/01\/logo-2.jpg?fit=300%2C39&amp;ssl=1\" data-large-file=\"https:\/\/i0.wp.com\/gkk.ee\/et\/wp-content\/uploads\/2018\/01\/logo-2.jpg?fit=1024%2C132&amp;ssl=1\" class=\"aligncenter wp-image-819\" src=\"https:\/\/i0.wp.com\/gkk.ee\/new\/wp-content\/uploads\/2018\/01\/logo-2.jpg?resize=640%2C83\" alt=\"\" width=\"640\" height=\"83\" srcset=\"https:\/\/i0.wp.com\/gkk.ee\/et\/wp-content\/uploads\/2018\/01\/logo-2.jpg?w=1310&amp;ssl=1 1310w, https:\/\/i0.wp.com\/gkk.ee\/et\/wp-content\/uploads\/2018\/01\/logo-2.jpg?resize=300%2C39&amp;ssl=1 300w, https:\/\/i0.wp.com\/gkk.ee\/et\/wp-content\/uploads\/2018\/01\/logo-2.jpg?resize=768%2C99&amp;ssl=1 768w, https:\/\/i0.wp.com\/gkk.ee\/et\/wp-content\/uploads\/2018\/01\/logo-2.jpg?resize=1024%2C132&amp;ssl=1 1024w, https:\/\/i0.wp.com\/gkk.ee\/et\/wp-content\/uploads\/2018\/01\/logo-2.jpg?resize=100%2C13&amp;ssl=1 100w, https:\/\/i0.wp.com\/gkk.ee\/et\/wp-content\/uploads\/2018\/01\/logo-2.jpg?resize=150%2C19&amp;ssl=1 150w, https:\/\/i0.wp.com\/gkk.ee\/et\/wp-content\/uploads\/2018\/01\/logo-2.jpg?resize=200%2C26&amp;ssl=1 200w, https:\/\/i0.wp.com\/gkk.ee\/et\/wp-content\/uploads\/2018\/01\/logo-2.jpg?resize=450%2C58&amp;ssl=1 450w, https:\/\/i0.wp.com\/gkk.ee\/et\/wp-content\/uploads\/2018\/01\/logo-2.jpg?resize=600%2C77&amp;ssl=1 600w, https:\/\/i0.wp.com\/gkk.ee\/et\/wp-content\/uploads\/2018\/01\/logo-2.jpg?resize=900%2C116&amp;ssl=1 900w\" sizes=\"(max-width: 640px) 100vw, 640px\" \/><\/a><\/p>\n<p style=\"text-align: center;\"><span style=\"font-size: 12pt; color: #1e7ce2;\"><strong>Resertifitseerimise protseduurid<\/strong><\/span><\/p>\n<table class=\" aligncenter\" style=\"background-color: #f7f7f7; width:100%\">\n<tbody>\n<tr>\n<td><span style=\"color: #000000;\"><strong>P\u00e4devustunnistuse kehtivuse l\u00f5ppedes on sertifitseeritud isikul \u00f5igus t\u00f5endada oma j\u00e4tkuvat kompetentsus.<\/strong><\/span><\/p>\n<p><span style=\"color: #000000;\">Resertifitseerimist taotlev sertifitseeritud isik esitab enne sertifitseeringu t\u00e4htaja m\u00f6\u00f6dumist vastavasisulise taotluse.<\/span><\/p>\n<p><span style=\"color: #000000;\">Taotlus resertifitseerimiseks sisaldab:<\/span><\/p>\n<ul>\n<li><span style=\"color: #000000;\">ees &#8211; ja perekonnanimi<\/span><\/li>\n<li><span style=\"color: #000000;\">isikukood v\u00f5i s\u00fcnniaeg<\/span><\/li>\n<li><span style=\"color: #000000;\">elukoha aadress, telefoni number ja muud kontaktandmed<\/span><\/li>\n<li><span style=\"color: #000000;\">millist resertifitseerimist taotletakse<\/span><\/li>\n<li><span style=\"color: #000000;\">eelneva p\u00e4devustunnistuse number ja v\u00e4ljastamise kuup\u00e4ev<\/span><\/li>\n<\/ul>\n<p><span style=\"color: #000000;\">Taotlusele lisatakse:<\/span><\/p>\n<ul>\n<li><span style=\"color: #000000;\">eelnev p\u00e4devustunnistus<\/span><\/li>\n<li><span style=\"color: #000000;\">t\u00e4iendkoolituse tunnistuse \u00e4rakiri<\/span><\/li>\n<li><span style=\"color: #000000;\">kompetentsust t\u00f5endavad dokumendid<\/span><\/li>\n<\/ul>\n<p><span style=\"color: #000000;\">Sertifitseeritud isiku p\u00e4devuse resertifitseerimiseks ja t\u00f5endamiseks peab taotleja sooritama uue p\u00e4devuseksami:<\/span><\/p>\n<ul>\n<li><span style=\"color: #000000;\">t\u00e4ies mahus, nagu esmakordsel sertifitseerimisel<\/span><\/li>\n<\/ul>\n<p><span style=\"color: #000000;\">V\u00e4hendatud mahus, mille eeltingimuseks on:<\/span><\/p>\n<ul>\n<li><span style=\"color: #000000;\">p\u00e4devustunnistusel m\u00e4rgitud p\u00e4devuse ulatus ei laiene;<\/span><\/li>\n<li><span style=\"color: #000000;\">l\u00e4bitud t\u00e4iendkoolitus eelneva 3 aasta jooksul 6 tundi (kasutamise j\u00e4relevaataja) ja 12 akadeemilist tundi (t\u00f6\u00f6d tegev isik);<\/span><\/li>\n<li><span style=\"color: #000000;\">t\u00f5endusdokumendid sertifitseeritud valdkonna erialase koolituse kohta;<\/span><\/li>\n<li><span style=\"color: #000000;\">kui sertifitseeritud isik resertifitseerib oma p\u00e4devust teist v\u00f5i kolmandat korda;<\/span><\/li>\n<li><span style=\"color: #000000;\">v\u00e4hemalt 10 aastane t\u00f6\u00f6staaz taotleva p\u00e4devuse osas;<\/span><\/li>\n<li><span style=\"color: #000000;\">osalemine t\u00e4iendkoolitusel lektorina.<\/span><\/li>\n<\/ul>\n<p><span style=\"color: #000000;\">P\u00e4devuseksami edukal sooritamisel tehakse erapooletu sertifitseerimise eest vastutava isiku poolt resertifitseerimise otsus \u00a0ja vormistatakse resertifitseerimine uuel p\u00e4devustunnistuse blanketil uue numbriga.<\/span><\/p>\n<p><span style=\"color: #000000;\">P\u00e4devustunnistusele m\u00e4rgitakse, et tegemist on uue resertifitseeringuga.<\/span><\/p>\n<p><span style=\"color: #000000;\">S\u00f5lmitakse uus p\u00e4devustunnistuse kasutamise leping<\/span><\/p>\n<p><span style=\"color: #000000;\">Kehtivusaja \u00fcletanud sertifitseeringut ei resertifitseerita. Uue sertifitseeringu saamiseks tuleb l\u00e4bida p\u00e4devuseksam \u00fcldistel alustel vastavalt sertifitseerimisskeemile.<\/span><\/td>\n<\/tr>\n<\/tbody>\n<\/table>\n","protected":false},"excerpt":{"rendered":"<p>Resertifitseerimise protseduurid P\u00e4devustunnistuse kehtivuse l\u00f5ppedes on sertifitseeritud isikul \u00f5igus t\u00f5endada oma j\u00e4tkuvat kompetentsus. Resertifitseerimist taotlev sertifitseeritud isik esitab enne sertifitseeringu t\u00e4htaja m\u00f6\u00f6dumist vastavasisulise taotluse. Taotlus resertifitseerimiseks sisaldab: ees &#8211; ja perekonnanimi isikukood v\u00f5i s\u00fcnniaeg&#46;&#46;&#46;<\/p>\n","protected":false},"author":1,"featured_media":0,"parent":675,"menu_order":0,"comment_status":"closed","ping_status":"closed","template":"","meta":{"footnotes":""},"class_list":["post-733","page","type-page","status-publish","hentry"],"jetpack_shortlink":"https:\/\/wp.me\/P8QdIl-bP","jetpack-related-posts":[],"jetpack_sharing_enabled":false,"_links":{"self":[{"href":"https:\/\/gkk.ee\/et\/wp-json\/wp\/v2\/pages\/733","targetHints":{"allow":["GET"]}}],"collection":[{"href":"https:\/\/gkk.ee\/et\/wp-json\/wp\/v2\/pages"}],"about":[{"href":"https:\/\/gkk.ee\/et\/wp-json\/wp\/v2\/types\/page"}],"author":[{"embeddable":true,"href":"https:\/\/gkk.ee\/et\/wp-json\/wp\/v2\/users\/1"}],"replies":[{"embeddable":true,"href":"https:\/\/gkk.ee\/et\/wp-json\/wp\/v2\/comments?post=733"}],"version-history":[{"count":12,"href":"https:\/\/gkk.ee\/et\/wp-json\/wp\/v2\/pages\/733\/revisions"}],"predecessor-version":[{"id":3546,"href":"https:\/\/gkk.ee\/et\/wp-json\/wp\/v2\/pages\/733\/revisions\/3546"}],"up":[{"embeddable":true,"href":"https:\/\/gkk.ee\/et\/wp-json\/wp\/v2\/pages\/675"}],"wp:attachment":[{"href":"https:\/\/gkk.ee\/et\/wp-json\/wp\/v2\/media?parent=733"}],"curies":[{"name":"wp","href":"https:\/\/api.w.org\/{rel}","templated":true}]}}