{"id":735,"date":"2023-08-14T22:12:45","date_gmt":"2023-08-14T19:12:45","guid":{"rendered":"http:\/\/gkk.ee\/new\/?page_id=735"},"modified":"2025-10-22T13:36:52","modified_gmt":"2025-10-22T10:36:52","slug":"taotleja-kandidaadi-voi-sertifitseeritud-isiku-padevuseksami-kord","status":"publish","type":"page","link":"https:\/\/gkk.ee\/et\/personali-sertifitseerimine\/avalik-informatsioon-taotlejatele\/taotleja-kandidaadi-voi-sertifitseeritud-isiku-padevuseksami-kord\/","title":{"rendered":"Taotleja, kandidaadi v\u00f5i sertifitseeritud isiku p\u00e4devuseksami kord"},"content":{"rendered":"<p><a href=\"http:\/\/gkk.ee\/new\/?attachment_id=819\" rel=\"attachment wp-att-819\"><img data-recalc-dims=\"1\" fetchpriority=\"high\" decoding=\"async\" data-attachment-id=\"819\" data-permalink=\"https:\/\/gkk.ee\/et\/6t-taiendkoolitus\/logo-2\/\" data-orig-file=\"https:\/\/i0.wp.com\/gkk.ee\/et\/wp-content\/uploads\/2018\/01\/logo-2.jpg?fit=1310%2C169&amp;ssl=1\" data-orig-size=\"1310,169\" data-comments-opened=\"1\" data-image-meta=\"{&quot;aperture&quot;:&quot;0&quot;,&quot;credit&quot;:&quot;&quot;,&quot;camera&quot;:&quot;&quot;,&quot;caption&quot;:&quot;&quot;,&quot;created_timestamp&quot;:&quot;0&quot;,&quot;copyright&quot;:&quot;&quot;,&quot;focal_length&quot;:&quot;0&quot;,&quot;iso&quot;:&quot;0&quot;,&quot;shutter_speed&quot;:&quot;0&quot;,&quot;title&quot;:&quot;&quot;,&quot;orientation&quot;:&quot;0&quot;}\" data-image-title=\"logo 2\" data-image-description=\"\" data-image-caption=\"\" data-large-file=\"https:\/\/i0.wp.com\/gkk.ee\/et\/wp-content\/uploads\/2018\/01\/logo-2.jpg?fit=1024%2C132&amp;ssl=1\" class=\"aligncenter wp-image-819\" src=\"https:\/\/i0.wp.com\/gkk.ee\/new\/wp-content\/uploads\/2018\/01\/logo-2.jpg?resize=640%2C83\" alt=\"\" width=\"640\" height=\"83\" srcset=\"https:\/\/i0.wp.com\/gkk.ee\/et\/wp-content\/uploads\/2018\/01\/logo-2.jpg?w=1310&amp;ssl=1 1310w, https:\/\/i0.wp.com\/gkk.ee\/et\/wp-content\/uploads\/2018\/01\/logo-2.jpg?resize=300%2C39&amp;ssl=1 300w, https:\/\/i0.wp.com\/gkk.ee\/et\/wp-content\/uploads\/2018\/01\/logo-2.jpg?resize=768%2C99&amp;ssl=1 768w, https:\/\/i0.wp.com\/gkk.ee\/et\/wp-content\/uploads\/2018\/01\/logo-2.jpg?resize=1024%2C132&amp;ssl=1 1024w, https:\/\/i0.wp.com\/gkk.ee\/et\/wp-content\/uploads\/2018\/01\/logo-2.jpg?resize=100%2C13&amp;ssl=1 100w, https:\/\/i0.wp.com\/gkk.ee\/et\/wp-content\/uploads\/2018\/01\/logo-2.jpg?resize=150%2C19&amp;ssl=1 150w, https:\/\/i0.wp.com\/gkk.ee\/et\/wp-content\/uploads\/2018\/01\/logo-2.jpg?resize=200%2C26&amp;ssl=1 200w, https:\/\/i0.wp.com\/gkk.ee\/et\/wp-content\/uploads\/2018\/01\/logo-2.jpg?resize=450%2C58&amp;ssl=1 450w, https:\/\/i0.wp.com\/gkk.ee\/et\/wp-content\/uploads\/2018\/01\/logo-2.jpg?resize=600%2C77&amp;ssl=1 600w, https:\/\/i0.wp.com\/gkk.ee\/et\/wp-content\/uploads\/2018\/01\/logo-2.jpg?resize=900%2C116&amp;ssl=1 900w\" sizes=\"(max-width: 640px) 100vw, 640px\" \/><\/a><\/p>\n<p style=\"text-align: center;\"><span style=\"color: #1e7ce2;\"><strong>P\u00e4devuseksami l\u00e4biviimise kord<\/strong><\/span><\/p>\n<table class=\" aligncenter\" style=\"background-color: #f7f7f7; width: 100%;\">\n<tbody>\n<tr>\n<td>\n<p style=\"text-align: left;\"><span style=\"color: #000000;\">P\u00e4devuseksamile lubatakse isikud, kes on eelnevalt registreeritud.<\/span><\/p>\n<p style=\"text-align: left;\"><span style=\"color: #000000;\">P\u00e4devueksam on kirjalik<\/span><\/p>\n<p style=\"text-align: left;\"><span style=\"color: #000000;\">P\u00e4devuseksami kestus on 90 minutit<\/span><\/p>\n<p style=\"text-align: left;\"><span style=\"color: #000000;\">Taotleja vastused p\u00e4devuseksami k\u00fcsimustele peavad olema ilma l\u00fchendita ja loetava k\u00e4ekirjaga. Ei tohi olla parandatud korrektuurv\u00e4rviga<\/span><\/p>\n<p style=\"text-align: left;\"><span style=\"color: #000000;\">P\u00e4devusksam loetakse sooritatuks, kui eksamineeritav on saanud v\u00e4hemalt 75% maksimumpunktidest iga eksamipileti kohta eraldi<\/span><\/p>\n<p style=\"text-align: left;\"><span style=\"color: #000000;\">P\u00e4devuseksami tulemused selgitab v\u00e4lja eksamikomisjon mille kohta vormistatakse protokoll, mille j\u00e4rel teeb sertifitseerimise eest vastutav isik otsuse p\u00e4devustunnistuse v\u00e4ljastamiseks<\/span><\/p>\n<p style=\"text-align: left;\"><span style=\"color: #000000;\">P\u00e4devuseksami ajal ei ole eksamineeritaval lubatud:<\/span><\/p>\n<ul style=\"text-align: left;\">\n<li><span style=\"color: #000000;\">kasutada infomaterjali<\/span><\/li>\n<li><span style=\"color: #000000;\">kasutada mobiiltelefoni<\/span><\/li>\n<li><span style=\"color: #000000;\">vestelda teiste eksamineeritavatega<\/span><\/li>\n<li><span style=\"color: #000000;\">segada p\u00e4devuseksamit ja eksamikomisjoni h\u00e4iriva k\u00e4itumisega<\/span><\/li>\n<\/ul>\n<p style=\"text-align: left;\"><span style=\"color: #000000;\">Eksamikomisjoni juhataja ettepanekul on \u00f5igus eksamikomisjonil k\u00f5rvaldada taotleja eksamilt, kui ta on rikkunud eksami protseduuri. Eksamilt k\u00f5rvaldamisel loetakse eksam mitte sooritatuks.<\/span><\/p>\n<p style=\"text-align: left;\"><span style=\"color: #000000;\">Kui taotleja ei sooritatud eksamit siis peab taotleja j\u00e4releksami sooritamiseks ootama v\u00e4hemalt kaks n\u00e4dalat, mille kohta saadetakse taotlejale kirjalik v\u00e4ljav\u00f5te vastavushindamise otsusest<\/span><\/p>\n<p>&nbsp;<\/p>\n<p><strong><span style=\"color: #3366ff;\">Elektroonilisel teel p\u00e4devuseksami l\u00e4biviimise kord<\/span> <\/strong><\/p>\n<p style=\"text-align: left;\"><span style=\"color: #000000;\">1. P\u00e4devuseksamile lubatakse isikud, kes on eelnevalt registreeritud eksamile, taotlused ja t\u00f5endusdokumendid on esitatud ja digitaalselt allkirjastatud.<\/span><br \/>\n<span style=\"color: #000000;\">2. P\u00e4devuseksam on suuline.<\/span><br \/>\n<span style=\"color: #000000;\">3. P\u00e4devuseksami kestus on 90 minutit. Igale k\u00fcsimusele vastus on mitte rohkem kui 2 minutit<\/span><br \/>\n<span style=\"color: #000000;\">4. Taotleja vastused p\u00e4devuseksami k\u00fcsimustele peavad olema t\u00e4psed, konkreetsed ja selge k\u00f5nega.<\/span><br \/>\n<span style=\"color: #000000;\">5. Taotlejal on \u00f5igus l\u00fckata edasi p\u00e4devuseksami k\u00fcsimusi ja hiljem tulla tagasi l\u00fckatud k\u00fcsimuste juurde.<\/span><br \/>\n<span style=\"color: #000000;\">P\u00e4devusksam loetakse sooritatuks, kui eksamineeritav on saanud v\u00e4hemalt 75% maksimumpunktidest iga eksamipileti kohta eraldi.<\/span><br \/>\n<span style=\"color: #000000;\">7. P\u00e4devuseksami tulemused selgitab v\u00e4lja eksamikomisjon mille kohta vormistatakse protokoll, mille j\u00e4rel teeb sertifitseerimise eest vastutav isik otsuse p\u00e4devustunnistuse v\u00e4ljastamiseks.<\/span><br \/>\n<span style=\"color: #000000;\">8. P\u00e4devuseksami ajal ei ole lubatud:<\/span><br \/>\n<span style=\"color: #000000;\">\u2022 kasutada infomaterjali<\/span><br \/>\n<span style=\"color: #000000;\">\u2022 kasutada mobiiltelefoni<\/span><br \/>\n<span style=\"color: #000000;\">\u2022 vestelda teiste inimestega<\/span><br \/>\n<span style=\"color: #000000;\">9. Eksamikomisjoni juhataja ettepanekul on \u00f5igus eksamikomisjonil l\u00f5petada eksamit, kui ta on rikkunud eksami protseduuri. Eksamilt k\u00f5rvaldamisel loetakse eksam mitte sooritatuks.<\/span><br \/>\n<span style=\"color: #000000;\">10. Kui taotleja ei sooritatud eksamit siis peab taotleja j\u00e4releksami sooritamiseks ootama v\u00e4hemalt kaks n\u00e4dalat, mille kohta saadetakse taotlejale kirjalik v\u00e4ljav\u00f5te vastavushindamise otsusest.<\/span><\/p>\n<\/td>\n<\/tr>\n<\/tbody>\n<\/table>\n","protected":false},"excerpt":{"rendered":"<p>P\u00e4devuseksami l\u00e4biviimise kord P\u00e4devuseksamile lubatakse isikud, kes on eelnevalt registreeritud. P\u00e4devueksam on kirjalik P\u00e4devuseksami kestus on 90 minutit Taotleja vastused p\u00e4devuseksami k\u00fcsimustele peavad olema ilma l\u00fchendita ja loetava k\u00e4ekirjaga. Ei tohi olla parandatud korrektuurv\u00e4rviga&#46;&#46;&#46;<\/p>\n","protected":false},"author":1,"featured_media":0,"parent":675,"menu_order":0,"comment_status":"closed","ping_status":"closed","template":"","meta":{"footnotes":""},"class_list":["post-735","page","type-page","status-publish","hentry"],"jetpack_shortlink":"https:\/\/wp.me\/P8QdIl-bR","jetpack-related-posts":[],"jetpack_sharing_enabled":false,"_links":{"self":[{"href":"https:\/\/gkk.ee\/et\/wp-json\/wp\/v2\/pages\/735","targetHints":{"allow":["GET"]}}],"collection":[{"href":"https:\/\/gkk.ee\/et\/wp-json\/wp\/v2\/pages"}],"about":[{"href":"https:\/\/gkk.ee\/et\/wp-json\/wp\/v2\/types\/page"}],"author":[{"embeddable":true,"href":"https:\/\/gkk.ee\/et\/wp-json\/wp\/v2\/users\/1"}],"replies":[{"embeddable":true,"href":"https:\/\/gkk.ee\/et\/wp-json\/wp\/v2\/comments?post=735"}],"version-history":[{"count":17,"href":"https:\/\/gkk.ee\/et\/wp-json\/wp\/v2\/pages\/735\/revisions"}],"predecessor-version":[{"id":19608,"href":"https:\/\/gkk.ee\/et\/wp-json\/wp\/v2\/pages\/735\/revisions\/19608"}],"up":[{"embeddable":true,"href":"https:\/\/gkk.ee\/et\/wp-json\/wp\/v2\/pages\/675"}],"wp:attachment":[{"href":"https:\/\/gkk.ee\/et\/wp-json\/wp\/v2\/media?parent=735"}],"curies":[{"name":"wp","href":"https:\/\/api.w.org\/{rel}","templated":true}]}}