{"id":737,"date":"2023-08-14T22:12:45","date_gmt":"2023-08-14T19:12:45","guid":{"rendered":"http:\/\/gkk.ee\/new\/?page_id=737"},"modified":"2023-08-14T22:12:45","modified_gmt":"2023-08-14T19:12:45","slug":"sertifitseerimise-lepingu-kasutamise-kord","status":"publish","type":"page","link":"https:\/\/gkk.ee\/et\/personali-sertifitseerimine\/avalik-informatsioon-taotlejatele\/sertifitseerimise-lepingu-kasutamise-kord\/","title":{"rendered":"Sertifitseerimise lepingu kasutamise kord"},"content":{"rendered":"<p><a href=\"http:\/\/gkk.ee\/new\/?attachment_id=819\" rel=\"attachment wp-att-819\"><img data-recalc-dims=\"1\" fetchpriority=\"high\" decoding=\"async\" data-attachment-id=\"819\" data-permalink=\"https:\/\/gkk.ee\/et\/6t-taiendkoolitus\/logo-2\/\" data-orig-file=\"https:\/\/i0.wp.com\/gkk.ee\/et\/wp-content\/uploads\/2018\/01\/logo-2.jpg?fit=1310%2C169&amp;ssl=1\" data-orig-size=\"1310,169\" data-comments-opened=\"1\" data-image-meta=\"{&quot;aperture&quot;:&quot;0&quot;,&quot;credit&quot;:&quot;&quot;,&quot;camera&quot;:&quot;&quot;,&quot;caption&quot;:&quot;&quot;,&quot;created_timestamp&quot;:&quot;0&quot;,&quot;copyright&quot;:&quot;&quot;,&quot;focal_length&quot;:&quot;0&quot;,&quot;iso&quot;:&quot;0&quot;,&quot;shutter_speed&quot;:&quot;0&quot;,&quot;title&quot;:&quot;&quot;,&quot;orientation&quot;:&quot;0&quot;}\" data-image-title=\"logo 2\" data-image-description=\"\" data-image-caption=\"\" data-medium-file=\"https:\/\/i0.wp.com\/gkk.ee\/et\/wp-content\/uploads\/2018\/01\/logo-2.jpg?fit=300%2C39&amp;ssl=1\" data-large-file=\"https:\/\/i0.wp.com\/gkk.ee\/et\/wp-content\/uploads\/2018\/01\/logo-2.jpg?fit=1024%2C132&amp;ssl=1\" class=\"aligncenter wp-image-819\" src=\"https:\/\/i0.wp.com\/gkk.ee\/new\/wp-content\/uploads\/2018\/01\/logo-2.jpg?resize=640%2C83\" alt=\"\" width=\"640\" height=\"83\" srcset=\"https:\/\/i0.wp.com\/gkk.ee\/et\/wp-content\/uploads\/2018\/01\/logo-2.jpg?w=1310&amp;ssl=1 1310w, https:\/\/i0.wp.com\/gkk.ee\/et\/wp-content\/uploads\/2018\/01\/logo-2.jpg?resize=300%2C39&amp;ssl=1 300w, https:\/\/i0.wp.com\/gkk.ee\/et\/wp-content\/uploads\/2018\/01\/logo-2.jpg?resize=768%2C99&amp;ssl=1 768w, https:\/\/i0.wp.com\/gkk.ee\/et\/wp-content\/uploads\/2018\/01\/logo-2.jpg?resize=1024%2C132&amp;ssl=1 1024w, https:\/\/i0.wp.com\/gkk.ee\/et\/wp-content\/uploads\/2018\/01\/logo-2.jpg?resize=100%2C13&amp;ssl=1 100w, https:\/\/i0.wp.com\/gkk.ee\/et\/wp-content\/uploads\/2018\/01\/logo-2.jpg?resize=150%2C19&amp;ssl=1 150w, https:\/\/i0.wp.com\/gkk.ee\/et\/wp-content\/uploads\/2018\/01\/logo-2.jpg?resize=200%2C26&amp;ssl=1 200w, https:\/\/i0.wp.com\/gkk.ee\/et\/wp-content\/uploads\/2018\/01\/logo-2.jpg?resize=450%2C58&amp;ssl=1 450w, https:\/\/i0.wp.com\/gkk.ee\/et\/wp-content\/uploads\/2018\/01\/logo-2.jpg?resize=600%2C77&amp;ssl=1 600w, https:\/\/i0.wp.com\/gkk.ee\/et\/wp-content\/uploads\/2018\/01\/logo-2.jpg?resize=900%2C116&amp;ssl=1 900w\" sizes=\"(max-width: 640px) 100vw, 640px\" \/><\/a><\/p>\n<p style=\"text-align: center;\"><span style=\"color: #3366ff;\"><strong>Lepingute s\u00f5lmimise t\u00fc\u00fcptingimused sertifitseerimise osas<\/strong><\/span><\/p>\n<table class=\" aligncenter\" style=\"background-color: #f7f7f7; width: 100%;\">\n<tbody>\n<tr>\n<td>\n<p style=\"text-align: left;\"><span style=\"color: #000000;\"><strong>K\u00e4esolevad sertifitseerimistingimuste lepingu t\u00fc\u00fcptingimused (edaspidi t\u00fc\u00fcptingimused) s\u00e4testavad GKK O\u00dc ja sertifitseeritud isiku \u00f5igused ja kohustused ning sertifitseeringu\u00a0<\/strong><\/span><span style=\"color: #000000;\"><strong>\u00fcldn\u00f5udeid.<\/strong><\/span><\/p>\n<p style=\"text-align: left;\"><span style=\"color: #000000;\"><strong>1. \u00dcLDS\u00c4TTED JA M\u00d5ISTED<\/strong><\/span><br \/>\n<span style=\"color: #000000;\">1.1 Leping &#8211; Kliendi poolt esitatud taotlus koos antud lepingu t\u00fc\u00fcptingimustega.<\/span><br \/>\n<span style=\"color: #000000;\"> 1.2 P\u00e4devustunnistus- dokument isiku p\u00e4devuse t\u00f5endamiseks.<\/span><br \/>\n<span style=\"color: #000000;\"> 1.3 Gaasikasutuskoolituse O\u00dc (edaspidi GKK O\u00dc)- sertifitseerimisasutus, kes t\u00f5endab kliendi kompetentsust tema poolt soovitud tegevusala(de)l.<\/span><br \/>\n<span style=\"color: #000000;\"> 1.4 Sertifitseeritud isik- kes omab GKK O\u00dc poolt v\u00e4ljastatud p\u00e4devustunnistust.<\/span><br \/>\n<span style=\"color: #000000;\"> 1.5 Pooled\u2013 sertifitseeritud isik ja GKK O\u00dc.<\/span><br \/>\n<span style=\"color: #000000;\"> 1.6 Klient \u2013 juriidiline v\u00f5i f\u00fc\u00fcsiline isik, kes taotleb GKK O\u00dc p\u00e4devustunnistust.<\/span><\/p>\n<p style=\"text-align: left;\"><span style=\"color: #000000;\"><strong>2. SERTIFITSEERITUD ISIKU KOHUSTUSED JA \u00d5IGUSED<\/strong><\/span><br \/>\n<span style=\"color: #000000;\">2.1. Sertifitseeritud isik kohustub:<\/span><br \/>\n<span style=\"color: #000000;\"> a). Juhinduma Eesti Vabariigi \u00f5igusaktidest ja t\u00e4itma k\u00f5iki k\u00e4esoleva Lepingu s\u00e4tteid.<\/span><br \/>\n<span style=\"color: #000000;\"> b) T\u00e4itma alati sertifitseerimisn\u00f5udeid ja n\u00f5uete muudatusi, kui teda on sellest teavitatud ning esitama sertifitseerimiseks vajaliku dokumentatsiooni.<\/span><br \/>\n<span style=\"color: #000000;\"> c) Mitte kasutama sertifitseeringut viisil, mis v\u00f5iks kahjustada GKK O\u00dc ning ei tee sertifitseerimise kohta avaldusi, mida GKK O\u00dc v\u00f5ib pidada eksitavateks v\u00f5i \u00f5igustamatuteks.<\/span><br \/>\n<span style=\"color: #000000;\"> d) L\u00f5petama mistahes tegevused ja viited GKK O\u00dc-le v\u00f5i sertifitseeringule, kui sertifitseering on peatatud v\u00f5i t\u00fchistatud ning tagastab k\u00f5ik GKK O\u00dc poolt v\u00e4lja antud p\u00e4devustunnistused.<\/span><br \/>\n<span style=\"color: #000000;\"> e) Viitama p\u00e4devustunnistusele ainult selles toodud ulatuses.<\/span><br \/>\n<span style=\"color: #000000;\"> f) Mitte kasutama p\u00e4devustunnistust eksitaval viisil.<\/span><br \/>\n<span style=\"color: #000000;\"> g) Viivitamatult informeerima GKK O\u00dc asjaoludest, mis m\u00f5jutavad tema j\u00e4tkuvat v\u00f5imet t\u00e4ita sertifitseerimisn\u00f5udeid.<\/span><br \/>\n<span style=\"color: #000000;\"> h) Tasuma GKK O\u00dc teenus(t)e eest vastavalt lepingu p 7 toodule.<\/span><br \/>\n<span style=\"color: #000000;\"> i)Viivitamatult informeerima GKK O\u00dc muudatustest oma v\u00f5imekusest t\u00e4ita sertifitseerimisn\u00f5uetele vastavust. Sertifitseeritud isikul on \u00f5igus taodelda resertifitseerimist kolme kuu jooksul peale<\/span><br \/>\n<span style=\"color: #000000;\"> p\u00e4devustunnistuse kehtivuse l\u00f5ppu.<\/span><\/p>\n<p style=\"text-align: left;\"><span style=\"color: #000000;\"><strong>3. GKK O\u00dc KOHUSTUSED JA \u00d5IGUSED<\/strong><\/span><br \/>\n<span style=\"color: #000000;\">3.1. Sertifitseerija kohustub:<\/span><br \/>\n<span style=\"color: #000000;\"> a) Viibima eksamineerimisprotsessi juures ning tuvastama Kliendi isiku.<\/span><br \/>\n<span style=\"color: #000000;\"> b) Teatama Kliendile sertifitseerimisprotsessi tulemusest 3 kalendrip\u00e4eva jooksul peale selle toimumist.<\/span><br \/>\n<span style=\"color: #000000;\"> c) Informeerima Klienti sertifitseeringuga seotud muudatustest.<\/span><br \/>\n<span style=\"color: #000000;\"> d) Mitte levitama ega avaldama andmekaitseseadusega kaitstud isiklikke andmeid Sertifitseeritud isiku kohta.<\/span><br \/>\n<span style=\"color: #000000;\"> 3.2. GKK O\u00dc-l on \u00f5igus:<\/span><br \/>\n<span style=\"color: #000000;\"> a) Teostada kontrolli Sertifitseeritud isiku j\u00e4tkuva n\u00f5uetele vastavuse \u00fcle. Selline kontroll v\u00f5ib h\u00f5lmata Sertifitseeritud isiku kohta esitatud t\u00f6\u00f6alaste kaebuste l\u00e4bivaatamist ja erialasel<\/span><br \/>\n<span style=\"color: #000000;\"> t\u00e4iendkoolitusel osalemise hindamist.<\/span><br \/>\n<span style=\"color: #000000;\"> b) Avalikustada informatsiooni p\u00e4devustunnistuse kehtivuse seisundi, v\u00e4lja andmise ja kehtivuse, p\u00e4devustunnistusele kantud isiku nime ja p\u00e4devusulatuse kohta.<\/span><br \/>\n<span style=\"color: #000000;\"> c) Kaasata eksamile vaatlejaid.<\/span><br \/>\n<span style=\"color: #000000;\"> d) P\u00e4devustunnistus peatada, kui sertifitseeritud isik:<\/span><br \/>\n<span style=\"color: #000000;\"> 1) ei t\u00e4ida sertifitseerimislepingu n\u00f5udeid;<\/span><br \/>\n<span style=\"color: #000000;\"> 2) ei vasta p\u00e4devustunnistuse kasutamise tingimustele.<\/span><br \/>\n<span style=\"color: #000000;\"> 3) on teadlikult levitanud valeinformatsiooni.<\/span><br \/>\n<span style=\"color: #000000;\"> e) P\u00e4devustunnistus t\u00fchistada, kui:<\/span><br \/>\n<span style=\"color: #000000;\"> 1) sertifitseeritud isik pole m\u00e4\u00e4ratud aja jooksul t\u00e4itnud lepingus toodud n\u00f5udeid;<\/span><br \/>\n<span style=\"color: #000000;\"> 2) tuvastatakse, et p\u00e4devustunnistus(ed) saadi seoses pettuse, v\u00f5ltsingu v\u00f5i eba\u00f5igete andmete esitamisega.<\/span><br \/>\n<span style=\"color: #000000;\"> 3) Tarbijakaitse ja Tehnilise J\u00e4relevalve Ametilt on laekunud kaebus p\u00e4devustunnistuse omava isiku kohta.<\/span><\/p>\n<p style=\"text-align: left;\"><span style=\"color: #000000;\"><strong>4 SERTIFITSEERINGU KEHTIVUSE TAASTAMINE<\/strong><\/span><br \/>\n<span style=\"color: #000000;\">4.1 Sertifitseeringu kehtivus taastatakse, kui Sertifitseeritud isik t\u00f5endab GKK O\u00dc-le oma teadmiste ja oskuste j\u00e4tkuvat vastavust p\u00e4devusn\u00f5uetele. Sertifitseeritud isik v\u00f5ib t\u00f5endada oma<\/span><br \/>\n<span style=\"color: #000000;\"> teadmiste ja oskuste j\u00e4tkuvat vastavust sooritades uue p\u00e4devuseksami.<\/span><\/p>\n<p style=\"text-align: left;\"><span style=\"color: #000000;\"><strong>5 APELLATSIOONID JA KAEBUSED<\/strong><\/span><br \/>\n<span style=\"color: #000000;\">5.1 Apellatsioone ja kaebusi saab esitada GKK O\u00dc veebilehel www.gkk.ee<\/span><\/p>\n<p style=\"text-align: left;\"><span style=\"color: #000000;\"><strong>6 KONFIDENTSIAALSUS<\/strong><\/span><br \/>\n<span style=\"color: #000000;\">6.1 Pooled on kohustatud pidama konfidentsiaalsena informatsiooni ja dokumentatsiooni ning ei avalikusta seda kolmandatele osapooltele ilma teise osapoole loata. V\u00e4lja arvatud seadustes etten\u00e4htud juhtudel, Eesti Akrediteerimiskeskusele v\u00f5i kui klient on ise info avalikustanud.<\/span><\/p>\n<p style=\"text-align: left;\"><span style=\"color: #000000;\"><strong>7 ARVELDUSED<\/strong><\/span><br \/>\n<span style=\"color: #000000;\">7.1 Klient tasub GKK O\u00dc-le sertifitseerimistasu(d) vastavalt GKK O\u00dc kehtivale hinnakirjale v\u00f5i hinnapakkumisele.<\/span><br \/>\n<span style=\"color: #000000;\"> 7.2 Klient tasub k\u00f5ik sertifitseerimise arve(d) GKK O\u00dc arveldusarvele vastavalt arve tasumis(t)e tingimus(t)ele.<\/span><\/p>\n<p style=\"text-align: left;\"><span style=\"color: #000000;\"><strong>8 LEPINGU S\u00d5LMIMINE JA L\u00d5PETAMINE<\/strong><\/span><br \/>\n<span style=\"color: #000000;\">8.1 Leping j\u00f5ustub kuup\u00e4evast, millal taotlus on allkirjastanud Kliendi poolt ning kehtib kuni p\u00e4devustunnistus(t)e kehtivusaja l\u00f5puni v\u00f5i p\u00e4devustunnistus(t)e t\u00fchistamiseni.<\/span><br \/>\n<span style=\"color: #000000;\"> 8.2 GKK O\u00dc-l on \u00f5igus Leping \u00fchepoolselt \u00fcles \u00f6elda, kui Sertifitseeritud isik ei t\u00e4ida Lepinguga v\u00f5etud kohustusi.<\/span><br \/>\n<span style=\"color: #000000;\"> 8.3 Leping loetakse l\u00f5ppenuks, kui ei ole v\u00f5imalik sertifitseerimisotsusega p\u00e4devustunnistust v\u00e4lja anda.<\/span><br \/>\n<span style=\"color: #000000;\"> 8.4 GKK O\u00dc-l on \u00f5igus k\u00e4esolevaid t\u00fc\u00fcptingimusi \u00fchepoolselt muuta ning avaldada t\u00fc\u00fcptingimuste uus redaktsioon GKK O\u00dc veebilehel www.gkk.ee<\/span><\/p>\n<p style=\"text-align: left;\"><span style=\"color: #000000;\"><strong>9 L\u00d5PPS\u00c4TTED<\/strong><\/span><br \/>\n<span style=\"color: #000000;\">9.1 K\u00f5ik Lepingust tulenevad erimeelsused p\u00fc\u00fctakse lahendada l\u00e4bir\u00e4\u00e4kimiste teel. Kui l\u00e4bir\u00e4\u00e4kimised ei anna tulemusi, lahendatakse erimeelsused vastavalt Eesti Vabariigi \u00f5igusaktidele.<\/span><\/p>\n<\/td>\n<\/tr>\n<\/tbody>\n<\/table>\n","protected":false},"excerpt":{"rendered":"<p>Lepingute s\u00f5lmimise t\u00fc\u00fcptingimused sertifitseerimise osas K\u00e4esolevad sertifitseerimistingimuste lepingu t\u00fc\u00fcptingimused (edaspidi t\u00fc\u00fcptingimused) s\u00e4testavad GKK O\u00dc ja sertifitseeritud isiku \u00f5igused ja kohustused ning sertifitseeringu\u00a0\u00fcldn\u00f5udeid. 1. \u00dcLDS\u00c4TTED JA M\u00d5ISTED 1.1 Leping &#8211; Kliendi poolt esitatud taotlus koos&#46;&#46;&#46;<\/p>\n","protected":false},"author":1,"featured_media":0,"parent":675,"menu_order":0,"comment_status":"closed","ping_status":"closed","template":"","meta":{"footnotes":""},"class_list":["post-737","page","type-page","status-publish","hentry"],"jetpack_shortlink":"https:\/\/wp.me\/P8QdIl-bT","jetpack-related-posts":[],"jetpack_sharing_enabled":false,"_links":{"self":[{"href":"https:\/\/gkk.ee\/et\/wp-json\/wp\/v2\/pages\/737","targetHints":{"allow":["GET"]}}],"collection":[{"href":"https:\/\/gkk.ee\/et\/wp-json\/wp\/v2\/pages"}],"about":[{"href":"https:\/\/gkk.ee\/et\/wp-json\/wp\/v2\/types\/page"}],"author":[{"embeddable":true,"href":"https:\/\/gkk.ee\/et\/wp-json\/wp\/v2\/users\/1"}],"replies":[{"embeddable":true,"href":"https:\/\/gkk.ee\/et\/wp-json\/wp\/v2\/comments?post=737"}],"version-history":[{"count":14,"href":"https:\/\/gkk.ee\/et\/wp-json\/wp\/v2\/pages\/737\/revisions"}],"predecessor-version":[{"id":17267,"href":"https:\/\/gkk.ee\/et\/wp-json\/wp\/v2\/pages\/737\/revisions\/17267"}],"up":[{"embeddable":true,"href":"https:\/\/gkk.ee\/et\/wp-json\/wp\/v2\/pages\/675"}],"wp:attachment":[{"href":"https:\/\/gkk.ee\/et\/wp-json\/wp\/v2\/media?parent=737"}],"curies":[{"name":"wp","href":"https:\/\/api.w.org\/{rel}","templated":true}]}}