{"id":740,"date":"2023-08-14T22:12:43","date_gmt":"2023-08-14T19:12:43","guid":{"rendered":"http:\/\/gkk.ee\/new\/?page_id=740"},"modified":"2023-08-14T22:12:43","modified_gmt":"2023-08-14T19:12:43","slug":"kaebused","status":"publish","type":"page","link":"https:\/\/gkk.ee\/et\/kaebused\/","title":{"rendered":"Kaebused"},"content":{"rendered":"<p><a href=\"http:\/\/gkk.ee\/new\/?attachment_id=819\" rel=\"attachment wp-att-819\"><img data-recalc-dims=\"1\" fetchpriority=\"high\" decoding=\"async\" data-attachment-id=\"819\" data-permalink=\"https:\/\/gkk.ee\/et\/6t-taiendkoolitus\/logo-2\/\" data-orig-file=\"https:\/\/i0.wp.com\/gkk.ee\/et\/wp-content\/uploads\/2018\/01\/logo-2.jpg?fit=1310%2C169&amp;ssl=1\" data-orig-size=\"1310,169\" data-comments-opened=\"1\" data-image-meta=\"{&quot;aperture&quot;:&quot;0&quot;,&quot;credit&quot;:&quot;&quot;,&quot;camera&quot;:&quot;&quot;,&quot;caption&quot;:&quot;&quot;,&quot;created_timestamp&quot;:&quot;0&quot;,&quot;copyright&quot;:&quot;&quot;,&quot;focal_length&quot;:&quot;0&quot;,&quot;iso&quot;:&quot;0&quot;,&quot;shutter_speed&quot;:&quot;0&quot;,&quot;title&quot;:&quot;&quot;,&quot;orientation&quot;:&quot;0&quot;}\" data-image-title=\"logo 2\" data-image-description=\"\" data-image-caption=\"\" data-large-file=\"https:\/\/i0.wp.com\/gkk.ee\/et\/wp-content\/uploads\/2018\/01\/logo-2.jpg?fit=1024%2C132&amp;ssl=1\" class=\"aligncenter wp-image-819\" src=\"https:\/\/i0.wp.com\/gkk.ee\/new\/wp-content\/uploads\/2018\/01\/logo-2.jpg?resize=640%2C83\" alt=\"\" width=\"640\" height=\"83\" srcset=\"https:\/\/i0.wp.com\/gkk.ee\/et\/wp-content\/uploads\/2018\/01\/logo-2.jpg?w=1310&amp;ssl=1 1310w, https:\/\/i0.wp.com\/gkk.ee\/et\/wp-content\/uploads\/2018\/01\/logo-2.jpg?resize=300%2C39&amp;ssl=1 300w, https:\/\/i0.wp.com\/gkk.ee\/et\/wp-content\/uploads\/2018\/01\/logo-2.jpg?resize=768%2C99&amp;ssl=1 768w, https:\/\/i0.wp.com\/gkk.ee\/et\/wp-content\/uploads\/2018\/01\/logo-2.jpg?resize=1024%2C132&amp;ssl=1 1024w, https:\/\/i0.wp.com\/gkk.ee\/et\/wp-content\/uploads\/2018\/01\/logo-2.jpg?resize=100%2C13&amp;ssl=1 100w, https:\/\/i0.wp.com\/gkk.ee\/et\/wp-content\/uploads\/2018\/01\/logo-2.jpg?resize=150%2C19&amp;ssl=1 150w, https:\/\/i0.wp.com\/gkk.ee\/et\/wp-content\/uploads\/2018\/01\/logo-2.jpg?resize=200%2C26&amp;ssl=1 200w, https:\/\/i0.wp.com\/gkk.ee\/et\/wp-content\/uploads\/2018\/01\/logo-2.jpg?resize=450%2C58&amp;ssl=1 450w, https:\/\/i0.wp.com\/gkk.ee\/et\/wp-content\/uploads\/2018\/01\/logo-2.jpg?resize=600%2C77&amp;ssl=1 600w, https:\/\/i0.wp.com\/gkk.ee\/et\/wp-content\/uploads\/2018\/01\/logo-2.jpg?resize=900%2C116&amp;ssl=1 900w\" sizes=\"(max-width: 640px) 100vw, 640px\" \/><\/a><\/p>\n<p style=\"text-align: center;\"><span style=\"color: #1e7ce2;\"><strong>Kaebuste k\u00e4sitlemise protseduurid<\/strong><\/span><\/p>\n<table class=\" aligncenter\" style=\"background-color: #f7f7f7; width:100%;\">\n<tbody>\n<tr>\n<td><span style=\"color: #000000;\"><strong>K\u00e4sitlemisele kuuluvad ainult kirjalikult esitatud kaebused:<\/strong><\/span><\/p>\n<p><span style=\"color: #000000;\">Kaebuste registeerimine zurnaalis. Registreerimisel m\u00e4rgitakse kaebuse laekumise kuup\u00e4ev, kaebaja nimi, l\u00fchike sisu kokkuv\u00f5te, kaebuse lahendamiseks m\u00e4\u00e4ratud isik, otsus ja vastuse kuup\u00e4ev.<\/span><\/p>\n<p><span style=\"color: #000000;\">Kaebuse edastamine GKK O\u00dc juhtkonnale.<\/span><\/p>\n<p><span style=\"color: #000000;\">GKK O\u00dc juht m\u00e4\u00e4rab oma k\u00e4skkirjaga erapooletu isiku, kes viib l\u00e4bi kaebuse uurimise.<\/span><\/p>\n<p><span style=\"color: #000000;\">Kuulatakse \u00e4ra osapoolte arvamused<\/span><\/p>\n<p><span style=\"color: #000000;\">Kogutakse lisainformatsiooni<\/span><\/p>\n<p><span style=\"color: #000000;\">Kaebust lahendav erapooletu isik teeb dokumentide p\u00f5hjal otsuse, millise kinnitab GKK O\u00dc juhtkond.<\/span><\/p>\n<p><span style=\"color: #000000;\">Kaebuse lahendamise otsus registreeritakse zurnaalis ja teatatakse kaebajale kirjalikult t\u00e4hitud postiga.<\/span><\/p>\n<p><span style=\"color: #000000;\">Juhul, kui kaebus on esitatud GKK O\u00dc poolt sertifitseeritud isiku osas, saadetakse see kaebus ka isikule, kelle osas kabus on esitatud.<\/span><\/p>\n<p><span style=\"color: #000000;\">Juhul, kui kaebus on p\u00f5hjendatud, teeb GKK O\u00dc juhtkond p\u00f5hjalikku uuringu tekkinud p\u00f5hjustest ja vajadusel rakendab asjakohaseid parandusi ja korrigeerivaid tegevusi puuduste k\u00f5rvaldamiseks.<\/span><\/p>\n<p><span style=\"color: #000000;\">Kaebuse lahendamise t\u00e4htaeg on 20 p\u00e4eva alates kaebuse laekumisest.<\/span><\/td>\n<\/tr>\n<\/tbody>\n<\/table>\n","protected":false},"excerpt":{"rendered":"<p>Kaebuste k\u00e4sitlemise protseduurid K\u00e4sitlemisele kuuluvad ainult kirjalikult esitatud kaebused: Kaebuste registeerimine zurnaalis. Registreerimisel m\u00e4rgitakse kaebuse laekumise kuup\u00e4ev, kaebaja nimi, l\u00fchike sisu kokkuv\u00f5te, kaebuse lahendamiseks m\u00e4\u00e4ratud isik, otsus ja vastuse kuup\u00e4ev. Kaebuse edastamine GKK O\u00dc&#46;&#46;&#46;<\/p>\n","protected":false},"author":1,"featured_media":0,"parent":0,"menu_order":0,"comment_status":"closed","ping_status":"closed","template":"","meta":{"footnotes":""},"class_list":["post-740","page","type-page","status-publish","hentry"],"jetpack_shortlink":"https:\/\/wp.me\/P8QdIl-bW","jetpack-related-posts":[],"jetpack_sharing_enabled":false,"_links":{"self":[{"href":"https:\/\/gkk.ee\/et\/wp-json\/wp\/v2\/pages\/740","targetHints":{"allow":["GET"]}}],"collection":[{"href":"https:\/\/gkk.ee\/et\/wp-json\/wp\/v2\/pages"}],"about":[{"href":"https:\/\/gkk.ee\/et\/wp-json\/wp\/v2\/types\/page"}],"author":[{"embeddable":true,"href":"https:\/\/gkk.ee\/et\/wp-json\/wp\/v2\/users\/1"}],"replies":[{"embeddable":true,"href":"https:\/\/gkk.ee\/et\/wp-json\/wp\/v2\/comments?post=740"}],"version-history":[{"count":8,"href":"https:\/\/gkk.ee\/et\/wp-json\/wp\/v2\/pages\/740\/revisions"}],"predecessor-version":[{"id":3542,"href":"https:\/\/gkk.ee\/et\/wp-json\/wp\/v2\/pages\/740\/revisions\/3542"}],"wp:attachment":[{"href":"https:\/\/gkk.ee\/et\/wp-json\/wp\/v2\/media?parent=740"}],"curies":[{"name":"wp","href":"https:\/\/api.w.org\/{rel}","templated":true}]}}