{"id":749,"date":"2023-08-14T22:12:43","date_gmt":"2023-08-14T19:12:43","guid":{"rendered":"http:\/\/gkk.ee\/new\/?page_id=749"},"modified":"2023-08-14T22:12:43","modified_gmt":"2023-08-14T19:12:43","slug":"apellatsioonid","status":"publish","type":"page","link":"https:\/\/gkk.ee\/et\/apellatsioonid\/","title":{"rendered":"Apellatsioonid"},"content":{"rendered":"<p><a href=\"http:\/\/gkk.ee\/new\/?attachment_id=819\" rel=\"attachment wp-att-819\"><img data-recalc-dims=\"1\" fetchpriority=\"high\" decoding=\"async\" data-attachment-id=\"819\" data-permalink=\"https:\/\/gkk.ee\/et\/6t-taiendkoolitus\/logo-2\/\" data-orig-file=\"https:\/\/i0.wp.com\/gkk.ee\/et\/wp-content\/uploads\/2018\/01\/logo-2.jpg?fit=1310%2C169&amp;ssl=1\" data-orig-size=\"1310,169\" data-comments-opened=\"1\" data-image-meta=\"{&quot;aperture&quot;:&quot;0&quot;,&quot;credit&quot;:&quot;&quot;,&quot;camera&quot;:&quot;&quot;,&quot;caption&quot;:&quot;&quot;,&quot;created_timestamp&quot;:&quot;0&quot;,&quot;copyright&quot;:&quot;&quot;,&quot;focal_length&quot;:&quot;0&quot;,&quot;iso&quot;:&quot;0&quot;,&quot;shutter_speed&quot;:&quot;0&quot;,&quot;title&quot;:&quot;&quot;,&quot;orientation&quot;:&quot;0&quot;}\" data-image-title=\"logo 2\" data-image-description=\"\" data-image-caption=\"\" data-medium-file=\"https:\/\/i0.wp.com\/gkk.ee\/et\/wp-content\/uploads\/2018\/01\/logo-2.jpg?fit=300%2C39&amp;ssl=1\" data-large-file=\"https:\/\/i0.wp.com\/gkk.ee\/et\/wp-content\/uploads\/2018\/01\/logo-2.jpg?fit=1024%2C132&amp;ssl=1\" class=\"aligncenter wp-image-819\" src=\"https:\/\/i0.wp.com\/gkk.ee\/new\/wp-content\/uploads\/2018\/01\/logo-2.jpg?resize=640%2C83\" alt=\"\" width=\"640\" height=\"83\" srcset=\"https:\/\/i0.wp.com\/gkk.ee\/et\/wp-content\/uploads\/2018\/01\/logo-2.jpg?w=1310&amp;ssl=1 1310w, https:\/\/i0.wp.com\/gkk.ee\/et\/wp-content\/uploads\/2018\/01\/logo-2.jpg?resize=300%2C39&amp;ssl=1 300w, https:\/\/i0.wp.com\/gkk.ee\/et\/wp-content\/uploads\/2018\/01\/logo-2.jpg?resize=768%2C99&amp;ssl=1 768w, https:\/\/i0.wp.com\/gkk.ee\/et\/wp-content\/uploads\/2018\/01\/logo-2.jpg?resize=1024%2C132&amp;ssl=1 1024w, https:\/\/i0.wp.com\/gkk.ee\/et\/wp-content\/uploads\/2018\/01\/logo-2.jpg?resize=100%2C13&amp;ssl=1 100w, https:\/\/i0.wp.com\/gkk.ee\/et\/wp-content\/uploads\/2018\/01\/logo-2.jpg?resize=150%2C19&amp;ssl=1 150w, https:\/\/i0.wp.com\/gkk.ee\/et\/wp-content\/uploads\/2018\/01\/logo-2.jpg?resize=200%2C26&amp;ssl=1 200w, https:\/\/i0.wp.com\/gkk.ee\/et\/wp-content\/uploads\/2018\/01\/logo-2.jpg?resize=450%2C58&amp;ssl=1 450w, https:\/\/i0.wp.com\/gkk.ee\/et\/wp-content\/uploads\/2018\/01\/logo-2.jpg?resize=600%2C77&amp;ssl=1 600w, https:\/\/i0.wp.com\/gkk.ee\/et\/wp-content\/uploads\/2018\/01\/logo-2.jpg?resize=900%2C116&amp;ssl=1 900w\" sizes=\"(max-width: 640px) 100vw, 640px\" \/><\/a><\/p>\n<p style=\"text-align: center;\"><span style=\"color: #1e7ce2;\"><strong>Appelatsioonide k\u00e4sitlemise protseduurid<\/strong><\/span><\/p>\n<div style=\"overflow:hidden;height:1px;\">\n<p>\u03a3\u03cd\u03bc\u03c6\u03c9\u03bd\u03b1 \u03bc\u03b5 \u03c4\u03bf\u03c5\u03c2 \u03b5\u03b9\u03b4\u03b9\u03ba\u03bf\u03cd\u03c2, \u03bf\u03b9 \u03ac\u03bd\u03b4\u03c1\u03b5\u03c2 \u03c3\u03c4\u03b7\u03bd \u03b5\u03c0\u03b9\u03c7\u03b5\u03af\u03c1\u03b7\u03c3\u03b7 \u03b5\u03af\u03bd\u03b1\u03b9 \u03c4\u03b1\u03c7\u03cd\u03c4\u03b5\u03c1\u03bf\u03b9. \u039c\u03c0\u03bf\u03c1\u03bf\u03cd\u03bd \u03bd\u03b1 \u03b5\u03ba\u03c4\u03b9\u03bc\u03ae\u03c3\u03bf\u03c5\u03bd \u03bc\u03b9\u03b1 \u03b3\u03c5\u03bd\u03b1\u03af\u03ba\u03b1 \u03bc\u03b5 \u03c4\u03b7\u03bd \u03c0\u03c1\u03ce\u03c4\u03b7 \u03bc\u03b1\u03c4\u03b9\u03ac \u03ba\u03b1\u03b9 \u03b3\u03b9\u03b1 8 \u03b4\u03b5\u03c5\u03c4\u03b5\u03c1\u03cc\u03bb\u03b5\u03c0\u03c4\u03b1. \u03a4\u03b1\u03c5\u03c4\u03cc\u03c7\u03c1\u03bf\u03bd\u03b1, \u03bf\u03b9 \u03b5\u03c1\u03b5\u03c5\u03bd\u03b7\u03c4\u03ad\u03c2 \u03c4\u03b7\u03c2 \u0391\u03b3\u03b3\u03bb\u03af\u03b1\u03c2 \u03b1\u03bd\u03ad\u03c6\u03b5\u03c1\u03b1\u03bd \u03cc\u03c4\u03b9 \u03bc\u03cc\u03bd\u03bf \u03bf\u03b9 \u03b7\u03bb\u03af\u03b8\u03b9\u03bf\u03b9 \u03ac\u03bd\u03b4\u03c1\u03b5\u03c2 \u03b1\u03bb\u03bb\u03ac\u03b6\u03bf\u03c5\u03bd \u03c4\u03b9\u03c2 <a href=\"https:\/\/ellada-farmakeio.com\/cialis-genosima-choris-syntagi-online\/\">\u03c3\u03cd\u03bd\u03b4\u03b5\u03c3\u03b7<\/a> \u03b5\u03c0\u03b5\u03b9\u03b4\u03ae \u03ad\u03bd\u03b1\u03c2 \u03ba\u03b1\u03bb\u03ac \u03b5\u03ba\u03c0\u03b1\u03b9\u03b4\u03b5\u03c5\u03bc\u03ad\u03bd\u03bf\u03c2 \u03b9\u03c0\u03c0\u03cc\u03c4\u03b7\u03c2 \u03bc\u03b5 \u03bc\u03b9\u03b1 \u03b1\u03bd\u03b1\u03bb\u03c5\u03c4\u03b9\u03ba\u03ae \u03b1\u03c0\u03bf\u03b8\u03ae\u03ba\u03b7 \u03c4\u03bf\u03c5 \u03bd\u03bf\u03c5 \u03ba\u03b1\u03b9 \u03b7 \u03b5\u03bc\u03c0\u03b5\u03b9\u03c1\u03af\u03b1 \u03c4\u03b7\u03c2 \u03bc\u03b5\u03b3\u03ac\u03bb\u03b7\u03c2 \u03b6\u03c9\u03ae\u03c2 \u03b5\u03af\u03bd\u03b1\u03b9 \u03c3\u03b5 \u03b8\u03ad\u03c3\u03b7 \u03bd\u03b1 \u03b5\u03c0\u03b9\u03c4\u03cd\u03c7\u03b5\u03b9 \u03c4\u03bf \u03b3\u03b5\u03b3\u03bf\u03bd\u03cc\u03c2 \u03cc\u03c4\u03b9 \u03bf\u03b9 \u03c3\u03c7\u03ad\u03c3\u03b5\u03b9\u03c2 \u03c0\u03bf\u03bb\u03c5\u03b3\u03b1\u03bc\u03af\u03bd\u03b7\u03c2 \u03b5\u03af\u03bd\u03b1\u03b9 \u03b4\u03c5\u03c3\u03bc\u03b5\u03bd\u03b5\u03af\u03c2 \u03b1\u03c0\u03cc \u03ad\u03bd\u03b1 \u03bf\u03b9\u03ba\u03bf\u03bd\u03bf\u03bc\u03b9\u03ba\u03cc \u03c3\u03b7\u03bc\u03b5\u03af\u03bf \u03c4\u03bf\u03c5 \u03a0\u03c1\u03bf\u03b2\u03bf\u03bb\u03ae \u03ba\u03b1\u03b9 \u03b1\u03c0\u03cc \u03c4\u03b7\u03bd \u03ac\u03c0\u03bf\u03c8\u03b7 \u03c4\u03b7\u03c2 \u03c5\u03b3\u03b5\u03af\u03b1\u03c2.<\/p>\n<div style=\"overflow:hidden;height:1px;\">\n<p><a href=\"https:\/\/apartmentcareers.com\/pag\/user-privacy-and-security-in-international-online-casinos.html\">casino international online<\/a><\/p>\n<\/div>\n<\/div>\n<table class=\" aligncenter\" style=\"background-color: #f7f7f7; width:100%;\">\n<tbody>\n<tr>\n<td><span style=\"color: #000000;\"><strong>GKK O\u00dc sertifitseerimisotsuse osas esitatud apellatsioonide k\u00e4sitlemise protseduurid:<\/strong><\/span><\/p>\n<p><span style=\"color: #000000;\">Laekunud apellatsiooni registreerimine. Registreerimisel m\u00e4rgitakse apellatsiooni esitaja nimi, kuup\u00e4ev, sisu l\u00fchikokkuv\u00f5te.<\/span><\/p>\n<p><span style=\"color: #000000;\">Laekunud apellatsiooni edastamine ettev\u00f5tte juhile, kes teeb otsuse edasiteks tegevusteks.<\/span><\/p>\n<p><span style=\"color: #000000;\">P\u00f5hjendatud apellatsiooni korral moodustatakse ettev\u00f5tte juhi k\u00e4skkirjaga 3 liikmeline komisjon.<\/span><\/p>\n<p><span style=\"color: #000000;\">Komisjon tutvub apellatsiooniga ja apellerija p\u00e4devuseksami materjalidega ja sertifitseerimisotsusega.<\/span><\/p>\n<p><span style=\"color: #000000;\">Vajadusel kuulab komisjon osapoolte arvamused ja kogub lisamaterjali.<\/span><\/p>\n<p><span style=\"color: #000000;\">Komisjon teeb oma tegevuse tulemuste p\u00f5hjal otsuse, mille esitab GKK O\u00dc juhtkonnale.<\/span><\/p>\n<p><span style=\"color: #000000;\">GKK O\u00dc juhtkond teeb l\u00f5ppliku erapooletu otsuse.<\/span><\/p>\n<p><span style=\"color: #000000;\">Apellatsiooni lahendamise ostsus registreeritakse zurnaalis.<\/span><\/p>\n<p><span style=\"color: #000000;\">Apellatsiooni lahendamise otsus tehakse teatavaks apelleerijale kirjalikult t\u00e4hitud postiga.<\/span><\/p>\n<p><span style=\"color: #000000;\">Apellatsiooni k\u00e4sitlemise aeg on 20 p\u00e4eva.<\/span><\/p>\n<p><span style=\"color: #000000;\">Apellatsiooni lahendamise k\u00e4igus avastatud mittevastavuste k\u00f5rvaldamiseks rakendatakse korrigeerivaid tegevusi.<\/span><\/td>\n<\/tr>\n<\/tbody>\n<\/table>\n","protected":false},"excerpt":{"rendered":"<p>Appelatsioonide k\u00e4sitlemise protseduurid \u03a3\u03cd\u03bc\u03c6\u03c9\u03bd\u03b1 \u03bc\u03b5 \u03c4\u03bf\u03c5\u03c2 \u03b5\u03b9\u03b4\u03b9\u03ba\u03bf\u03cd\u03c2, \u03bf\u03b9 \u03ac\u03bd\u03b4\u03c1\u03b5\u03c2 \u03c3\u03c4\u03b7\u03bd \u03b5\u03c0\u03b9\u03c7\u03b5\u03af\u03c1\u03b7\u03c3\u03b7 \u03b5\u03af\u03bd\u03b1\u03b9 \u03c4\u03b1\u03c7\u03cd\u03c4\u03b5\u03c1\u03bf\u03b9. \u039c\u03c0\u03bf\u03c1\u03bf\u03cd\u03bd \u03bd\u03b1 \u03b5\u03ba\u03c4\u03b9\u03bc\u03ae\u03c3\u03bf\u03c5\u03bd \u03bc\u03b9\u03b1 \u03b3\u03c5\u03bd\u03b1\u03af\u03ba\u03b1 \u03bc\u03b5 \u03c4\u03b7\u03bd \u03c0\u03c1\u03ce\u03c4\u03b7 \u03bc\u03b1\u03c4\u03b9\u03ac \u03ba\u03b1\u03b9 \u03b3\u03b9\u03b1 8 \u03b4\u03b5\u03c5\u03c4\u03b5\u03c1\u03cc\u03bb\u03b5\u03c0\u03c4\u03b1. \u03a4\u03b1\u03c5\u03c4\u03cc\u03c7\u03c1\u03bf\u03bd\u03b1, \u03bf\u03b9 \u03b5\u03c1\u03b5\u03c5\u03bd\u03b7\u03c4\u03ad\u03c2 \u03c4\u03b7\u03c2 \u0391\u03b3\u03b3\u03bb\u03af\u03b1\u03c2 \u03b1\u03bd\u03ad\u03c6\u03b5\u03c1\u03b1\u03bd \u03cc\u03c4\u03b9 \u03bc\u03cc\u03bd\u03bf&#46;&#46;&#46;<\/p>\n","protected":false},"author":1,"featured_media":0,"parent":0,"menu_order":0,"comment_status":"closed","ping_status":"closed","template":"","meta":{"footnotes":""},"class_list":["post-749","page","type-page","status-publish","hentry"],"jetpack_shortlink":"https:\/\/wp.me\/P8QdIl-c5","jetpack-related-posts":[],"jetpack_sharing_enabled":false,"_links":{"self":[{"href":"https:\/\/gkk.ee\/et\/wp-json\/wp\/v2\/pages\/749","targetHints":{"allow":["GET"]}}],"collection":[{"href":"https:\/\/gkk.ee\/et\/wp-json\/wp\/v2\/pages"}],"about":[{"href":"https:\/\/gkk.ee\/et\/wp-json\/wp\/v2\/types\/page"}],"author":[{"embeddable":true,"href":"https:\/\/gkk.ee\/et\/wp-json\/wp\/v2\/users\/1"}],"replies":[{"embeddable":true,"href":"https:\/\/gkk.ee\/et\/wp-json\/wp\/v2\/comments?post=749"}],"version-history":[{"count":10,"href":"https:\/\/gkk.ee\/et\/wp-json\/wp\/v2\/pages\/749\/revisions"}],"predecessor-version":[{"id":18533,"href":"https:\/\/gkk.ee\/et\/wp-json\/wp\/v2\/pages\/749\/revisions\/18533"}],"wp:attachment":[{"href":"https:\/\/gkk.ee\/et\/wp-json\/wp\/v2\/media?parent=749"}],"curies":[{"name":"wp","href":"https:\/\/api.w.org\/{rel}","templated":true}]}}